{"id":4061,"date":"2025-12-25T15:35:19","date_gmt":"2025-12-25T07:35:19","guid":{"rendered":"https:\/\/minghanggroup.com\/?post_type=product&#038;p=4061"},"modified":"2025-12-25T17:08:46","modified_gmt":"2025-12-25T09:08:46","slug":"empty-perfume-bottles-with-lids-wholesale","status":"publish","type":"product","link":"https:\/\/minghanggroup.com\/pt\/produto\/empty-perfume-bottles-with-lids-wholesale\/","title":{"rendered":"Frascos de perfume vazios de 50ml e 100ml com tampas para venda por atacado."},"content":{"rendered":"<p>Voc\u00ea merece uma embalagem premium que fa\u00e7a sua fragr\u00e2ncia brilhar. Criamos frascos de perfume vazios projetados para o sucesso da embalagem de fragr\u00e2ncias \u2014 onde cada frasco de 50ml eleva a hist\u00f3ria do seu produto.<\/p>\n<h2>Caracter\u00edsticas do produto<\/h2>\n<ul>\n<li><strong>Design moderno e elegante: <\/strong>Projetamos nossos frascos de cristal para serem visualmente atraentes, com um visual moderno e elegante, ideal para apresentar sua fragr\u00e2ncia.<\/li>\n<li><strong>Sistema de pulveriza\u00e7\u00e3o de precis\u00e3o: <\/strong>O pulverizador inclu\u00eddo \u00e9 sempre eficiente na aplica\u00e7\u00e3o de uma n\u00e9voa fina para o seu produto de luxo.<\/li>\n<li><strong>Material: Cristal de alta qualidade <\/strong>Feito com cristal de alta qualidade, o produto n\u00e3o s\u00f3 \u00e9 resistente, como tamb\u00e9m combina perfeitamente com sua fragr\u00e2ncia de luxo.<\/li>\n<li><strong>Op\u00e7\u00f5es de capacidade m\u00faltipla: <\/strong>Este design est\u00e1 dispon\u00edvel em vers\u00f5es de 50ml e 100ml para atender \u00e0s suas necessidades espec\u00edficas de embalagem de fragr\u00e2ncias.<\/li>\n<\/ul>\n<h2>Especifica\u00e7\u00f5es principais<\/h2>\n<table style=\"border-collapse: collapse; width: 80%; margin-left: auto; margin-right: auto;\" border=\"0\" width=\"360\" cellspacing=\"0\" cellpadding=\"0\">\n<tbody>\n<tr style=\"height: 13.50pt;\">\n<td style=\"height: 13.5pt; width: 54pt; text-align: center;\" width=\"72\" height=\"18\">Capacidade (ml)<\/td>\n<td style=\"width: 54pt; text-align: center;\" width=\"72\">Tamanho (mm)<\/td>\n<td style=\"width: 54pt; text-align: center;\" width=\"72\">Di\u00e2metro do pesco\u00e7o<\/td>\n<td style=\"width: 54pt; text-align: center;\" width=\"72\">M\u00e9todo de veda\u00e7\u00e3o<\/td>\n<td style=\"width: 54pt; text-align: center;\" width=\"72\">Material<\/td>\n<\/tr>\n<tr style=\"height: 13.50pt;\">\n<td style=\"height: 13.5pt; text-align: center;\" align=\"right\" height=\"18\">50<\/td>\n<td style=\"text-align: center;\">37 * 98<\/td>\n<td class=\"et2\" style=\"text-align: center;\" rowspan=\"3\">15 mm<\/td>\n<td class=\"et2\" style=\"text-align: center;\" rowspan=\"3\">Gargalo de crimpagem + pulverizador<\/td>\n<td class=\"et2\" style=\"text-align: center;\" rowspan=\"3\">Vidro de cristal<\/td>\n<\/tr>\n<tr style=\"height: 13.50pt;\">\n<td style=\"height: 13.5pt; text-align: center;\" align=\"right\" height=\"18\">50<\/td>\n<td style=\"text-align: center;\">32 * 137<\/td>\n<\/tr>\n<tr style=\"height: 13.50pt;\">\n<td style=\"height: 13.5pt; text-align: center;\" align=\"right\" height=\"18\">100<\/td>\n<td style=\"text-align: center;\">39 * 159<\/td>\n<\/tr>\n<\/tbody>\n<\/table>\n<h2>Caso de sucesso<\/h2>\n<p>Uma marca de luxo escolheu este frasco de perfume de 50ml como embalagem para sua nova cole\u00e7\u00e3o de fragr\u00e2ncias. A marca busca transmitir uma imagem sofisticada e elegante por meio de um design moderno e refinado. O frasco apresenta vidro transparente e uma tampa preta, um design simples, por\u00e9m elegante, que destaca perfeitamente a qualidade e o charme do perfume.<\/p>\n<p>Ap\u00f3s a mudan\u00e7a para este frasco de perfume com design personalizado, as vendas de perfumes da marca aumentaram significativamente, com um crescimento de 30% em apenas tr\u00eas meses ap\u00f3s o lan\u00e7amento do produto.<\/p>\n<h2>Dicas de personaliza\u00e7\u00e3o<\/h2>\n<p>Voc\u00ea tem diversas op\u00e7\u00f5es para personalizar este frasco de perfume de 50ml: pode escolher o que melhor se adapta \u00e0 sua marca e ao tipo de produto que vende; o frasco pode ser feito de vidro transparente de alta qualidade, permitindo que as pessoas vejam a cor e a textura do perfume; e pode trocar a tampa conforme a sua necessidade. Tampas de madeira t\u00eam um aspecto natural e sofisticado, enquanto materiais como metal ou pl\u00e1stico conferem um toque mais moderno; voc\u00ea tamb\u00e9m pode personalizar o frasco com o logotipo ou a estampa da sua marca para refor\u00e7ar a identidade visual.<\/p>","protected":false},"excerpt":{"rendered":"<p>Frascos de perfume vazios de 50ml e 100ml com tampa preta, ideais para perfumes ou cosm\u00e9ticos. Dispon\u00edveis para encomendas em grande quantidade, com amostras gr\u00e1tis e op\u00e7\u00f5es de personaliza\u00e7\u00e3o.<\/p>","protected":false},"featured_media":4066,"template":"","meta":{"postBodyCss":"","postBodyMargin":[],"postBodyPadding":[],"postBodyBackground":{"backgroundType":"classic","gradient":""}},"product_brand":[],"product_cat":[15,16,62],"product_tag":[],"class_list":{"0":"post-4061","1":"product","2":"type-product","3":"status-publish","4":"has-post-thumbnail","6":"product_cat-glass-containers","7":"product_cat-glass-bottles","8":"product_cat-perfume-bottles","10":"first","11":"instock","12":"shipping-taxable","13":"product-type-simple"},"jetpack_sharing_enabled":true,"_links":{"self":[{"href":"https:\/\/minghanggroup.com\/pt\/wp-json\/wp\/v2\/product\/4061","targetHints":{"allow":["GET"]}}],"collection":[{"href":"https:\/\/minghanggroup.com\/pt\/wp-json\/wp\/v2\/product"}],"about":[{"href":"https:\/\/minghanggroup.com\/pt\/wp-json\/wp\/v2\/types\/product"}],"wp:featuredmedia":[{"embeddable":true,"href":"https:\/\/minghanggroup.com\/pt\/wp-json\/wp\/v2\/media\/4066"}],"wp:attachment":[{"href":"https:\/\/minghanggroup.com\/pt\/wp-json\/wp\/v2\/media?parent=4061"}],"wp:term":[{"taxonomy":"product_brand","embeddable":true,"href":"https:\/\/minghanggroup.com\/pt\/wp-json\/wp\/v2\/product_brand?post=4061"},{"taxonomy":"product_cat","embeddable":true,"href":"https:\/\/minghanggroup.com\/pt\/wp-json\/wp\/v2\/product_cat?post=4061"},{"taxonomy":"product_tag","embeddable":true,"href":"https:\/\/minghanggroup.com\/pt\/wp-json\/wp\/v2\/product_tag?post=4061"}],"curies":[{"name":"wp","href":"https:\/\/api.w.org\/{rel}","templated":true}]}}