{"id":4060,"date":"2025-12-25T13:58:00","date_gmt":"2025-12-25T05:58:00","guid":{"rendered":"https:\/\/minghanggroup.com\/?post_type=product&#038;p=4060"},"modified":"2025-12-25T18:03:36","modified_gmt":"2025-12-25T10:03:36","slug":"2-in-1-clear-glass-spray-and-rollerball-bottles-bulk","status":"publish","type":"product","link":"https:\/\/minghanggroup.com\/pt\/produto\/2-in-1-clear-glass-spray-and-rollerball-bottles-bulk\/","title":{"rendered":"Frascos de vidro transparente 2 em 1 de 10ml com spray e roll-on (pacote com v\u00e1rios)"},"content":{"rendered":"<p>\u00c9 um frasco de perfume multifuncional 2 em 1 que combina na perfei\u00e7\u00e3o um frasco de spray de vidro com um frasco roll-on, al\u00e9m de ter uma capacidade pr\u00e1tica de 10ml.<\/p>\n<h2>Caracter\u00edsticas do produto<\/h2>\n<ul>\n<li><strong>Design de dupla fun\u00e7\u00e3o:<\/strong> Uma das extremidades \u00e9 um frasco roll-on (adequado para aplica\u00e7\u00f5es localizadas) e a outra \u00e9 um frasco spray comut\u00e1vel (adequado para pulveriza\u00e7\u00e3o em grandes \u00e1reas), atendendo \u00e0s necessidades de diversos casos de uso.<\/li>\n<li><strong>Corpo da garrafa transparente:<\/strong> Esta garrafa \u00e9 feita inteiramente de vidro transparente, o que permite ver facilmente a quantidade de caf\u00e9 restante sem precisar abrir a tampa, facilitando o reabastecimento sempre que desejar.<\/li>\n<li><strong>Arma\u00e7\u00e3o elegante e compacta:<\/strong> O formato pequeno e reto facilita o transporte e permite que seja guardado facilmente em uma bolsa, tornando-o a op\u00e7\u00e3o perfeita para retoques di\u00e1rios da fragr\u00e2ncia.<\/li>\n<\/ul>\n<h2 style=\"text-align: left;\">Especifica\u00e7\u00f5es principais<\/h2>\n<table class=\"aligncenter\" style=\"border-collapse: collapse; width: 500.27pt;\" border=\"0\" width=\"667\" cellspacing=\"0\" cellpadding=\"0\">\n<tbody>\n<tr style=\"height: 13.50pt;\">\n<td style=\"height: 13.50pt; width: 116.25pt;\" width=\"155\" height=\"18\">Especifica\u00e7\u00e3o<\/td>\n<td style=\"width: 384.00pt;\" width=\"512\">Detalhes<\/td>\n<\/tr>\n<tr style=\"height: 13.50pt;\">\n<td style=\"height: 13.50pt;\" height=\"18\">Capacidade<\/td>\n<td>10ml<\/td>\n<\/tr>\n<tr style=\"height: 13.50pt;\">\n<td style=\"height: 13.50pt;\" height=\"18\">Dimens\u00f5es (\u00d8 x A)<\/td>\n<td>1,8\u00d710,3cm<\/td>\n<\/tr>\n<tr style=\"height: 13.50pt;\">\n<td style=\"height: 13.50pt;\" height=\"18\">Material<\/td>\n<td>Clear Glass Body, Metal Lids<\/td>\n<\/tr>\n<tr style=\"height: 13.50pt;\">\n<td style=\"height: 13.50pt;\" height=\"18\">Formato de garrafa<\/td>\n<td>Cilindro de parede reta<\/td>\n<\/tr>\n<tr style=\"height: 13.50pt;\">\n<td style=\"height: 13.50pt;\" height=\"18\">Tipo de fechamento<\/td>\n<td>2 em 1: Rollerball e Bomba de Spray Intercambi\u00e1vel<\/td>\n<\/tr>\n<tr style=\"height: 13.50pt;\">\n<td style=\"height: 13.50pt;\" height=\"18\">Caracter\u00edstica do material<\/td>\n<td>Vidro resistente a produtos qu\u00edmicos, componentes met\u00e1licos dur\u00e1veis.<\/td>\n<\/tr>\n<tr style=\"height: 13.50pt;\">\n<td style=\"height: 13.50pt;\" height=\"18\">Ideal para<\/td>\n<td>Frascos de vidro com spray, frascos roll-on, frascos de perfume personalizados<\/td>\n<\/tr>\n<\/tbody>\n<\/table>\n<h2>Caso de sucesso: Um kit de teste revolucion\u00e1rio de uma marca de perfumes<\/h2>\n<p>Uma empresa de perfumes de venda direta ao consumidor lan\u00e7ou um kit de teste chamado &#034;Descubra Sua Fragr\u00e2ncia Pessoal&#034;. Eles experimentaram nossos frascos de vidro 2 em 1 de 10 ml com spray, e o design de dupla fun\u00e7\u00e3o foi um sucesso estrondoso, com 94% dos usu\u00e1rios aproveitando as funcionalidades de roll-on e spray simultaneamente, aumentando assim o n\u00edvel de engajamento. O corpo de vidro permite visualizar facilmente a capacidade de 10 ml de cada frasco, o que gerou maior confian\u00e7a e uma redu\u00e7\u00e3o de 99% nas reclama\u00e7\u00f5es de frascos vazios. A marca ficou bastante satisfeita e encomendou mais 300.000 frascos para desenvolver uma nova linha do produto.<\/p>\n<h2>Op\u00e7\u00f5es de personaliza\u00e7\u00e3o para frascos spray e roll-on<\/h2>\n<ul>\n<li>Garrafas de vidro coloridas, \u00e2mbar, azul cobalto ou verde (prote\u00e7\u00e3o UV).<\/li>\n<li>Impress\u00e3o Serigr\u00e1fica para Personaliza\u00e7\u00e3o da Marca: Uma op\u00e7\u00e3o mais econ\u00f4mica para promover sua marca \u00e9 imprimir seu logotipo ou design diretamente na superf\u00edcie do vidro.<\/li>\n<li>Grava\u00e7\u00e3o a laser: O laser \u00e9 usado para gravar desenhos detalhados, monogramas ou logotipos no vidro, conferindo-lhe um aspecto e toque sofisticados.<\/li>\n<li>Projete bicos de forma criativa para elevar o n\u00edvel da imagem da sua marca e obter reconhecimento.<\/li>\n<\/ul>","protected":false},"excerpt":{"rendered":"<p>Esses frascos de vidro com spray e roll-on oferecem portabilidade para uso duplo. Vidro de alta transpar\u00eancia com detalhes em metal. Entre em contato conosco hoje mesmo para pre\u00e7os de atacado.<\/p>","protected":false},"featured_media":4063,"template":"","meta":{"postBodyCss":"","postBodyMargin":[],"postBodyPadding":[],"postBodyBackground":{"backgroundType":"classic","gradient":""}},"product_brand":[],"product_cat":[15,16,62],"product_tag":[],"class_list":{"0":"post-4060","1":"product","2":"type-product","3":"status-publish","4":"has-post-thumbnail","6":"product_cat-glass-containers","7":"product_cat-glass-bottles","8":"product_cat-perfume-bottles","10":"first","11":"instock","12":"shipping-taxable","13":"product-type-simple"},"jetpack_sharing_enabled":true,"_links":{"self":[{"href":"https:\/\/minghanggroup.com\/pt\/wp-json\/wp\/v2\/product\/4060","targetHints":{"allow":["GET"]}}],"collection":[{"href":"https:\/\/minghanggroup.com\/pt\/wp-json\/wp\/v2\/product"}],"about":[{"href":"https:\/\/minghanggroup.com\/pt\/wp-json\/wp\/v2\/types\/product"}],"wp:featuredmedia":[{"embeddable":true,"href":"https:\/\/minghanggroup.com\/pt\/wp-json\/wp\/v2\/media\/4063"}],"wp:attachment":[{"href":"https:\/\/minghanggroup.com\/pt\/wp-json\/wp\/v2\/media?parent=4060"}],"wp:term":[{"taxonomy":"product_brand","embeddable":true,"href":"https:\/\/minghanggroup.com\/pt\/wp-json\/wp\/v2\/product_brand?post=4060"},{"taxonomy":"product_cat","embeddable":true,"href":"https:\/\/minghanggroup.com\/pt\/wp-json\/wp\/v2\/product_cat?post=4060"},{"taxonomy":"product_tag","embeddable":true,"href":"https:\/\/minghanggroup.com\/pt\/wp-json\/wp\/v2\/product_tag?post=4060"}],"curies":[{"name":"wp","href":"https:\/\/api.w.org\/{rel}","templated":true}]}}