{"id":4052,"date":"2025-12-25T11:07:16","date_gmt":"2025-12-25T03:07:16","guid":{"rendered":"https:\/\/minghanggroup.com\/?post_type=product&#038;p=4052"},"modified":"2025-12-25T13:41:29","modified_gmt":"2025-12-25T05:41:29","slug":"2-in-1-glass-small-spray-bottles-with-lids-bulk","status":"publish","type":"product","link":"https:\/\/minghanggroup.com\/pt\/produto\/2-in-1-glass-small-spray-bottles-with-lids-bulk\/","title":{"rendered":"Frascos de vidro pequenos de 10ml 2 em 1 com tampas - Pacote com v\u00e1rias unidades"},"content":{"rendered":"<p>Este \u00e9 um frasco de perfume multifuncional com um design especial de cilindricidade segmentada, pois possui duas partes met\u00e1licas separadas. Tem um bico de n\u00e9voa fina em uma extremidade e um aplicador roll-on suave na outra, que pode ser usado de diversas maneiras.<\/p>\n<h2>Caracter\u00edsticas do produto<\/h2>\n<ul>\n<li><strong>Design de dupla fun\u00e7\u00e3o:<\/strong> Possui um aplicador de esfera em uma extremidade e um bico na outra, o que permite atender tanto \u00e0s necessidades de um pulverizador de grande \u00e1rea quanto de um aplicador localizado.<\/li>\n<li><strong>Design port\u00e1til:<\/strong> O frasco cil\u00edndrico \u00e9 fino, o que o torna compacto e f\u00e1cil de transportar em uma bolsa para retoques de fragr\u00e2ncia a qualquer momento.<\/li>\n<li><strong>Visual elegante:<\/strong> A garrafa met\u00e1lica dividida ser\u00e1 uma combina\u00e7\u00e3o de moda e eleg\u00e2ncia, podendo ser usada em diferentes designs e eventos.<\/li>\n<\/ul>\n<h2 style=\"text-align: left;\">Especifica\u00e7\u00f5es principais<\/h2>\n<table class=\"aligncenter\" style=\"border-collapse: collapse; width: 533.27pt;\" border=\"0\" width=\"711\" cellspacing=\"0\" cellpadding=\"0\">\n<tbody>\n<tr style=\"height: 13.50pt;\">\n<td style=\"height: 13.50pt; width: 116.25pt;\" width=\"155\" height=\"18\">Especifica\u00e7\u00e3o<\/td>\n<td style=\"width: 417.00pt;\" width=\"556\">Detalhes<\/td>\n<\/tr>\n<tr style=\"height: 13.50pt;\">\n<td style=\"height: 13.50pt;\" height=\"18\">Capacidade<\/td>\n<td>10ml<\/td>\n<\/tr>\n<tr style=\"height: 13.50pt;\">\n<td style=\"height: 13.50pt;\" height=\"18\">Dimens\u00f5es (\u00d8 x A)<\/td>\n<td>1,6 cm x 10 cm<\/td>\n<\/tr>\n<tr style=\"height: 13.50pt;\">\n<td style=\"height: 13.50pt;\" height=\"18\">Material<\/td>\n<td>Corpo em vidro, componentes com acabamento met\u00e1lico<\/td>\n<\/tr>\n<tr style=\"height: 13.50pt;\">\n<td style=\"height: 13.50pt;\" height=\"18\">Formato de garrafa<\/td>\n<td>Cilindro segmentado<\/td>\n<\/tr>\n<tr style=\"height: 13.50pt;\">\n<td style=\"height: 13.50pt;\" height=\"18\">Tipos de fechamento<\/td>\n<td>Cabe\u00e7a de pulveriza\u00e7\u00e3o e cabe\u00e7a de rolo (2 em 1)<\/td>\n<\/tr>\n<tr style=\"height: 13.50pt;\">\n<td style=\"height: 13.50pt;\" height=\"18\">Caracter\u00edstica chave do design<\/td>\n<td>Design de dupla fun\u00e7\u00e3o; Acabamentos met\u00e1licos premium (dourado, prateado, preto)<\/td>\n<\/tr>\n<tr style=\"height: 13.50pt;\">\n<td style=\"height: 13.50pt;\" height=\"18\">Ideal para<\/td>\n<td>Frascos de spray pequenos, amostras de fragr\u00e2ncias, perfumes roll-on<\/td>\n<\/tr>\n<\/tbody>\n<\/table>\n<h2>Caso de sucesso: o sucesso de uma marca de perfumes de nicho.<\/h2>\n<p>Uma das novas marcas de perfumes de nicho selecionou nossos frascos spray 2 em 1 de 10ml. O resultado foi um grande sucesso: 85% dos clientes utilizaram ambas as funcionalidades simultaneamente, o que aumentou consideravelmente a versatilidade do produto. O acabamento met\u00e1lico de alta qualidade agregou valor ao produto, resultando em um aumento de 30% no pre\u00e7o. Diante desse sucesso, a marca encomendou 250.000 frascos do produto para a temporada seguinte.<\/p>\n<h2>Frascos de spray pequenos 2 em 1 personalizados de 100L<\/h2>\n<ul>\n<li>Revestimento met\u00e1lico personalizado \u2013 Selecione uma cor Pantone que corresponda exatamente ao revestimento PVD de uma determinada marca.<\/li>\n<li>Grava\u00e7\u00e3o a laser no centro do anel \u2013 Grave o nome da sua marca, design ou texto no centro do anel de metal.<\/li>\n<li>Serigrafia \u2013 Imprima o logotipo ou texto da sua marca no corpo da garrafa de vidro ou pl\u00e1stico.<\/li>\n<li>Cores de bico personalizadas \u2013 Escolha preto fosco, ouro rosa ou transparente.<\/li>\n<\/ul>","protected":false},"excerpt":{"rendered":"<p>Descubra nossos frascos de spray pequenos 2 em 1 com borrifador e aplicador roll-on. Frascos de perfume personalizados com acabamento met\u00e1lico. Design dur\u00e1vel e elegante. Amostras gr\u00e1tis.<\/p>","protected":false},"featured_media":4057,"template":"","meta":{"postBodyCss":"","postBodyMargin":[],"postBodyPadding":[],"postBodyBackground":{"backgroundType":"classic","gradient":""}},"product_brand":[],"product_cat":[15,16,62],"product_tag":[],"class_list":{"0":"post-4052","1":"product","2":"type-product","3":"status-publish","4":"has-post-thumbnail","6":"product_cat-glass-containers","7":"product_cat-glass-bottles","8":"product_cat-perfume-bottles","10":"first","11":"instock","12":"shipping-taxable","13":"product-type-simple"},"jetpack_sharing_enabled":true,"_links":{"self":[{"href":"https:\/\/minghanggroup.com\/pt\/wp-json\/wp\/v2\/product\/4052","targetHints":{"allow":["GET"]}}],"collection":[{"href":"https:\/\/minghanggroup.com\/pt\/wp-json\/wp\/v2\/product"}],"about":[{"href":"https:\/\/minghanggroup.com\/pt\/wp-json\/wp\/v2\/types\/product"}],"wp:featuredmedia":[{"embeddable":true,"href":"https:\/\/minghanggroup.com\/pt\/wp-json\/wp\/v2\/media\/4057"}],"wp:attachment":[{"href":"https:\/\/minghanggroup.com\/pt\/wp-json\/wp\/v2\/media?parent=4052"}],"wp:term":[{"taxonomy":"product_brand","embeddable":true,"href":"https:\/\/minghanggroup.com\/pt\/wp-json\/wp\/v2\/product_brand?post=4052"},{"taxonomy":"product_cat","embeddable":true,"href":"https:\/\/minghanggroup.com\/pt\/wp-json\/wp\/v2\/product_cat?post=4052"},{"taxonomy":"product_tag","embeddable":true,"href":"https:\/\/minghanggroup.com\/pt\/wp-json\/wp\/v2\/product_tag?post=4052"}],"curies":[{"name":"wp","href":"https:\/\/api.w.org\/{rel}","templated":true}]}}