{"id":4046,"date":"2025-12-25T10:27:39","date_gmt":"2025-12-25T02:27:39","guid":{"rendered":"https:\/\/minghanggroup.com\/?post_type=product&#038;p=4046"},"modified":"2026-03-02T15:23:19","modified_gmt":"2026-03-02T07:23:19","slug":"round-belly-unique-glass-jars-with-lids-bulk","status":"publish","type":"product","link":"https:\/\/minghanggroup.com\/pt\/produto\/round-belly-unique-glass-jars-with-lids-bulk\/","title":{"rendered":"Potes de vidro exclusivos com tampa, formato arredondado, 500ml, 750ml e 1100ml, em grandes quantidades."},"content":{"rendered":"<p>O formato esf\u00e9rico deste pote de vidro com tampa \u00e9 muito tradicional e cl\u00e1ssico. O bocal \u00e9 arredondado e encorpado, afinando em dire\u00e7\u00e3o ao gargalo e ligeiramente arredondado na base. A tampa de bambu tem uma cor clara, natural e aconchegante.<\/p>\n<h2>Caracter\u00edsticas do produto<\/h2>\n<ul>\n<li><strong>Vidro de borosilicato premium:<\/strong> \u00c9 muito mais resistente, possui a capacidade de suportar choque t\u00e9rmico e pode alcan\u00e7ar uma apar\u00eancia cristalina e sem deforma\u00e7\u00f5es.<\/li>\n<li><strong>Tampa de bambu natural:<\/strong> A tampa de bambu \u00e9 leve, oferece \u00f3tima veda\u00e7\u00e3o e se encaixa bem no formato natural do frasco.<\/li>\n<li><strong>Capacidades M\u00faltiplas:<\/strong> Possui tr\u00eas capacidades (de 500ml a 1100ml) que atendem \u00e0s necessidades de armazenamento de diferentes produtos secos.<\/li>\n<\/ul>\n<h2 style=\"text-align: left;\">Especifica\u00e7\u00f5es principais<\/h2>\n<table class=\"aligncenter\" style=\"border-collapse: collapse; width: 451.52pt;\" border=\"0\" width=\"602\" cellspacing=\"0\" cellpadding=\"0\">\n<tbody>\n<tr style=\"height: 13.50pt;\">\n<td style=\"height: 13.50pt; width: 116.25pt;\" width=\"155\" height=\"18\">Especifica\u00e7\u00e3o<\/td>\n<td style=\"width: 335.25pt;\" width=\"447\">Detalhes<\/td>\n<\/tr>\n<tr style=\"height: 13.50pt;\">\n<td style=\"height: 13.50pt;\" height=\"18\">Dimens\u00f5es<\/td>\n<td>500 ml: 10 \u00d7 10,5 cm; 750 ml: 10,5 \u00d7 12 cm; 1100 ml: 11,5 \u00d7 16 cm<\/td>\n<\/tr>\n<tr style=\"height: 13.50pt;\">\n<td style=\"height: 13.50pt;\" height=\"18\">Material<\/td>\n<td>Vidro de borosilicato de alta qualidade<\/td>\n<\/tr>\n<tr style=\"height: 13.50pt;\">\n<td style=\"height: 13.50pt;\" height=\"18\">Tipo de tampa<\/td>\n<td>Tampa plana de bambu natural<\/td>\n<\/tr>\n<tr style=\"height: 13.50pt;\">\n<td style=\"height: 13.50pt;\" height=\"18\">Caracter\u00edstica principal do material<\/td>\n<td>Resist\u00eancia excepcional ao choque t\u00e9rmico, nitidez brilhante.<\/td>\n<\/tr>\n<tr style=\"height: 13.50pt;\">\n<td style=\"height: 13.50pt;\" height=\"18\">Perfeito para<\/td>\n<td>Alimentos secos a granel, caf\u00e9, ch\u00e1, especiarias, lanches<\/td>\n<\/tr>\n<\/tbody>\n<\/table>\n<h2>Hist\u00f3ria de sucesso<\/h2>\n<p>Nossos potes de vidro borossilicato de alta qualidade, com capacidade de 1100 ml, foram encomendados por uma renomada empresa aliment\u00edcia norte-americana para o armazenamento de seus produtos. Qual foi o resultado? O vidro borossilicato de alta qualidade resiste a varia\u00e7\u00f5es de temperatura de at\u00e9 220 \u00b0C sem quebrar. A tampa de bambu manteve-se vedada por mais de 6 meses, mesmo em condi\u00e7\u00f5es de alta umidade. A empresa ficou t\u00e3o satisfeita com o produto que fez um novo pedido de 200.000 unidades para ampliar sua linha de produtos.<\/p>\n<h2>Op\u00e7\u00f5es exclusivas de personaliza\u00e7\u00e3o de potes de vidro<\/h2>\n<ul>\n<li>Tampa de bambu com a marca B \u2013 A tampa de bambu pode ser estampada a quente ou gravada a laser com o logotipo da sua marca no centro.<\/li>\n<li>Estampa com Espirais \u2013 Escolha uma estampa deslumbrante que repita as linhas naturais do pote.<\/li>\n<li>Tingimento personalizado de bambu \u2013 Selecione a cor espec\u00edfica do bambu, seja amarelo dourado natural, amarelo mel ou cinza.<\/li>\n<li>Decora\u00e7\u00e3o em vitral \u2013 Podem ser utilizadas vers\u00f5es de vidro em tons claros (por exemplo, \u00e2mbar).<\/li>\n<\/ul>","protected":false},"excerpt":{"rendered":"<p>Encomende potes de vidro exclusivos com formato suave e arredondado. Este conjunto de pote de vidro com tampa combina bambu e vidro na perfei\u00e7\u00e3o. Em estoque. Entre em contato para amostras gr\u00e1tis!<\/p>","protected":false},"featured_media":4047,"template":"","meta":{"postBodyCss":"","postBodyMargin":[],"postBodyPadding":[],"postBodyBackground":{"backgroundType":"classic","gradient":""}},"product_brand":[],"product_cat":[15,17,61],"product_tag":[68,67,100],"class_list":{"0":"post-4046","1":"product","2":"type-product","3":"status-publish","4":"has-post-thumbnail","6":"product_cat-glass-containers","7":"product_cat-glass-jars","8":"product_cat-glass-jars-with-lids","9":"product_tag-borosilicate-glass-jars","10":"product_tag-candy-jars","11":"product_tag-glass-coffee-jars","13":"first","14":"instock","15":"shipping-taxable","16":"product-type-simple"},"jetpack_sharing_enabled":true,"_links":{"self":[{"href":"https:\/\/minghanggroup.com\/pt\/wp-json\/wp\/v2\/product\/4046","targetHints":{"allow":["GET"]}}],"collection":[{"href":"https:\/\/minghanggroup.com\/pt\/wp-json\/wp\/v2\/product"}],"about":[{"href":"https:\/\/minghanggroup.com\/pt\/wp-json\/wp\/v2\/types\/product"}],"wp:featuredmedia":[{"embeddable":true,"href":"https:\/\/minghanggroup.com\/pt\/wp-json\/wp\/v2\/media\/4047"}],"wp:attachment":[{"href":"https:\/\/minghanggroup.com\/pt\/wp-json\/wp\/v2\/media?parent=4046"}],"wp:term":[{"taxonomy":"product_brand","embeddable":true,"href":"https:\/\/minghanggroup.com\/pt\/wp-json\/wp\/v2\/product_brand?post=4046"},{"taxonomy":"product_cat","embeddable":true,"href":"https:\/\/minghanggroup.com\/pt\/wp-json\/wp\/v2\/product_cat?post=4046"},{"taxonomy":"product_tag","embeddable":true,"href":"https:\/\/minghanggroup.com\/pt\/wp-json\/wp\/v2\/product_tag?post=4046"}],"curies":[{"name":"wp","href":"https:\/\/api.w.org\/{rel}","templated":true}]}}