{"id":4041,"date":"2025-12-24T15:20:08","date_gmt":"2025-12-24T07:20:08","guid":{"rendered":"https:\/\/minghanggroup.com\/?post_type=product&#038;p=4041"},"modified":"2026-01-20T13:16:34","modified_gmt":"2026-01-20T05:16:34","slug":"high-borosilicate-food-storage-glass-jars-wholesale","status":"publish","type":"product","link":"https:\/\/minghanggroup.com\/pt\/produto\/high-borosilicate-food-storage-glass-jars-wholesale\/","title":{"rendered":"Potes de vidro de borosilicato de alta qualidade para armazenamento de alimentos, de 175 ml a 500 ml (venda por atacado)."},"content":{"rendered":"<p>Voc\u00ea merece embalagens premium que mantenham os produtos frescos e fa\u00e7am sua marca brilhar. Criamos potes de vidro para armazenamento de alimentos com tampa de bambu, projetados para o sucesso na cozinha \u2014 onde cada pote valoriza a hist\u00f3ria do seu produto.<\/p>\n<h2>Caracter\u00edsticas do produto<\/h2>\n<ol>\n<li><strong>Design da tampa: <\/strong>Voc\u00ea pode escolher entre diversos materiais para as tampas, de acordo com o estilo da sua marca. Por exemplo, pode usar tampas de a\u00e7o inoxid\u00e1vel ou de madeira, mas n\u00e3o de bambu. As tampas de bambu s\u00e3o \u00f3timas para quem busca estilo, enquanto as de a\u00e7o inoxid\u00e1vel conferem um visual mais moderno.<\/li>\n<li><strong>Logotipo da marca personalizado: <\/strong>Voc\u00ea pode colocar o logotipo da sua marca nos potes de vidro. Isso ajudar\u00e1 as pessoas a reconhecerem sua marca. Voc\u00ea tamb\u00e9m pode adicionar r\u00f3tulos ou desenhos aos potes. Isso torna o produto muito mais atraente para quem possa compr\u00e1-lo. Os potes de vidro com o logotipo ou os desenhos da sua marca se destacar\u00e3o no mercado. Ter o logotipo da sua marca nos potes \u00e9 uma forma de tornar seu produto mais atraente.<\/li>\n<li><strong>Op\u00e7\u00f5es de veda\u00e7\u00e3o: <\/strong>Escolha tampas de bambu com an\u00e9is de veda\u00e7\u00e3o de silicone para uma melhor veda\u00e7\u00e3o, impedindo a entrada de ar e umidade. Isso \u00e9 adequado para armazenar alimentos secos, ch\u00e1 e outros itens sens\u00edveis \u00e0 umidade.<\/li>\n<\/ol>\n<h2>Especifica\u00e7\u00f5es principais<\/h2>\n<table style=\"border-collapse: collapse; width: 80%; margin-left: auto; margin-right: auto;\" border=\"0\" width=\"288\" cellspacing=\"0\" cellpadding=\"0\">\n<tbody>\n<tr style=\"height: 13.50pt;\">\n<td style=\"height: 13.5pt; width: 54pt; text-align: center;\" width=\"72\" height=\"18\">Capacidade (ml)<\/td>\n<td style=\"width: 54pt; text-align: center;\" width=\"72\">Tamanho (cm)<\/td>\n<td style=\"width: 54pt; text-align: center;\" width=\"72\">Material<\/td>\n<td style=\"width: 54pt; text-align: center;\" width=\"72\">Caracter\u00edsticas<\/td>\n<\/tr>\n<tr style=\"height: 13.50pt;\">\n<td style=\"height: 13.5pt; text-align: center;\" align=\"right\" height=\"18\">175<\/td>\n<td style=\"text-align: center;\">6.5 * 10.0<\/td>\n<td class=\"et2\" style=\"text-align: center;\" rowspan=\"5\">Vidro borossilicato<\/td>\n<td class=\"et2\" style=\"text-align: center;\" rowspan=\"5\">Tampa de bambu de 65 mm com laterais retas<\/td>\n<\/tr>\n<tr style=\"height: 13.50pt;\">\n<td style=\"height: 13.5pt; text-align: center;\" align=\"right\" height=\"18\">250<\/td>\n<td style=\"text-align: center;\">6.5 * 10.0<\/td>\n<\/tr>\n<tr style=\"height: 13.50pt;\">\n<td style=\"height: 13.5pt; text-align: center;\" align=\"right\" height=\"18\">300<\/td>\n<td style=\"text-align: center;\">6.5 * 12.0<\/td>\n<\/tr>\n<tr style=\"height: 13.50pt;\">\n<td style=\"height: 13.5pt; text-align: center;\" align=\"right\" height=\"18\">380<\/td>\n<td style=\"text-align: center;\">6.5 * 15.0<\/td>\n<\/tr>\n<tr style=\"height: 13.50pt;\">\n<td style=\"height: 13.5pt; text-align: center;\" align=\"right\" height=\"18\">500<\/td>\n<td style=\"text-align: center;\">6.5 * 20.0<\/td>\n<\/tr>\n<\/tbody>\n<\/table>\n<h2>Caso de sucesso<\/h2>\n<p>Uma marca de alimentos org\u00e2nicos utilizou esses potes de vidro borossilicato para armazenamento na cozinha como recipientes e expositores para sua linha rec\u00e9m-lan\u00e7ada de frutas secas e especiarias. Al\u00e9m da tampa estar em harmonia com o conceito da marca, que preza pela natureza e pelo respeito aos produtos, a tampa de bambu tamb\u00e9m oferece \u00f3tima veda\u00e7\u00e3o, mantendo a frescura do produto intacta.<\/p>\n<p>Ap\u00f3s a mudan\u00e7a para potes de vidro para armazenamento de alimentos na cozinha, a marca conseguiu um aumento not\u00e1vel nas vendas de frutas secas e especiarias, especialmente no segmento premium. A valoriza\u00e7\u00e3o da embalagem ecol\u00f3gica e da qualidade do produto pelos consumidores foi o principal fator para o marketing boca a boca positivo. O faturamento dobrou em tr\u00eas meses ap\u00f3s a instala\u00e7\u00e3o dos novos potes.<\/p>\n<h2>Dicas de personaliza\u00e7\u00e3o<\/h2>\n<p>Ao personalizar seus potes de vidro borossilicato para armazenamento na cozinha, voc\u00ea pode alterar o tamanho e o formato para se adequarem ao uso e ao estilo da sua marca. Os potes maiores s\u00e3o ideais para armazenar itens como ch\u00e1, frutas secas ou uma grande quantidade de ingredientes. J\u00e1 os potes menores s\u00e3o perfeitos para temperos ou doces. As tampas s\u00e3o feitas de bambu, um material sustent\u00e1vel e que fecha muito bem, mantendo os alimentos frescos por mais tempo. Voc\u00ea tamb\u00e9m pode personalizar os potes com o logotipo ou r\u00f3tulo da sua marca para refor\u00e7ar o reconhecimento da mesma. Se sua marca se posiciona como sofisticada, voc\u00ea pode optar pelo vidro transparente para um visual mais moderno ou pelo vidro fosco para adicionar uma textura \u00fanica.<\/p>","protected":false},"excerpt":{"rendered":"<p>Potes de vidro para armazenamento de alimentos com tampas de bambu, ideais para organizar alimentos secos e temperos. Design elegante, op\u00e7\u00f5es de personaliza\u00e7\u00e3o em grandes quantidades dispon\u00edveis. Envio r\u00e1pido.<\/p>","protected":false},"featured_media":4042,"template":"","meta":{"postBodyCss":"","postBodyMargin":[],"postBodyPadding":[],"postBodyBackground":{"backgroundType":"classic","gradient":""}},"product_brand":[],"product_cat":[15,17,61],"product_tag":[68,69],"class_list":{"0":"post-4041","1":"product","2":"type-product","3":"status-publish","4":"has-post-thumbnail","6":"product_cat-glass-containers","7":"product_cat-glass-jars","8":"product_cat-glass-jars-with-lids","9":"product_tag-borosilicate-glass-jars","10":"product_tag-storage-jars","12":"first","13":"instock","14":"shipping-taxable","15":"product-type-simple"},"jetpack_sharing_enabled":true,"_links":{"self":[{"href":"https:\/\/minghanggroup.com\/pt\/wp-json\/wp\/v2\/product\/4041","targetHints":{"allow":["GET"]}}],"collection":[{"href":"https:\/\/minghanggroup.com\/pt\/wp-json\/wp\/v2\/product"}],"about":[{"href":"https:\/\/minghanggroup.com\/pt\/wp-json\/wp\/v2\/types\/product"}],"wp:featuredmedia":[{"embeddable":true,"href":"https:\/\/minghanggroup.com\/pt\/wp-json\/wp\/v2\/media\/4042"}],"wp:attachment":[{"href":"https:\/\/minghanggroup.com\/pt\/wp-json\/wp\/v2\/media?parent=4041"}],"wp:term":[{"taxonomy":"product_brand","embeddable":true,"href":"https:\/\/minghanggroup.com\/pt\/wp-json\/wp\/v2\/product_brand?post=4041"},{"taxonomy":"product_cat","embeddable":true,"href":"https:\/\/minghanggroup.com\/pt\/wp-json\/wp\/v2\/product_cat?post=4041"},{"taxonomy":"product_tag","embeddable":true,"href":"https:\/\/minghanggroup.com\/pt\/wp-json\/wp\/v2\/product_tag?post=4041"}],"curies":[{"name":"wp","href":"https:\/\/api.w.org\/{rel}","templated":true}]}}