{"id":4036,"date":"2025-12-24T13:55:31","date_gmt":"2025-12-24T05:55:31","guid":{"rendered":"https:\/\/minghanggroup.com\/?post_type=product&#038;p=4036"},"modified":"2026-03-02T15:23:32","modified_gmt":"2026-03-02T07:23:32","slug":"cylindrical-glass-jars-with-lids-and-spoons-bulk","status":"publish","type":"product","link":"https:\/\/minghanggroup.com\/pt\/produto\/cylindrical-glass-jars-with-lids-and-spoons-bulk\/","title":{"rendered":"Potes de vidro cil\u00edndricos de 300 ml, 350 ml e 450 ml com tampas e colheres (em grande quantidade)"},"content":{"rendered":"<p>Este frasco cil\u00edndrico de vidro com tampa e colher \u00e9 feito de uma \u00fanica pe\u00e7a de vidro liso, sem ranhuras. \u00c9 feito de vidro borossilicato transparente e est\u00e1 dispon\u00edvel em tr\u00eas tamanhos diferentes.<\/p>\n<h2>Caracter\u00edsticas do produto<\/h2>\n<ul>\n<li><strong>Cil\u00edndrico de paredes retas:<\/strong> O design simples com paredes retas economiza espa\u00e7o de armazenamento, \u00e9 de f\u00e1cil acesso e limpeza, e funciona bem na maioria das situa\u00e7\u00f5es de armazenamento.<\/li>\n<li><strong>Recipiente transparente e claro:<\/strong> O material de vidro borossilicato permite visualizar claramente o interior do recipiente e identificar facilmente o conte\u00fado sem precisar abrir a tampa.<\/li>\n<li><strong>Mistura equilibrada de subst\u00e2ncias naturais:<\/strong> A tampa e a colher de bambu apresentam uma est\u00e9tica limpa, natural e coerente.<\/li>\n<\/ul>\n<h2 style=\"text-align: left;\">Especifica\u00e7\u00f5es principais<\/h2>\n<table class=\"aligncenter\" style=\"border-collapse: collapse; width: 497.27pt;\" border=\"0\" width=\"663\" cellspacing=\"0\" cellpadding=\"0\">\n<tbody>\n<tr style=\"height: 13.50pt;\">\n<td style=\"height: 13.50pt; width: 104.25pt;\" width=\"139\" height=\"18\">Especifica\u00e7\u00e3o<\/td>\n<td style=\"width: 393.00pt;\" width=\"524\">Detalhes<\/td>\n<\/tr>\n<tr style=\"height: 13.50pt;\">\n<td style=\"height: 13.50pt;\" height=\"18\">Capacidade<\/td>\n<td>300ml \/ 350ml \/ 450ml<\/td>\n<\/tr>\n<tr style=\"height: 13.50pt;\">\n<td style=\"height: 13.50pt;\" height=\"18\">Dimens\u00f5es<\/td>\n<td>6,5\u00d710cm \/ 6,5\u00d712cm \/ 6,5\u00d715cm<\/td>\n<\/tr>\n<tr style=\"height: 13.50pt;\">\n<td style=\"height: 13.50pt;\" height=\"18\">Material<\/td>\n<td>Vidro de borosilicato de alta qualidade, bambu<\/td>\n<\/tr>\n<tr style=\"height: 13.50pt;\">\n<td style=\"height: 13.50pt;\" height=\"18\">Formato de jarro<\/td>\n<td>Cilindro de parede reta<\/td>\n<\/tr>\n<tr style=\"height: 13.50pt;\">\n<td style=\"height: 13.50pt;\" height=\"18\">Tipo de tampa<\/td>\n<td>Tampa plana de bambu com colher central integrada<\/td>\n<\/tr>\n<tr style=\"height: 13.50pt;\">\n<td style=\"height: 13.50pt;\" height=\"18\">Caracter\u00edstica do material<\/td>\n<td>Resistente a calor e produtos qu\u00edmicos, alta transpar\u00eancia, higi\u00eanico.<\/td>\n<\/tr>\n<tr style=\"height: 13.50pt;\">\n<td style=\"height: 13.50pt;\" height=\"18\">Ideal para<\/td>\n<td>Potes de vidro com tampas e colheres, recipientes para armazenamento de alimentos com tampas.<\/td>\n<\/tr>\n<\/tbody>\n<\/table>\n<h2>Caso de Sucesso: Uma Solu\u00e7\u00e3o Completa para Empresas de Especiarias<\/h2>\n<p>Uma das empresas locais de especiarias decidiu usar nosso frasco de vidro de 350 ml com tampa e colher para armazenar seus temperos de alta qualidade. Trata-se de um produto inovador, que combina um frasco de vidro borossilicato com uma colher de bambu, eliminando a necessidade de uma colher de pl\u00e1stico separada e minimizando o desperd\u00edcio de embalagens em 25%. Quando questionados sobre a praticidade da colher de bambu inclusa, os usu\u00e1rios, por meio de pesquisas de satisfa\u00e7\u00e3o do cliente, constataram que esse recurso foi muito bem avaliado, resultando em um aumento de 40% na classifica\u00e7\u00e3o. Com base nisso, o pr\u00f3ximo lan\u00e7amento do produto ser\u00e1 um lote de 280.000 frascos de vidro com tampas e colheres, conforme encomenda da empresa.<\/p>\n<h2>Potes de vidro com op\u00e7\u00f5es de personaliza\u00e7\u00e3o de tampas<\/h2>\n<ul>\n<li>Cabo de colher de bambu, grava\u00e7\u00e3o a laser: Grave sua marca ou mensagem na parte vis\u00edvel do utens\u00edlio de bambu com uma grava\u00e7\u00e3o a laser.<\/li>\n<li>Cor personalizada do bambu: Escolha a cor da tampa do pote de bambu e da colher, na cor natural ou preto carv\u00e3o.<\/li>\n<li>Anel de fundo fosco: Fa\u00e7a um anel fino, pequeno e elegante de gelo ao redor da base do pote.<\/li>\n<li>Formato personalizado da colher: Corte a colher em um formato espec\u00edfico (por exemplo, oval, redondo) at\u00e9 que ela se encaixe perfeitamente no orif\u00edcio central.<\/li>\n<\/ul>","protected":false},"excerpt":{"rendered":"<p>Pote de vidro de alta qualidade com tampa e colher, apresentando potes de vidro transparente com tampa e colher integrada em bambu natural em tamanhos graduados. Descontos para pedidos em grande quantidade.<\/p>","protected":false},"featured_media":4040,"template":"","meta":{"postBodyCss":"","postBodyMargin":[],"postBodyPadding":[],"postBodyBackground":{"backgroundType":"classic","gradient":""}},"product_brand":[],"product_cat":[15,17,61],"product_tag":[68,100,70,69],"class_list":{"0":"post-4036","1":"product","2":"type-product","3":"status-publish","4":"has-post-thumbnail","6":"product_cat-glass-containers","7":"product_cat-glass-jars","8":"product_cat-glass-jars-with-lids","9":"product_tag-borosilicate-glass-jars","10":"product_tag-glass-coffee-jars","11":"product_tag-seasoning-jars","12":"product_tag-storage-jars","14":"first","15":"instock","16":"shipping-taxable","17":"product-type-simple"},"jetpack_sharing_enabled":true,"_links":{"self":[{"href":"https:\/\/minghanggroup.com\/pt\/wp-json\/wp\/v2\/product\/4036","targetHints":{"allow":["GET"]}}],"collection":[{"href":"https:\/\/minghanggroup.com\/pt\/wp-json\/wp\/v2\/product"}],"about":[{"href":"https:\/\/minghanggroup.com\/pt\/wp-json\/wp\/v2\/types\/product"}],"wp:featuredmedia":[{"embeddable":true,"href":"https:\/\/minghanggroup.com\/pt\/wp-json\/wp\/v2\/media\/4040"}],"wp:attachment":[{"href":"https:\/\/minghanggroup.com\/pt\/wp-json\/wp\/v2\/media?parent=4036"}],"wp:term":[{"taxonomy":"product_brand","embeddable":true,"href":"https:\/\/minghanggroup.com\/pt\/wp-json\/wp\/v2\/product_brand?post=4036"},{"taxonomy":"product_cat","embeddable":true,"href":"https:\/\/minghanggroup.com\/pt\/wp-json\/wp\/v2\/product_cat?post=4036"},{"taxonomy":"product_tag","embeddable":true,"href":"https:\/\/minghanggroup.com\/pt\/wp-json\/wp\/v2\/product_tag?post=4036"}],"curies":[{"name":"wp","href":"https:\/\/api.w.org\/{rel}","templated":true}]}}