{"id":4026,"date":"2025-12-24T11:33:20","date_gmt":"2025-12-24T03:33:20","guid":{"rendered":"https:\/\/minghanggroup.com\/?post_type=product&#038;p=4026"},"modified":"2026-01-20T13:18:13","modified_gmt":"2026-01-20T05:18:13","slug":"glass-jar-with-bamboo-lid-for-food-wholesale","status":"publish","type":"product","link":"https:\/\/minghanggroup.com\/pt\/produto\/glass-jar-with-bamboo-lid-for-food-wholesale\/","title":{"rendered":"Pote de vidro de 450ml, 560ml, 700ml e 950ml com tampa de bambu para venda por atacado de alimentos."},"content":{"rendered":"<p>Voc\u00ea merece embalagens premium que mantenham os produtos frescos e fa\u00e7am sua marca brilhar. Criamos potes de vidro com tampa de bambu projetados para o sucesso do armazenamento \u2014 onde cada recipiente eleva a hist\u00f3ria do seu produto.<\/p>\n<h2>Caracter\u00edsticas do produto<\/h2>\n<ol>\n<li><strong>Praticidade da boca larga: <\/strong>A boca larga de 85 mm permite reabastecer, limpar e acessar o compartimento com seus itens de uso di\u00e1rio sem qualquer dificuldade.<\/li>\n<li><strong>Foca de bambu natural: <\/strong>Com uma tampa girat\u00f3ria de bambu, o armazenamento de alimentos a granel e no atacado ser\u00e1 mantido fresco e higi\u00eanico.<\/li>\n<li><strong>Durabilidade resistente ao calor: <\/strong>O recipiente de vidro \u00e9 feito de vidro borossilicato resistente ao calor e seguro para alimentos, ideal para mel, xarope e gr\u00e3os de caf\u00e9.<\/li>\n<li><strong>Design de visibilidade clara: <\/strong>Com um vidro transparente, voc\u00ea pode ver imediatamente o que est\u00e1 dentro, tornando muito f\u00e1cil manusear recipientes de armazenamento.<\/li>\n<\/ol>\n<h2>Especifica\u00e7\u00f5es principais<\/h2>\n<table style=\"border-collapse: collapse; width: 80%; margin-left: auto; margin-right: auto;\" border=\"0\" width=\"288\" cellspacing=\"0\" cellpadding=\"0\">\n<tbody>\n<tr style=\"height: 13.50pt;\">\n<td style=\"height: 13.5pt; width: 54pt; text-align: center;\" width=\"72\" height=\"18\">Capacidade (ml)<\/td>\n<td style=\"width: 54pt; text-align: center;\" width=\"72\">Tamanho (cm)<\/td>\n<td style=\"width: 54pt; text-align: center;\" width=\"72\">Material<\/td>\n<td style=\"width: 54pt; text-align: center;\" width=\"72\">Caracter\u00edsticas<\/td>\n<\/tr>\n<tr style=\"height: 13.50pt;\">\n<td style=\"height: 13.5pt; text-align: center;\" align=\"right\" height=\"18\">450<\/td>\n<td style=\"text-align: center;\">8.5*10.0<\/td>\n<td class=\"et2\" style=\"text-align: center;\" rowspan=\"4\">Vidro borossilicato<\/td>\n<td class=\"et2\" style=\"text-align: center;\" rowspan=\"4\">Tampa de bambu de 85 mm com laterais retas<\/td>\n<\/tr>\n<tr style=\"height: 13.50pt;\">\n<td style=\"height: 13.5pt; text-align: center;\" align=\"right\" height=\"18\">560<\/td>\n<td style=\"text-align: center;\">8.5*12.0<\/td>\n<\/tr>\n<tr style=\"height: 13.50pt;\">\n<td style=\"height: 13.5pt; text-align: center;\" align=\"right\" height=\"18\">700<\/td>\n<td style=\"text-align: center;\">8.5*15.0<\/td>\n<\/tr>\n<tr style=\"height: 13.50pt;\">\n<td style=\"height: 13.5pt; text-align: center;\" align=\"right\" height=\"18\">950<\/td>\n<td style=\"text-align: center;\">8.5*20.0<\/td>\n<\/tr>\n<\/tbody>\n<\/table>\n<h2>Caso de sucesso<\/h2>\n<p>Esta empresa de alimentos e snacks quer dar um novo visual atraente aos seus produtos. Para isso, est\u00e3o colocando os alimentos em potes de vidro com tampas de bambu. Como os potes s\u00e3o de vidro, \u00e9 poss\u00edvel ver o conte\u00fado. As tampas de bambu tamb\u00e9m s\u00e3o um toque especial. Isso demonstra que a empresa se preocupa com o meio ambiente e quer mant\u00ea-lo limpo. Com esses potes de vidro e tampas de bambu, a empresa de alimentos e snacks demonstra seu compromisso com o planeta.<\/p>\n<p>Ap\u00f3s v\u00e1rios meses de coleta de feedback do mercado, um cliente notou um aumento de 15% nas vendas dessa linha de produtos. Os consumidores tamb\u00e9m mencionaram que os potes de vidro para armazenamento eram visualmente atraentes e ecol\u00f3gicos, enquanto as tampas de bambu conferiam um toque de luxo.<\/p>\n<h2>Dicas de personaliza\u00e7\u00e3o<\/h2>\n<p>Ao personalizar este frasco de vidro borossilicato com uma tampa de bambu, voc\u00ea tem flexibilidade para escolher de acordo com o uso e a imagem da sua marca. Caso queira destacar as caracter\u00edsticas puras e ecol\u00f3gicas do produto, opte por uma tampa de bambu natural com vidro fosco ou transparente para atrair a aten\u00e7\u00e3o do cliente e fortalecer a imagem da sua marca. Se o objetivo \u00e9 preservar melhor o frescor dos alimentos, recomendamos uma tampa de bambu com anel de veda\u00e7\u00e3o de silicone, que veda o frasco hermeticamente, impedindo a entrada de umidade e ar. Em termos de capacidade, os frascos podem ser personalizados em diferentes tamanhos, adequados para armazenar especiarias ou frutas secas, atendendo \u00e0s demandas do mercado. Al\u00e9m disso, a inclus\u00e3o do logotipo ou design da sua marca na personaliza\u00e7\u00e3o n\u00e3o s\u00f3 torna o frasco mais pr\u00e1tico, como tamb\u00e9m contribui para o reconhecimento do produto e para a competitividade no mercado.<\/p>","protected":false},"excerpt":{"rendered":"<p>Pote de vidro ecol\u00f3gico com tampa de bambu, perfeito para armazenar lanches, caf\u00e9 ou produtos secos. Direto da f\u00e1brica, personaliza\u00e7\u00e3o em grandes quantidades e envio r\u00e1pido.<\/p>","protected":false},"featured_media":4034,"template":"","meta":{"postBodyCss":"","postBodyMargin":[],"postBodyPadding":[],"postBodyBackground":{"backgroundType":"classic","gradient":""}},"product_brand":[],"product_cat":[15,17,61],"product_tag":[68,67,69],"class_list":{"0":"post-4026","1":"product","2":"type-product","3":"status-publish","4":"has-post-thumbnail","6":"product_cat-glass-containers","7":"product_cat-glass-jars","8":"product_cat-glass-jars-with-lids","9":"product_tag-borosilicate-glass-jars","10":"product_tag-candy-jars","11":"product_tag-storage-jars","13":"first","14":"instock","15":"shipping-taxable","16":"product-type-simple"},"jetpack_sharing_enabled":true,"_links":{"self":[{"href":"https:\/\/minghanggroup.com\/pt\/wp-json\/wp\/v2\/product\/4026","targetHints":{"allow":["GET"]}}],"collection":[{"href":"https:\/\/minghanggroup.com\/pt\/wp-json\/wp\/v2\/product"}],"about":[{"href":"https:\/\/minghanggroup.com\/pt\/wp-json\/wp\/v2\/types\/product"}],"wp:featuredmedia":[{"embeddable":true,"href":"https:\/\/minghanggroup.com\/pt\/wp-json\/wp\/v2\/media\/4034"}],"wp:attachment":[{"href":"https:\/\/minghanggroup.com\/pt\/wp-json\/wp\/v2\/media?parent=4026"}],"wp:term":[{"taxonomy":"product_brand","embeddable":true,"href":"https:\/\/minghanggroup.com\/pt\/wp-json\/wp\/v2\/product_brand?post=4026"},{"taxonomy":"product_cat","embeddable":true,"href":"https:\/\/minghanggroup.com\/pt\/wp-json\/wp\/v2\/product_cat?post=4026"},{"taxonomy":"product_tag","embeddable":true,"href":"https:\/\/minghanggroup.com\/pt\/wp-json\/wp\/v2\/product_tag?post=4026"}],"curies":[{"name":"wp","href":"https:\/\/api.w.org\/{rel}","templated":true}]}}