{"id":4025,"date":"2025-12-24T10:06:48","date_gmt":"2025-12-24T02:06:48","guid":{"rendered":"https:\/\/minghanggroup.com\/?post_type=product&#038;p=4025"},"modified":"2026-03-02T15:23:43","modified_gmt":"2026-03-02T07:23:43","slug":"round-glass-jars-with-bamboo-lids-and-spoons-bulk","status":"publish","type":"product","link":"https:\/\/minghanggroup.com\/pt\/produto\/round-glass-jars-with-bamboo-lids-and-spoons-bulk\/","title":{"rendered":"Potes de vidro redondos de 500ml, 850ml e 1150ml com tampas de bambu e colheres (em atacado)"},"content":{"rendered":"<p>Esses potes s\u00e3o de vidro com tampas e colheres de bambu, feitos de vidro borossilicato. Possuem um formato esf\u00e9rico suave e arredondado e v\u00eam com as mesmas tampas e colheres de bambu (para facilitar o acesso aos ingredientes).<\/p>\n<h2>Caracter\u00edsticas do produto<\/h2>\n<ul>\n<li><strong>Tampas e colheres de bambu:<\/strong> As tampas e colheres de bambu combinam entre si, criando uma est\u00e9tica uniforme, facilitando o acesso aos ingredientes e mantendo a fidelidade ao estilo natural.<\/li>\n<li><strong>Design arredondado em formato de tambor:<\/strong> O design arredondado em formato de tambor aumenta a capacidade e confere uma apar\u00eancia mais suave em compara\u00e7\u00e3o com os potes de vidro cil\u00edndricos.<\/li>\n<li><strong>Potes totalmente transparentes:<\/strong> Isso ocorre porque o material de vidro de borosilicato de alta qualidade permite visualizar claramente o conte\u00fado e, portanto, identific\u00e1-lo facilmente sem abrir a tampa.<\/li>\n<\/ul>\n<h2 style=\"text-align: left;\">Especifica\u00e7\u00f5es principais<\/h2>\n<table class=\"aligncenter\" style=\"border-collapse: collapse; width: 513.02pt;\" border=\"0\" width=\"684\" cellspacing=\"0\" cellpadding=\"0\">\n<tbody>\n<tr style=\"height: 13.50pt;\">\n<td style=\"height: 13.50pt; width: 100.50pt;\" width=\"134\" height=\"18\">Especifica\u00e7\u00e3o<\/td>\n<td style=\"width: 412.50pt;\" width=\"550\">Detalhes<\/td>\n<\/tr>\n<tr style=\"height: 13.50pt;\">\n<td style=\"height: 13.50pt;\" height=\"18\">Capacidade<\/td>\n<td>500ml \/ 850ml \/ 1150ml<\/td>\n<\/tr>\n<tr style=\"height: 13.50pt;\">\n<td style=\"height: 13.50pt;\" height=\"18\">Dimens\u00f5es<\/td>\n<td>7\u00d710,5cm \/ 7\u00d713cm \/ 7,5\u00d714cm<\/td>\n<\/tr>\n<tr style=\"height: 13.50pt;\">\n<td style=\"height: 13.50pt;\" height=\"18\">Material<\/td>\n<td>Vidro de borosilicato de alta qualidade, bambu<\/td>\n<\/tr>\n<tr style=\"height: 13.50pt;\">\n<td style=\"height: 13.50pt;\" height=\"18\">Formato de jarro<\/td>\n<td>Barriga arredondada com pesco\u00e7o estreito<\/td>\n<\/tr>\n<tr style=\"height: 13.50pt;\">\n<td style=\"height: 13.50pt;\" height=\"18\">Tipo de tampa<\/td>\n<td>Tampa plana de bambu com colher integrada<\/td>\n<\/tr>\n<tr style=\"height: 13.50pt;\">\n<td style=\"height: 13.50pt;\" height=\"18\">Caracter\u00edstica do material<\/td>\n<td>Alta transpar\u00eancia, excelente resist\u00eancia \u00e0 temperatura (-20\u2103 a 150\u2103)<\/td>\n<\/tr>\n<tr style=\"height: 13.50pt;\">\n<td style=\"height: 13.50pt;\" height=\"18\">Ideal para<\/td>\n<td>Potes de vidro com tampas e colheres de bambu, potes de vidro a granel.<\/td>\n<\/tr>\n<\/tbody>\n<\/table>\n<h2>Caso de Sucesso: Uma Empresa de Artigos para Confeitaria que Vendeu Muito Sucesso<\/h2>\n<p>Uma das empresas que oferece ingredientes de qualidade para os entusiastas da confeitaria caseira selecionou nossos potes de vidro de 850 ml com tampas e colheres de bambu para usar em sua linha de farinhas e a\u00e7\u00facares. A veda\u00e7\u00e3o herm\u00e9tica das tampas de bambu aumentou a vida \u00fatil dos produtos em 42%, e as colheres de bambu complementares tamb\u00e9m foram um enorme sucesso; 95% dos clientes relataram que esse foi o principal motivo para a recompra, pois resolveu o problema da perda de colheres. Com base nesse sucesso estrondoso, a empresa encomendou a fabrica\u00e7\u00e3o de mais 100.000 unidades para lan\u00e7ar a nova linha.<\/p>\n<h2>Sugest\u00f5es de personaliza\u00e7\u00e3o para potes de vidro a granel<\/h2>\n<ul>\n<li>Colheres de bambu com logotipo ou texto gravado a laser \u2013 Grave o cabo de uma colher de bambu com seu logotipo ou texto usando um laser.<\/li>\n<li>Serigrafia com marcas de formatura \u2013 Imprima permanentemente as marcas de formatura dentro do frasco.<\/li>\n<li>Anel decorativo fosco \u2013 Decore o ombro do frasco com o anel decorativo fosco.<\/li>\n<li>Cor\/Logotipo do Clipe Personalizados \u2013 \u00c9 poss\u00edvel encomendar clipes de uma cor espec\u00edfica ou um logotipo moldado na colher.<\/li>\n<\/ul>","protected":false},"excerpt":{"rendered":"<p>Descubra potes de vidro com tampas de bambu e colheres para potes de vidro a granel \u2013 formato elegante e arredondado, vidro transparente, prendedor de colher combinando. Amostras gr\u00e1tis dispon\u00edveis.<\/p>","protected":false},"featured_media":4027,"template":"","meta":{"postBodyCss":"","postBodyMargin":[],"postBodyPadding":[],"postBodyBackground":{"backgroundType":"classic","gradient":""}},"product_brand":[],"product_cat":[15,17,61],"product_tag":[100],"class_list":{"0":"post-4025","1":"product","2":"type-product","3":"status-publish","4":"has-post-thumbnail","6":"product_cat-glass-containers","7":"product_cat-glass-jars","8":"product_cat-glass-jars-with-lids","9":"product_tag-glass-coffee-jars","11":"first","12":"instock","13":"shipping-taxable","14":"product-type-simple"},"jetpack_sharing_enabled":true,"_links":{"self":[{"href":"https:\/\/minghanggroup.com\/pt\/wp-json\/wp\/v2\/product\/4025","targetHints":{"allow":["GET"]}}],"collection":[{"href":"https:\/\/minghanggroup.com\/pt\/wp-json\/wp\/v2\/product"}],"about":[{"href":"https:\/\/minghanggroup.com\/pt\/wp-json\/wp\/v2\/types\/product"}],"wp:featuredmedia":[{"embeddable":true,"href":"https:\/\/minghanggroup.com\/pt\/wp-json\/wp\/v2\/media\/4027"}],"wp:attachment":[{"href":"https:\/\/minghanggroup.com\/pt\/wp-json\/wp\/v2\/media?parent=4025"}],"wp:term":[{"taxonomy":"product_brand","embeddable":true,"href":"https:\/\/minghanggroup.com\/pt\/wp-json\/wp\/v2\/product_brand?post=4025"},{"taxonomy":"product_cat","embeddable":true,"href":"https:\/\/minghanggroup.com\/pt\/wp-json\/wp\/v2\/product_cat?post=4025"},{"taxonomy":"product_tag","embeddable":true,"href":"https:\/\/minghanggroup.com\/pt\/wp-json\/wp\/v2\/product_tag?post=4025"}],"curies":[{"name":"wp","href":"https:\/\/api.w.org\/{rel}","templated":true}]}}