{"id":4020,"date":"2025-12-24T09:47:21","date_gmt":"2025-12-24T01:47:21","guid":{"rendered":"https:\/\/minghanggroup.com\/?post_type=product&#038;p=4020"},"modified":"2026-03-02T15:23:55","modified_gmt":"2026-03-02T07:23:55","slug":"unique-trapezoidal-glass-jars-and-lids-wholesale","status":"publish","type":"product","link":"https:\/\/minghanggroup.com\/pt\/produto\/unique-trapezoidal-glass-jars-and-lids-wholesale\/","title":{"rendered":"Potes de vidro trapezoidais exclusivos com tampas, de 350 ml a 950 ml, para venda por atacado."},"content":{"rendered":"<p>Estes frascos de vidro exclusivos com tampa s\u00e3o feitos de vidro borossilicato totalmente transparente. S\u00e3o frascos trapezoidais (cone truncado) com a parte superior afunilada e a base poligonal, com uma tampa plana de bambu bege claro.<\/p>\n<h2>Caracter\u00edsticas do produto<\/h2>\n<ul>\n<li><strong>Material de vidro borossilicato de alta qualidade:<\/strong> Proporciona alto n\u00edvel de durabilidade, resist\u00eancia ao choque t\u00e9rmico e apar\u00eancia visual n\u00edtida e sem distor\u00e7\u00f5es.<\/li>\n<li><strong>Tampa de bambu selada:<\/strong> Esta tampa possui uma junta de veda\u00e7\u00e3o que a torna herm\u00e9tica e tamb\u00e9m confere um visual limpo e agrad\u00e1vel.<\/li>\n<li><strong>Design Angular:<\/strong> O design angular trapezoidal \u00e9 mais ornamentado do que os potes tradicionais, com formato trapezoidal que se afunila na parte superior e se expande na parte inferior, juntamente com o design angular poligonal na base.<\/li>\n<\/ul>\n<h2 style=\"text-align: left;\">Especifica\u00e7\u00f5es principais<\/h2>\n<table class=\"aligncenter\" style=\"border-collapse: collapse; width: 459.02pt;\" border=\"0\" width=\"612\" cellspacing=\"0\" cellpadding=\"0\">\n<tbody>\n<tr style=\"height: 13.50pt;\">\n<td style=\"height: 13.50pt; width: 100.50pt;\" width=\"134\" height=\"18\">Especifica\u00e7\u00e3o<\/td>\n<td style=\"width: 358.50pt;\" width=\"478\">Detalhes<\/td>\n<\/tr>\n<tr style=\"height: 13.50pt;\">\n<td style=\"height: 13.50pt;\" height=\"18\">Capacidade<\/td>\n<td>350ml \/ 500ml \/ 750ml \/ 950ml<\/td>\n<\/tr>\n<tr style=\"height: 13.50pt;\">\n<td style=\"height: 13.50pt;\" height=\"18\">Dimens\u00f5es<\/td>\n<td>10\u00d710,2cm \/ 11,5\u00d712cm \/ 12,5\u00d713,7cm \/ 14\u00d715,2cm<\/td>\n<\/tr>\n<tr style=\"height: 13.50pt;\">\n<td style=\"height: 13.50pt;\" height=\"18\">Material<\/td>\n<td>Vidro de borosilicato de alta qualidade<\/td>\n<\/tr>\n<tr style=\"height: 13.50pt;\">\n<td style=\"height: 13.50pt;\" height=\"18\">Formato de jarro<\/td>\n<td>Pir\u00e2mide truncada multifacetada (base alargada)<\/td>\n<\/tr>\n<tr style=\"height: 13.50pt;\">\n<td style=\"height: 13.50pt;\" height=\"18\">Tipo de tampa<\/td>\n<td>Tampa plana de bambu leve com veda\u00e7\u00e3o integrada<\/td>\n<\/tr>\n<tr style=\"height: 13.50pt;\">\n<td style=\"height: 13.50pt;\" height=\"18\">Caracter\u00edstica do material<\/td>\n<td>Resistente a altas e baixas temperaturas, alta transpar\u00eancia.<\/td>\n<\/tr>\n<tr style=\"height: 13.50pt;\">\n<td style=\"height: 13.50pt;\" height=\"18\">Ideal para<\/td>\n<td>Potes de vidro exclusivos com tampas, potes e tampas de vidro por atacado.<\/td>\n<\/tr>\n<\/tbody>\n<\/table>\n<h2>Caso de sucesso: Exclusividade de embalagem para uma torrefadora de caf\u00e9.<\/h2>\n<p>Nossos potes de vidro (com tampas) de 750 ml foram escolhidos por uma torrefadora de caf\u00e9s especiais como embalagem para seus gr\u00e3os de caf\u00e9 de origem \u00fanica em edi\u00e7\u00e3o limitada. As laterais geom\u00e9tricas do pote real\u00e7aram a cor e o brilho dos gr\u00e3os de caf\u00e9, o que resultou em um aumento de 300% no compartilhamento de v\u00eddeos de unboxing nas redes sociais. O design diferenciado do pote \u00e9 facilmente reconhec\u00edvel e o reconhecimento da marca aumentou 60% em um teste cego. Ap\u00f3s essa excelente aceita\u00e7\u00e3o no mercado, a torrefadora fez um novo pedido de 150.000 potes de vidro nas duas safras seguintes.<\/p>\n<h2>Venda por atacado de potes e tampas de vidro.<\/h2>\n<ul>\n<li>Tampas de bambu maci\u00e7o (com grava\u00e7\u00e3o) \u2013 As tampas de bambu maci\u00e7o tamb\u00e9m podem ser personalizadas com logotipos gravados a laser.<\/li>\n<li>Acabamento parcialmente fosco \u2013 Aplique um acabamento fosco em pain\u00e9is alternados para criar um design imponente.<\/li>\n<li>Padr\u00f5es angulares impressos em serigrafia \u2013 Transfer\u00eancia de padr\u00f5es modernos que remetem ao corpo geom\u00e9trico do frasco.<\/li>\n<li>Tingimento personalizado de bambu \u2013 Escolha entre tampa com acabamento natural, branco-sujo ou tingida em tom escuro.<\/li>\n<li>Pain\u00e9is decorativos de vitral \u2013 Est\u00e3o dispon\u00edveis com uma ou duas facetas de vitral (por exemplo, \u00e2mbar).<\/li>\n<\/ul>","protected":false},"excerpt":{"rendered":"<p>Potes e tampas de vidro premium para venda por atacado, oferecendo potes de vidro exclusivos com tampas \u2014 vidro borossilicato transparente de alta qualidade, base poligonal e tampa herm\u00e9tica de bambu. Amostra gr\u00e1tis.<\/p>","protected":false},"featured_media":4021,"template":"","meta":{"postBodyCss":"","postBodyMargin":[],"postBodyPadding":[],"postBodyBackground":{"backgroundType":"classic","gradient":""}},"product_brand":[],"product_cat":[15,17,61],"product_tag":[68,100,70,69],"class_list":{"0":"post-4020","1":"product","2":"type-product","3":"status-publish","4":"has-post-thumbnail","6":"product_cat-glass-containers","7":"product_cat-glass-jars","8":"product_cat-glass-jars-with-lids","9":"product_tag-borosilicate-glass-jars","10":"product_tag-glass-coffee-jars","11":"product_tag-seasoning-jars","12":"product_tag-storage-jars","14":"first","15":"instock","16":"shipping-taxable","17":"product-type-simple"},"jetpack_sharing_enabled":true,"_links":{"self":[{"href":"https:\/\/minghanggroup.com\/pt\/wp-json\/wp\/v2\/product\/4020","targetHints":{"allow":["GET"]}}],"collection":[{"href":"https:\/\/minghanggroup.com\/pt\/wp-json\/wp\/v2\/product"}],"about":[{"href":"https:\/\/minghanggroup.com\/pt\/wp-json\/wp\/v2\/types\/product"}],"wp:featuredmedia":[{"embeddable":true,"href":"https:\/\/minghanggroup.com\/pt\/wp-json\/wp\/v2\/media\/4021"}],"wp:attachment":[{"href":"https:\/\/minghanggroup.com\/pt\/wp-json\/wp\/v2\/media?parent=4020"}],"wp:term":[{"taxonomy":"product_brand","embeddable":true,"href":"https:\/\/minghanggroup.com\/pt\/wp-json\/wp\/v2\/product_brand?post=4020"},{"taxonomy":"product_cat","embeddable":true,"href":"https:\/\/minghanggroup.com\/pt\/wp-json\/wp\/v2\/product_cat?post=4020"},{"taxonomy":"product_tag","embeddable":true,"href":"https:\/\/minghanggroup.com\/pt\/wp-json\/wp\/v2\/product_tag?post=4020"}],"curies":[{"name":"wp","href":"https:\/\/api.w.org\/{rel}","templated":true}]}}