{"id":4013,"date":"2025-12-23T16:36:55","date_gmt":"2025-12-23T08:36:55","guid":{"rendered":"https:\/\/minghanggroup.com\/?post_type=product&#038;p=4013"},"modified":"2026-01-20T13:32:24","modified_gmt":"2026-01-20T05:32:24","slug":"wide-mouth-glass-jars-with-95-diameter-lids-for-storage-bulk","status":"publish","type":"product","link":"https:\/\/minghanggroup.com\/pt\/produto\/wide-mouth-glass-jars-with-95-diameter-lids-for-storage-bulk\/","title":{"rendered":"Potes de vidro de boca larga de 600 ml, 1000 ml e 1200 ml com tampas de 95 mm de di\u00e2metro para armazenamento a granel."},"content":{"rendered":"<p>Voc\u00ea merece embalagens premium que mantenham os produtos frescos e fa\u00e7am sua marca brilhar. Criamos potes de vidro de boca larga projetados para o armazenamento ideal de alimentos \u2014 onde cada embalagem eleva a hist\u00f3ria do seu produto.<\/p>\n<h2>Caracter\u00edsticas do produto<\/h2>\n<ol>\n<li><strong>Praticidade da boca larga:<\/strong>A boca larga de 95 mm facilita o enchimento, a limpeza e o acesso ao conte\u00fado para suas necessidades di\u00e1rias de armazenamento.<\/li>\n<li><strong>Durabilidade resistente ao calor:<\/strong>Feito de vidro borossilicato dur\u00e1vel, resistente ao calor e seguro para armazenar alimentos \u2014 perfeito para mel, xarope e molho.<\/li>\n<li><strong>Design de visibilidade clara:<\/strong>O vidro transparente permite visualizar instantaneamente o conte\u00fado, facilitando o gerenciamento do estoque do seu recipiente de armazenamento.<\/li>\n<li><strong>O poder da marca personalizada:<\/strong>Adicione seu logotipo para transformar esses potes de vidro de boca larga em uma declara\u00e7\u00e3o de marca exclusiva para sua linha de atacado.<\/li>\n<\/ol>\n<h2>Especifica\u00e7\u00f5es principais<\/h2>\n<table style=\"border-collapse: collapse; width: 80%; margin-left: auto; margin-right: auto;\" border=\"0\" width=\"288\" cellspacing=\"0\" cellpadding=\"0\">\n<tbody>\n<tr style=\"height: 13.50pt;\">\n<td style=\"height: 13.5pt; width: 54pt; text-align: center;\" width=\"72\" height=\"18\">Capacidade (ml)<\/td>\n<td style=\"width: 54pt; text-align: center;\" width=\"72\">Tamanho (cm)<\/td>\n<td style=\"width: 54pt; text-align: center;\" width=\"72\">Material<\/td>\n<td style=\"width: 54pt; text-align: center;\" width=\"72\">Caracter\u00edsticas<\/td>\n<\/tr>\n<tr style=\"height: 13.50pt;\">\n<td style=\"height: 13.5pt; text-align: center;\" align=\"right\" height=\"18\">600<\/td>\n<td style=\"text-align: center;\">9.5 * 10.0<\/td>\n<td class=\"et2\" style=\"text-align: center;\" rowspan=\"3\">Vidro borossilicato<\/td>\n<td class=\"et2\" style=\"text-align: center;\" rowspan=\"3\">Tampa de a\u00e7o inoxid\u00e1vel de 95 mm com laterais retas<\/td>\n<\/tr>\n<tr style=\"height: 13.50pt;\">\n<td style=\"height: 13.5pt; text-align: center;\" align=\"right\" height=\"18\">1000<\/td>\n<td style=\"text-align: center;\">9.5 * 15.0<\/td>\n<\/tr>\n<tr style=\"height: 13.50pt;\">\n<td style=\"height: 13.5pt; text-align: center;\" align=\"right\" height=\"18\">1200<\/td>\n<td style=\"text-align: center;\">9.5 * 20.0<\/td>\n<\/tr>\n<\/tbody>\n<\/table>\n<h2>Caso de sucesso<\/h2>\n<p>Uma loja de varejo de alimentos aumentou as vendas em 50% usando nossos potes de vidro de boca larga. Seus produtos de mel, xarope e geleia ganharam uma apar\u00eancia sofisticada, e os potes para armazenamento de alimentos se tornaram campe\u00f5es de vendas. &#034;Esses potes transformaram a forma como os clientes veem nossa marca; agora, eles compram todos os seus potes para armazenamento de alimentos em grandes quantidades para cada novo lan\u00e7amento de produto.&#034;<\/p>\n<h2>Dicas de personaliza\u00e7\u00e3o<\/h2>\n<p>Ao personalizar este pote de vidro borossilicato de boca larga e alta qualidade, \u00e9 melhor selecionar o tamanho e o volume que correspondam \u00e0s suas necessidades de armazenamento. Potes maiores s\u00e3o ideais para armazenar frutas secas, lanches a granel ou gr\u00e3os, enquanto potes menores s\u00e3o bons para armazenar especiarias, doces ou alimentos embalados em pequenas quantidades. Uma tampa de a\u00e7o inoxid\u00e1vel com anel de veda\u00e7\u00e3o de silicone pode ser escolhida para armazenamento de alimentos a longo prazo, garantindo que o recipiente seja resistente \u00e0 umidade e que os alimentos n\u00e3o oxidem. De acordo com as necessidades da marca, voc\u00ea tamb\u00e9m pode decorar os potes adicionando logotipos, padr\u00f5es ou etiquetas para obter maior reconhecimento da marca e atrair mais clientes.<\/p>","protected":false},"excerpt":{"rendered":"<p>Potes de vidro de boca larga, direto da f\u00e1brica, com tampas de a\u00e7o inoxid\u00e1vel, ideais para lanches e alimentos secos. Amostras gr\u00e1tis e op\u00e7\u00f5es de personaliza\u00e7\u00e3o em grandes quantidades dispon\u00edveis.<\/p>","protected":false},"featured_media":4014,"template":"","meta":{"postBodyCss":"","postBodyMargin":[],"postBodyPadding":[],"postBodyBackground":{"backgroundType":"classic","gradient":""}},"product_brand":[],"product_cat":[15,17,61],"product_tag":[68,70,69],"class_list":{"0":"post-4013","1":"product","2":"type-product","3":"status-publish","4":"has-post-thumbnail","6":"product_cat-glass-containers","7":"product_cat-glass-jars","8":"product_cat-glass-jars-with-lids","9":"product_tag-borosilicate-glass-jars","10":"product_tag-seasoning-jars","11":"product_tag-storage-jars","13":"first","14":"instock","15":"shipping-taxable","16":"product-type-simple"},"jetpack_sharing_enabled":true,"_links":{"self":[{"href":"https:\/\/minghanggroup.com\/pt\/wp-json\/wp\/v2\/product\/4013","targetHints":{"allow":["GET"]}}],"collection":[{"href":"https:\/\/minghanggroup.com\/pt\/wp-json\/wp\/v2\/product"}],"about":[{"href":"https:\/\/minghanggroup.com\/pt\/wp-json\/wp\/v2\/types\/product"}],"wp:featuredmedia":[{"embeddable":true,"href":"https:\/\/minghanggroup.com\/pt\/wp-json\/wp\/v2\/media\/4014"}],"wp:attachment":[{"href":"https:\/\/minghanggroup.com\/pt\/wp-json\/wp\/v2\/media?parent=4013"}],"wp:term":[{"taxonomy":"product_brand","embeddable":true,"href":"https:\/\/minghanggroup.com\/pt\/wp-json\/wp\/v2\/product_brand?post=4013"},{"taxonomy":"product_cat","embeddable":true,"href":"https:\/\/minghanggroup.com\/pt\/wp-json\/wp\/v2\/product_cat?post=4013"},{"taxonomy":"product_tag","embeddable":true,"href":"https:\/\/minghanggroup.com\/pt\/wp-json\/wp\/v2\/product_tag?post=4013"}],"curies":[{"name":"wp","href":"https:\/\/api.w.org\/{rel}","templated":true}]}}