{"id":4008,"date":"2025-12-23T15:10:05","date_gmt":"2025-12-23T07:10:05","guid":{"rendered":"https:\/\/minghanggroup.com\/?post_type=product&#038;p=4008"},"modified":"2025-12-23T17:24:10","modified_gmt":"2025-12-23T09:24:10","slug":"empty-glass-food-storage-canisters-with-lids-bulk","status":"publish","type":"product","link":"https:\/\/minghanggroup.com\/pt\/produto\/empty-glass-food-storage-canisters-with-lids-bulk\/","title":{"rendered":"Potes de vidro vazios para armazenamento de alimentos, com tampas, nos tamanhos 335ml, 580ml e 800ml (em grande quantidade)."},"content":{"rendered":"<p>Esses recipientes para armazenamento de alimentos com tampa s\u00e3o feitos de vidro borossilicato cristalino, com corpo totalmente transparente e tampa de madeira natural com textura exclusiva, permitindo que voc\u00ea veja o interior e verifique os ingredientes.<\/p>\n<h2>Caracter\u00edsticas do produto<\/h2>\n<ul>\n<li><strong>Vidro de borosilicato de alta qualidade:<\/strong> Possui melhor resist\u00eancia a choques t\u00e9rmicos, arranh\u00f5es e abras\u00e3o.<\/li>\n<li><strong>Tampa com acabamento em madeira natural:<\/strong> Proporciona uma veda\u00e7\u00e3o herm\u00e9tica espec\u00edfica, al\u00e9m de oferecer textura natural e uma apar\u00eancia aconchegante.<\/li>\n<li><strong>Escolha entre m\u00faltiplas capacidades:<\/strong> Est\u00e3o dispon\u00edveis tr\u00eas capacidades convenientes (de 335 ml a 800 ml) para diferentes necessidades de armazenamento.<\/li>\n<\/ul>\n<h2 style=\"text-align: left;\">Especifica\u00e7\u00f5es principais<\/h2>\n<table class=\"aligncenter\" style=\"border-collapse: collapse; width: 392.27pt;\" border=\"0\" width=\"523\" cellspacing=\"0\" cellpadding=\"0\">\n<tbody>\n<tr style=\"height: 13.50pt;\">\n<td style=\"height: 13.50pt; width: 107.25pt;\" width=\"143\" height=\"18\">Especifica\u00e7\u00e3o<\/td>\n<td style=\"width: 285.00pt;\" width=\"380\">Detalhes<\/td>\n<\/tr>\n<tr style=\"height: 13.50pt;\">\n<td style=\"height: 13.50pt;\" height=\"18\">Capacidade<\/td>\n<td>335ml \/ 580ml \/ 800ml<\/td>\n<\/tr>\n<tr style=\"height: 13.50pt;\">\n<td style=\"height: 13.50pt;\" height=\"18\">Dimens\u00f5es<\/td>\n<td>8\u00d710cm \/ 8\u00d715cm \/ 8\u00d720cm<\/td>\n<\/tr>\n<tr style=\"height: 13.50pt;\">\n<td style=\"height: 13.50pt;\" height=\"18\">Material<\/td>\n<td>Vidro de borosilicato de alta qualidade<\/td>\n<\/tr>\n<tr style=\"height: 13.50pt;\">\n<td style=\"height: 13.50pt;\" height=\"18\">Tipo de tampa<\/td>\n<td>Tampa com textura de madeira natural<\/td>\n<\/tr>\n<tr style=\"height: 13.50pt;\">\n<td style=\"height: 13.50pt;\" height=\"18\">Di\u00e2metro da tampa<\/td>\n<td>80mm (Uniform across all sizes)<\/td>\n<\/tr>\n<tr style=\"height: 13.50pt;\">\n<td style=\"height: 13.50pt;\" height=\"18\">Caracter\u00edstica do material<\/td>\n<td>Resistente a calor e produtos qu\u00edmicos, alta transpar\u00eancia.<\/td>\n<\/tr>\n<tr style=\"height: 13.50pt;\">\n<td style=\"height: 13.50pt;\" height=\"18\">Ideal para<\/td>\n<td>Potes de vidro com tampas, frascos de vidro para venda por atacado<\/td>\n<\/tr>\n<\/tbody>\n<\/table>\n<h2>Estudo de Caso<\/h2>\n<p>Nossos potes de armazenamento de alimentos de 580 ml com tampas foram usados \u200b\u200bpara embalar massas e cereais de alta qualidade de um supermercado sofisticado. As tampas com acabamento amadeirado proporcionaram uma veda\u00e7\u00e3o excelente, aumentando a vida \u00fatil do produto em 50% e, consequentemente, reduzindo significativamente o desperd\u00edcio. O design em vidro e prata, aliado \u00e0 transpar\u00eancia, incentivou os clientes a comprarem mais produtos a granel (60%), e as vendas de potes cresceram 45%. Diante desse excelente desempenho, o varejista encomendou 750.000 potes para implementar a ideia em todas as suas lojas.<\/p>\n<h2>Potes de vidro com tampas personaliz\u00e1veis<\/h2>\n<ul>\n<li>Tampas de madeira maci\u00e7a \u2013 Tampas de bambu maci\u00e7o, carvalho ou nogueira.<\/li>\n<li>Personaliza\u00e7\u00e3o da tampa \u2013 Logotipo em relevo ou cortado a laser na tampa de madeira.<\/li>\n<li>Padr\u00e3o em relevo na base \u2013 Adicione um padr\u00e3o delicado e sofisticado na base do frasco.<\/li>\n<li>Anel de veda\u00e7\u00e3o de silicone aprimorado \u2013 Inclui um anel de silicone de qualidade alimentar ao redor da tampa para manter os alimentos frescos por mais tempo.<\/li>\n<\/ul>","protected":false},"excerpt":{"rendered":"<p>Potes de armazenamento de alimentos premium com tampas, feitos de vidro alto com tampas e tampos de madeira natural. Ideais para armazenar mantimentos na despensa. Amostras gr\u00e1tis dispon\u00edveis.<\/p>","protected":false},"featured_media":4010,"template":"","meta":{"postBodyCss":"","postBodyMargin":[],"postBodyPadding":[],"postBodyBackground":{"backgroundType":"classic","gradient":""}},"product_brand":[],"product_cat":[15,17,61],"product_tag":[],"class_list":{"0":"post-4008","1":"product","2":"type-product","3":"status-publish","4":"has-post-thumbnail","6":"product_cat-glass-containers","7":"product_cat-glass-jars","8":"product_cat-glass-jars-with-lids","10":"first","11":"instock","12":"shipping-taxable","13":"product-type-simple"},"jetpack_sharing_enabled":true,"_links":{"self":[{"href":"https:\/\/minghanggroup.com\/pt\/wp-json\/wp\/v2\/product\/4008","targetHints":{"allow":["GET"]}}],"collection":[{"href":"https:\/\/minghanggroup.com\/pt\/wp-json\/wp\/v2\/product"}],"about":[{"href":"https:\/\/minghanggroup.com\/pt\/wp-json\/wp\/v2\/types\/product"}],"wp:featuredmedia":[{"embeddable":true,"href":"https:\/\/minghanggroup.com\/pt\/wp-json\/wp\/v2\/media\/4010"}],"wp:attachment":[{"href":"https:\/\/minghanggroup.com\/pt\/wp-json\/wp\/v2\/media?parent=4008"}],"wp:term":[{"taxonomy":"product_brand","embeddable":true,"href":"https:\/\/minghanggroup.com\/pt\/wp-json\/wp\/v2\/product_brand?post=4008"},{"taxonomy":"product_cat","embeddable":true,"href":"https:\/\/minghanggroup.com\/pt\/wp-json\/wp\/v2\/product_cat?post=4008"},{"taxonomy":"product_tag","embeddable":true,"href":"https:\/\/minghanggroup.com\/pt\/wp-json\/wp\/v2\/product_tag?post=4008"}],"curies":[{"name":"wp","href":"https:\/\/api.w.org\/{rel}","templated":true}]}}