{"id":4003,"date":"2025-12-23T13:04:02","date_gmt":"2025-12-23T05:04:02","guid":{"rendered":"https:\/\/minghanggroup.com\/?post_type=product&#038;p=4003"},"modified":"2025-12-23T17:22:53","modified_gmt":"2025-12-23T09:22:53","slug":"clesr-empty-small-glass-jars-with-lids-bulk","status":"publish","type":"product","link":"https:\/\/minghanggroup.com\/pt\/produto\/clesr-empty-small-glass-jars-with-lids-bulk\/","title":{"rendered":"Frascos de vidro pequenos e vazios Clesr com tampas, 120ml, 210ml e 260ml (em grande quantidade)"},"content":{"rendered":"<p>S\u00e3o pequenos potes de vidro fabricados em vidro borossilicato com uma tampa texturizada em tom de madeira escura. Dispon\u00edveis em tr\u00eas tamanhos, s\u00e3o ideais para combinar a praticidade de um pequeno espa\u00e7o de armazenamento com um visual elegante e r\u00fastico.<\/p>\n<h2>Caracter\u00edsticas do produto<\/h2>\n<ul>\n<li><strong>Vidro de brosilicato:<\/strong> Possui alt\u00edssima resist\u00eancia, toler\u00e2ncia ao choque t\u00e9rmico e alta transpar\u00eancia.<\/li>\n<li><strong>Tampa com acabamento em madeira escura:<\/strong> Proporciona uma sensa\u00e7\u00e3o agrad\u00e1vel e confere um toque de classe ao frasco, al\u00e9m de garantir uma veda\u00e7\u00e3o adequada.<\/li>\n<li><strong>Corpo do frasco transparente:<\/strong> O material v\u00edtreo pode ser facilmente reconhecido devido \u00e0 sua transpar\u00eancia, sendo, portanto, f\u00e1cil de remover e lavar.<\/li>\n<\/ul>\n<h2 style=\"text-align: left;\">Especifica\u00e7\u00f5es principais<\/h2>\n<table class=\"aligncenter\" style=\"border-collapse: collapse; width: 477.02pt;\" border=\"0\" width=\"636\" cellspacing=\"0\" cellpadding=\"0\">\n<tbody>\n<tr style=\"height: 13.50pt;\">\n<td style=\"height: 13.50pt; width: 107.25pt;\" width=\"143\" height=\"18\">Especifica\u00e7\u00e3o<\/td>\n<td style=\"width: 369.75pt;\" width=\"493\">Detalhes<\/td>\n<\/tr>\n<tr style=\"height: 13.50pt;\">\n<td style=\"height: 13.50pt;\" height=\"18\">Capacidade<\/td>\n<td>120ml \/ 210ml \/ 260ml<\/td>\n<\/tr>\n<tr style=\"height: 13.50pt;\">\n<td style=\"height: 13.50pt;\" height=\"18\">Dimens\u00f5es<\/td>\n<td>6,5\u00d75,5cm \/ 6,5\u00d78cm \/ 6,5\u00d710,2cm<\/td>\n<\/tr>\n<tr style=\"height: 13.50pt;\">\n<td style=\"height: 13.50pt;\" height=\"18\">Material<\/td>\n<td>Vidro de borosilicato de alta qualidade<\/td>\n<\/tr>\n<tr style=\"height: 13.50pt;\">\n<td style=\"height: 13.50pt;\" height=\"18\">Tipo de tampa<\/td>\n<td>Tampa plana com textura de madeira escura<\/td>\n<\/tr>\n<tr style=\"height: 13.50pt;\">\n<td style=\"height: 13.50pt;\" height=\"18\">Di\u00e2metro da tampa<\/td>\n<td>65 mm (uniforme em todos os tamanhos)<\/td>\n<\/tr>\n<tr style=\"height: 13.50pt;\">\n<td style=\"height: 13.50pt;\" height=\"18\">Caracter\u00edstica do material<\/td>\n<td>Resistente a calor e produtos qu\u00edmicos, alta transpar\u00eancia, resistente a riscos.<\/td>\n<\/tr>\n<tr style=\"height: 13.50pt;\">\n<td style=\"height: 13.50pt;\" height=\"18\">Ideal para<\/td>\n<td>Potes de vidro pequenos, potes de vidro grandes com tampas de madeira<\/td>\n<\/tr>\n<\/tbody>\n<\/table>\n<h2>Caso de sucesso: A decis\u00e3o de embalagem de uma empresa de mistura de especiarias<\/h2>\n<p>Nossos pequenos potes de vidro com capacidade de 210 ml foram utilizados para embalar misturas de especiarias artesanais, rec\u00e9m-lan\u00e7adas por uma empresa profissional de misturas de especiarias. O vidro borossilicato mostrou-se muito resistente durante o transporte, reduzindo a taxa de quebra para um m\u00ednimo de 0,3%. Seu formato pequeno e padronizado permitiu que a empresa criasse belos conjuntos para presente, que economizavam espa\u00e7o e cujo valor de varejo era 45 vezes maior do que o das embalagens originais. Devido ao grande volume de vendas e \u00e0 resposta positiva dos clientes, a empresa encomendou mais 120.000 potes para facilitar a distribui\u00e7\u00e3o do produto em todo o pa\u00eds.<\/p>\n<h2>Personaliza\u00e7\u00e3o de pequenos frascos de vidro<\/h2>\n<ul>\n<li>Tampa maci\u00e7a \u2013 Adicione tampas de madeira maci\u00e7a de nogueira, \u00e9bano ou ac\u00e1cia.<\/li>\n<li>Grava\u00e7\u00e3o na tampa \u2013 Logotipos, padr\u00f5es ou letras de alta precis\u00e3o cortados a laser na tampa de madeira.<\/li>\n<li>Marca\u00e7\u00f5es de volume impressas em serigrafia \u2013 Insira marca\u00e7\u00f5es de medidas pequenas e elegantes (ex.: 210 ml).<\/li>\n<li>Anel de veda\u00e7\u00e3o de silicone \u2013 coloque um anel de veda\u00e7\u00e3o de silicone pr\u00f3prio para contato com alimentos na tampa para garantir uma melhor veda\u00e7\u00e3o.<\/li>\n<\/ul>","protected":false},"excerpt":{"rendered":"<p>Pequenos potes de vidro com tampas em v\u00e1rios tamanhos, feitos de vidro borossilicato transparente e tampas de madeira. Esses pequenos potes de vidro s\u00e3o personaliz\u00e1veis \u200b\u200bpara atender \u00e0s suas necessidades de armazenamento.<\/p>","protected":false},"featured_media":4005,"template":"","meta":{"postBodyCss":"","postBodyMargin":[],"postBodyPadding":[],"postBodyBackground":{"backgroundType":"classic","gradient":""}},"product_brand":[],"product_cat":[15,17,61],"product_tag":[],"class_list":{"0":"post-4003","1":"product","2":"type-product","3":"status-publish","4":"has-post-thumbnail","6":"product_cat-glass-containers","7":"product_cat-glass-jars","8":"product_cat-glass-jars-with-lids","10":"first","11":"instock","12":"shipping-taxable","13":"product-type-simple"},"jetpack_sharing_enabled":true,"_links":{"self":[{"href":"https:\/\/minghanggroup.com\/pt\/wp-json\/wp\/v2\/product\/4003","targetHints":{"allow":["GET"]}}],"collection":[{"href":"https:\/\/minghanggroup.com\/pt\/wp-json\/wp\/v2\/product"}],"about":[{"href":"https:\/\/minghanggroup.com\/pt\/wp-json\/wp\/v2\/types\/product"}],"wp:featuredmedia":[{"embeddable":true,"href":"https:\/\/minghanggroup.com\/pt\/wp-json\/wp\/v2\/media\/4005"}],"wp:attachment":[{"href":"https:\/\/minghanggroup.com\/pt\/wp-json\/wp\/v2\/media?parent=4003"}],"wp:term":[{"taxonomy":"product_brand","embeddable":true,"href":"https:\/\/minghanggroup.com\/pt\/wp-json\/wp\/v2\/product_brand?post=4003"},{"taxonomy":"product_cat","embeddable":true,"href":"https:\/\/minghanggroup.com\/pt\/wp-json\/wp\/v2\/product_cat?post=4003"},{"taxonomy":"product_tag","embeddable":true,"href":"https:\/\/minghanggroup.com\/pt\/wp-json\/wp\/v2\/product_tag?post=4003"}],"curies":[{"name":"wp","href":"https:\/\/api.w.org\/{rel}","templated":true}]}}