{"id":3993,"date":"2025-12-23T11:02:09","date_gmt":"2025-12-23T03:02:09","guid":{"rendered":"https:\/\/minghanggroup.com\/?post_type=product&#038;p=3993"},"modified":"2026-01-20T13:36:28","modified_gmt":"2026-01-20T05:36:28","slug":"empty-glass-jars-with-lids-bulk","status":"publish","type":"product","link":"https:\/\/minghanggroup.com\/pt\/produto\/empty-glass-jars-with-lids-bulk\/","title":{"rendered":"Potes de vidro vazios com tampas, tamanhos 16 oz, 25 oz e 32 oz (a granel)."},"content":{"rendered":"<p>Estes frascos de vidro de 946 ml (32 oz) com tampas s\u00e3o feitos de vidro borossilicato muito transparente, resistente e com um acabamento profissional. A tampa plana e leve, na cor do frasco, revestida com bambu que combina com a embalagem, proporciona uma veda\u00e7\u00e3o perfeita e, ao mesmo tempo, confere um toque de charme natural ao produto.<\/p>\n<h2>Caracter\u00edsticas do produto<\/h2>\n<ul>\n<li><strong>Vidro de borosilicato de alta qualidade:<\/strong> N\u00e3o \u00e9 sens\u00edvel a mudan\u00e7as de temperatura, \u00e9 inodoro e resistente.<\/li>\n<li><strong>Tampa de veda\u00e7\u00e3o em madeira clara:<\/strong> A tampa possui um design com padr\u00e3o de bambu, que proporciona boa veda\u00e7\u00e3o e oferece uma apar\u00eancia limpa e moderna.<\/li>\n<li><strong>Corpo do frasco transparente:<\/strong> O corpo do frasco de vidro totalmente transparente torna o conte\u00fado vis\u00edvel e, dessa forma, \u00e9 poss\u00edvel identificar facilmente o que est\u00e1 contido sem precisar abrir a tampa.<\/li>\n<\/ul>\n<h2 style=\"text-align: left;\">Especifica\u00e7\u00f5es principais<\/h2>\n<table class=\"aligncenter\" style=\"border-collapse: collapse; width: 450.77pt;\" border=\"0\" width=\"601\" cellspacing=\"0\" cellpadding=\"0\">\n<tbody>\n<tr style=\"height: 13.50pt;\">\n<td style=\"height: 13.50pt; width: 107.25pt;\" width=\"143\" height=\"18\">Especifica\u00e7\u00e3o<\/td>\n<td style=\"width: 343.50pt;\" width=\"458\">Detalhes<\/td>\n<\/tr>\n<tr style=\"height: 13.50pt;\">\n<td style=\"height: 13.50pt;\" height=\"18\">Capacidade<\/td>\n<td>500ml (16oz) \/ 750ml (25oz) \/ 1000ml (32oz)<\/td>\n<\/tr>\n<tr style=\"height: 13.50pt;\">\n<td style=\"height: 13.50pt;\" height=\"18\">Dimens\u00f5es<\/td>\n<td>9\u00d710cm \/ 9\u00d715cm \/ 9\u00d720cm<\/td>\n<\/tr>\n<tr style=\"height: 13.50pt;\">\n<td style=\"height: 13.50pt;\" height=\"18\">Material<\/td>\n<td>Vidro de borosilicato de alta qualidade<\/td>\n<\/tr>\n<tr style=\"height: 13.50pt;\">\n<td style=\"height: 13.50pt;\" height=\"18\">Tipo de tampa<\/td>\n<td>Tampa plana em tom de madeira clara (textura de bambu)<\/td>\n<\/tr>\n<tr style=\"height: 13.50pt;\">\n<td style=\"height: 13.50pt;\" height=\"18\">Di\u00e2metro da tampa<\/td>\n<td>90mm (Uniforme)<\/td>\n<\/tr>\n<tr style=\"height: 13.50pt;\">\n<td style=\"height: 13.50pt;\" height=\"18\">Caracter\u00edstica do material<\/td>\n<td>Resistente a calor e produtos qu\u00edmicos, alta transpar\u00eancia.<\/td>\n<\/tr>\n<tr style=\"height: 13.50pt;\">\n<td style=\"height: 13.50pt;\" height=\"18\">Ideal para<\/td>\n<td>Potes de vidro com tampas a granel, potes de vidro vazios com tampas de madeira.<\/td>\n<\/tr>\n<\/tbody>\n<\/table>\n<h2>Caso de sucesso: Padr\u00e3o de embalagem para atacado de torrefa\u00e7\u00e3o de caf\u00e9<\/h2>\n<p>Uma torrefadora de caf\u00e9 em expans\u00e3o escolheu nossos potes de 907 g (32 oz) como a principal embalagem para seus gr\u00e3os de caf\u00e9. A alta durabilidade do vidro borossilicato minimizou em 80% a taxa de quebras durante o transporte e no manuseio pelos clientes. A tampa com estampa de bambu oferece uma camada protetora que mant\u00e9m os gr\u00e3os frescos e crocantes por v\u00e1rios meses, reduzindo o desperd\u00edcio em 55%. A padaria encomendou ent\u00e3o um novo lote de 150.000 potes de vidro e planeja implementar essa op\u00e7\u00e3o de embalagem em outras lojas.<\/p>\n<h2>Sugest\u00f5es de personaliza\u00e7\u00e3o para grandes quantidades de potes de vidro com tampas<\/h2>\n<ul>\n<li>Tampas de bambu pr\u00f3prias para alimentos: Deixe sua tampa de bambu texturizada mais atraente e aut\u00eantica, transformando-a em uma tampa de bambu de qualidade alimentar.<\/li>\n<li>Impress\u00e3o a quente na tampa: Aplique uma estampa a quente do seu logotipo\/design bem no centro da tampa.<\/li>\n<li>Etiquetas de capacidade impressas em serigrafia: Insira linhas de preenchimento permanentes em unidades m\u00e9tricas e imperiais.<\/li>\n<li>Cor individual da tampa: Escolha o acabamento exato da textura da madeira.<\/li>\n<\/ul>","protected":false},"excerpt":{"rendered":"<p>Adquira potes de vidro premium com tampas no atacado. Nossos potes de 946 ml (32 oz) e outros tamanhos s\u00e3o dur\u00e1veis \u200b\u200be herm\u00e9ticos. Perfeitos para compras em grande quantidade. Entrega r\u00e1pida dispon\u00edvel.<\/p>","protected":false},"featured_media":4000,"template":"","meta":{"postBodyCss":"","postBodyMargin":[],"postBodyPadding":[],"postBodyBackground":{"backgroundType":"classic","gradient":""}},"product_brand":[],"product_cat":[15,17,61],"product_tag":[68,67,70,69],"class_list":{"0":"post-3993","1":"product","2":"type-product","3":"status-publish","4":"has-post-thumbnail","6":"product_cat-glass-containers","7":"product_cat-glass-jars","8":"product_cat-glass-jars-with-lids","9":"product_tag-borosilicate-glass-jars","10":"product_tag-candy-jars","11":"product_tag-seasoning-jars","12":"product_tag-storage-jars","14":"first","15":"instock","16":"shipping-taxable","17":"product-type-simple"},"jetpack_sharing_enabled":true,"_links":{"self":[{"href":"https:\/\/minghanggroup.com\/pt\/wp-json\/wp\/v2\/product\/3993","targetHints":{"allow":["GET"]}}],"collection":[{"href":"https:\/\/minghanggroup.com\/pt\/wp-json\/wp\/v2\/product"}],"about":[{"href":"https:\/\/minghanggroup.com\/pt\/wp-json\/wp\/v2\/types\/product"}],"wp:featuredmedia":[{"embeddable":true,"href":"https:\/\/minghanggroup.com\/pt\/wp-json\/wp\/v2\/media\/4000"}],"wp:attachment":[{"href":"https:\/\/minghanggroup.com\/pt\/wp-json\/wp\/v2\/media?parent=3993"}],"wp:term":[{"taxonomy":"product_brand","embeddable":true,"href":"https:\/\/minghanggroup.com\/pt\/wp-json\/wp\/v2\/product_brand?post=3993"},{"taxonomy":"product_cat","embeddable":true,"href":"https:\/\/minghanggroup.com\/pt\/wp-json\/wp\/v2\/product_cat?post=3993"},{"taxonomy":"product_tag","embeddable":true,"href":"https:\/\/minghanggroup.com\/pt\/wp-json\/wp\/v2\/product_tag?post=3993"}],"curies":[{"name":"wp","href":"https:\/\/api.w.org\/{rel}","templated":true}]}}