{"id":3992,"date":"2025-12-23T11:19:05","date_gmt":"2025-12-23T03:19:05","guid":{"rendered":"https:\/\/minghanggroup.com\/?post_type=product&#038;p=3992"},"modified":"2025-12-23T17:10:05","modified_gmt":"2025-12-23T09:10:05","slug":"high-borosilicate-glass-jars-with-lids-wholesale","status":"publish","type":"product","link":"https:\/\/minghanggroup.com\/pt\/produto\/high-borosilicate-glass-jars-with-lids-wholesale\/","title":{"rendered":"Potes de vidro borossilicato de alta qualidade, com tampas, de 600ml, 1000ml e 1350ml, para venda por atacado de produtos secos."},"content":{"rendered":"<p>Voc\u00ea merece embalagens de luxo que n\u00e3o s\u00f3 mantenham seus produtos frescos, como tamb\u00e9m tornem sua marca visualmente atraente. Produzimos potes de vidro com tampas no atacado, que s\u00e3o um sucesso garantido, onde cada pote se torna um meio de elevar a hist\u00f3ria do seu produto.<\/p>\n<h2>Caracter\u00edsticas do produto<\/h2>\n<ol>\n<li><strong>Design da tampa em a\u00e7o inoxid\u00e1vel:<\/strong>As tampas de a\u00e7o inoxid\u00e1vel, feitas com material de alta qualidade, n\u00e3o s\u00f3 proporcionam uma veda\u00e7\u00e3o perfeita, como tamb\u00e9m mant\u00eam os alimentos armazenados frescos por mais tempo, evitando a entrada de umidade e oxig\u00eanio.<\/li>\n<li><strong>F\u00e1cil de limpar:<\/strong>Os potes de vidro para armazenamento em grande quantidade s\u00e3o muito f\u00e1ceis de limpar, n\u00e3o absorvem odores nem mudam de cor, s\u00e3o adequados para uso prolongado e, ao mesmo tempo, garantem a higiene e a seguran\u00e7a do armazenamento de alimentos.<\/li>\n<li><strong>Multifuncional:<\/strong>Al\u00e9m de serem excelentes para armazenar frutas secas, especiarias e ch\u00e1, tamb\u00e9m podem ser usadas para guardar artesanato, pequenos objetos, etc., tendo assim uma ampla gama de aplica\u00e7\u00f5es.<\/li>\n<\/ol>\n<h2>Especifica\u00e7\u00f5es principais<\/h2>\n<table style=\"border-collapse: collapse; width: 80%; margin-left: auto; margin-right: auto;\" border=\"0\" width=\"288\" cellspacing=\"0\" cellpadding=\"0\">\n<tbody>\n<tr style=\"height: 13.50pt;\">\n<td style=\"height: 13.5pt; width: 54pt; text-align: center;\" width=\"72\" height=\"18\">Capacidade (ml)<\/td>\n<td style=\"width: 54pt; text-align: center;\" width=\"72\">Tamanho (cm)<\/td>\n<td style=\"width: 54pt; text-align: center;\" width=\"72\">Material<\/td>\n<td style=\"width: 54pt; text-align: center;\" width=\"72\">Caracter\u00edsticas<\/td>\n<\/tr>\n<tr style=\"height: 13.50pt;\">\n<td style=\"height: 13.5pt; text-align: center;\" height=\"18\">600<\/td>\n<td style=\"text-align: center;\">9.8 * 10.0<\/td>\n<td class=\"et2\" style=\"text-align: center;\" rowspan=\"3\">Vidro borossilicato<\/td>\n<td class=\"et2\" style=\"text-align: center;\" rowspan=\"3\">Tampa de a\u00e7o inoxid\u00e1vel de 98 mm com laterais retas<\/td>\n<\/tr>\n<tr style=\"height: 13.50pt;\">\n<td style=\"height: 13.5pt; text-align: center;\" height=\"18\">1000<\/td>\n<td style=\"text-align: center;\">9.8 * 15.0<\/td>\n<\/tr>\n<tr style=\"height: 13.50pt;\">\n<td style=\"height: 13.5pt; text-align: center;\" height=\"18\">1350<\/td>\n<td style=\"text-align: center;\">9.8 * 20.0<\/td>\n<\/tr>\n<\/tbody>\n<\/table>\n<h2>Caso de sucesso da venda de potes de vidro a granel<\/h2>\n<p>Uma marca sofisticada de alimentos org\u00e2nicos utilizou esses potes de vidro borossilicato em grande quantidade para embalar e exibir sua linha rec\u00e9m-lan\u00e7ada de ch\u00e1s e especiarias. Com a adi\u00e7\u00e3o de uma tampa de a\u00e7o inoxid\u00e1vel, a marca n\u00e3o s\u00f3 conseguiu uma veda\u00e7\u00e3o perfeita, como tamb\u00e9m, gra\u00e7as ao seu design transparente, exp\u00f4s toda a cor e a textura do ch\u00e1 e das especiarias, atraindo assim mais clientes.<\/p>\n<p>As vendas de ch\u00e1s e especiarias da marca aumentaram 25% em seis meses ap\u00f3s a reformula\u00e7\u00e3o dos produtos.<\/p>\n<h2>Dicas de personaliza\u00e7\u00e3o<\/h2>\n<p>Ao personalizar esses potes de vidro borossilicato em grandes quantidades, \u00e9 altamente recomend\u00e1vel que voc\u00ea selecione as op\u00e7\u00f5es de forma flex\u00edvel, levando em considera\u00e7\u00e3o seu mercado-alvo e suas necessidades de armazenamento. Um varejista ou propriet\u00e1rio de restaurante pode considerar modificar a capacidade e o formato dos potes para se adequarem \u00e0s caracter\u00edsticas de seus produtos. Potes maiores s\u00e3o ideais para alimentos secos a granel, gr\u00e3os ou grandes frascos de especiarias, enquanto potes menores s\u00e3o perfeitos para especiarias, ch\u00e1 ou alimentos embalados em pequenas quantidades. Al\u00e9m disso, a escolha da tampa com veda\u00e7\u00e3o \u00e9 muito importante. Caso deseje manter os alimentos frescos por longos per\u00edodos, uma tampa de a\u00e7o inoxid\u00e1vel com excelentes propriedades de veda\u00e7\u00e3o deve ser a sua op\u00e7\u00e3o, para impedir a entrada de umidade e ar.<\/p>\n<p>Al\u00e9m disso, voc\u00ea tamb\u00e9m pode personalizar o logotipo, os r\u00f3tulos ou os padr\u00f5es da sua marca para obter maior reconhecimento do produto no mercado e fortalecer a imagem da sua marca. Para cozinhas residenciais, al\u00e9m da funcionalidade, os designs personalizados, como vidro fosco ou vitral, podem agregar beleza e conferir um toque moderno.<\/p>","protected":false},"excerpt":{"rendered":"<p>Venda direta da f\u00e1brica de potes de vidro borossilicato de alta qualidade com tampas, ideais para armazenar produtos secos e especiarias. Dispon\u00edvel para personaliza\u00e7\u00e3o em grandes quantidades.<\/p>","protected":false},"featured_media":3994,"template":"","meta":{"postBodyCss":"","postBodyMargin":[],"postBodyPadding":[],"postBodyBackground":{"backgroundType":"classic","gradient":""}},"product_brand":[],"product_cat":[15,17,61],"product_tag":[],"class_list":{"0":"post-3992","1":"product","2":"type-product","3":"status-publish","4":"has-post-thumbnail","6":"product_cat-glass-containers","7":"product_cat-glass-jars","8":"product_cat-glass-jars-with-lids","10":"first","11":"instock","12":"shipping-taxable","13":"product-type-simple"},"jetpack_sharing_enabled":true,"_links":{"self":[{"href":"https:\/\/minghanggroup.com\/pt\/wp-json\/wp\/v2\/product\/3992","targetHints":{"allow":["GET"]}}],"collection":[{"href":"https:\/\/minghanggroup.com\/pt\/wp-json\/wp\/v2\/product"}],"about":[{"href":"https:\/\/minghanggroup.com\/pt\/wp-json\/wp\/v2\/types\/product"}],"wp:featuredmedia":[{"embeddable":true,"href":"https:\/\/minghanggroup.com\/pt\/wp-json\/wp\/v2\/media\/3994"}],"wp:attachment":[{"href":"https:\/\/minghanggroup.com\/pt\/wp-json\/wp\/v2\/media?parent=3992"}],"wp:term":[{"taxonomy":"product_brand","embeddable":true,"href":"https:\/\/minghanggroup.com\/pt\/wp-json\/wp\/v2\/product_brand?post=3992"},{"taxonomy":"product_cat","embeddable":true,"href":"https:\/\/minghanggroup.com\/pt\/wp-json\/wp\/v2\/product_cat?post=3992"},{"taxonomy":"product_tag","embeddable":true,"href":"https:\/\/minghanggroup.com\/pt\/wp-json\/wp\/v2\/product_tag?post=3992"}],"curies":[{"name":"wp","href":"https:\/\/api.w.org\/{rel}","templated":true}]}}