{"id":3986,"date":"2025-12-23T09:06:08","date_gmt":"2025-12-23T01:06:08","guid":{"rendered":"https:\/\/minghanggroup.com\/?post_type=product&#038;p=3986"},"modified":"2026-01-20T13:37:57","modified_gmt":"2026-01-20T05:37:57","slug":"big-glass-jars-with-wooden-lids-wholesale","status":"publish","type":"product","link":"https:\/\/minghanggroup.com\/pt\/produto\/big-glass-jars-with-wooden-lids-wholesale\/","title":{"rendered":"Potes de vidro grandes de 2750ml com tampas de madeira - Venda por atacado"},"content":{"rendered":"<p>Estes s\u00e3o potes de vidro grandes, elegantes e de alta capacidade, com tampas, feitos de vidro borossilicato de alta resist\u00eancia. As tampas tamb\u00e9m s\u00e3o decoradas com um padr\u00e3o de madeira escura altamente texturizado, e o corpo de vidro transparente permite visualizar claramente o conte\u00fado dos alimentos.<\/p>\n<h2>Caracter\u00edsticas do produto<\/h2>\n<ul>\n<li><strong>Alta resist\u00eancia ao choque t\u00e9rmico:<\/strong> Esses potes de vidro s\u00e3o muito resistentes ao choque t\u00e9rmico e n\u00e3o se quebram mesmo quando retirados diretamente do congelador e colocados no forno.<\/li>\n<li><strong>Veda\u00e7\u00e3o segura:<\/strong> Esta tampa herm\u00e9tica tem a capacidade de preservar o frescor dos alimentos e impedir a sa\u00edda da umidade.<\/li>\n<li><strong>Corpo do frasco transparente e vis\u00edvel:<\/strong> Este recipiente \u00e9 feito inteiramente de vidro transparente, o que permite visualizar facilmente o alimento em seu interior sem abrir a tampa, facilitando a sua identifica\u00e7\u00e3o.<\/li>\n<\/ul>\n<h2 style=\"text-align: left;\">Especifica\u00e7\u00f5es principais<\/h2>\n<table class=\"aligncenter\" style=\"border-collapse: collapse; width: 477.02pt;\" border=\"0\" width=\"636\" cellspacing=\"0\" cellpadding=\"0\">\n<tbody>\n<tr style=\"height: 13.50pt;\">\n<td style=\"height: 13.50pt; width: 107.25pt;\" width=\"143\" height=\"18\">Especifica\u00e7\u00e3o<\/td>\n<td style=\"width: 369.75pt;\" width=\"493\">Detalhes<\/td>\n<\/tr>\n<tr style=\"height: 13.50pt;\">\n<td style=\"height: 13.50pt;\" height=\"18\">Capacidade<\/td>\n<td>2750ml (2,75L)<\/td>\n<\/tr>\n<tr style=\"height: 13.50pt;\">\n<td style=\"height: 13.50pt;\" height=\"18\">Dimens\u00f5es<\/td>\n<td>14\u00d729,5cm<\/td>\n<\/tr>\n<tr style=\"height: 13.50pt;\">\n<td style=\"height: 13.50pt;\" height=\"18\">Material<\/td>\n<td>Vidro de borosilicato de alta qualidade<\/td>\n<\/tr>\n<tr style=\"height: 13.50pt;\">\n<td style=\"height: 13.50pt;\" height=\"18\">Tipo de tampa<\/td>\n<td>Tampa plana com textura de madeira escura<\/td>\n<\/tr>\n<tr style=\"height: 13.50pt;\">\n<td style=\"height: 13.50pt;\" height=\"18\">Di\u00e2metro da tampa<\/td>\n<td>110 mm (di\u00e2metro da base)<\/td>\n<\/tr>\n<tr style=\"height: 13.50pt;\">\n<td style=\"height: 13.50pt;\" height=\"18\">Caracter\u00edstica do material<\/td>\n<td>Alta resist\u00eancia t\u00e9rmica e qu\u00edmica, transpar\u00eancia superior, dur\u00e1vel.<\/td>\n<\/tr>\n<tr style=\"height: 13.50pt;\">\n<td style=\"height: 13.50pt;\" height=\"18\">Ideal para<\/td>\n<td>Potes de vidro grandes com tampas, potes de vidro grandes a granel<\/td>\n<\/tr>\n<\/tbody>\n<\/table>\n<h2>Hist\u00f3ria de sucesso<\/h2>\n<p>Uma empresa americana de alimentos especiais precisava encontrar um fornecedor de potes de vidro de alta qualidade com tampas de madeira para sua nova linha de ch\u00e1s e cereais. Qual foi o resultado? Esses potes de vidro n\u00e3o trincam nem mesmo com varia\u00e7\u00f5es de temperatura acima de 150 \u00b0C; sua transpar\u00eancia era perfeita, o que aumentou muito as vendas; e sua excelente veda\u00e7\u00e3o, testada e comprovada como sendo at\u00e9 40 vezes maior que o prazo de validade dos produtos, deixou os clientes muito satisfeitos e resultou em mais 200.000 pedidos.<\/p>\n<h2>Recomenda\u00e7\u00f5es de adapta\u00e7\u00e3o para grandes frascos de vidro com tampas<\/h2>\n<ul>\n<li>Personaliza\u00e7\u00e3o da tampa: Selecione diversas op\u00e7\u00f5es de tampas de madeira (por exemplo, carvalho claro ou nogueira).<\/li>\n<li>Sele\u00e7\u00e3o de Capacidade: Precisa de outras capacidades? Podemos modificar a capacidade sem perder as propor\u00e7\u00f5es elegantes do frasco.<\/li>\n<li>Colora\u00e7\u00e3o do vidro: Adicionamos cores muito sutis (por exemplo, \u00e2mbar ou azul) aos frascos, para oferecer prote\u00e7\u00e3o UV ou uma cor exclusiva da marca.<\/li>\n<li>Textura da superf\u00edcie: O corpo do frasco apresenta corros\u00e3o \u00e1cida em algumas partes, criando uma textura fosca que melhora a ader\u00eancia.<\/li>\n<li>Melhoria na veda\u00e7\u00e3o: Adicione um dessecante embutido ou uma v\u00e1lvula de veda\u00e7\u00e3o a v\u00e1cuo \u00e0 tampa para obter frescor por um per\u00edodo extremamente longo.<\/li>\n<\/ul>","protected":false},"excerpt":{"rendered":"<p>Descubra nossos potes de vidro premium de 2,75 litros com tampas de madeira. Resistentes e herm\u00e9ticos, esses potes s\u00e3o perfeitos para armazenamento em grande quantidade. Amostra gr\u00e1tis.<\/p>","protected":false},"featured_media":3988,"template":"","meta":{"postBodyCss":"","postBodyMargin":[],"postBodyPadding":[],"postBodyBackground":{"backgroundType":"classic","gradient":""}},"product_brand":[],"product_cat":[15,17,61],"product_tag":[68,67,69],"class_list":{"0":"post-3986","1":"product","2":"type-product","3":"status-publish","4":"has-post-thumbnail","6":"product_cat-glass-containers","7":"product_cat-glass-jars","8":"product_cat-glass-jars-with-lids","9":"product_tag-borosilicate-glass-jars","10":"product_tag-candy-jars","11":"product_tag-storage-jars","13":"first","14":"instock","15":"shipping-taxable","16":"product-type-simple"},"jetpack_sharing_enabled":true,"_links":{"self":[{"href":"https:\/\/minghanggroup.com\/pt\/wp-json\/wp\/v2\/product\/3986","targetHints":{"allow":["GET"]}}],"collection":[{"href":"https:\/\/minghanggroup.com\/pt\/wp-json\/wp\/v2\/product"}],"about":[{"href":"https:\/\/minghanggroup.com\/pt\/wp-json\/wp\/v2\/types\/product"}],"wp:featuredmedia":[{"embeddable":true,"href":"https:\/\/minghanggroup.com\/pt\/wp-json\/wp\/v2\/media\/3988"}],"wp:attachment":[{"href":"https:\/\/minghanggroup.com\/pt\/wp-json\/wp\/v2\/media?parent=3986"}],"wp:term":[{"taxonomy":"product_brand","embeddable":true,"href":"https:\/\/minghanggroup.com\/pt\/wp-json\/wp\/v2\/product_brand?post=3986"},{"taxonomy":"product_cat","embeddable":true,"href":"https:\/\/minghanggroup.com\/pt\/wp-json\/wp\/v2\/product_cat?post=3986"},{"taxonomy":"product_tag","embeddable":true,"href":"https:\/\/minghanggroup.com\/pt\/wp-json\/wp\/v2\/product_tag?post=3986"}],"curies":[{"name":"wp","href":"https:\/\/api.w.org\/{rel}","templated":true}]}}