{"id":3977,"date":"2025-12-22T17:09:26","date_gmt":"2025-12-22T09:09:26","guid":{"rendered":"https:\/\/minghanggroup.com\/?post_type=product&#038;p=3977"},"modified":"2026-01-20T13:38:40","modified_gmt":"2026-01-20T05:38:40","slug":"high-borosilicate-glass-storage-jars-with-lids-for-snacks-bulk","status":"publish","type":"product","link":"https:\/\/minghanggroup.com\/pt\/produto\/high-borosilicate-glass-storage-jars-with-lids-for-snacks-bulk\/","title":{"rendered":"Potes de vidro borossilicato de alta qualidade, com tampas, de 550 ml a 1950 ml, ideais para armazenar lanches a granel."},"content":{"rendered":"<p>Voc\u00ea precisa de embalagens que mantenham seus produtos frescos e valorizem a imagem da sua marca. Fabricamos potes de vidro com tampa, perfeitos para a cozinha. Esses potes de boca larga foram projetados para destacar seus produtos e contar a hist\u00f3ria da sua marca. Sua marca \u00e9 o que importa, e os potes de vidro grandes, com tampa, est\u00e3o a\u00ed para ajud\u00e1-la a brilhar.<\/p>\n<h2>Caracter\u00edsticas do produto<\/h2>\n<ol>\n<li><strong>Design de visibilidade clara:<\/strong>Voc\u00ea consegue ver o que tem dentro dos seus potes de cozinha porque eles s\u00e3o feitos de vidro borossilicato. Isso facilita muito o controle do conte\u00fado dos seus potes de boca larga. Voc\u00ea n\u00e3o precisa se preocupar com o que est\u00e1 dentro dos seus potes de cozinha, pois o vidro borossilicato transparente permite que voc\u00ea veja o conte\u00fado instantaneamente.<\/li>\n<li><strong>Veda\u00e7\u00e3o da tampa de madeira:<\/strong>A tampa de madeira que acompanha este produto possui uma veda\u00e7\u00e3o. Essa veda\u00e7\u00e3o ajuda a fechar a tampa hermeticamente, o que significa que os alimentos armazenados nele permanecer\u00e3o frescos. \u00c9 ideal para armazenar grandes quantidades de produtos. A tampa de madeira com veda\u00e7\u00e3o \u00e9 essencial para manter o conte\u00fado fresco.<\/li>\n<li><strong>Armazenamento vers\u00e1til:<\/strong>Esses potes de vidro de lados retos podem armazenar de tudo, desde mel e xarope at\u00e9 ervas e produtos secos \u2014 perfeitos para a cozinha.<\/li>\n<\/ol>\n<h2>Especifica\u00e7\u00f5es principais<\/h2>\n<table style=\"border-collapse: collapse; width: 80%; margin-left: auto; margin-right: auto;\" border=\"0\" width=\"288\" cellspacing=\"0\" cellpadding=\"0\">\n<tbody>\n<tr style=\"height: 13.50pt;\">\n<td style=\"height: 13.5pt; width: 54pt; text-align: center;\" width=\"72\" height=\"18\">Capacidade (ml)<\/td>\n<td style=\"width: 54pt; text-align: center;\" width=\"72\">Tamanho (cm)<\/td>\n<td style=\"width: 54pt; text-align: center;\" width=\"72\">Material<\/td>\n<td style=\"width: 54pt; text-align: center;\" width=\"72\">Caracter\u00edsticas<\/td>\n<\/tr>\n<tr style=\"height: 13.50pt;\">\n<td style=\"height: 13.5pt; text-align: center;\" align=\"right\" height=\"18\">550<\/td>\n<td style=\"text-align: center;\">10.0 * 10.0<\/td>\n<td class=\"et2\" style=\"text-align: center;\" rowspan=\"6\">Vidro borossilicato<\/td>\n<td class=\"et2\" style=\"text-align: center;\" rowspan=\"6\">Tampa de madeira de 100 mm com lados retos<\/td>\n<\/tr>\n<tr style=\"height: 13.50pt;\">\n<td style=\"height: 13.5pt; text-align: center;\" align=\"right\" height=\"18\">660<\/td>\n<td style=\"text-align: center;\">10.0 * 12.0<\/td>\n<\/tr>\n<tr style=\"height: 13.50pt;\">\n<td style=\"height: 13.5pt; text-align: center;\" align=\"right\" height=\"18\">900<\/td>\n<td style=\"text-align: center;\">10.0 * 15.0<\/td>\n<\/tr>\n<tr style=\"height: 13.50pt;\">\n<td style=\"height: 13.5pt; text-align: center;\" align=\"right\" height=\"18\">1250<\/td>\n<td style=\"text-align: center;\">10.0 * 20.0<\/td>\n<\/tr>\n<tr style=\"height: 13.50pt;\">\n<td style=\"height: 13.5pt; text-align: center;\" align=\"right\" height=\"18\">1500<\/td>\n<td style=\"text-align: center;\">10.0 * 23.0<\/td>\n<\/tr>\n<tr style=\"height: 13.50pt;\">\n<td style=\"height: 13.5pt; text-align: center;\" align=\"right\" height=\"18\">1950<\/td>\n<td style=\"text-align: center;\">10.0 * 28.0<\/td>\n<\/tr>\n<\/tbody>\n<\/table>\n<h2>Caso de sucesso<\/h2>\n<p>Esta grande loja escolheu esses potes de vidro para tornar a \u00e1rea de alimentos mais atraente. Eles utilizaram os potes para armazenar itens como salgadinhos, doces e massas. Os potes s\u00e3o \u00f3timos porque s\u00e3o f\u00e1ceis de reabastecer e os alimentos dentro deles ficam bem vis\u00edveis. Todos podem ver atrav\u00e9s do vidro e, assim, ter certeza do que est\u00e3o comprando. Al\u00e9m disso, os potes t\u00eam tampas que mant\u00eam tudo fresco por mais tempo.<\/p>\n<p>A loja aproveitou bem esses potes para armazenar salgadinhos, doces, massas e outros produtos secos. Os potes de vidro s\u00e3o transparentes, permitindo que os clientes vejam claramente os alimentos e sintam vontade de compr\u00e1-los. Os potes s\u00e3o equipados com tampas e fechos met\u00e1licos que mant\u00eam os alimentos frescos.<\/p>\n<p>Quatro meses ap\u00f3s a implementa\u00e7\u00e3o dessa melhoria, a varejista registrou um aumento de 15% nas vendas de produtos secos e salgadinhos, sendo essa nova forma, mais atraente, de expor os produtos especialmente apreciada pelos consumidores mais jovens.<\/p>\n<h2>Dicas de personaliza\u00e7\u00e3o<\/h2>\n<p>Ao escolher recipientes de armazenamento de borosilicato, voc\u00ea deve adequar o tamanho e a apar\u00eancia \u00e0s suas necessidades. Se pretende armazenar uma grande quantidade de alimentos secos ou itens maiores, opte por um pote com maior volume e boca larga para facilitar o acesso e o reabastecimento. Potes menores s\u00e3o mais adequados para itens pequenos ou para produtos que precisam ser exibidos de forma mais atraente. Como a veda\u00e7\u00e3o \u00e9 fundamental, recomenda-se escolher modelos com fechos met\u00e1licos e tampas de madeira que garantam a estanqueidade e, ao mesmo tempo, melhorem a apar\u00eancia geral e proporcionem um toque natural. Em rela\u00e7\u00e3o ao design, voc\u00ea pode colorir as tampas de madeira em diferentes cores ou estilos que atendam \u00e0s necessidades da sua marca, al\u00e9m de adicionar logotipos ou padr\u00f5es personalizados aos potes para facilitar o reconhecimento da marca e adequ\u00e1-los a diferentes pontos de venda.<\/p>","protected":false},"excerpt":{"rendered":"<p>Venda direta da f\u00e1brica de potes de vidro com tampa e boca larga, ideais para armazenar lanches e produtos secos. Amostras gr\u00e1tis e personaliza\u00e7\u00e3o em grandes quantidades dispon\u00edveis.<\/p>","protected":false},"featured_media":3985,"template":"","meta":{"postBodyCss":"","postBodyMargin":[],"postBodyPadding":[],"postBodyBackground":{"backgroundType":"classic","gradient":""}},"product_brand":[],"product_cat":[15,17,61],"product_tag":[68,67,70,69],"class_list":{"0":"post-3977","1":"product","2":"type-product","3":"status-publish","4":"has-post-thumbnail","6":"product_cat-glass-containers","7":"product_cat-glass-jars","8":"product_cat-glass-jars-with-lids","9":"product_tag-borosilicate-glass-jars","10":"product_tag-candy-jars","11":"product_tag-seasoning-jars","12":"product_tag-storage-jars","14":"first","15":"instock","16":"shipping-taxable","17":"product-type-simple"},"jetpack_sharing_enabled":true,"_links":{"self":[{"href":"https:\/\/minghanggroup.com\/pt\/wp-json\/wp\/v2\/product\/3977","targetHints":{"allow":["GET"]}}],"collection":[{"href":"https:\/\/minghanggroup.com\/pt\/wp-json\/wp\/v2\/product"}],"about":[{"href":"https:\/\/minghanggroup.com\/pt\/wp-json\/wp\/v2\/types\/product"}],"wp:featuredmedia":[{"embeddable":true,"href":"https:\/\/minghanggroup.com\/pt\/wp-json\/wp\/v2\/media\/3985"}],"wp:attachment":[{"href":"https:\/\/minghanggroup.com\/pt\/wp-json\/wp\/v2\/media?parent=3977"}],"wp:term":[{"taxonomy":"product_brand","embeddable":true,"href":"https:\/\/minghanggroup.com\/pt\/wp-json\/wp\/v2\/product_brand?post=3977"},{"taxonomy":"product_cat","embeddable":true,"href":"https:\/\/minghanggroup.com\/pt\/wp-json\/wp\/v2\/product_cat?post=3977"},{"taxonomy":"product_tag","embeddable":true,"href":"https:\/\/minghanggroup.com\/pt\/wp-json\/wp\/v2\/product_tag?post=3977"}],"curies":[{"name":"wp","href":"https:\/\/api.w.org\/{rel}","templated":true}]}}