{"id":3976,"date":"2025-12-22T16:11:06","date_gmt":"2025-12-22T08:11:06","guid":{"rendered":"https:\/\/minghanggroup.com\/?post_type=product&#038;p=3976"},"modified":"2026-01-20T13:38:59","modified_gmt":"2026-01-20T05:38:59","slug":"clear-large-glass-jars-with-lids-bulk","status":"publish","type":"product","link":"https:\/\/minghanggroup.com\/pt\/produto\/clear-large-glass-jars-with-lids-bulk\/","title":{"rendered":"Potes de vidro transparentes grandes de 1250 ml e 1950 ml com tampas (em grande quantidade)"},"content":{"rendered":"<p>Estes grandes frascos de vidro com tampa, com grande capacidade de armazenamento, s\u00e3o feitos de vidro borossilicato de alta qualidade e cristalino, o que os torna dur\u00e1veis \u200b\u200be permite visualizar facilmente o conte\u00fado. A tampa plana com acabamento em madeira escura n\u00e3o s\u00f3 garante uma melhor veda\u00e7\u00e3o, como tamb\u00e9m confere um toque de aconchego natural ao ambiente.<\/p>\n<h2>Caracter\u00edsticas do produto<\/h2>\n<ul>\n<li><strong>Dois tamanhos:<\/strong> Os dois tamanhos s\u00e3o baseados em diferentes requisitos de capacidade, o que proporciona maior flexibilidade no armazenamento.<\/li>\n<li><strong>Benef\u00edcios do vidro de borosilicato de alta qualidade:<\/strong> Possui alta resist\u00eancia a flutua\u00e7\u00f5es de temperatura, bem como a odores e odores, e \u00e9 feito de vidro borossilicato de alta qualidade.<\/li>\n<li><strong>Design da tampa com acabamento em madeira escura:<\/strong> A tampa plana de madeira possui uma textura rica que alia veda\u00e7\u00e3o e beleza, al\u00e9m de ser f\u00e1cil de abrir e fechar.<\/li>\n<\/ul>\n<h2 style=\"text-align: left;\">Especifica\u00e7\u00f5es principais<\/h2>\n<table class=\"aligncenter\" style=\"border-collapse: collapse; width: 485.27pt;\" border=\"0\" width=\"647\" cellspacing=\"0\" cellpadding=\"0\">\n<tbody>\n<tr style=\"height: 13.50pt;\">\n<td style=\"height: 13.50pt; width: 107.25pt;\" width=\"143\" height=\"18\">Especifica\u00e7\u00e3o<\/td>\n<td style=\"width: 378.00pt;\" width=\"504\">Detalhes<\/td>\n<\/tr>\n<tr style=\"height: 13.50pt;\">\n<td style=\"height: 13.50pt;\" height=\"18\">Capacidade e tamanho<\/td>\n<td>1250ml: 11.5\u00d716cm; 1950ml: 13\u00d719.5cm<\/td>\n<\/tr>\n<tr style=\"height: 13.50pt;\">\n<td style=\"height: 13.50pt;\" height=\"18\">Material<\/td>\n<td>Vidro de borosilicato de alta qualidade<\/td>\n<\/tr>\n<tr style=\"height: 13.50pt;\">\n<td style=\"height: 13.50pt;\" height=\"18\">Tipo de tampa<\/td>\n<td>Tampa plana com textura de madeira escura<\/td>\n<\/tr>\n<tr style=\"height: 13.50pt;\">\n<td style=\"height: 13.50pt;\" height=\"18\">Di\u00e2metro da tampa<\/td>\n<td>90 mm (Di\u00e2metro da base uniforme)<\/td>\n<\/tr>\n<tr style=\"height: 13.50pt;\">\n<td style=\"height: 13.50pt;\" height=\"18\">Caracter\u00edstica do material<\/td>\n<td>Alta resist\u00eancia t\u00e9rmica e qu\u00edmica, transpar\u00eancia superior, dur\u00e1vel.<\/td>\n<\/tr>\n<tr style=\"height: 13.50pt;\">\n<td style=\"height: 13.50pt;\" height=\"18\">Ideal para<\/td>\n<td>Potes de vidro grandes a granel com tampas, potes de vidro no atacado.<\/td>\n<\/tr>\n<\/tbody>\n<\/table>\n<h2>Caso de sucesso: Solu\u00e7\u00e3o de ingredientes a granel para uma padaria<\/h2>\n<p>Nossos potes de vidro grandes de 1950 ml com tampas foram utilizados em uma padaria comercial. Os potes de vidro de amostra (vidro borossilicato) n\u00e3o emba\u00e7aram nem racharam durante a lavagem di\u00e1ria com \u00e1gua quente e desinfetante, mantendo 100% de sua durabilidade por mais de 12 meses. A tampa herm\u00e9tica com acabamento amadeirado protegeu eficazmente contra a umidade e pragas, minimizando a deteriora\u00e7\u00e3o dos ingredientes em aproximadamente 70%. Como resultado desse alto desempenho, a empresa encomendou mais 400.000 potes para serem estocados em todas as suas lojas de forma padr\u00e3o.<\/p>\n<h2>Potes de vidro grandes com tampas personaliz\u00e1veis<\/h2>\n<ul>\n<li>Personaliza\u00e7\u00e3o da Tampa \u2013 Esta op\u00e7\u00e3o inclui a possibilidade de estampar a quente ou gravar a laser o logotipo da sua empresa na superf\u00edcie da tampa de madeira.<\/li>\n<li>Marca\u00e7\u00f5es de capacidade impressas em serigrafia - Os frascos de vidro possuem marca\u00e7\u00f5es de x\u00edcara e litro impressas de forma clara e dur\u00e1vel.<\/li>\n<li>Tinta para acabamento de madeira personalizada \u2013 Escolha a tonalidade do acabamento de madeira que voc\u00ea deseja, que pode variar do \u00e9bano ao carvalho claro.<\/li>\n<li>Anel de veda\u00e7\u00e3o de silicone aprimorado \u2013 As tampas possuem um anel de veda\u00e7\u00e3o de silicone de qualidade alimentar aprimorado, que proporciona uma veda\u00e7\u00e3o melhor.<\/li>\n<\/ul>\n<p>Est\u00e1 preparado para sistematizar seus produtos a granel? Aproveite os pre\u00e7os de atacado com desconto destes grandes potes de vidro com tampa, dur\u00e1veis \u200b\u200be pr\u00e1ticos, de grande capacidade.<\/p>","protected":false},"excerpt":{"rendered":"<p>Potes de vidro grandes de alta qualidade com tampas, feitos de vidro borossilicato transparente, combinados com tampas planas de madeira escura para armazenamento higi\u00eanico. Envio r\u00e1pido.<\/p>","protected":false},"featured_media":3981,"template":"","meta":{"postBodyCss":"","postBodyMargin":[],"postBodyPadding":[],"postBodyBackground":{"backgroundType":"classic","gradient":""}},"product_brand":[],"product_cat":[15,17,61],"product_tag":[68,67,70,69],"class_list":{"0":"post-3976","1":"product","2":"type-product","3":"status-publish","4":"has-post-thumbnail","6":"product_cat-glass-containers","7":"product_cat-glass-jars","8":"product_cat-glass-jars-with-lids","9":"product_tag-borosilicate-glass-jars","10":"product_tag-candy-jars","11":"product_tag-seasoning-jars","12":"product_tag-storage-jars","14":"first","15":"instock","16":"shipping-taxable","17":"product-type-simple"},"jetpack_sharing_enabled":true,"_links":{"self":[{"href":"https:\/\/minghanggroup.com\/pt\/wp-json\/wp\/v2\/product\/3976","targetHints":{"allow":["GET"]}}],"collection":[{"href":"https:\/\/minghanggroup.com\/pt\/wp-json\/wp\/v2\/product"}],"about":[{"href":"https:\/\/minghanggroup.com\/pt\/wp-json\/wp\/v2\/types\/product"}],"wp:featuredmedia":[{"embeddable":true,"href":"https:\/\/minghanggroup.com\/pt\/wp-json\/wp\/v2\/media\/3981"}],"wp:attachment":[{"href":"https:\/\/minghanggroup.com\/pt\/wp-json\/wp\/v2\/media?parent=3976"}],"wp:term":[{"taxonomy":"product_brand","embeddable":true,"href":"https:\/\/minghanggroup.com\/pt\/wp-json\/wp\/v2\/product_brand?post=3976"},{"taxonomy":"product_cat","embeddable":true,"href":"https:\/\/minghanggroup.com\/pt\/wp-json\/wp\/v2\/product_cat?post=3976"},{"taxonomy":"product_tag","embeddable":true,"href":"https:\/\/minghanggroup.com\/pt\/wp-json\/wp\/v2\/product_tag?post=3976"}],"curies":[{"name":"wp","href":"https:\/\/api.w.org\/{rel}","templated":true}]}}