{"id":3967,"date":"2025-12-22T14:16:32","date_gmt":"2025-12-22T06:16:32","guid":{"rendered":"https:\/\/minghanggroup.com\/?post_type=product&#038;p=3967"},"modified":"2026-03-02T15:24:18","modified_gmt":"2026-03-02T07:24:18","slug":"high-borosilicate-big-glass-jar-with-lids-bulk","status":"publish","type":"product","link":"https:\/\/minghanggroup.com\/pt\/produto\/high-borosilicate-big-glass-jar-with-lids-bulk\/","title":{"rendered":"Pote de vidro borossilicato de alta qualidade, 1360ml ou 1800ml, com tampas, em grande quantidade."},"content":{"rendered":"<p>Voc\u00ea merece uma embalagem sofisticada que n\u00e3o s\u00f3 mantenha os produtos frescos, como tamb\u00e9m destaque a sua marca. Criamos potes de vidro grandes com tampa que, al\u00e9m de funcionais, s\u00e3o perfeitos para a cozinha, onde cada recipiente de armazenamento conta a hist\u00f3ria do seu produto.<\/p>\n<h2>Caracter\u00edsticas do produto<\/h2>\n<ol>\n<li><strong>Design de visibilidade clara:<\/strong>Utilizando vidro borossilicato transparente altamente dur\u00e1vel e resistente ao calor, voc\u00ea pode ver num relance o que est\u00e1 dentro, facilitando assim o controle do estoque e o armazenamento em potes de cozinha.<\/li>\n<li><strong>Acesso pela boca larga:<\/strong>A abertura de 120 mm de largura permite encher, limpar e acessar o conte\u00fado do seu recipiente de armazenamento di\u00e1rio com facilidade.<\/li>\n<li><strong>Veda\u00e7\u00e3o da tampa de madeira:<\/strong>A tampa de madeira que acompanha a embalagem, juntamente com a veda\u00e7\u00e3o, ajuda a criar um encaixe perfeito, mantendo assim o conte\u00fado fresco no seu armazenamento a granel.<\/li>\n<li><strong>Armazenamento vers\u00e1til:<\/strong>Esses potes de vidro retos, ideais para cozinha, podem armazenar desde mel e xarope at\u00e9 ervas e produtos secos. O que poderia ser mais perfeito para potes de cozinha?<\/li>\n<\/ol>\n<h2>Especifica\u00e7\u00f5es principais<\/h2>\n<table style=\"border-collapse: collapse; width: 80%; margin-left: auto; margin-right: auto;\" border=\"0\" width=\"288\" cellspacing=\"0\" cellpadding=\"0\">\n<tbody>\n<tr style=\"height: 13.50pt;\">\n<td style=\"height: 13.5pt; width: 54pt; text-align: center;\" width=\"72\" height=\"18\">Capacidade (ml)<\/td>\n<td style=\"width: 54pt; text-align: center;\" width=\"72\">Tamanho (cm)<\/td>\n<td style=\"width: 54pt; text-align: center;\" width=\"72\">Material<\/td>\n<td style=\"width: 54pt; text-align: center;\" width=\"72\">Caracter\u00edsticas<\/td>\n<\/tr>\n<tr style=\"height: 13.50pt;\">\n<td style=\"height: 13.5pt; text-align: center;\" align=\"right\" height=\"18\">1360<\/td>\n<td style=\"text-align: center;\">12.0 * 15.0<\/td>\n<td class=\"et2\" style=\"text-align: center;\" rowspan=\"2\">Vidro borossilicato<\/td>\n<td class=\"et2\" style=\"text-align: center;\" rowspan=\"2\">Tampa de madeira de 120 mm com lados retos<\/td>\n<\/tr>\n<tr style=\"height: 13.50pt;\">\n<td style=\"height: 13.5pt; text-align: center;\" align=\"right\" height=\"18\">1800<\/td>\n<td style=\"text-align: center;\">12.0 * 20.0<\/td>\n<\/tr>\n<\/tbody>\n<\/table>\n<h2>Caso de sucesso<\/h2>\n<p>Uma rede de lojas de varejo especializada em produtos secos a granel e ch\u00e1s melhorou significativamente a exposi\u00e7\u00e3o dos produtos em suas lojas ao adotar esses potes de vidro borossilicato para cozinha, com laterais retas, bordas altas e formato plano. A alta transpar\u00eancia do vidro confere ao produto uma apar\u00eancia muito atraente, e o di\u00e2metro generoso de 150 mm facilita a reposi\u00e7\u00e3o dos produtos. Al\u00e9m disso, a veda\u00e7\u00e3o herm\u00e9tica garante a frescura dos alimentos, aumentando a confian\u00e7a dos clientes.<\/p>\n<p>Durante os tr\u00eas primeiros meses ap\u00f3s a implementa\u00e7\u00e3o, o cliente registrou um aumento de aproximadamente 28% nas vendas anuais, com um crescimento particularmente significativo em produtos de ch\u00e1 de alta qualidade.<\/p>\n<h2>Dicas de personaliza\u00e7\u00e3o<\/h2>\n<p>Ao selecionar potes de vidro borossilicato para armazenamento, \u00e9 aconselh\u00e1vel adequar o tamanho do recipiente e o design da tampa ao tipo de produto e ao local de uso. Se o produto precisar ser reposto com frequ\u00eancia, como ch\u00e1 ou alimentos secos, voc\u00ea pode tornar o processo de reposi\u00e7\u00e3o mais eficiente escolhendo um recipiente com di\u00e2metro maior (por exemplo, 150 mm), o que tamb\u00e9m facilitar\u00e1 a exposi\u00e7\u00e3o do produto. Tampas de madeira ou com boa veda\u00e7\u00e3o n\u00e3o s\u00f3 mant\u00eam os ingredientes frescos, como tamb\u00e9m conferem um toque agrad\u00e1vel ao conjunto. Al\u00e9m disso, o vidro transparente torna o produto mais vis\u00edvel e, consequentemente, mais atraente; portanto, \u00e9 melhor optar por vidros com alta transpar\u00eancia para que o produto se destaque com mais facilidade nas prateleiras.<\/p>\n<p>Ao encomendar a fabrica\u00e7\u00e3o dos potes, voc\u00ea tamb\u00e9m pode escolher diferentes capacidades, cores ou at\u00e9 mesmo logotipos personalizados, dependendo das necessidades da marca, para manter a consist\u00eancia dos produtos e obter reconhecimento no mercado.<\/p>","protected":false},"excerpt":{"rendered":"<p>Venda direta da f\u00e1brica de grandes potes de vidro com tampa, perfeitos para armazenamento na cozinha. Amostras gr\u00e1tis e personaliza\u00e7\u00e3o em grandes quantidades dispon\u00edveis para produtos secos e especiarias.<\/p>","protected":false},"featured_media":3968,"template":"","meta":{"postBodyCss":"","postBodyMargin":[],"postBodyPadding":[],"postBodyBackground":{"backgroundType":"classic","gradient":""}},"product_brand":[],"product_cat":[15,17,61],"product_tag":[68,67,100,70,69],"class_list":{"0":"post-3967","1":"product","2":"type-product","3":"status-publish","4":"has-post-thumbnail","6":"product_cat-glass-containers","7":"product_cat-glass-jars","8":"product_cat-glass-jars-with-lids","9":"product_tag-borosilicate-glass-jars","10":"product_tag-candy-jars","11":"product_tag-glass-coffee-jars","12":"product_tag-seasoning-jars","13":"product_tag-storage-jars","15":"first","16":"instock","17":"shipping-taxable","18":"product-type-simple"},"jetpack_sharing_enabled":true,"_links":{"self":[{"href":"https:\/\/minghanggroup.com\/pt\/wp-json\/wp\/v2\/product\/3967","targetHints":{"allow":["GET"]}}],"collection":[{"href":"https:\/\/minghanggroup.com\/pt\/wp-json\/wp\/v2\/product"}],"about":[{"href":"https:\/\/minghanggroup.com\/pt\/wp-json\/wp\/v2\/types\/product"}],"wp:featuredmedia":[{"embeddable":true,"href":"https:\/\/minghanggroup.com\/pt\/wp-json\/wp\/v2\/media\/3968"}],"wp:attachment":[{"href":"https:\/\/minghanggroup.com\/pt\/wp-json\/wp\/v2\/media?parent=3967"}],"wp:term":[{"taxonomy":"product_brand","embeddable":true,"href":"https:\/\/minghanggroup.com\/pt\/wp-json\/wp\/v2\/product_brand?post=3967"},{"taxonomy":"product_cat","embeddable":true,"href":"https:\/\/minghanggroup.com\/pt\/wp-json\/wp\/v2\/product_cat?post=3967"},{"taxonomy":"product_tag","embeddable":true,"href":"https:\/\/minghanggroup.com\/pt\/wp-json\/wp\/v2\/product_tag?post=3967"}],"curies":[{"name":"wp","href":"https:\/\/api.w.org\/{rel}","templated":true}]}}