{"id":3966,"date":"2025-12-22T11:35:06","date_gmt":"2025-12-22T03:35:06","guid":{"rendered":"https:\/\/minghanggroup.com\/?post_type=product&#038;p=3966"},"modified":"2026-01-20T13:39:42","modified_gmt":"2026-01-20T05:39:42","slug":"high-borosilicate-glass-canisters-with-lids-bulk","status":"publish","type":"product","link":"https:\/\/minghanggroup.com\/pt\/produto\/high-borosilicate-glass-canisters-with-lids-bulk\/","title":{"rendered":"Potes de vidro borossilicato de alta qualidade, com tampas, de 500 ml, 800 ml e 1200 ml (embalagem a granel)."},"content":{"rendered":"<p>Esses recipientes de vidro exclusivos com tampas apresentam corpos feitos de vidro borossilicato e s\u00e3o cobertos com tampas redondas de corti\u00e7a natural, conferindo-lhes uma apar\u00eancia r\u00fastica e acolhedora.<\/p>\n<h2>Caracter\u00edsticas do produto<\/h2>\n<ul>\n<li>O formato arredondado na parte superior e a rolha redonda s\u00e3o arqueados, conferindo uma apar\u00eancia l\u00fadica, mas ao mesmo tempo ornamental, j\u00e1 que podem ser aplicados em qualquer tipo de ambiente, incluindo expositores e tampos de mesa, real\u00e7ando o efeito din\u00e2mico.<\/li>\n<li>A rolha redonda proporciona a melhor veda\u00e7\u00e3o poss\u00edvel, mas existe uma alternativa personalizada em madeira.<\/li>\n<li>Esses potes tamb\u00e9m ser\u00e3o muito dur\u00e1veis, transparentes e resistentes ao calor, pois s\u00e3o feitos de vidro borossilicato de alta qualidade, podendo ser usados \u200b\u200bregularmente.<\/li>\n<\/ul>\n<h2 style=\"text-align: left;\">Especifica\u00e7\u00f5es principais<\/h2>\n<table class=\"aligncenter\" style=\"border-collapse: collapse; width: 462.02pt;\" border=\"0\" width=\"616\" cellspacing=\"0\" cellpadding=\"0\">\n<tbody>\n<tr style=\"height: 13.50pt;\">\n<td style=\"height: 13.50pt; width: 107.25pt;\" width=\"143\" height=\"18\">Especifica\u00e7\u00e3o<\/td>\n<td style=\"width: 354.75pt;\" width=\"473\">Detalhes<\/td>\n<\/tr>\n<tr style=\"height: 13.50pt;\">\n<td style=\"height: 13.50pt;\" height=\"18\">Capacidade<\/td>\n<td>500ml \/ 800ml \/ 1200ml<\/td>\n<\/tr>\n<tr style=\"height: 13.50pt;\">\n<td style=\"height: 13.50pt;\" height=\"18\">Dimens\u00f5es<\/td>\n<td>9\u00d710cm \/ 9\u00d715.5cm \/ 9\u00d720cm<\/td>\n<\/tr>\n<tr style=\"height: 13.50pt;\">\n<td style=\"height: 13.50pt;\" height=\"18\">Material<\/td>\n<td>Vidro de borosilicato de alta qualidade<\/td>\n<\/tr>\n<tr style=\"height: 13.50pt;\">\n<td style=\"height: 13.50pt;\" height=\"18\">Formato de jarro<\/td>\n<td>Corpo esguio com tampo arredondado em forma de c\u00fapula.<\/td>\n<\/tr>\n<tr style=\"height: 13.50pt;\">\n<td style=\"height: 13.50pt;\" height=\"18\">Tipo de tampa<\/td>\n<td>Rolha esf\u00e9rica de corti\u00e7a natural (op\u00e7\u00e3o com tampa de madeira dispon\u00edvel)<\/td>\n<\/tr>\n<tr style=\"height: 13.50pt;\">\n<td style=\"height: 13.50pt;\" height=\"18\">Caracter\u00edstica do material<\/td>\n<td>Alta resist\u00eancia a choques t\u00e9rmicos e qu\u00edmicos, transpar\u00eancia superior.<\/td>\n<\/tr>\n<tr style=\"height: 13.50pt;\">\n<td style=\"height: 13.50pt;\" height=\"18\">Ideal para<\/td>\n<td>Recipiente de vidro com tampa de madeira, potes de vidro com tampas herm\u00e9ticas.<\/td>\n<\/tr>\n<\/tbody>\n<\/table>\n<h2>Repagina\u00e7\u00e3o da marca: uma marca de ch\u00e1 turco de alta qualidade<\/h2>\n<p>A marca de ch\u00e1 premium passou a utilizar exclusivamente potes de vidro borossilicato de 800ml com tampa de madeira como embalagem para seu mais recente lan\u00e7amento, a cole\u00e7\u00e3o de ch\u00e1s de origem \u00fanica. A combina\u00e7\u00e3o desses potes com tampas se deu inicialmente devido ao formato do recipiente, que lembrava um decantador. A alta transpar\u00eancia do vidro borossilicato contribuiu para um aumento de 60% nas vendas em seu site. Al\u00e9m disso, as rolhas circulares proporcionam uma excelente veda\u00e7\u00e3o, preservando o aroma do ch\u00e1 por mais tempo. Por isso, os potes se tornaram um produto ic\u00f4nico nesse segmento de mercado. A empresa j\u00e1 encomendou mais 150.000 unidades.<\/p>\n<h2>Sugest\u00f5es de personaliza\u00e7\u00e3o para potes de vidro com tampas<\/h2>\n<ul>\n<li><strong>C\u00fapulas de madeira:<\/strong> Voc\u00ea pode fazer uma tampa de madeira redonda ou plana em formato de c\u00fapula para substituir a tampa de corti\u00e7a. O tipo de tampa far\u00e1 com que seu recipiente tenha uma apar\u00eancia diferente daquele com tampa de corti\u00e7a.<\/li>\n<li><strong>Grava\u00e7\u00e3o a laser na al\u00e7a de ombro:<\/strong> A parte superior do recipiente pode ter um logotipo gravado ou um padr\u00e3o elaborado, feito usando um processo de grava\u00e7\u00e3o a laser.<\/li>\n<li><strong>Materiais para vitrais:<\/strong> Vidro ut\u00f3pico: Deve-se usar vidro branco ou transparente de alta transpar\u00eancia para moldar a parte superior do recipiente, criando um efeito bicolor com um vidro de cor mais escura.<\/li>\n<li><strong>Lacre de cera para rolha de corti\u00e7a:<\/strong> Isso \u00e9 feito aplicando cera colorida sobre rolhas de corti\u00e7a comuns para criar uma apar\u00eancia vintage, remetendo ao passado. Esses potes de vidro exclusivos utilizam uma tampa de madeira.<\/li>\n<\/ul>","protected":false},"excerpt":{"rendered":"<p>Potes de vidro de alta qualidade com tampas e pote de vidro com tampa de madeira, fabricados em vidro borossilicato transparente com veda\u00e7\u00e3o de corti\u00e7a. Envio r\u00e1pido dispon\u00edvel.<\/p>","protected":false},"featured_media":3970,"template":"","meta":{"postBodyCss":"","postBodyMargin":[],"postBodyPadding":[],"postBodyBackground":{"backgroundType":"classic","gradient":""}},"product_brand":[],"product_cat":[15,17,61],"product_tag":[68,67,70,69],"class_list":{"0":"post-3966","1":"product","2":"type-product","3":"status-publish","4":"has-post-thumbnail","6":"product_cat-glass-containers","7":"product_cat-glass-jars","8":"product_cat-glass-jars-with-lids","9":"product_tag-borosilicate-glass-jars","10":"product_tag-candy-jars","11":"product_tag-seasoning-jars","12":"product_tag-storage-jars","14":"first","15":"instock","16":"shipping-taxable","17":"product-type-simple"},"jetpack_sharing_enabled":true,"_links":{"self":[{"href":"https:\/\/minghanggroup.com\/pt\/wp-json\/wp\/v2\/product\/3966","targetHints":{"allow":["GET"]}}],"collection":[{"href":"https:\/\/minghanggroup.com\/pt\/wp-json\/wp\/v2\/product"}],"about":[{"href":"https:\/\/minghanggroup.com\/pt\/wp-json\/wp\/v2\/types\/product"}],"wp:featuredmedia":[{"embeddable":true,"href":"https:\/\/minghanggroup.com\/pt\/wp-json\/wp\/v2\/media\/3970"}],"wp:attachment":[{"href":"https:\/\/minghanggroup.com\/pt\/wp-json\/wp\/v2\/media?parent=3966"}],"wp:term":[{"taxonomy":"product_brand","embeddable":true,"href":"https:\/\/minghanggroup.com\/pt\/wp-json\/wp\/v2\/product_brand?post=3966"},{"taxonomy":"product_cat","embeddable":true,"href":"https:\/\/minghanggroup.com\/pt\/wp-json\/wp\/v2\/product_cat?post=3966"},{"taxonomy":"product_tag","embeddable":true,"href":"https:\/\/minghanggroup.com\/pt\/wp-json\/wp\/v2\/product_tag?post=3966"}],"curies":[{"name":"wp","href":"https:\/\/api.w.org\/{rel}","templated":true}]}}