{"id":3957,"date":"2025-12-22T10:23:48","date_gmt":"2025-12-22T02:23:48","guid":{"rendered":"https:\/\/minghanggroup.com\/?post_type=product&#038;p=3957"},"modified":"2026-01-20T13:40:21","modified_gmt":"2026-01-20T05:40:21","slug":"straight-sided-huge-glass-jars-with-150mm-lids-bulk","status":"publish","type":"product","link":"https:\/\/minghanggroup.com\/pt\/produto\/straight-sided-huge-glass-jars-with-150mm-lids-bulk\/","title":{"rendered":"Potes de vidro grandes de 3200 ml e 4800 ml com laterais retas e tampas de 150 mm (em grande quantidade)"},"content":{"rendered":"<p>Voc\u00ea merece embalagens da mais alta qualidade, que n\u00e3o s\u00f3 mant\u00eam os produtos frescos, como tamb\u00e9m ajudam a sua marca a se destacar. Fabricamos grandes potes de vidro para grandes conquistas, onde cada recipiente eleva a hist\u00f3ria do seu produto a um novo patamar.<\/p>\n<h2>Caracter\u00edsticas do produto<\/h2>\n<ol>\n<li><strong>Capacidade de armazenamento a granel:<\/strong> Mel, xarope ou granola podem ser armazenados nesses grandes potes de vidro, que s\u00e3o a solu\u00e7\u00e3o perfeita para qualquer opera\u00e7\u00e3o de atacado e venda a granel em toda a sua linha de produtos.<\/li>\n<li><strong>Durabilidade resistente ao calor:<\/strong> Fabricados em vidro borossilicato resistente, estes frascos de vidro resistentes ao calor suportam mudan\u00e7as bruscas de temperatura sem rachar, tornando-os os recipientes perfeitos para armazenar alimentos.<\/li>\n<li><strong>Design de f\u00e1cil acesso:<\/strong> As opera\u00e7\u00f5es di\u00e1rias de atacado tornam-se f\u00e1ceis de encher, limpar e acessar o conte\u00fado com a ajuda da boca larga de 150 mm.<\/li>\n<\/ol>\n<h2>Especifica\u00e7\u00f5es principais<\/h2>\n<table style=\"border-collapse: collapse; width: 80%; margin-left: auto; margin-right: auto;\" border=\"0\" width=\"360\" cellspacing=\"0\" cellpadding=\"0\">\n<tbody>\n<tr style=\"height: 13.50pt;\">\n<td style=\"height: 13.5pt; width: 54pt; text-align: center;\" width=\"72\" height=\"18\">Capacidade (ml)<\/td>\n<td style=\"width: 54pt; text-align: center;\" width=\"72\">Tamanho (cm)<\/td>\n<td style=\"width: 54pt; text-align: center;\" width=\"72\">Di\u00e2metro da boca<\/td>\n<td style=\"width: 54pt; text-align: center;\" width=\"72\">Material<\/td>\n<td style=\"width: 54pt; text-align: center;\" width=\"72\">Caracter\u00edsticas<\/td>\n<\/tr>\n<tr style=\"height: 13.50pt;\">\n<td style=\"height: 13.5pt; text-align: center;\" align=\"right\" height=\"18\">3200<\/td>\n<td style=\"text-align: center;\">15,0 x 20,0<\/td>\n<td class=\"et2\" style=\"text-align: center;\" rowspan=\"2\">150 mm<\/td>\n<td class=\"et2\" style=\"text-align: center;\" rowspan=\"2\">Borossilicato<\/td>\n<td class=\"et2\" style=\"text-align: center;\" rowspan=\"2\">Tampa de 150 mm com lados retos<\/td>\n<\/tr>\n<tr style=\"height: 13.50pt;\">\n<td style=\"height: 13.5pt; text-align: center;\" align=\"right\" height=\"18\">4800<\/td>\n<td style=\"text-align: center;\">15,0 x 30,0<\/td>\n<\/tr>\n<\/tbody>\n<\/table>\n<h2>Caso de sucesso<\/h2>\n<p>Um atacadista de ingredientes aliment\u00edcios, utilizando esses potes de vidro borossilicato, altos, redondos e com laterais retas, ap\u00f3s a mudan\u00e7a, passou a utiliz\u00e1-los para armazenar e expor grandes volumes de temperos em p\u00f3 e produtos secos. Devido \u00e0 sua alta transpar\u00eancia e grande capacidade, a visibilidade dos produtos nas vitrines dos pontos de venda foi significativamente melhorada, resultando em um aumento de aproximadamente 28% nas vendas de itens similares em tr\u00eas meses ap\u00f3s a sua introdu\u00e7\u00e3o.<\/p>\n<p>Al\u00e9m disso, o cliente fez mais dois pedidos em grande quantidade, al\u00e9m do pedido inicial, atingindo assim uma taxa de recompra superior a 60%, e adotou este tipo de frasco como sua solu\u00e7\u00e3o de embalagem est\u00e1vel a longo prazo.<\/p>\n<h2>Dicas de personaliza\u00e7\u00e3o<\/h2>\n<p>Este recipiente para armazenar itens pode ser modificado de forma altamente flex\u00edvel, dependendo das necessidades do cen\u00e1rio de vendas do cliente. Por exemplo, \u00e9 poss\u00edvel imprimir as medidas de volume no vidro da garrafa para que a capacidade fique claramente vis\u00edvel, e a tampa pode ser de bambu, madeira ou um anel de veda\u00e7\u00e3o refor\u00e7ado para maior resist\u00eancia \u00e0 umidade. H\u00e1 tamb\u00e9m a possibilidade de estampar a marca ou o logotipo no recipiente por meio de serigrafia, etiquetagem ou grava\u00e7\u00e3o a laser, o que facilita a identifica\u00e7\u00e3o pelos clientes.<\/p>","protected":false},"excerpt":{"rendered":"<p>Pote de vidro grande com tampa de 150 mm, fabricado em vidro borossilicato de alta qualidade. Fornecimento direto da f\u00e1brica, com possibilidade de personaliza\u00e7\u00e3o em grandes quantidades para compradores do setor. Amostra gr\u00e1tis.<\/p>","protected":false},"featured_media":3955,"template":"","meta":{"postBodyCss":"","postBodyMargin":[],"postBodyPadding":[],"postBodyBackground":{"backgroundType":"classic","gradient":""}},"product_brand":[],"product_cat":[15,17,61],"product_tag":[68,67,70,69],"class_list":{"0":"post-3957","1":"product","2":"type-product","3":"status-publish","4":"has-post-thumbnail","6":"product_cat-glass-containers","7":"product_cat-glass-jars","8":"product_cat-glass-jars-with-lids","9":"product_tag-borosilicate-glass-jars","10":"product_tag-candy-jars","11":"product_tag-seasoning-jars","12":"product_tag-storage-jars","14":"first","15":"instock","16":"shipping-taxable","17":"product-type-simple"},"jetpack_sharing_enabled":true,"_links":{"self":[{"href":"https:\/\/minghanggroup.com\/pt\/wp-json\/wp\/v2\/product\/3957","targetHints":{"allow":["GET"]}}],"collection":[{"href":"https:\/\/minghanggroup.com\/pt\/wp-json\/wp\/v2\/product"}],"about":[{"href":"https:\/\/minghanggroup.com\/pt\/wp-json\/wp\/v2\/types\/product"}],"wp:featuredmedia":[{"embeddable":true,"href":"https:\/\/minghanggroup.com\/pt\/wp-json\/wp\/v2\/media\/3955"}],"wp:attachment":[{"href":"https:\/\/minghanggroup.com\/pt\/wp-json\/wp\/v2\/media?parent=3957"}],"wp:term":[{"taxonomy":"product_brand","embeddable":true,"href":"https:\/\/minghanggroup.com\/pt\/wp-json\/wp\/v2\/product_brand?post=3957"},{"taxonomy":"product_cat","embeddable":true,"href":"https:\/\/minghanggroup.com\/pt\/wp-json\/wp\/v2\/product_cat?post=3957"},{"taxonomy":"product_tag","embeddable":true,"href":"https:\/\/minghanggroup.com\/pt\/wp-json\/wp\/v2\/product_tag?post=3957"}],"curies":[{"name":"wp","href":"https:\/\/api.w.org\/{rel}","templated":true}]}}