{"id":3949,"date":"2025-12-19T14:31:03","date_gmt":"2025-12-19T06:31:03","guid":{"rendered":"https:\/\/minghanggroup.com\/?post_type=product&#038;p=3949"},"modified":"2026-01-20T13:40:01","modified_gmt":"2026-01-20T05:40:01","slug":"borosilicate-glass-jars-with-wood-lids-bulk","status":"publish","type":"product","link":"https:\/\/minghanggroup.com\/pt\/produto\/borosilicate-glass-jars-with-wood-lids-bulk\/","title":{"rendered":"Potes de vidro borossilicato de 450 ml a 1550 ml com tampas de madeira (em grandes quantidades)"},"content":{"rendered":"<p>Estes frascos de vidro com tampas de madeira s\u00e3o produzidos em vidro borossilicato de alta qualidade. As tampas de madeira, rasas e de rosca, s\u00e3o adornadas com padr\u00f5es simples de c\u00edrculos conc\u00eantricos, unindo beleza e funcionalidade.<\/p>\n<h2>Caracter\u00edsticas do produto<\/h2>\n<ul>\n<li><strong>Estrutura de madeira texturizada parafusada:<\/strong> Os frascos de vidro possuem uma tampa de madeira de rosca que se encaixa perfeitamente, mantendo assim o frescor e evitando a entrada de umidade.<\/li>\n<li><strong>Material de borosilicato de alta qualidade:<\/strong> O vidro \u00e9 muito resistente a mudan\u00e7as bruscas de temperatura; tem menor probabilidade de quebrar ou rachar em compara\u00e7\u00e3o com o vidro comum.<\/li>\n<li><strong>Constru\u00e7\u00e3o robusta e empilh\u00e1vel:<\/strong> O fundo plano e as paredes retas permitem que at\u00e9 mesmo potes grandes de 1550ml sejam empilhados com seguran\u00e7a e firmeza.<\/li>\n<\/ul>\n<h2 style=\"text-align: left;\">Especifica\u00e7\u00f5es principais<\/h2>\n<table class=\"aligncenter\" style=\"border-collapse: collapse; width: 535.52pt;\" border=\"0\" width=\"714\" cellspacing=\"0\" cellpadding=\"0\">\n<tbody>\n<tr style=\"height: 13.50pt;\">\n<td style=\"height: 13.50pt; width: 117.00pt;\" width=\"156\" height=\"18\">Especifica\u00e7\u00e3o<\/td>\n<td style=\"width: 418.50pt;\" width=\"558\">Detalhes<\/td>\n<\/tr>\n<tr style=\"height: 13.50pt;\">\n<td style=\"height: 13.50pt;\" height=\"18\">Capacidade<\/td>\n<td>450ml \/ 750ml \/ 950ml \/ 1550ml<\/td>\n<\/tr>\n<tr style=\"height: 13.50pt;\">\n<td style=\"height: 13.50pt;\" height=\"18\">Dimens\u00f5es<\/td>\n<td>9\u00d710cm \/ 9\u00d715cm \/ 9\u00d719cm \/ 9\u00d729,5cm<\/td>\n<\/tr>\n<tr style=\"height: 13.50pt;\">\n<td style=\"height: 13.50pt;\" height=\"18\">Material<\/td>\n<td>Vidro de borosilicato de alta qualidade<\/td>\n<\/tr>\n<tr style=\"height: 13.50pt;\">\n<td style=\"height: 13.50pt;\" height=\"18\">Tipo de tampa<\/td>\n<td>Tampa de madeira rosque\u00e1vel<\/td>\n<\/tr>\n<tr style=\"height: 13.50pt;\">\n<td style=\"height: 13.50pt;\" height=\"18\">Di\u00e2metro da tampa<\/td>\n<td>90 mm<\/td>\n<\/tr>\n<tr style=\"height: 13.50pt;\">\n<td style=\"height: 13.50pt;\" height=\"18\">Caracter\u00edstica principal do material<\/td>\n<td>Excelente resist\u00eancia ao choque t\u00e9rmico, alta durabilidade e transpar\u00eancia superior.<\/td>\n<\/tr>\n<tr style=\"height: 13.50pt;\">\n<td style=\"height: 13.50pt;\" height=\"18\">Ideal para<\/td>\n<td>Potes de vidro com tampas de madeira, potes de vidro a granel<\/td>\n<\/tr>\n<\/tbody>\n<\/table>\n<h2>Caso de sucesso: como a qualidade fideliza clientes<\/h2>\n<p>Nossos potes de vidro borossilicato de alta qualidade com tampas de madeira foram a escolha de um distribuidor de alimentos de luxo na Am\u00e9rica do Norte. Inicialmente, encomendaram 2.000 unidades. Os potes se mostraram ideais para suas necessidades. Ap\u00f3s o lan\u00e7amento do produto, eles relataram uma redu\u00e7\u00e3o de 40% nas quebras durante o transporte, um aumento de 25% no espa\u00e7o de exposi\u00e7\u00e3o nas prateleiras e a satisfa\u00e7\u00e3o dos clientes com a possibilidade de reutiliza\u00e7\u00e3o dos potes. O ch\u00e1 se mant\u00e9m fresco por meses gra\u00e7as \u00e0 excelente veda\u00e7\u00e3o. Com base no desempenho do produto e no feedback dos clientes, decidiram fazer um novo pedido imediato de 200.000 unidades para ampliar sua linha de produtos.<\/p>\n<h2>Personaliza\u00e7\u00e3o: Sugest\u00f5es de personaliza\u00e7\u00e3o para pedidos em massa<\/h2>\n<p>Deseja tornar seu produto mais pessoal? Podemos certamente modificar esses recipientes de vidro com tampa para que se adequem \u00e0 sua marca. Abaixo, apresentamos alguns conceitos para o produto:<\/p>\n<ul>\n<li>Cor\/Acabamento Personalizado da Tampa: Escolha um acabamento em tom de nogueira escura ou \u00e9bano para tingir as tampas de madeira, ou simplesmente adicione uma camada colorida que combine com a imagem da sua marca.<\/li>\n<li>Personaliza\u00e7\u00e3o da Tampa: O logotipo da sua empresa pode ser impresso por termotransfer\u00eancia ou gravado a laser diretamente na tampa de madeira, conferindo-lhe um visual elegante, cl\u00e1ssico e luxuoso.<\/li>\n<li>Serigrafia: Utilize impress\u00f5es coloridas e dur\u00e1veis \u200b\u200bno corpo de vidro para obter gr\u00e1ficos v\u00edvidos e uma identidade visual marcante.<\/li>\n<li>Ajuste personalizado de capacidade ou tamanho: Precisa de uma capacidade espec\u00edfica? Podemos alterar a altura para criar um novo tamanho que se adapte perfeitamente ao seu produto.<\/li>\n<\/ul>","protected":false},"excerpt":{"rendered":"<p>Potes de vidro com tampas de madeira e recipiente de vidro com tampa, ambos em vidro borossilicato transparente, com tampas de rosca em madeira natural. Entrega r\u00e1pida para encomendas em grande quantidade.<\/p>","protected":false},"featured_media":3953,"template":"","meta":{"postBodyCss":"","postBodyMargin":[],"postBodyPadding":[],"postBodyBackground":{"backgroundType":"classic","gradient":""}},"product_brand":[],"product_cat":[15,17,61],"product_tag":[68,67,70,69],"class_list":{"0":"post-3949","1":"product","2":"type-product","3":"status-publish","4":"has-post-thumbnail","6":"product_cat-glass-containers","7":"product_cat-glass-jars","8":"product_cat-glass-jars-with-lids","9":"product_tag-borosilicate-glass-jars","10":"product_tag-candy-jars","11":"product_tag-seasoning-jars","12":"product_tag-storage-jars","14":"first","15":"instock","16":"shipping-taxable","17":"product-type-simple"},"jetpack_sharing_enabled":true,"_links":{"self":[{"href":"https:\/\/minghanggroup.com\/pt\/wp-json\/wp\/v2\/product\/3949","targetHints":{"allow":["GET"]}}],"collection":[{"href":"https:\/\/minghanggroup.com\/pt\/wp-json\/wp\/v2\/product"}],"about":[{"href":"https:\/\/minghanggroup.com\/pt\/wp-json\/wp\/v2\/types\/product"}],"wp:featuredmedia":[{"embeddable":true,"href":"https:\/\/minghanggroup.com\/pt\/wp-json\/wp\/v2\/media\/3953"}],"wp:attachment":[{"href":"https:\/\/minghanggroup.com\/pt\/wp-json\/wp\/v2\/media?parent=3949"}],"wp:term":[{"taxonomy":"product_brand","embeddable":true,"href":"https:\/\/minghanggroup.com\/pt\/wp-json\/wp\/v2\/product_brand?post=3949"},{"taxonomy":"product_cat","embeddable":true,"href":"https:\/\/minghanggroup.com\/pt\/wp-json\/wp\/v2\/product_cat?post=3949"},{"taxonomy":"product_tag","embeddable":true,"href":"https:\/\/minghanggroup.com\/pt\/wp-json\/wp\/v2\/product_tag?post=3949"}],"curies":[{"name":"wp","href":"https:\/\/api.w.org\/{rel}","templated":true}]}}