{"id":3939,"date":"2025-12-19T10:16:20","date_gmt":"2025-12-19T02:16:20","guid":{"rendered":"https:\/\/minghanggroup.com\/?post_type=product&#038;p=3939"},"modified":"2026-01-20T13:39:51","modified_gmt":"2026-01-20T05:39:51","slug":"square-borosilicate-storage-jars-with-flat-lid-wholesale","status":"publish","type":"product","link":"https:\/\/minghanggroup.com\/pt\/produto\/square-borosilicate-storage-jars-with-flat-lid-wholesale\/","title":{"rendered":"Potes de armazenamento quadrados de borosilicato de 600 ml a 1400 ml com tampa plana - Venda por atacado"},"content":{"rendered":"<p>Sua marca merece embalagens feitas com materiais de alta qualidade que mant\u00eam os produtos frescos e destacam a sua marca. Criamos potes de vidro para atacado que s\u00e3o ideais para grandes quantidades, onde cada pote contribui para a hist\u00f3ria do seu produto.<\/p>\n<h2>Caracter\u00edsticas do produto<\/h2>\n<ol>\n<li><strong>Capacidade de armazenamento vers\u00e1til: <\/strong>Utilize estes potes de vidro quadrados para armazenar mel, xarope, molhos ou produtos secos \u2014 uma solu\u00e7\u00e3o de armazenamento perfeita para qualquer necessidade da sua linha de produtos.<\/li>\n<li><strong>Durabilidade resistente ao calor: <\/strong>Fabricados em vidro borossilicato resistente, estes frascos de vidro para venda por atacado, resistentes ao calor, suportam mudan\u00e7as de temperatura sem quebrar, sendo, portanto, adequados para armazenamento em locais quentes.<\/li>\n<li><strong>Design de visibilidade clara: <\/strong>Um recipiente transparente permite visualizar o conte\u00fado imediatamente, facilitando muito o gerenciamento de estoque em suas opera\u00e7\u00f5es de atacado.<\/li>\n<li><strong>Design de boca plana: <\/strong>O di\u00e2metro da abertura da lata \u00e9 igual ao do corpo da garrafa, o que facilita a coloca\u00e7\u00e3o e a retirada do conte\u00fado. Al\u00e9m disso, a estrutura de boca plana facilita a limpeza e o enchimento, reduzindo o ac\u00famulo de res\u00edduos nos cantos.<\/li>\n<\/ol>\n<h2>Especifica\u00e7\u00f5es principais<\/h2>\n<table style=\"border-collapse: collapse; width: 80%; margin-left: auto; margin-right: auto;\" border=\"0\" width=\"360\" cellspacing=\"0\" cellpadding=\"0\">\n<tbody>\n<tr style=\"height: 13.50pt;\">\n<td style=\"height: 13.5pt; width: 54pt; text-align: center;\" width=\"72\" height=\"18\">Capacidade (ml)<\/td>\n<td style=\"width: 54pt; text-align: center;\" width=\"72\">Tamanho (cm)<\/td>\n<td style=\"width: 54pt; text-align: center;\" width=\"72\">Di\u00e2metro da boca (mm)<\/td>\n<td style=\"width: 54pt; text-align: center;\" width=\"72\">Material<\/td>\n<td style=\"width: 54pt; text-align: center;\" width=\"72\">Caracter\u00edsticas<\/td>\n<\/tr>\n<tr style=\"height: 13.50pt;\">\n<td style=\"height: 13.5pt; text-align: center;\" align=\"right\" height=\"18\">600<\/td>\n<td style=\"text-align: center;\">10 x 10 x 10,5<\/td>\n<td class=\"et2\" style=\"text-align: center;\" rowspan=\"5\">94\u00d7100<\/td>\n<td class=\"et2\" style=\"text-align: center;\" rowspan=\"5\">Borossilicato<\/td>\n<td class=\"et2\" style=\"text-align: center;\" rowspan=\"5\">Quadrado, de lados retos<\/td>\n<\/tr>\n<tr style=\"height: 13.50pt;\">\n<td style=\"height: 13.5pt; text-align: center;\" align=\"right\" height=\"18\">800<\/td>\n<td style=\"text-align: center;\">10 x 10 x 13<\/td>\n<\/tr>\n<tr style=\"height: 13.50pt;\">\n<td style=\"height: 13.5pt; text-align: center;\" align=\"right\" height=\"18\">1000<\/td>\n<td style=\"text-align: center;\">10 x 10 x 16<\/td>\n<\/tr>\n<tr style=\"height: 13.50pt;\">\n<td style=\"height: 13.5pt; text-align: center;\" align=\"right\" height=\"18\">1200<\/td>\n<td style=\"text-align: center;\">10 x 10 x 19<\/td>\n<\/tr>\n<tr style=\"height: 13.50pt;\">\n<td style=\"height: 13.5pt; text-align: center;\" align=\"right\" height=\"18\">1400<\/td>\n<td style=\"text-align: center;\">10 x 10 x 21<\/td>\n<\/tr>\n<\/tbody>\n<\/table>\n<h2>Caso de sucesso<\/h2>\n<p>Como parte do projeto de moderniza\u00e7\u00e3o de uma marca internacional de artigos para o lar, que originalmente utilizava potes de vidro redondos e comuns, a principal mudan\u00e7a foi a introdu\u00e7\u00e3o desses potes de vidro borossilicato quadrados com boca plana. Com a veda\u00e7\u00e3o aprimorada e a apresenta\u00e7\u00e3o mais atraente proporcionada pela estrutura de boca plana, a taxa de convers\u00e3o de clientes na categoria de armazenamento de cozinha na plataforma de e-commerce aumentou em cerca de 28% nos tr\u00eas meses seguintes ao lan\u00e7amento, e a taxa de recompra do conjunto completo de potes de armazenamento subiu quase 35%. Muitos consumidores finais mencionaram que o design de boca plana era mais conveniente para a limpeza e o empilhamento mais est\u00e1vel, fazendo com que esta s\u00e9rie se tornasse rapidamente o produto carro-chefe da marca a longo prazo, e o cliente foi motivado a fazer mais dois pedidos em grande quantidade dentro de seis meses.<\/p>\n<h2>Dicas de personaliza\u00e7\u00e3o<\/h2>\n<p>Os detalhes destes frascos de vidro borossilicato quadrados, com boca plana e feitos sob medida, podem ser alterados de forma flex\u00edvel, dependendo do mercado-alvo e do cen\u00e1rio de uso. Por exemplo, pode-se optar por um vidro borossilicato com maior transmit\u00e2ncia de luz e otimizar as dimens\u00f5es dos frascos para que as prateleiras de lojas de alimentos ou caixas de presente fiquem visualmente mais organizadas e atraentes; em rela\u00e7\u00e3o \u00e0 tampa, al\u00e9m da estrutura de boca plana, diversos materiais ou cores de an\u00e9is de veda\u00e7\u00e3o e tratamentos de superf\u00edcie da tampa podem ser alterados para proporcionar maior reconhecimento da marca.<\/p>","protected":false},"excerpt":{"rendered":"<p>Potes de vidro para atacado, fabricados com vidro borossilicato de alta qualidade. Esses potes de armazenamento s\u00e3o personaliz\u00e1veis \u200b\u200be vendidos em grandes quantidades para marcas e varejistas. Venda direta da f\u00e1brica!<\/p>","protected":false},"featured_media":3944,"template":"","meta":{"postBodyCss":"","postBodyMargin":[],"postBodyPadding":[],"postBodyBackground":{"backgroundType":"classic","gradient":""}},"product_brand":[],"product_cat":[15,17,61],"product_tag":[68,67,70,69],"class_list":{"0":"post-3939","1":"product","2":"type-product","3":"status-publish","4":"has-post-thumbnail","6":"product_cat-glass-containers","7":"product_cat-glass-jars","8":"product_cat-glass-jars-with-lids","9":"product_tag-borosilicate-glass-jars","10":"product_tag-candy-jars","11":"product_tag-seasoning-jars","12":"product_tag-storage-jars","14":"first","15":"instock","16":"shipping-taxable","17":"product-type-simple"},"jetpack_sharing_enabled":true,"_links":{"self":[{"href":"https:\/\/minghanggroup.com\/pt\/wp-json\/wp\/v2\/product\/3939","targetHints":{"allow":["GET"]}}],"collection":[{"href":"https:\/\/minghanggroup.com\/pt\/wp-json\/wp\/v2\/product"}],"about":[{"href":"https:\/\/minghanggroup.com\/pt\/wp-json\/wp\/v2\/types\/product"}],"wp:featuredmedia":[{"embeddable":true,"href":"https:\/\/minghanggroup.com\/pt\/wp-json\/wp\/v2\/media\/3944"}],"wp:attachment":[{"href":"https:\/\/minghanggroup.com\/pt\/wp-json\/wp\/v2\/media?parent=3939"}],"wp:term":[{"taxonomy":"product_brand","embeddable":true,"href":"https:\/\/minghanggroup.com\/pt\/wp-json\/wp\/v2\/product_brand?post=3939"},{"taxonomy":"product_cat","embeddable":true,"href":"https:\/\/minghanggroup.com\/pt\/wp-json\/wp\/v2\/product_cat?post=3939"},{"taxonomy":"product_tag","embeddable":true,"href":"https:\/\/minghanggroup.com\/pt\/wp-json\/wp\/v2\/product_tag?post=3939"}],"curies":[{"name":"wp","href":"https:\/\/api.w.org\/{rel}","templated":true}]}}