{"id":3938,"date":"2025-12-19T09:06:50","date_gmt":"2025-12-19T01:06:50","guid":{"rendered":"https:\/\/minghanggroup.com\/?post_type=product&#038;p=3938"},"modified":"2026-01-20T13:40:49","modified_gmt":"2026-01-20T05:40:49","slug":"clear-jars-with-wooden-lids-for-food-storage-bulk","status":"publish","type":"product","link":"https:\/\/minghanggroup.com\/pt\/produto\/clear-jars-with-wooden-lids-for-food-storage-bulk\/","title":{"rendered":"Potes transparentes de 250 ml a 1550 ml com tampas de madeira para armazenamento de alimentos a granel."},"content":{"rendered":"<p>Estes potes com tampas de madeira s\u00e3o fabricados em vidro borossilicato transparente. Para maior estabilidade, possuem bordas arredondadas e fundo ligeiramente elevado. Combinados com tampas em tom quente de madeira com textura natural, transformam os objetos mais comuns em um belo complemento para qualquer ambiente, al\u00e9m de armazen\u00e1-los.<\/p>\n<h2>Caracter\u00edsticas do produto<\/h2>\n<ul>\n<li><strong>Propriedades do vidro de borosilicato de alta qualidade:<\/strong> Os frascos s\u00e3o feitos de vidro borossilicato de alta qualidade, o que os torna resistentes a mudan\u00e7as de temperatura, inodoros e dur\u00e1veis, garantindo assim o armazenamento seguro de alimentos quentes e frios.<\/li>\n<li><strong>Design de tampa plana com textura de madeira:<\/strong> A tampa plana com textura natural de madeira, feita de uma \u00fanica pe\u00e7a, combina as caracter\u00edsticas de veda\u00e7\u00e3o com a est\u00e9tica, melhorando assim n\u00e3o s\u00f3 o visual da sua casa, como tamb\u00e9m permitindo abrir e fechar com facilidade.<\/li>\n<li><strong>Estabilidade da base elevada:<\/strong> O design com base arredondada e elevada contribui para a estabilidade, portanto, coloc\u00e1-las em mesas, arm\u00e1rios ou outros locais de exposi\u00e7\u00e3o n\u00e3o resultar\u00e1 em tombamento.<\/li>\n<\/ul>\n<h2 style=\"text-align: left;\">Especifica\u00e7\u00f5es principais<\/h2>\n<table class=\"aligncenter\" style=\"border-collapse: collapse; width: 494.27pt;\" border=\"0\" width=\"100%\" cellspacing=\"0\" cellpadding=\"0\">\n<tbody>\n<tr style=\"height: 13.50pt;\">\n<td style=\"height: 13.50pt; width: 150.00pt;\" width=\"200\" height=\"18\">Recurso<\/td>\n<td style=\"width: 344.25pt;\" width=\"459\">Detalhes<\/td>\n<\/tr>\n<tr style=\"height: 13.50pt;\">\n<td style=\"height: 13.50pt;\" height=\"18\">Capacidade<\/td>\n<td>250ml \/ 450ml \/ 750ml \/ 950ml \/ 1550ml<\/td>\n<\/tr>\n<tr style=\"height: 13.50pt;\">\n<td style=\"height: 13.50pt;\" height=\"18\">Dimens\u00f5es<\/td>\n<td>7\u00d79 cm \/ 10\u00d79 cm \/ 15\u00d79 cm \/ 19\u00d79 cm \/ 29.5\u00d79 cm<\/td>\n<\/tr>\n<tr style=\"height: 13.50pt;\">\n<td style=\"height: 13.50pt;\" height=\"18\">Material<\/td>\n<td>Vidro de borosilicato de alta qualidade<\/td>\n<\/tr>\n<tr style=\"height: 13.50pt;\">\n<td style=\"height: 13.50pt;\" height=\"18\">Tipo de tampa<\/td>\n<td>Tampa plana de madeira com textura de gr\u00e3o natural, encaixe rebaixado<\/td>\n<\/tr>\n<tr style=\"height: 13.50pt;\">\n<td style=\"height: 13.50pt;\" height=\"18\">Di\u00e2metro da tampa<\/td>\n<td>90 mm (padr\u00e3o em todos os tamanhos)<\/td>\n<\/tr>\n<tr style=\"height: 13.50pt;\">\n<td style=\"height: 13.50pt;\" height=\"18\">Vantagens do borosilicato<\/td>\n<td>Resiste ao choque t\u00e9rmico (\u0394T \u2265 150 \u00b0C), quimicamente inerte<\/td>\n<\/tr>\n<tr style=\"height: 13.50pt;\">\n<td style=\"height: 13.50pt;\" height=\"18\">Ideal para<\/td>\n<td>Potes com tampas de madeira, recipientes para armazenamento de alimentos com tampas.<\/td>\n<\/tr>\n<\/tbody>\n<\/table>\n<h2>Caso de Sucesso: A Hist\u00f3ria de Sucesso do Merchandising Visual de uma Rede de Varejo Aliment\u00edcia<\/h2>\n<p>Ao utilizar nossa linha completa de potes transparentes, uma rede de lojas de alimentos especiais melhorou a apresenta\u00e7\u00e3o visual de sua se\u00e7\u00e3o de produtos secos a granel, resultando em um pedido inicial de 8.000 unidades. O resultado foi excelente; os potes de vidro borossilicato s\u00e3o muito resistentes, reduzindo em 80% a quebra, principal causa de danos durante o manuseio e a limpeza. As tampas com textura de madeira oferecem uma veda\u00e7\u00e3o 60% mais duradoura para produtos como caf\u00e9 e especiarias. O design exclusivo com fundo arredondado torna o produto mais est\u00e1vel e reduz em at\u00e9 95% o risco de tombamento. O cliente ficou t\u00e3o satisfeito com o desempenho do produto que fez um novo pedido de 150.000 potes de vidro para toda a sua cadeia de embalagens.<\/p>\n<h2>Potes com tampas de madeira: possibilidades de personaliza\u00e7\u00e3o<\/h2>\n<ul>\n<li>Substituindo a tampa com acabamento em madeira por uma tampa s\u00f3lida de bambu, faia ou ac\u00e1cia.<\/li>\n<li>Grava\u00e7\u00e3o na tampa \u2013 Grava\u00e7\u00e3o a laser de logotipos, motivos ou textos do cliente na superf\u00edcie da tampa de madeira.<\/li>\n<li>Marca\u00e7\u00f5es degrad\u00ea impressas em serigrafia \u2013 Marca\u00e7\u00f5es de capacidade sutis e permanentes impressas na lateral do frasco.<\/li>\n<li>Base fosca \u2013 Um elegante acabamento fosco na base elevada, obtido por meio de um processo de jateamento de areia.<\/li>\n<li>An\u00e9is de veda\u00e7\u00e3o de silicone coloridos \u2013 Podem ser escolhidos entre uma variedade de cores de an\u00e9is de veda\u00e7\u00e3o internos de silicone de qualidade alimentar.<\/li>\n<\/ul>","protected":false},"excerpt":{"rendered":"<p>Potes premium com tampas de madeira, transparentes, feitos de vidro borossilicato cristalino, em diversos tamanhos, ideais para armazenar alimentos na despensa. Amostras gr\u00e1tis dispon\u00edveis.<\/p>","protected":false},"featured_media":3941,"template":"","meta":{"postBodyCss":"","postBodyMargin":[],"postBodyPadding":[],"postBodyBackground":{"backgroundType":"classic","gradient":""}},"product_brand":[],"product_cat":[15,17,61],"product_tag":[68,67,70,69],"class_list":{"0":"post-3938","1":"product","2":"type-product","3":"status-publish","4":"has-post-thumbnail","6":"product_cat-glass-containers","7":"product_cat-glass-jars","8":"product_cat-glass-jars-with-lids","9":"product_tag-borosilicate-glass-jars","10":"product_tag-candy-jars","11":"product_tag-seasoning-jars","12":"product_tag-storage-jars","14":"first","15":"instock","16":"shipping-taxable","17":"product-type-simple"},"jetpack_sharing_enabled":true,"_links":{"self":[{"href":"https:\/\/minghanggroup.com\/pt\/wp-json\/wp\/v2\/product\/3938","targetHints":{"allow":["GET"]}}],"collection":[{"href":"https:\/\/minghanggroup.com\/pt\/wp-json\/wp\/v2\/product"}],"about":[{"href":"https:\/\/minghanggroup.com\/pt\/wp-json\/wp\/v2\/types\/product"}],"wp:featuredmedia":[{"embeddable":true,"href":"https:\/\/minghanggroup.com\/pt\/wp-json\/wp\/v2\/media\/3941"}],"wp:attachment":[{"href":"https:\/\/minghanggroup.com\/pt\/wp-json\/wp\/v2\/media?parent=3938"}],"wp:term":[{"taxonomy":"product_brand","embeddable":true,"href":"https:\/\/minghanggroup.com\/pt\/wp-json\/wp\/v2\/product_brand?post=3938"},{"taxonomy":"product_cat","embeddable":true,"href":"https:\/\/minghanggroup.com\/pt\/wp-json\/wp\/v2\/product_cat?post=3938"},{"taxonomy":"product_tag","embeddable":true,"href":"https:\/\/minghanggroup.com\/pt\/wp-json\/wp\/v2\/product_tag?post=3938"}],"curies":[{"name":"wp","href":"https:\/\/api.w.org\/{rel}","templated":true}]}}