{"id":3932,"date":"2025-12-17T10:47:24","date_gmt":"2025-12-17T02:47:24","guid":{"rendered":"https:\/\/minghanggroup.com\/?post_type=product&#038;p=3932"},"modified":"2026-03-02T15:24:51","modified_gmt":"2026-03-02T07:24:51","slug":"square-borosilicate-large-glass-jars-with-lids-spoons-bulk","status":"publish","type":"product","link":"https:\/\/minghanggroup.com\/pt\/produto\/square-borosilicate-large-glass-jars-with-lids-spoons-bulk\/","title":{"rendered":"Potes de vidro borossilicato quadrados grandes de 800 ml a 1200 ml com tampas e colheres (em grande quantidade)"},"content":{"rendered":"<p>Potes de vidro grandes com tampa devem fazer mais do que apenas armazenar produtos \u2014 eles devem elevar a imagem da sua marca e proteger a qualidade do produto ao mesmo tempo. Fabricamos potes de vidro premium projetados para manter o conte\u00fado fresco, apresent\u00e1vel e pronto para exposi\u00e7\u00e3o, ajudando sua marca a se destacar nos competitivos mercados de varejo e atacado.<\/p>\n<h2>Caracter\u00edsticas do produto<\/h2>\n<ol>\n<li><strong>Armazenamento vers\u00e1til: <\/strong>Esses grandes potes de vidro quadrados com tampa armazenam de tudo, desde mel e molhos at\u00e9 gr\u00e3os de caf\u00e9 e produtos secos \u2014 perfeitos para qualquer solu\u00e7\u00e3o de armazenamento.<\/li>\n<li><strong>Durabilidade resistente ao calor: <\/strong>Fabricados em vidro borossilicato dur\u00e1vel, estes frascos de vidro resistentes ao calor suportam mudan\u00e7as de temperatura sem rachar \u2014 ideais para armazenar alimentos.<\/li>\n<li><strong>Design f\u00e1cil de usar: <\/strong>A boca larga e a colher inclu\u00edda facilitam o enchimento, a limpeza e o servi\u00e7o, atendendo \u00e0s suas necessidades di\u00e1rias de armazenamento.<\/li>\n<\/ol>\n<h2>Especifica\u00e7\u00f5es principais<\/h2>\n<table style=\"border-collapse: collapse; width: 80%; margin-left: auto; margin-right: auto;\" border=\"0\" width=\"360\" cellspacing=\"0\" cellpadding=\"0\">\n<tbody>\n<tr style=\"height: 13.50pt;\">\n<td style=\"height: 13.5pt; width: 54pt; text-align: center;\" width=\"72\" height=\"18\">Capacidade (ml)<\/td>\n<td style=\"width: 54pt; text-align: center;\" width=\"72\">Tamanho (cm)<\/td>\n<td style=\"width: 54.00pt;\" width=\"72\">Material<\/td>\n<td style=\"width: 54.00pt;\" width=\"72\">Caracter\u00edsticas<\/td>\n<td style=\"width: 54.00pt;\" width=\"72\">Di\u00e2metro<\/td>\n<\/tr>\n<tr style=\"height: 13.50pt;\">\n<td style=\"height: 13.5pt; text-align: center;\" height=\"18\">800<\/td>\n<td style=\"text-align: center;\">10 x 10 x 13<\/td>\n<td class=\"et2\" rowspan=\"3\">Vidro borossilicato<\/td>\n<td class=\"et2\" rowspan=\"3\">Quadrado, com colher<\/td>\n<td class=\"et2\" rowspan=\"3\">100 mm<\/td>\n<\/tr>\n<tr style=\"height: 13.50pt;\">\n<td style=\"height: 13.5pt; text-align: center;\" height=\"18\">1000 (1 qt)<\/td>\n<td style=\"text-align: center;\">10 x 10 x 16<\/td>\n<\/tr>\n<tr style=\"height: 13.50pt;\">\n<td style=\"height: 13.5pt; text-align: center;\" height=\"18\">1200 (40 oz)<\/td>\n<td style=\"text-align: center;\">10 x 10 x 19<\/td>\n<\/tr>\n<\/tbody>\n<\/table>\n<h2>Caso de sucesso<\/h2>\n<p>Ap\u00f3s uma varejista europeia de artigos para o lar lan\u00e7ar esses grandes potes de vidro borossilicato quadrados e com tampa, eles foram destacados como item principal de exposi\u00e7\u00e3o para gr\u00e3os de caf\u00e9 e produtos secos. A linha experimentou um aumento substancial nas taxas de convers\u00e3o, tanto em lojas f\u00edsicas quanto online, devido ao vidro borossilicato transparente, \u00e0 tampa de bambu padr\u00e3o de 100 mm e ao design diferenciado que inclu\u00eda uma colher de madeira embutida.<\/p>\n<p>No terceiro m\u00eas ap\u00f3s o lan\u00e7amento, as vendas desse tipo de pote de armazenamento aumentaram cerca de 38% em rela\u00e7\u00e3o ao ano anterior, e o cliente fez dois pedidos adicionais ap\u00f3s a conclus\u00e3o do primeiro.<\/p>\n<h2>Dicas de personaliza\u00e7\u00e3o<\/h2>\n<p>Esses grandes potes de vidro, feitos de vidro borossilicato de alta qualidade, podem ser personalizados com flexibilidade, alterando a capacidade e ajustando a altura de acordo com o posicionamento do mercado-alvo, permitindo o uso de diferentes conte\u00fados, como gr\u00e3os de caf\u00e9, folhas de ch\u00e1 e outros tipos de gr\u00e3os. Al\u00e9m disso, diversas texturas de bambu ou acabamentos podem ser escolhidos para a tampa de 100 mm, refor\u00e7ando a identidade visual da marca. O corpo do pote pode ter uma \u00e1rea reservada para serigrafia ou marca\u00e7\u00e3o a laser, aumentando a visibilidade da marca, e o comprimento do cabo da colher e o m\u00e9todo de fixa\u00e7\u00e3o podem ser adaptados \u00e0 frequ\u00eancia de uso nos canais de varejo ou alimenta\u00e7\u00e3o, otimizando o uso em cada ocasi\u00e3o. Dessa forma, \u00e9 poss\u00edvel alcan\u00e7ar um n\u00edvel mais elevado de diferencia\u00e7\u00e3o do produto na exposi\u00e7\u00e3o e uma melhor efic\u00e1cia visual, mantendo a funcionalidade intacta.<\/p>","protected":false},"excerpt":{"rendered":"<p>Potes de vidro grandes com tampas, fabricados em vidro borossilicato de alta qualidade. Fabricante de f\u00e1brica que oferece personaliza\u00e7\u00e3o e venda por atacado para solu\u00e7\u00f5es de armazenamento de cozinha. Amostra gr\u00e1tis.<\/p>","protected":false},"featured_media":3933,"template":"","meta":{"postBodyCss":"","postBodyMargin":[],"postBodyPadding":[],"postBodyBackground":{"backgroundType":"classic","gradient":""}},"product_brand":[],"product_cat":[15,17,61],"product_tag":[68,67,100,70,69],"class_list":{"0":"post-3932","1":"product","2":"type-product","3":"status-publish","4":"has-post-thumbnail","6":"product_cat-glass-containers","7":"product_cat-glass-jars","8":"product_cat-glass-jars-with-lids","9":"product_tag-borosilicate-glass-jars","10":"product_tag-candy-jars","11":"product_tag-glass-coffee-jars","12":"product_tag-seasoning-jars","13":"product_tag-storage-jars","15":"first","16":"instock","17":"shipping-taxable","18":"product-type-simple"},"jetpack_sharing_enabled":true,"_links":{"self":[{"href":"https:\/\/minghanggroup.com\/pt\/wp-json\/wp\/v2\/product\/3932","targetHints":{"allow":["GET"]}}],"collection":[{"href":"https:\/\/minghanggroup.com\/pt\/wp-json\/wp\/v2\/product"}],"about":[{"href":"https:\/\/minghanggroup.com\/pt\/wp-json\/wp\/v2\/types\/product"}],"wp:featuredmedia":[{"embeddable":true,"href":"https:\/\/minghanggroup.com\/pt\/wp-json\/wp\/v2\/media\/3933"}],"wp:attachment":[{"href":"https:\/\/minghanggroup.com\/pt\/wp-json\/wp\/v2\/media?parent=3932"}],"wp:term":[{"taxonomy":"product_brand","embeddable":true,"href":"https:\/\/minghanggroup.com\/pt\/wp-json\/wp\/v2\/product_brand?post=3932"},{"taxonomy":"product_cat","embeddable":true,"href":"https:\/\/minghanggroup.com\/pt\/wp-json\/wp\/v2\/product_cat?post=3932"},{"taxonomy":"product_tag","embeddable":true,"href":"https:\/\/minghanggroup.com\/pt\/wp-json\/wp\/v2\/product_tag?post=3932"}],"curies":[{"name":"wp","href":"https:\/\/api.w.org\/{rel}","templated":true}]}}