{"id":3922,"date":"2025-12-15T11:39:10","date_gmt":"2025-12-15T03:39:10","guid":{"rendered":"https:\/\/minghanggroup.com\/?post_type=product&#038;p=3922"},"modified":"2025-12-16T11:44:42","modified_gmt":"2025-12-16T03:44:42","slug":"wide-mouth-glass-empty-water-bottles-for-drinking-bulk","status":"publish","type":"product","link":"https:\/\/minghanggroup.com\/pt\/produto\/wide-mouth-glass-empty-water-bottles-for-drinking-bulk\/","title":{"rendered":"Garrafas de vidro vazias de 550ml com boca larga para \u00e1gua, ideais para consumo em grande quantidade."},"content":{"rendered":"<p>Pare de usar garrafas pl\u00e1sticas que rasgam facilmente e d\u00e3o uma apar\u00eancia barata \u00e0 sua marca. Produzimos garrafas de \u00e1gua de alta qualidade que n\u00e3o s\u00f3 mant\u00eam sua hidrata\u00e7\u00e3o, como tamb\u00e9m destacam sua marca. Essas garrafas de \u00e1gua vazias personalizadas s\u00e3o a melhor escolha para voc\u00ea alcan\u00e7ar o sucesso no atacado.<\/p>\n<h2>Caracter\u00edsticas do produto<\/h2>\n<ol>\n<li><strong>Praticidade da boca larga: <\/strong>A boca larga de 38 mm permite encher, limpar e adicionar frutas ou folhas de ch\u00e1 \u00e0 sua \u00e1gua num instante, para a sua ingest\u00e3o di\u00e1ria de \u00e1gua.<\/li>\n<li><strong>Vidro de borosilicato dur\u00e1vel: <\/strong>O produto \u00e9 feito de vidro borossilicato dur\u00e1vel, que pode ser lavado na m\u00e1quina de lavar lou\u00e7a, congelado e \u00e9 resistente a choques t\u00e9rmicos \u2014 n\u00e3o haver\u00e1 mais vazamentos ou quebras.<\/li>\n<li><strong>Design elegante e minimalista: <\/strong>O design minimalista e reto preserva o frescor da \u00e1gua e, ao mesmo tempo, permite que voc\u00ea veja o que est\u00e1 dentro.<\/li>\n<li><strong>Tampa de a\u00e7o inoxid\u00e1vel: <\/strong>A tampa herm\u00e9tica de a\u00e7o inoxid\u00e1vel \u00e9 o que mant\u00e9m sua bebida segura, tornando-a f\u00e1cil de transportar e \u00e0 prova de vazamentos.<\/li>\n<\/ol>\n<h2>Especifica\u00e7\u00f5es principais<\/h2>\n<table style=\"border-collapse: collapse; width: 80%; margin-left: auto; margin-right: auto;\" border=\"0\" width=\"360\" cellspacing=\"0\" cellpadding=\"0\">\n<tbody>\n<tr style=\"height: 13.50pt;\">\n<td style=\"height: 13.5pt; width: 54pt; text-align: center;\" width=\"72\" height=\"18\">Capacidade<\/td>\n<td style=\"width: 54pt; text-align: center;\" width=\"72\">Tamanho (cm)<\/td>\n<td style=\"width: 54pt; text-align: center;\" width=\"72\">Di\u00e2metro<\/td>\n<td style=\"width: 54pt; text-align: center;\" width=\"72\">Material<\/td>\n<td style=\"width: 54pt; text-align: center;\" width=\"72\">Cor<\/td>\n<\/tr>\n<tr style=\"height: 13.50pt;\">\n<td style=\"height: 13.5pt; text-align: center;\" height=\"18\">550ml<\/td>\n<td style=\"text-align: center;\">6,6\u00d722,3<\/td>\n<td style=\"text-align: center;\">38 mm<\/td>\n<td style=\"text-align: center;\">Borossilicato<\/td>\n<td style=\"text-align: center;\">Transparente ou personalizado<\/td>\n<\/tr>\n<\/tbody>\n<\/table>\n<h2>Caso de sucesso<\/h2>\n<p>Uma empresa local de bebidas decidiu que estas garrafas de \u00e1gua com boca larga seriam a melhor embalagem para apresentar sua linha de caf\u00e9 gelado e ch\u00e1s de ervas. O design de boca larga facilitou muito o enchimento, e o corpo robusto e pesado da garrafa ajudou a reduzir consideravelmente as quebras durante o transporte e na loja. Al\u00e9m disso, o vidro transparente permitiu visualizar a cor e os ingredientes do produto, o que \u00e9 uma \u00f3tima maneira de atrair clientes na loja.<\/p>\n<p>Ap\u00f3s o lan\u00e7amento do produto no mercado, o fluxo de clientes nas lojas aumentou e os pedidos repetidos continuaram chegando.<\/p>\n<h2>Dicas de personaliza\u00e7\u00e3o<\/h2>\n<p>Ao personalizar estas garrafas de \u00e1gua com abertura larga, voc\u00ea tem a op\u00e7\u00e3o de escolher tampas de rosca de metal, tampas de pl\u00e1stico ou tampas de veda\u00e7\u00e3o de silicone, adequadas para beber diretamente, transportar ou armazenar a garrafa. O corpo da garrafa pode ser personalizado com impress\u00e3o serigr\u00e1fica, rotulagem ou acabamento fosco para refor\u00e7ar a marca, e pode ser acompanhado por diversos acess\u00f3rios, como infusores de ch\u00e1, canudos ou capas protetoras.<\/p>","protected":false},"excerpt":{"rendered":"<p>Garrafas de \u00e1gua vazias, feitas de vidro transparente, ideais para envase de bebidas. Fabricante de f\u00e1brica que oferece personaliza\u00e7\u00e3o e venda por atacado de garrafas de \u00e1gua pot\u00e1vel.<\/p>","protected":false},"featured_media":3924,"template":"","meta":{"postBodyCss":"","postBodyMargin":[],"postBodyPadding":[],"postBodyBackground":{"backgroundType":"classic","gradient":""}},"product_brand":[],"product_cat":[15,16,60],"product_tag":[],"class_list":{"0":"post-3922","1":"product","2":"type-product","3":"status-publish","4":"has-post-thumbnail","6":"product_cat-glass-containers","7":"product_cat-glass-bottles","8":"product_cat-water-bottles","10":"first","11":"instock","12":"shipping-taxable","13":"product-type-simple"},"jetpack_sharing_enabled":true,"_links":{"self":[{"href":"https:\/\/minghanggroup.com\/pt\/wp-json\/wp\/v2\/product\/3922","targetHints":{"allow":["GET"]}}],"collection":[{"href":"https:\/\/minghanggroup.com\/pt\/wp-json\/wp\/v2\/product"}],"about":[{"href":"https:\/\/minghanggroup.com\/pt\/wp-json\/wp\/v2\/types\/product"}],"wp:featuredmedia":[{"embeddable":true,"href":"https:\/\/minghanggroup.com\/pt\/wp-json\/wp\/v2\/media\/3924"}],"wp:attachment":[{"href":"https:\/\/minghanggroup.com\/pt\/wp-json\/wp\/v2\/media?parent=3922"}],"wp:term":[{"taxonomy":"product_brand","embeddable":true,"href":"https:\/\/minghanggroup.com\/pt\/wp-json\/wp\/v2\/product_brand?post=3922"},{"taxonomy":"product_cat","embeddable":true,"href":"https:\/\/minghanggroup.com\/pt\/wp-json\/wp\/v2\/product_cat?post=3922"},{"taxonomy":"product_tag","embeddable":true,"href":"https:\/\/minghanggroup.com\/pt\/wp-json\/wp\/v2\/product_tag?post=3922"}],"curies":[{"name":"wp","href":"https:\/\/api.w.org\/{rel}","templated":true}]}}