{"id":3916,"date":"2025-12-12T09:23:52","date_gmt":"2025-12-12T01:23:52","guid":{"rendered":"https:\/\/minghanggroup.com\/?post_type=product&#038;p=3916"},"modified":"2026-01-20T13:49:27","modified_gmt":"2026-01-20T05:49:27","slug":"empty-cylinder-small-glass-storage-jars-with-lids-bulk","status":"publish","type":"product","link":"https:\/\/minghanggroup.com\/pt\/produto\/empty-cylinder-small-glass-storage-jars-with-lids-bulk\/","title":{"rendered":"Potes de vidro pequenos e vazios para armazenamento, com tampas, nos tamanhos 45ml, 60ml, 100ml e 130ml (em grande quantidade)."},"content":{"rendered":"<p>Estes elegantes e simples potes de vidro para armazenamento, com tampas, s\u00e3o feitos de vidro transparente de alta qualidade e t\u00eam formato cil\u00edndrico. Gra\u00e7as ao seu design compacto e veda\u00e7\u00e3o herm\u00e9tica, s\u00e3o uma solu\u00e7\u00e3o ideal para guardar pequenos objetos de diferentes tipos, mantendo-os organizados.<\/p>\n<h2>Caracter\u00edsticas do produto<\/h2>\n<ul>\n<li><strong>Formato cil\u00edndrico fino:<\/strong> A combina\u00e7\u00e3o do vidro transparente com o formato cil\u00edndrico fino permite visualizar eficazmente o espa\u00e7o de armazenamento, proporcionando uma vis\u00e3o imediata do conte\u00fado.<\/li>\n<li><strong>Design de veda\u00e7\u00e3o por encaixe:<\/strong> A tampa met\u00e1lica de encaixe garante uma veda\u00e7\u00e3o perfeita, por isso \u00e9 uma boa ideia armazenar pequenas quantidades de l\u00edquidos e produtos secos.<\/li>\n<li><strong>Diversas capacidades dispon\u00edveis:<\/strong> Diferentes necessidades de armazenamento podem ser atendidas com quatro op\u00e7\u00f5es de capacidade distintas.<\/li>\n<\/ul>\n<h2 style=\"text-align: left;\">Especifica\u00e7\u00f5es principais<\/h2>\n<table class=\"aligncenter\" style=\"border-collapse: collapse; width: 413.27pt;\" border=\"0\" width=\"551\" cellspacing=\"0\" cellpadding=\"0\">\n<tbody>\n<tr style=\"height: 13.50pt;\">\n<td style=\"height: 13.50pt; width: 86.25pt;\" width=\"115\" height=\"18\">Especifica\u00e7\u00e3o<\/td>\n<td style=\"width: 327.00pt;\" width=\"436\">Detalhes<\/td>\n<\/tr>\n<tr style=\"height: 13.50pt;\">\n<td style=\"height: 13.50pt;\" height=\"18\">Capacidade<\/td>\n<td>45ml \/ 60ml \/ 100ml \/ 130ml<\/td>\n<\/tr>\n<tr style=\"height: 13.50pt;\">\n<td style=\"height: 13.50pt;\" height=\"18\">Dimens\u00f5es<\/td>\n<td>4.5\u00d76.5cm \/ 4.4\u00d78.5cm \/ 4.4\u00d710.8cm \/ 4.4\u00d713.2cm<\/td>\n<\/tr>\n<tr style=\"height: 13.50pt;\">\n<td style=\"height: 13.50pt;\" height=\"18\">Material<\/td>\n<td>Vidro transparente<\/td>\n<\/tr>\n<tr style=\"height: 13.50pt;\">\n<td style=\"height: 13.50pt;\" height=\"18\">Formato de jarro<\/td>\n<td>Cilindro fino<\/td>\n<\/tr>\n<tr style=\"height: 13.50pt;\">\n<td style=\"height: 13.50pt;\" height=\"18\">Tipo de tampa<\/td>\n<td>Tampa com fecho de metal e al\u00e7a de arame<\/td>\n<\/tr>\n<tr style=\"height: 13.50pt;\">\n<td style=\"height: 13.50pt;\" height=\"18\">Ideal para<\/td>\n<td>Potes de vidro pequenos para armazenamento, pote de vidro com tampa herm\u00e9tica.<\/td>\n<\/tr>\n<\/tbody>\n<\/table>\n<h2>Caso de Sucesso: A Hist\u00f3ria de Sucesso da Embalagem de uma Marca de Ch\u00e1<\/h2>\n<p>A marca de ch\u00e1 precisava de uma embalagem elegante para a nova linha de amostras lan\u00e7ada. Nosso pequeno pote de vidro de 100ml com tampa foi a escolha ideal. Consequentemente, a boa veda\u00e7\u00e3o aumentou a vida \u00fatil do produto em 60% em compara\u00e7\u00e3o com a embalagem antiga. O design compacto economizou 35% do espa\u00e7o de exposi\u00e7\u00e3o, aumentando a variedade de produtos em 50%. Para dar continuidade a esse sucesso, eles fizeram um pedido de mais 300.000 unidades dos potes de vidro para mercados internacionais.<\/p>\n<h2>Pote de vidro para armazenamento com tampa - Op\u00e7\u00f5es de personaliza\u00e7\u00e3o<\/h2>\n<ul>\n<li>Serigrafia com logotipo da marca \u2013 Logotipo da marca impresso com tinta cer\u00e2mica de longa dura\u00e7\u00e3o.<\/li>\n<li>Marca\u00e7\u00f5es de capacidade em relevo \u2013 Pequenas e delicadas linhas em relevo s\u00e3o adicionadas \u00e0 escala.<\/li>\n<li>Op\u00e7\u00f5es de vidro colorido \u2013 Dispon\u00edvel em vidro \u00e2mbar ou azul cobalto.<\/li>\n<li>Acabamento fosco \u2013 Cria linhas elegantes com efeito fosco.<\/li>\n<\/ul>","protected":false},"excerpt":{"rendered":"<p>Descubra nossos potes de vidro com tampa e potes de vidro menores, projetados para uma organiza\u00e7\u00e3o pr\u00e1tica e compacta. Perfeitos para l\u00edquidos ou temperos, com entrega r\u00e1pida.<\/p>","protected":false},"featured_media":3917,"template":"","meta":{"postBodyCss":"","postBodyMargin":[],"postBodyPadding":[],"postBodyBackground":{"backgroundType":"classic","gradient":""}},"product_brand":[],"product_cat":[15,17,59],"product_tag":[66],"class_list":{"0":"post-3916","1":"product","2":"type-product","3":"status-publish","4":"has-post-thumbnail","6":"product_cat-glass-containers","7":"product_cat-glass-jars","8":"product_cat-glass-storage-jars","9":"product_tag-swing-top-jars","11":"first","12":"instock","13":"shipping-taxable","14":"product-type-simple"},"jetpack_sharing_enabled":true,"_links":{"self":[{"href":"https:\/\/minghanggroup.com\/pt\/wp-json\/wp\/v2\/product\/3916","targetHints":{"allow":["GET"]}}],"collection":[{"href":"https:\/\/minghanggroup.com\/pt\/wp-json\/wp\/v2\/product"}],"about":[{"href":"https:\/\/minghanggroup.com\/pt\/wp-json\/wp\/v2\/types\/product"}],"wp:featuredmedia":[{"embeddable":true,"href":"https:\/\/minghanggroup.com\/pt\/wp-json\/wp\/v2\/media\/3917"}],"wp:attachment":[{"href":"https:\/\/minghanggroup.com\/pt\/wp-json\/wp\/v2\/media?parent=3916"}],"wp:term":[{"taxonomy":"product_brand","embeddable":true,"href":"https:\/\/minghanggroup.com\/pt\/wp-json\/wp\/v2\/product_brand?post=3916"},{"taxonomy":"product_cat","embeddable":true,"href":"https:\/\/minghanggroup.com\/pt\/wp-json\/wp\/v2\/product_cat?post=3916"},{"taxonomy":"product_tag","embeddable":true,"href":"https:\/\/minghanggroup.com\/pt\/wp-json\/wp\/v2\/product_tag?post=3916"}],"curies":[{"name":"wp","href":"https:\/\/api.w.org\/{rel}","templated":true}]}}