{"id":3910,"date":"2025-12-11T17:42:38","date_gmt":"2025-12-11T09:42:38","guid":{"rendered":"https:\/\/minghanggroup.com\/?post_type=product&#038;p=3910"},"modified":"2026-01-20T13:49:41","modified_gmt":"2026-01-20T05:49:41","slug":"empty-large-glass-food-storage-jars-with-lids-bulk","status":"publish","type":"product","link":"https:\/\/minghanggroup.com\/pt\/produto\/empty-large-glass-food-storage-jars-with-lids-bulk\/","title":{"rendered":"Potes de vidro vazios para armazenamento de alimentos, tamanhos 50 oz, 64 oz e 100 oz, com tampas, em grandes quantidades."},"content":{"rendered":"<p>Estes grandes potes de vidro para armazenamento de alimentos apresentam um formato alto e quadrado com cantos suaves, arredondados e refinados. As tampas de metal com encaixe, juntamente com um anel de veda\u00e7\u00e3o em tela, proporcionam uma veda\u00e7\u00e3o \u00e0 prova de vazamentos.<\/p>\n<h2>Caracter\u00edsticas do produto<\/h2>\n<ul>\n<li><strong>Grande capacidade:<\/strong> Esses potes est\u00e3o dispon\u00edveis em tamanhos que variam de 1,5 litros a 3 litros e, portanto, podem armazenar uma grande quantidade de itens, minimizando a desordem.<\/li>\n<li><strong>Design de veda\u00e7\u00e3o por encaixe:<\/strong> A boa veda\u00e7\u00e3o \u00e9 garantida pelas tampas de metal com encaixe, impedindo a entrada de umidade e mantendo o frescor.<\/li>\n<li><strong>Est\u00e1vel e empilh\u00e1vel:<\/strong> Por terem formato quadrado, os potes podem ser empilhados pr\u00f3ximos uns dos outros ou dispostos em fila, o que garante uma base est\u00e1vel e uma alta capacidade de suportar peso.<\/li>\n<\/ul>\n<h2 style=\"text-align: left;\">Especifica\u00e7\u00f5es principais<\/h2>\n<table class=\"aligncenter\" style=\"border-collapse: collapse; width: 413.27pt;\" border=\"0\" width=\"551\" cellspacing=\"0\" cellpadding=\"0\">\n<tbody>\n<tr style=\"height: 13.50pt;\">\n<td style=\"height: 13.50pt; width: 86.25pt;\" width=\"115\" height=\"18\">Especifica\u00e7\u00e3o<\/td>\n<td style=\"width: 327.00pt;\" width=\"436\">Detalhes<\/td>\n<\/tr>\n<tr style=\"height: 13.50pt;\">\n<td style=\"height: 13.50pt;\" height=\"18\">Capacidade<\/td>\n<td>1500ml (50oz) \/ 2000ml (64oz) \/ 3000ml (100oz)<\/td>\n<\/tr>\n<tr style=\"height: 13.50pt;\">\n<td style=\"height: 13.50pt;\" height=\"18\">Dimens\u00f5es<\/td>\n<td>11,4\u00d715cm \/ 11,4\u00d719,5cm \/ 11,4\u00d725,8cm<\/td>\n<\/tr>\n<tr style=\"height: 13.50pt;\">\n<td style=\"height: 13.50pt;\" height=\"18\">Material<\/td>\n<td>Vidro grosso e transparente<\/td>\n<\/tr>\n<tr style=\"height: 13.50pt;\">\n<td style=\"height: 13.50pt;\" height=\"18\">Formato de jarro<\/td>\n<td>Quadrado alto com cantos arredondados<\/td>\n<\/tr>\n<tr style=\"height: 13.50pt;\">\n<td style=\"height: 13.50pt;\" height=\"18\">Tipo de tampa<\/td>\n<td>Tampa com fecho de metal e al\u00e7a de arame<\/td>\n<\/tr>\n<tr style=\"height: 13.50pt;\">\n<td style=\"height: 13.50pt;\" height=\"18\">Ideal para<\/td>\n<td>Potes de vidro grandes para armazenar alimentos, potes de vidro para armazenar alimentos<\/td>\n<\/tr>\n<\/tbody>\n<\/table>\n<h2>Caso de sucesso: Uma revolu\u00e7\u00e3o no armazenamento para uma padaria comercial<\/h2>\n<p>O armazenamento em grande quantidade dos ingredientes para panifica\u00e7\u00e3o era um desafio para uma grande padaria. Para armazenar farinha, a\u00e7\u00facar e gr\u00e3os, eles optaram por nossos potes de vidro para alimentos com tampa, de 3 litros e grande capacidade. As tampas herm\u00e9ticas n\u00e3o s\u00f3 prolongaram a vida \u00fatil dos ingredientes em 50%, como tamb\u00e9m reduziram o desperd\u00edcio em 40%. O formato quadrado dos recipientes resultou em um aumento de 35% no espa\u00e7o de armazenamento na mesma \u00e1rea, otimizando assim o layout da cozinha. Ap\u00f3s constatarem os resultados, fizeram um novo pedido de quatrocentos mil potes de vidro para serem utilizados em todas as suas lojas.<\/p>\n<h2>Op\u00e7\u00f5es personaliz\u00e1veis \u200b\u200bpara grandes potes de vidro para armazenamento de alimentos<\/h2>\n<ul>\n<li>Marca\u00e7\u00f5es de volume impressas em serigrafia \u2013 Isso adiciona indicadores de medida que facilitam o controle das por\u00e7\u00f5es.<\/li>\n<li>Painel decorativo fosco \u2013 Acabamento gravado a \u00e1cido que confere um elegante efeito mate.<\/li>\n<li>Acabamento personalizado da bra\u00e7adeira \u2013 Pode ser em qualquer uma das v\u00e1rias tonalidades met\u00e1licas dispon\u00edveis.<\/li>\n<li>Design com fundo refor\u00e7ado \u2013 A parte inferior do frasco, feita de vidro, \u00e9 mais espessa para suportar itens mais pesados.<\/li>\n<li>Al\u00e7a de pe\u00e7a \u00fanica \u2013 A al\u00e7a \u00e9 feita do mesmo molde que o copo e serve para facilitar o manuseio.<\/li>\n<\/ul>","protected":false},"excerpt":{"rendered":"<p>Descubra potes de vidro grandes para armazenamento de alimentos e potes de vidro com tampa, projetados para cozinhas modernas e organizadas. Dur\u00e1veis, herm\u00e9ticos e com entrega r\u00e1pida.<\/p>","protected":false},"featured_media":3915,"template":"","meta":{"postBodyCss":"","postBodyMargin":[],"postBodyPadding":[],"postBodyBackground":{"backgroundType":"classic","gradient":""}},"product_brand":[],"product_cat":[15,17,59],"product_tag":[66],"class_list":{"0":"post-3910","1":"product","2":"type-product","3":"status-publish","4":"has-post-thumbnail","6":"product_cat-glass-containers","7":"product_cat-glass-jars","8":"product_cat-glass-storage-jars","9":"product_tag-swing-top-jars","11":"first","12":"instock","13":"shipping-taxable","14":"product-type-simple"},"jetpack_sharing_enabled":true,"_links":{"self":[{"href":"https:\/\/minghanggroup.com\/pt\/wp-json\/wp\/v2\/product\/3910","targetHints":{"allow":["GET"]}}],"collection":[{"href":"https:\/\/minghanggroup.com\/pt\/wp-json\/wp\/v2\/product"}],"about":[{"href":"https:\/\/minghanggroup.com\/pt\/wp-json\/wp\/v2\/types\/product"}],"wp:featuredmedia":[{"embeddable":true,"href":"https:\/\/minghanggroup.com\/pt\/wp-json\/wp\/v2\/media\/3915"}],"wp:attachment":[{"href":"https:\/\/minghanggroup.com\/pt\/wp-json\/wp\/v2\/media?parent=3910"}],"wp:term":[{"taxonomy":"product_brand","embeddable":true,"href":"https:\/\/minghanggroup.com\/pt\/wp-json\/wp\/v2\/product_brand?post=3910"},{"taxonomy":"product_cat","embeddable":true,"href":"https:\/\/minghanggroup.com\/pt\/wp-json\/wp\/v2\/product_cat?post=3910"},{"taxonomy":"product_tag","embeddable":true,"href":"https:\/\/minghanggroup.com\/pt\/wp-json\/wp\/v2\/product_tag?post=3910"}],"curies":[{"name":"wp","href":"https:\/\/api.w.org\/{rel}","templated":true}]}}