{"id":3905,"date":"2025-12-11T17:25:03","date_gmt":"2025-12-11T09:25:03","guid":{"rendered":"https:\/\/minghanggroup.com\/?post_type=product&#038;p=3905"},"modified":"2026-01-20T13:49:49","modified_gmt":"2026-01-20T05:49:49","slug":"small-square-glass-storage-jars-with-airtight-lids-bulk","status":"publish","type":"product","link":"https:\/\/minghanggroup.com\/pt\/produto\/small-square-glass-storage-jars-with-airtight-lids-bulk\/","title":{"rendered":"Potes de vidro quadrados pequenos para armazenamento, com tampas herm\u00e9ticas, de 380 ml, 500 ml, 750 ml e 1000 ml (em grande quantidade)."},"content":{"rendered":"<p>Esses potes de vidro quadrados s\u00e3o feitos de vidro transparente e, se voc\u00ea j\u00e1 viu recipientes semelhantes, provavelmente todos t\u00eam um sistema de fechamento com trava met\u00e1lica. Por serem transparentes, n\u00e3o \u00e9 preciso abrir o pote para verificar se h\u00e1 comida ou bebida suficiente. Assim, os petiscos, condimentos ou pequenos objetos podem ser vistos facilmente.<\/p>\n<h2>Caracter\u00edsticas do produto<\/h2>\n<ul>\n<li><strong>Formato quadrado e quadrado forte:<\/strong> O vidro transparente local e o formato quadrado e compacto s\u00e3o perfeitos para uma disposi\u00e7\u00e3o pr\u00f3xima, o que, por sua vez, economiza mais espa\u00e7o na prateleira do que potes redondos.<\/li>\n<li><strong>Design com fecho de press\u00e3o:<\/strong> Os tr\u00eas an\u00e9is de veda\u00e7\u00e3o de borracha s\u00e3o espessos para proporcionar uma excelente veda\u00e7\u00e3o contra umidade e vazamentos.<\/li>\n<li><strong>Design de empilhamento:<\/strong> Devido ao formato regular e \u00e0 sua superf\u00edcie plana, podem ser empilhadas com grande estabilidade.<\/li>\n<\/ul>\n<h2 style=\"text-align: left;\">Especifica\u00e7\u00f5es principais<\/h2>\n<table class=\"aligncenter\" style=\"border-collapse: collapse; width: 384.02pt;\" border=\"0\" width=\"512\" cellspacing=\"0\" cellpadding=\"0\">\n<tbody>\n<tr style=\"height: 13.50pt;\">\n<td style=\"height: 13.50pt; width: 86.25pt;\" width=\"115\" height=\"18\">Especifica\u00e7\u00e3o<\/td>\n<td style=\"width: 297.75pt;\" width=\"397\">Detalhes<\/td>\n<\/tr>\n<tr style=\"height: 13.50pt;\">\n<td style=\"height: 13.50pt;\" height=\"18\">Capacidade<\/td>\n<td>380ml \/ 500ml \/ 750ml \/ 1000ml<\/td>\n<\/tr>\n<tr style=\"height: 13.50pt;\">\n<td style=\"height: 13.50pt;\" height=\"18\">Dimens\u00f5es<\/td>\n<td>8,7\u00d710cm \/ 10,8\u00d710cm \/ 11\u00d712,3cm \/ 11,3\u00d715cm<\/td>\n<\/tr>\n<tr style=\"height: 13.50pt;\">\n<td style=\"height: 13.50pt;\" height=\"18\">Material<\/td>\n<td>Vidro transparente<\/td>\n<\/tr>\n<tr style=\"height: 13.50pt;\">\n<td style=\"height: 13.50pt;\" height=\"18\">Tipo de tampa<\/td>\n<td>Tampa com fecho de metal e al\u00e7a de arame<\/td>\n<\/tr>\n<tr style=\"height: 13.50pt;\">\n<td style=\"height: 13.50pt;\" height=\"18\">Ideal para<\/td>\n<td>Potes de vidro com tampa herm\u00e9tica, potes de vidro para armazenamento.<\/td>\n<\/tr>\n<\/tbody>\n<\/table>\n<h2>Caso de sucesso: a renova\u00e7\u00e3o do armaz\u00e9m de um supermercado gourmet.<\/h2>\n<p>Um supermercado especializado em alimentos precisava de um sistema de organiza\u00e7\u00e3o superior para sua se\u00e7\u00e3o de produtos a granel. Por isso, escolheram nossos potes de vidro quadrados de 750 ml com tampas herm\u00e9ticas para armazenar cereais, massas e frutas secas. As tampas herm\u00e9ticas foram respons\u00e1veis \u200b\u200bpor um aumento de 40% na vida \u00fatil dos produtos e uma redu\u00e7\u00e3o de 60% no desperd\u00edcio. Os clientes conseguiam identificar facilmente os itens dentro dos potes atrav\u00e9s do vidro transparente, o que levou a um aumento de 35% na velocidade de compra. Levando em considera\u00e7\u00e3o esses resultados, fizeram um novo pedido de 2.500.000 potes para expandir sua se\u00e7\u00e3o de produtos a granel.<\/p>\n<h2>Op\u00e7\u00f5es de personaliza\u00e7\u00e3o para potes de vidro quadrados para armazenamento<\/h2>\n<ul>\n<li>Pain\u00e9is laterais foscos \u2013 O acabamento fosco do painel \u00e9 obtido de forma elegante por meio de corros\u00e3o \u00e1cida.<\/li>\n<li>Etiquetas impressas em serigrafia \u2013 Adicione padr\u00f5es de tinta cer\u00e2mica leg\u00edveis e dur\u00e1veis \u200b\u200bem uma superf\u00edcie plana.<\/li>\n<li>Marcadores de capacidade em relevo \u2013 Podem ser fabricados com linhas de escala delicadas em alto-relevo.<\/li>\n<li>Vitrais \u2013 O vidro pode absorver luz prejudicial. Os recipientes podem ser feitos de vidro \u00e2mbar ou verde e podem ser usados \u200b\u200bpara prote\u00e7\u00e3o.<\/li>\n<\/ul>","protected":false},"excerpt":{"rendered":"<p>Melhore a organiza\u00e7\u00e3o da sua despensa com potes de vidro quadrados e resistentes. Esses potes de vidro com tampa herm\u00e9tica oferecem prote\u00e7\u00e3o confi\u00e1vel para manter os alimentos frescos. Amostras gr\u00e1tis dispon\u00edveis mediante solicita\u00e7\u00e3o.<\/p>","protected":false},"featured_media":3908,"template":"","meta":{"postBodyCss":"","postBodyMargin":[],"postBodyPadding":[],"postBodyBackground":{"backgroundType":"classic","gradient":""}},"product_brand":[],"product_cat":[15,17,59],"product_tag":[66],"class_list":{"0":"post-3905","1":"product","2":"type-product","3":"status-publish","4":"has-post-thumbnail","6":"product_cat-glass-containers","7":"product_cat-glass-jars","8":"product_cat-glass-storage-jars","9":"product_tag-swing-top-jars","11":"first","12":"instock","13":"shipping-taxable","14":"product-type-simple"},"jetpack_sharing_enabled":true,"_links":{"self":[{"href":"https:\/\/minghanggroup.com\/pt\/wp-json\/wp\/v2\/product\/3905","targetHints":{"allow":["GET"]}}],"collection":[{"href":"https:\/\/minghanggroup.com\/pt\/wp-json\/wp\/v2\/product"}],"about":[{"href":"https:\/\/minghanggroup.com\/pt\/wp-json\/wp\/v2\/types\/product"}],"wp:featuredmedia":[{"embeddable":true,"href":"https:\/\/minghanggroup.com\/pt\/wp-json\/wp\/v2\/media\/3908"}],"wp:attachment":[{"href":"https:\/\/minghanggroup.com\/pt\/wp-json\/wp\/v2\/media?parent=3905"}],"wp:term":[{"taxonomy":"product_brand","embeddable":true,"href":"https:\/\/minghanggroup.com\/pt\/wp-json\/wp\/v2\/product_brand?post=3905"},{"taxonomy":"product_cat","embeddable":true,"href":"https:\/\/minghanggroup.com\/pt\/wp-json\/wp\/v2\/product_cat?post=3905"},{"taxonomy":"product_tag","embeddable":true,"href":"https:\/\/minghanggroup.com\/pt\/wp-json\/wp\/v2\/product_tag?post=3905"}],"curies":[{"name":"wp","href":"https:\/\/api.w.org\/{rel}","templated":true}]}}