{"id":3900,"date":"2025-12-11T11:50:05","date_gmt":"2025-12-11T03:50:05","guid":{"rendered":"https:\/\/minghanggroup.com\/?post_type=product&#038;p=3900"},"modified":"2025-12-12T14:22:39","modified_gmt":"2025-12-12T06:22:39","slug":"custom-double-walled-water-bottles-for-beverage-wholesale","status":"publish","type":"product","link":"https:\/\/minghanggroup.com\/pt\/produto\/custom-double-walled-water-bottles-for-beverage-wholesale\/","title":{"rendered":"Garrafas de \u00e1gua personalizadas de parede dupla de 400ml para venda por atacado de bebidas."},"content":{"rendered":"<p>Pare de usar garrafas pl\u00e1sticas fr\u00e1geis que d\u00e3o uma apar\u00eancia barata \u00e0 sua marca. Nossa linha de garrafas de \u00e1gua com parede dupla n\u00e3o s\u00f3 mant\u00e9m suas bebidas frescas, como tamb\u00e9m agrega valor \u00e0 sua marca. Essas garrafas de \u00e1gua com parede dupla s\u00e3o a escolha ideal para te acompanhar rumo ao sucesso no atacado.<\/p>\n<h2>Caracter\u00edsticas do produto<\/h2>\n<ul>\n<li><strong>Isolamento de dupla camada: <\/strong>Nossa garrafa de \u00e1gua de parede dupla \u00e9 capaz de manter bebidas quentes e frias por mais tempo, permitindo que voc\u00ea se hidrate o dia todo sem perder a temperatura.<\/li>\n<li><strong>Praticidade da boca larga: <\/strong>A boca larga de 38 mm torna super f\u00e1cil o enchimento, a limpeza e a adi\u00e7\u00e3o de folhas de ch\u00e1 ou frutas para sua ingest\u00e3o di\u00e1ria de \u00e1gua.<\/li>\n<li><strong>Vidro de borosilicato premium: <\/strong>Concebido em vidro borossilicato resistente, pr\u00f3prio para lava-lou\u00e7as, freezer e choque t\u00e9rmico, sem vazamentos ou quebras.<\/li>\n<\/ul>\n<h2>Especifica\u00e7\u00f5es principais<\/h2>\n<table style=\"border-collapse: collapse; width: 80%; margin-left: auto; margin-right: auto;\" border=\"0\" width=\"360\" cellspacing=\"0\" cellpadding=\"0\">\n<tbody>\n<tr style=\"height: 13.50pt;\">\n<td style=\"height: 13.5pt; width: 54pt; text-align: center;\" width=\"72\" height=\"18\">Capacidade<\/td>\n<td style=\"width: 54pt; text-align: center;\" width=\"72\">Tamanho (cm)<\/td>\n<td style=\"width: 54pt; text-align: center;\" width=\"72\">Di\u00e2metro<\/td>\n<td style=\"width: 54pt; text-align: center;\" width=\"72\">Material<\/td>\n<td style=\"width: 54pt; text-align: center;\" width=\"72\">Recurso<\/td>\n<\/tr>\n<tr style=\"height: 13.50pt;\">\n<td class=\"et2\" style=\"height: 27pt; text-align: center;\" rowspan=\"2\" height=\"36\">400ml<\/td>\n<td style=\"text-align: center;\">6,6 x 21,5<\/td>\n<td class=\"et2\" style=\"text-align: center;\" rowspan=\"2\">38 mm<\/td>\n<td class=\"et2\" style=\"text-align: center;\" rowspan=\"2\">Borossilicato<\/td>\n<td class=\"et2\" style=\"text-align: center;\" rowspan=\"2\">Parede dupla<\/td>\n<\/tr>\n<tr style=\"height: 13.50pt;\">\n<td style=\"text-align: center;\">7,0 x 20,5<\/td>\n<\/tr>\n<\/tbody>\n<\/table>\n<h2>Caso de sucesso<\/h2>\n<p>Uma loja de uma marca americana de estilo de vida saud\u00e1vel nos procurou em busca de um produto de hidrata\u00e7\u00e3o luxuoso que valorizasse sua linha de produtos sem a necessidade de aumentar os controles de qualidade. Ap\u00f3s testarem as amostras, escolheram nossa garrafa de \u00e1gua de vidro de parede dupla e boca larga, pois ela era muito transparente, tinha peso uniforme e o isolamento t\u00e9rmico era muito est\u00e1vel. A cor da tampa da garrafa foi combinada com a cor da marca e adicionamos um logotipo elegante com acabamento jateado.<\/p>\n<p>O varejista agora faz pedidos trimestralmente para manter seu estoque e tamb\u00e9m solicita tampas de cores diferentes e embalagens melhores a cada vez.<\/p>\n<h2>Dicas de personaliza\u00e7\u00e3o<\/h2>\n<p>Se este recipiente de \u00e1gua combina com o seu estilo, mas voc\u00ea sente que n\u00e3o se encaixa bem na sua marca, voc\u00ea pode adapt\u00e1-lo para que fique mais a cara da sua identidade visual simplesmente pensando nas partes que o comp\u00f5em: o material da tampa, a estrutura do filtro, a capacidade e o design externo. Por exemplo, uma tampa de metal escovado pode ser escolhida para elevar o visual; uma marca voltada para produtos naturais pode estilizar o corpo da garrafa com um acabamento fosco ou um logotipo impresso em tons claros para um visual mais natural; e se for o caso de uma marca de ch\u00e1s ou produtos para a sa\u00fade, variar o tamanho da malha do filtro e a espessura da parede dupla pode n\u00e3o s\u00f3 torn\u00e1-lo mais funcional, como tamb\u00e9m mais reconhec\u00edvel.<\/p>","protected":false},"excerpt":{"rendered":"<p>Fornecedor de f\u00e1brica de garrafas de \u00e1gua personalizadas com parede dupla e designs de garrafas de \u00e1gua com impress\u00e3o em ambos os lados, atendendo a pedidos em grande quantidade e com produ\u00e7\u00e3o r\u00e1pida. Amostra gr\u00e1tis.<\/p>","protected":false},"featured_media":3901,"template":"","meta":{"postBodyCss":"","postBodyMargin":[],"postBodyPadding":[],"postBodyBackground":{"backgroundType":"classic","gradient":""}},"product_brand":[],"product_cat":[15,16,60],"product_tag":[],"class_list":{"0":"post-3900","1":"product","2":"type-product","3":"status-publish","4":"has-post-thumbnail","6":"product_cat-glass-containers","7":"product_cat-glass-bottles","8":"product_cat-water-bottles","10":"first","11":"instock","12":"shipping-taxable","13":"product-type-simple"},"jetpack_sharing_enabled":true,"_links":{"self":[{"href":"https:\/\/minghanggroup.com\/pt\/wp-json\/wp\/v2\/product\/3900","targetHints":{"allow":["GET"]}}],"collection":[{"href":"https:\/\/minghanggroup.com\/pt\/wp-json\/wp\/v2\/product"}],"about":[{"href":"https:\/\/minghanggroup.com\/pt\/wp-json\/wp\/v2\/types\/product"}],"wp:featuredmedia":[{"embeddable":true,"href":"https:\/\/minghanggroup.com\/pt\/wp-json\/wp\/v2\/media\/3901"}],"wp:attachment":[{"href":"https:\/\/minghanggroup.com\/pt\/wp-json\/wp\/v2\/media?parent=3900"}],"wp:term":[{"taxonomy":"product_brand","embeddable":true,"href":"https:\/\/minghanggroup.com\/pt\/wp-json\/wp\/v2\/product_brand?post=3900"},{"taxonomy":"product_cat","embeddable":true,"href":"https:\/\/minghanggroup.com\/pt\/wp-json\/wp\/v2\/product_cat?post=3900"},{"taxonomy":"product_tag","embeddable":true,"href":"https:\/\/minghanggroup.com\/pt\/wp-json\/wp\/v2\/product_tag?post=3900"}],"curies":[{"name":"wp","href":"https:\/\/api.w.org\/{rel}","templated":true}]}}