{"id":3886,"date":"2025-12-10T11:26:51","date_gmt":"2025-12-10T03:26:51","guid":{"rendered":"https:\/\/minghanggroup.com\/?post_type=product&#038;p=3886"},"modified":"2026-01-20T13:50:01","modified_gmt":"2026-01-20T05:50:01","slug":"small-hexagon-glass-food-storage-jars-with-lids-bulk","status":"publish","type":"product","link":"https:\/\/minghanggroup.com\/pt\/produto\/small-hexagon-glass-food-storage-jars-with-lids-bulk\/","title":{"rendered":"Potes de vidro hexagonais pequenos de 100 ml para armazenamento de alimentos com tampas (pacote com v\u00e1rios)"},"content":{"rendered":"<p>Este pequeno e moderno pote de vidro para alimentos \u00e9 cheio de personalidade. Feito de uma \u00fanica pe\u00e7a de vidro com um belo design hexagonal, suas linhas limpas e ininterruptas, e os cantos arredondados criam um efeito visual impactante. A tampa de metal com fecho herm\u00e9tico possui um anel de arame.<\/p>\n<h2>Caracter\u00edsticas do produto<\/h2>\n<ul>\n<li><strong>Design hexagonal compacto:<\/strong> Gra\u00e7as \u00e0 transpar\u00eancia e ao formato hexagonal compacto, \u00e9 poss\u00edvel visualizar as partes internas sem abrir o recipiente, enquanto o formato compacto otimiza o uso do espa\u00e7o.<\/li>\n<li><strong>Est\u00e1vel e f\u00e1cil de posicionar:<\/strong> A base hexagonal \u00e9 utilizada para evitar que role, garantindo assim a estabilidade.<\/li>\n<li><strong>Visibilidade multiangular:<\/strong> Devido ao formato achatado do frasco, algumas pessoas podem at\u00e9 pensar que se trata de uma fotografia, pois conseguem ver claramente de diferentes \u00e2ngulos sem precisar gir\u00e1-lo.<\/li>\n<\/ul>\n<h2 style=\"text-align: left;\">Especifica\u00e7\u00f5es principais<\/h2>\n<table class=\"aligncenter\" style=\"border-collapse: collapse; width: 393.77pt;\" border=\"0\" width=\"525\" cellspacing=\"0\" cellpadding=\"0\">\n<tbody>\n<tr style=\"height: 13.50pt;\">\n<td style=\"height: 13.50pt; width: 92.25pt;\" width=\"123\" height=\"18\">Especifica\u00e7\u00e3o<\/td>\n<td style=\"width: 301.50pt;\" width=\"402\">Detalhes<\/td>\n<\/tr>\n<tr style=\"height: 13.50pt;\">\n<td style=\"height: 13.50pt;\" height=\"18\">Capacidade<\/td>\n<td>100ml<\/td>\n<\/tr>\n<tr style=\"height: 13.50pt;\">\n<td style=\"height: 13.50pt;\" height=\"18\">Dimens\u00f5es<\/td>\n<td>5,7\u00d78,7cm<\/td>\n<\/tr>\n<tr style=\"height: 13.50pt;\">\n<td style=\"height: 13.50pt;\" height=\"18\">Formato de jarro<\/td>\n<td>Hex\u00e1gono<\/td>\n<\/tr>\n<tr style=\"height: 13.50pt;\">\n<td style=\"height: 13.50pt;\" height=\"18\">Material<\/td>\n<td>Vidro transparente<\/td>\n<\/tr>\n<tr style=\"height: 13.50pt;\">\n<td style=\"height: 13.50pt;\" height=\"18\">Tipo de tampa<\/td>\n<td>Tampa com fecho de metal e al\u00e7a de arame<\/td>\n<\/tr>\n<tr style=\"height: 13.50pt;\">\n<td style=\"height: 13.50pt;\" height=\"18\">Ideal para<\/td>\n<td>Pote de vidro para armazenar alimentos, pequenos potes de vidro para armazenamento<\/td>\n<\/tr>\n<\/tbody>\n<\/table>\n<h2>Caso de Sucesso: A Hist\u00f3ria de Sucesso da Embalagem de uma Marca de Ch\u00e1 Premium<\/h2>\n<p>Uma empresa de ch\u00e1s premium estava em busca de embalagens requintadas para apresentar sua nova linha de produtos. Por fim, optaram por nossos pequenos potes de vidro de 100ml com tampa, e o design hexagonal tornou-se sua marca registrada, resultando em um aumento de 50% nas men\u00e7\u00f5es nas redes sociais. Lojistas testemunharam um aumento de 35% no engajamento do cliente e de 30% nas compras por impulso. Consequentemente, fizeram um pedido de mais 180.000 potes para expans\u00e3o em todo o pa\u00eds.<\/p>\n<h2>Op\u00e7\u00f5es de personaliza\u00e7\u00e3o para potes de vidro para armazenamento de alimentos<\/h2>\n<ul>\n<li>Serigrafia com o logotipo da sua marca \u2013 Imprima um logotipo duradouro em uma superf\u00edcie plana.<\/li>\n<li>Marcadores de capacidade em relevo \u2013 Criam linhas de escala levemente elevadas.<\/li>\n<li>Op\u00e7\u00f5es de vitrais \u2013 Voc\u00ea pode escolher entre vidro \u00e2mbar ou azul cobalto.<\/li>\n<li>Cores das juntas de silicone \u2013 As cores das juntas podem ser ajustadas ao esquema de cores da sua marca.<\/li>\n<\/ul>","protected":false},"excerpt":{"rendered":"<p>Descubra elegantes potes de vidro para armazenamento de alimentos com tampas, em um design hexagonal minimalista. Cada pote \u00e9 resistente e \u00e0 prova de vazamentos. Amostras gr\u00e1tis.<\/p>","protected":false},"featured_media":3889,"template":"","meta":{"postBodyCss":"","postBodyMargin":[],"postBodyPadding":[],"postBodyBackground":{"backgroundType":"classic","gradient":""}},"product_brand":[],"product_cat":[15,17,59],"product_tag":[66],"class_list":{"0":"post-3886","1":"product","2":"type-product","3":"status-publish","4":"has-post-thumbnail","6":"product_cat-glass-containers","7":"product_cat-glass-jars","8":"product_cat-glass-storage-jars","9":"product_tag-swing-top-jars","11":"first","12":"instock","13":"shipping-taxable","14":"product-type-simple"},"jetpack_sharing_enabled":true,"_links":{"self":[{"href":"https:\/\/minghanggroup.com\/pt\/wp-json\/wp\/v2\/product\/3886","targetHints":{"allow":["GET"]}}],"collection":[{"href":"https:\/\/minghanggroup.com\/pt\/wp-json\/wp\/v2\/product"}],"about":[{"href":"https:\/\/minghanggroup.com\/pt\/wp-json\/wp\/v2\/types\/product"}],"wp:featuredmedia":[{"embeddable":true,"href":"https:\/\/minghanggroup.com\/pt\/wp-json\/wp\/v2\/media\/3889"}],"wp:attachment":[{"href":"https:\/\/minghanggroup.com\/pt\/wp-json\/wp\/v2\/media?parent=3886"}],"wp:term":[{"taxonomy":"product_brand","embeddable":true,"href":"https:\/\/minghanggroup.com\/pt\/wp-json\/wp\/v2\/product_brand?post=3886"},{"taxonomy":"product_cat","embeddable":true,"href":"https:\/\/minghanggroup.com\/pt\/wp-json\/wp\/v2\/product_cat?post=3886"},{"taxonomy":"product_tag","embeddable":true,"href":"https:\/\/minghanggroup.com\/pt\/wp-json\/wp\/v2\/product_tag?post=3886"}],"curies":[{"name":"wp","href":"https:\/\/api.w.org\/{rel}","templated":true}]}}