{"id":3885,"date":"2025-12-10T11:57:32","date_gmt":"2025-12-10T03:57:32","guid":{"rendered":"https:\/\/minghanggroup.com\/?post_type=product&#038;p=3885"},"modified":"2026-01-20T14:19:08","modified_gmt":"2026-01-20T06:19:08","slug":"thick-base-custom-water-bottle-for-beverage-wholesale","status":"publish","type":"product","link":"https:\/\/minghanggroup.com\/pt\/produto\/thick-base-custom-water-bottle-for-beverage-wholesale\/","title":{"rendered":"Garrafa de \u00e1gua personalizada com base espessa, 300ml a 650ml, para venda por atacado de bebidas."},"content":{"rendered":"<p>Desde o momento em que os clientes levantam a garrafa, escolha uma que v\u00e1 al\u00e9m de simplesmente conter a sua marca. Nossas garrafas de \u00e1gua de vidro personalizadas s\u00e3o a combina\u00e7\u00e3o perfeita de transpar\u00eancia, resist\u00eancia e op\u00e7\u00f5es de personaliza\u00e7\u00e3o que destacam a sua singularidade. Fabricadas com padr\u00f5es de qualidade para atacado, elas n\u00e3o s\u00f3 mant\u00eam a sua bebida fresca, como tamb\u00e9m aumentam a visibilidade da sua marca em todos os mercados em que voc\u00ea entra.<\/p>\n<h2>Caracter\u00edsticas do produto<\/h2>\n<ul>\n<li><strong>Vantagem da boca larga: <\/strong>A abertura de 38 mm de largura facilita o enchimento, a limpeza e a adi\u00e7\u00e3o de frutas ou folhas de ch\u00e1 \u2014 ideal para sua ingest\u00e3o di\u00e1ria de \u00e1gua.<\/li>\n<li><strong>Estabilidade de Base Espessa: <\/strong>O fundo refor\u00e7ado n\u00e3o tomba nem racha durante o transporte, portanto, suas garrafas s\u00e3o feitas para suportar o manuseio em grande quantidade por um longo per\u00edodo.<\/li>\n<li><strong>O poder da marca personalizada: <\/strong>Ao adicionar seu logotipo ou selecionar cores personalizadas, transforme cada garrafa de \u00e1gua de 473 ml (16 oz) em uma declara\u00e7\u00e3o de marca pessoal da sua linha de atacado.<\/li>\n<\/ul>\n<h2>Especifica\u00e7\u00f5es principais<\/h2>\n<table style=\"border-collapse: collapse; width: 80%; margin-right: auto; margin-left: auto;\" border=\"0\" width=\"360\" cellspacing=\"0\" cellpadding=\"0\">\n<tbody>\n<tr style=\"height: 13.50pt;\">\n<td style=\"height: 13.5pt; width: 54pt; text-align: center;\" width=\"72\" height=\"18\">Capacidade (ml)<\/td>\n<td style=\"width: 54pt; text-align: center;\" width=\"72\">Tamanho (cm)<\/td>\n<td style=\"width: 54pt; text-align: center;\" width=\"72\">Material<\/td>\n<td style=\"width: 54pt; text-align: center;\" width=\"72\">Caracter\u00edsticas<\/td>\n<td style=\"width: 54pt; text-align: center;\" width=\"72\">Di\u00e2metro<\/td>\n<\/tr>\n<tr style=\"height: 13.50pt;\">\n<td style=\"height: 13.5pt; text-align: center;\" align=\"right\" height=\"18\">300<\/td>\n<td style=\"text-align: center;\">6.6 * 13.7<\/td>\n<td class=\"et2\" style=\"text-align: center;\" rowspan=\"4\">Vidro borossilicato<\/td>\n<td class=\"et2\" style=\"text-align: center;\" rowspan=\"4\">Base espessa<\/td>\n<td class=\"et2\" style=\"text-align: center;\" rowspan=\"4\">38 mm<\/td>\n<\/tr>\n<tr style=\"height: 13.50pt;\">\n<td style=\"height: 13.5pt; text-align: center;\" align=\"right\" height=\"18\">480<\/td>\n<td style=\"text-align: center;\">6.6 * 19.5<\/td>\n<\/tr>\n<tr style=\"height: 13.50pt;\">\n<td style=\"height: 13.5pt; text-align: center;\" align=\"right\" height=\"18\">550<\/td>\n<td style=\"text-align: center;\">6.6 * 22.5<\/td>\n<\/tr>\n<tr style=\"height: 13.50pt;\">\n<td style=\"height: 13.5pt; text-align: center;\" align=\"right\" height=\"18\">650<\/td>\n<td style=\"text-align: center;\">7.0 * 22.0<\/td>\n<\/tr>\n<\/tbody>\n<\/table>\n<h2>Caso de sucesso das garrafas de \u00e1gua personalizadas<\/h2>\n<p>Uma marca de sa\u00fade em r\u00e1pida expans\u00e3o, origin\u00e1ria do Colorado, estava prestes a lan\u00e7ar uma nova linha de \u00e1gua aromatizada, mas n\u00e3o conseguia encontrar uma garrafa que refletisse sua natureza sofisticada. Aprimoramos o ombro da garrafa para torn\u00e1-la mais resistente ao calor, oferecemos uma tampa \u00e0 prova de vazamentos, feita especificamente para sua linha de envase, e estabelecemos um cronograma de entrega mensal regular, alinhado ao seu plano de distribui\u00e7\u00e3o.<\/p>\n<p>O cliente nos informou que, em menos de dois meses, alcan\u00e7ou uma melhoria de 27% na apresenta\u00e7\u00e3o dos produtos nas prateleiras, eliminou reclama\u00e7\u00f5es relacionadas \u00e0s embalagens e conseguiu abrir mais duas redes de varejo como resultado da apar\u00eancia aprimorada e do fornecimento confi\u00e1vel.<\/p>\n<h2>Dicas de personaliza\u00e7\u00e3o<\/h2>\n<p>Caso deseje personalizar este recipiente de \u00e1gua de vidro, a escolha de um acabamento fosco, degrad\u00ea ou totalmente transparente permitir\u00e1 que voc\u00ea combine a garrafa com a identidade da sua marca. Al\u00e9m disso, a grava\u00e7\u00e3o do logotipo no ombro ou na base, juntamente com uma capa de silicone na cor da sua marca para facilitar o manuseio e refor\u00e7ar a identidade visual, pode elevar o reconhecimento da sua marca a um novo patamar. Essas combina\u00e7\u00f5es permitem que sua garrafa n\u00e3o apenas se destaque, mas tamb\u00e9m se torne parte integrante da hist\u00f3ria da sua marca nos canais de varejo e atacado.<\/p>","protected":false},"excerpt":{"rendered":"<p>Garrafa de \u00e1gua personalizada, fabricada em f\u00e1brica, com boca larga e base espessa para maior estabilidade; garrafa de 473 ml (16 oz), ideal para pedidos em grande quantidade e personaliza\u00e7\u00e3o da marca.<\/p>","protected":false},"featured_media":3893,"template":"","meta":{"postBodyCss":"","postBodyMargin":[],"postBodyPadding":[],"postBodyBackground":{"backgroundType":"classic","gradient":""}},"product_brand":[],"product_cat":[15,16,60],"product_tag":[72],"class_list":{"0":"post-3885","1":"product","2":"type-product","3":"status-publish","4":"has-post-thumbnail","6":"product_cat-glass-containers","7":"product_cat-glass-bottles","8":"product_cat-water-bottles","9":"product_tag-juice-bottles","11":"first","12":"instock","13":"shipping-taxable","14":"product-type-simple"},"jetpack_sharing_enabled":true,"_links":{"self":[{"href":"https:\/\/minghanggroup.com\/pt\/wp-json\/wp\/v2\/product\/3885","targetHints":{"allow":["GET"]}}],"collection":[{"href":"https:\/\/minghanggroup.com\/pt\/wp-json\/wp\/v2\/product"}],"about":[{"href":"https:\/\/minghanggroup.com\/pt\/wp-json\/wp\/v2\/types\/product"}],"wp:featuredmedia":[{"embeddable":true,"href":"https:\/\/minghanggroup.com\/pt\/wp-json\/wp\/v2\/media\/3893"}],"wp:attachment":[{"href":"https:\/\/minghanggroup.com\/pt\/wp-json\/wp\/v2\/media?parent=3885"}],"wp:term":[{"taxonomy":"product_brand","embeddable":true,"href":"https:\/\/minghanggroup.com\/pt\/wp-json\/wp\/v2\/product_brand?post=3885"},{"taxonomy":"product_cat","embeddable":true,"href":"https:\/\/minghanggroup.com\/pt\/wp-json\/wp\/v2\/product_cat?post=3885"},{"taxonomy":"product_tag","embeddable":true,"href":"https:\/\/minghanggroup.com\/pt\/wp-json\/wp\/v2\/product_tag?post=3885"}],"curies":[{"name":"wp","href":"https:\/\/api.w.org\/{rel}","templated":true}]}}