{"id":3879,"date":"2025-12-10T09:58:49","date_gmt":"2025-12-10T01:58:49","guid":{"rendered":"https:\/\/minghanggroup.com\/?post_type=product&#038;p=3879"},"modified":"2026-01-20T13:50:08","modified_gmt":"2026-01-20T05:50:08","slug":"small-square-glass-airtight-jars-with-clamp-lids-bulk","status":"publish","type":"product","link":"https:\/\/minghanggroup.com\/pt\/produto\/small-square-glass-airtight-jars-with-clamp-lids-bulk\/","title":{"rendered":"Potes de vidro quadrados pequenos de 100 ml com tampas de fecho herm\u00e9tico (em grande quantidade)"},"content":{"rendered":"<p>Esses potes de vidro herm\u00e9ticos e elegantes se destacam entre muitos outros potes de vidro herm\u00e9ticos de pequena capacidade. \u00c0 primeira vista, o que chama a aten\u00e7\u00e3o s\u00e3o seus corpos compactos, quadrados e transparentes, com bordas arredondadas e suaves.<\/p>\n<h2>Caracter\u00edsticas do produto<\/h2>\n<ul>\n<li><strong>Formato quadrado que economiza espa\u00e7o:<\/strong> Como as laterais s\u00e3o retas, os potes podem ser empilhados n\u00e3o apenas nas prateleiras, mas tamb\u00e9m uns sobre os outros, economizando assim muito espa\u00e7o de armazenamento normalmente utilizado.<\/li>\n<li><strong>Veda\u00e7\u00e3o:<\/strong> Um anel de veda\u00e7\u00e3o de borracha de alta qualidade e visual atraente \u00e9 o que separa perfeitamente o frasco do resto do mundo, isolando n\u00e3o s\u00f3 o ar, como tamb\u00e9m impedindo a entrada de umidade, prolongando assim significativamente a frescura do produto.<\/li>\n<li><strong>Design com fundo plano e resistente:<\/strong> A base quadrada \u00e9 o que impede o frasco de rolar e, portanto, garante uma superf\u00edcie plana e est\u00e1vel.<\/li>\n<\/ul>\n<h2 style=\"text-align: left;\">Especifica\u00e7\u00f5es principais<\/h2>\n<table class=\"aligncenter\" style=\"border-collapse: collapse; width: 338.27pt;\" border=\"0\" width=\"451\" cellspacing=\"0\" cellpadding=\"0\">\n<tbody>\n<tr style=\"height: 13.50pt;\">\n<td style=\"height: 13.50pt; width: 92.25pt;\" width=\"123\" height=\"18\">Especifica\u00e7\u00e3o<\/td>\n<td style=\"width: 246.00pt;\" width=\"328\">Detalhes<\/td>\n<\/tr>\n<tr style=\"height: 13.50pt;\">\n<td style=\"height: 13.50pt;\" height=\"18\">Capacidade<\/td>\n<td>100ml<\/td>\n<\/tr>\n<tr style=\"height: 13.50pt;\">\n<td style=\"height: 13.50pt;\" height=\"18\">Dimens\u00f5es<\/td>\n<td>5,1\u00d77,9cm<\/td>\n<\/tr>\n<tr style=\"height: 13.50pt;\">\n<td style=\"height: 13.50pt;\" height=\"18\">Material<\/td>\n<td>Vidro transparente<\/td>\n<\/tr>\n<tr style=\"height: 13.50pt;\">\n<td style=\"height: 13.50pt;\" height=\"18\">Formato de jarro<\/td>\n<td>Quadrado com cantos arredondados<\/td>\n<\/tr>\n<tr style=\"height: 13.50pt;\">\n<td style=\"height: 13.50pt;\" height=\"18\">Tipo de tampa<\/td>\n<td>Tampa com fecho de metal e al\u00e7a de arame<\/td>\n<\/tr>\n<tr style=\"height: 13.50pt;\">\n<td style=\"height: 13.50pt;\" height=\"18\">Ideal para<\/td>\n<td>Potes pequenos herm\u00e9ticos, potes de vidro herm\u00e9ticos<\/td>\n<\/tr>\n<\/tbody>\n<\/table>\n<h2>Caso de sucesso: Reformula\u00e7\u00e3o da embalagem de uma empresa de aromas especiais<\/h2>\n<p>Uma empresa de aromas exclusivos precisava de embalagens diferenciadas para suas novas linhas de produtos. Por fim, optaram pelos nossos potes de vidro herm\u00e9ticos de 100 ml devido ao seu tamanho compacto e design que economiza espa\u00e7o. O que selou o neg\u00f3cio? A veda\u00e7\u00e3o herm\u00e9tica. Com isso, o tempo necess\u00e1rio para atingir o prazo de validade ideal foi reduzido em apenas 40% em compara\u00e7\u00e3o com as embalagens anteriores. O formato quadrado permitiu o aproveitamento de 25% mais espa\u00e7o no ponto de venda para a exposi\u00e7\u00e3o dos produtos, e a durabilidade dos potes de vidro resultou em uma redu\u00e7\u00e3o de 20% nas quebras durante o transporte. Consequentemente, a empresa decidiu encomendar mais 200.000 potes para o lan\u00e7amento dos produtos em todo o pa\u00eds.<\/p>\n<h2>Op\u00e7\u00f5es de potes de vidro herm\u00e9ticos personalizados<\/h2>\n<ul>\n<li>Acabamento fosco nos pain\u00e9is \u2013 Proporciona um aspecto fosco em lados alternados.<\/li>\n<li>Logotipo impresso em serigrafia \u2013 Imprime um logotipo dur\u00e1vel em pain\u00e9is laterais planos.<\/li>\n<li>Op\u00e7\u00f5es de Vitrais \u2013 Podem ser de vidro \u00e2mbar ou azul cobalto.<\/li>\n<li>Varia\u00e7\u00f5es de arredondamento de bordas \u2013 Modifique o raio de arredondamento para diferentes n\u00edveis.<\/li>\n<\/ul>","protected":false},"excerpt":{"rendered":"<p>Descubra os compactos potes de vidro herm\u00e9ticos com design quadrado elegante. Nossos pequenos potes de vidro herm\u00e9ticos preservam perfeitamente o frescor dos alimentos e s\u00e3o entregues rapidamente.<\/p>","protected":false},"featured_media":3881,"template":"","meta":{"postBodyCss":"","postBodyMargin":[],"postBodyPadding":[],"postBodyBackground":{"backgroundType":"classic","gradient":""}},"product_brand":[],"product_cat":[15,17,59],"product_tag":[66],"class_list":{"0":"post-3879","1":"product","2":"type-product","3":"status-publish","4":"has-post-thumbnail","6":"product_cat-glass-containers","7":"product_cat-glass-jars","8":"product_cat-glass-storage-jars","9":"product_tag-swing-top-jars","11":"first","12":"instock","13":"shipping-taxable","14":"product-type-simple"},"jetpack_sharing_enabled":true,"_links":{"self":[{"href":"https:\/\/minghanggroup.com\/pt\/wp-json\/wp\/v2\/product\/3879","targetHints":{"allow":["GET"]}}],"collection":[{"href":"https:\/\/minghanggroup.com\/pt\/wp-json\/wp\/v2\/product"}],"about":[{"href":"https:\/\/minghanggroup.com\/pt\/wp-json\/wp\/v2\/types\/product"}],"wp:featuredmedia":[{"embeddable":true,"href":"https:\/\/minghanggroup.com\/pt\/wp-json\/wp\/v2\/media\/3881"}],"wp:attachment":[{"href":"https:\/\/minghanggroup.com\/pt\/wp-json\/wp\/v2\/media?parent=3879"}],"wp:term":[{"taxonomy":"product_brand","embeddable":true,"href":"https:\/\/minghanggroup.com\/pt\/wp-json\/wp\/v2\/product_brand?post=3879"},{"taxonomy":"product_cat","embeddable":true,"href":"https:\/\/minghanggroup.com\/pt\/wp-json\/wp\/v2\/product_cat?post=3879"},{"taxonomy":"product_tag","embeddable":true,"href":"https:\/\/minghanggroup.com\/pt\/wp-json\/wp\/v2\/product_tag?post=3879"}],"curies":[{"name":"wp","href":"https:\/\/api.w.org\/{rel}","templated":true}]}}