{"id":3866,"date":"2025-12-09T11:23:07","date_gmt":"2025-12-09T03:23:07","guid":{"rendered":"https:\/\/minghanggroup.com\/?post_type=product&#038;p=3866"},"modified":"2026-01-20T14:16:59","modified_gmt":"2026-01-20T06:16:59","slug":"custom-glass-water-bottle-storage-with-infuser-for-drinking-wholesale","status":"publish","type":"product","link":"https:\/\/minghanggroup.com\/pt\/produto\/custom-glass-water-bottle-storage-with-infuser-for-drinking-wholesale\/","title":{"rendered":"Garrafa de \u00e1gua de vidro personalizada de 450ml e 550ml com infusor para bebidas - Venda por atacado"},"content":{"rendered":"<p>Pare de usar garrafas de \u00e1gua baratas e sem gra\u00e7a, de qualidade inferior \u00e0 da sua marca. Fabricamos garrafas de vidro premium que n\u00e3o s\u00f3 mant\u00eam sua \u00e1gua fresca, como tamb\u00e9m transformam a hidrata\u00e7\u00e3o em uma solu\u00e7\u00e3o elegante e funcional. Elas n\u00e3o s\u00e3o apenas garrafas, mas o novo segredo da sua marca para se manter hidratado.<\/p>\n<h2>Caracter\u00edsticas do produto<\/h2>\n<ul>\n<li><strong>Infusor de ch\u00e1 integrado:<\/strong> O infusor de ch\u00e1 remov\u00edvel em a\u00e7o inoxid\u00e1vel permite preparar facilmente ch\u00e1s de ervas, infus\u00f5es de frutas ou \u00e1gua aromatizada sem a necessidade de coadores tradicionais.<\/li>\n<li><strong>Constru\u00e7\u00e3o dur\u00e1vel:<\/strong> O produto \u00e9 feito de vidro borossilicato dur\u00e1vel, pr\u00f3prio para lava-lou\u00e7as, para congelador e resistente a choques t\u00e9rmicos, podendo assim ser usado por muito tempo.<\/li>\n<li><strong>Design vers\u00e1til:<\/strong> A abertura de 28 mm \u00e9 compat\u00edvel com tampas padr\u00e3o e, ao mesmo tempo, permite o uso do seu infusor favorito, sendo ideal tanto para armazenar garrafas de \u00e1gua quanto para o uso di\u00e1rio.<\/li>\n<\/ul>\n<h2>Especifica\u00e7\u00f5es principais<\/h2>\n<table style=\"border-collapse: collapse; width: 80%; margin-right: auto; margin-left: auto;\" border=\"0\" width=\"360\" cellspacing=\"0\" cellpadding=\"0\">\n<tbody>\n<tr style=\"height: 13.50pt;\">\n<td style=\"height: 13.5pt; width: 54pt; text-align: center;\" width=\"72\" height=\"18\">Capacidade (ml)<\/td>\n<td style=\"width: 54pt; text-align: center;\" width=\"72\">Tamanho (cm)<\/td>\n<td style=\"width: 54pt; text-align: center;\" width=\"72\">Di\u00e2metro<\/td>\n<td style=\"width: 54pt; text-align: center;\" width=\"72\">Material<\/td>\n<td style=\"width: 54pt; text-align: center;\" width=\"72\">Tipo de infusor<\/td>\n<\/tr>\n<tr style=\"height: 13.50pt;\">\n<td style=\"height: 13.5pt; text-align: center;\" align=\"right\" height=\"18\">550<\/td>\n<td style=\"text-align: center;\">6,5 x 23,5<\/td>\n<td class=\"et2\" style=\"text-align: center;\" rowspan=\"2\">28 mm<\/td>\n<td class=\"et2\" style=\"text-align: center;\" rowspan=\"2\">Borossilicato<\/td>\n<td class=\"et2\" style=\"text-align: center;\" rowspan=\"2\">A\u00e7o inoxid\u00e1vel<\/td>\n<\/tr>\n<tr style=\"height: 13.50pt;\">\n<td style=\"height: 13.5pt; text-align: center;\" align=\"right\" height=\"18\">450<\/td>\n<td style=\"text-align: center;\">5,6 x 24,6<\/td>\n<\/tr>\n<\/tbody>\n<\/table>\n<h2>Caso de sucesso<\/h2>\n<p>Uma marca canadense de bebidas saud\u00e1veis \u200b\u200bentrou em contato conosco ap\u00f3s anunciar o lan\u00e7amento de uma linha de ch\u00e1s pr\u00e1ticos, ideais para o ambiente de trabalho e para a pr\u00e1tica de ioga. De acordo com o posicionamento do produto, escolhemos esta garrafa de \u00e1gua de vidro com infusor de ch\u00e1 integrado, al\u00e9m de capas coloridas da marca e embalagem personalizada com o logotipo.<\/p>\n<p>A marca nos informou que o design profissional do infusor de ch\u00e1 da garrafa foi o principal fator que tornou o produto indispens\u00e1vel e, como resultado, eles conseguiram encomendas de tr\u00eas redes de est\u00fadios de ioga.<\/p>\n<h2>Dicas de personaliza\u00e7\u00e3o<\/h2>\n<p>Somos capazes de personalizar de forma bastante flex\u00edvel a capacidade da garrafa, a densidade da malha do filtro de ch\u00e1, a cor do anel de silicone, o material da tampa e o estilo da embalagem, de acordo com o posicionamento da marca. Al\u00e9m disso, existem tamb\u00e9m diferentes processos, como serigrafia, estampagem a quente ou fosqueamento, que podem ser aplicados na superf\u00edcie do vidro para tornar a experi\u00eancia com o produto ainda mais exclusiva.<\/p>\n<p>Caso deseje aumentar o reconhecimento da marca no mercado, teremos o prazer de fornecer o desenvolvimento de moldes personalizados para que o formato da garrafa atenda melhor \u00e0s necessidades est\u00e9ticas da empresa e ao mix de marketing.<\/p>","protected":false},"excerpt":{"rendered":"<p>Infusor de \u00e1gua dur\u00e1vel, ideal para armazenar \u00e1gua em garrafas, oferecido diretamente pela f\u00e1brica. Dispon\u00edvel para atacado e personaliza\u00e7\u00e3o com sua marca. Amostra gr\u00e1tis.<\/p>","protected":false},"featured_media":3870,"template":"","meta":{"postBodyCss":"","postBodyMargin":[],"postBodyPadding":[],"postBodyBackground":{"backgroundType":"classic","gradient":""}},"product_brand":[],"product_cat":[15,16,60],"product_tag":[72],"class_list":{"0":"post-3866","1":"product","2":"type-product","3":"status-publish","4":"has-post-thumbnail","6":"product_cat-glass-containers","7":"product_cat-glass-bottles","8":"product_cat-water-bottles","9":"product_tag-juice-bottles","11":"first","12":"instock","13":"shipping-taxable","14":"product-type-simple"},"jetpack_sharing_enabled":true,"_links":{"self":[{"href":"https:\/\/minghanggroup.com\/pt\/wp-json\/wp\/v2\/product\/3866","targetHints":{"allow":["GET"]}}],"collection":[{"href":"https:\/\/minghanggroup.com\/pt\/wp-json\/wp\/v2\/product"}],"about":[{"href":"https:\/\/minghanggroup.com\/pt\/wp-json\/wp\/v2\/types\/product"}],"wp:featuredmedia":[{"embeddable":true,"href":"https:\/\/minghanggroup.com\/pt\/wp-json\/wp\/v2\/media\/3870"}],"wp:attachment":[{"href":"https:\/\/minghanggroup.com\/pt\/wp-json\/wp\/v2\/media?parent=3866"}],"wp:term":[{"taxonomy":"product_brand","embeddable":true,"href":"https:\/\/minghanggroup.com\/pt\/wp-json\/wp\/v2\/product_brand?post=3866"},{"taxonomy":"product_cat","embeddable":true,"href":"https:\/\/minghanggroup.com\/pt\/wp-json\/wp\/v2\/product_cat?post=3866"},{"taxonomy":"product_tag","embeddable":true,"href":"https:\/\/minghanggroup.com\/pt\/wp-json\/wp\/v2\/product_tag?post=3866"}],"curies":[{"name":"wp","href":"https:\/\/api.w.org\/{rel}","templated":true}]}}