{"id":3858,"date":"2025-12-08T11:52:43","date_gmt":"2025-12-08T03:52:43","guid":{"rendered":"https:\/\/minghanggroup.com\/?post_type=product&#038;p=3858"},"modified":"2026-01-20T13:50:27","modified_gmt":"2026-01-20T05:50:27","slug":"bulk-empty-clear-large-glass-storage-jars-with-lids","status":"publish","type":"product","link":"https:\/\/minghanggroup.com\/pt\/produto\/bulk-empty-clear-large-glass-storage-jars-with-lids\/","title":{"rendered":"Conjunto de v\u00e1rios potes de vidro transparentes grandes e vazios com tampas, dispon\u00edveis em capacidades de 64 oz e 100 oz."},"content":{"rendered":"<p>Estes grandes potes de vidro para armazenamento, com capacidade para v\u00e1rios litros, t\u00eam um formato cil\u00edndrico e fino, muito moderno, e s\u00e3o feitos de vidro transparente. Cada pote vem com uma tampa de metal de encaixe. Esses potes com tampa combinam grande capacidade com um estilo moderno e elegante.<\/p>\n<h2>Caracter\u00edsticas do produto<\/h2>\n<ul>\n<li><strong>Grande capacidade:<\/strong> S\u00e3o potes de 2 a 3 litros que podem armazenar uma grande quantidade de coisas e, assim, manter a casa limpa e organizada.<\/li>\n<li><strong>Veda\u00e7\u00e3o perfeita:<\/strong> Os an\u00e9is de veda\u00e7\u00e3o de borracha espessa tornam os frascos herm\u00e9ticos e protegidos contra ataques de insetos.<\/li>\n<li><strong>Fundo seguro:<\/strong> O design de base larga do frasco permite que ele fique em p\u00e9 mesmo quando cheio, sem o risco de cair.<\/li>\n<\/ul>\n<h2 style=\"text-align: left;\">Especifica\u00e7\u00f5es principais<\/h2>\n<table class=\"aligncenter\" style=\"border-collapse: collapse; width: 378.77pt;\" border=\"0\" width=\"505\" cellspacing=\"0\" cellpadding=\"0\">\n<tbody>\n<tr style=\"height: 13.50pt;\">\n<td style=\"height: 13.50pt; width: 90.00pt;\" width=\"120\" height=\"18\">Especifica\u00e7\u00e3o<\/td>\n<td style=\"width: 288.75pt;\" width=\"385\">Detalhes<\/td>\n<\/tr>\n<tr style=\"height: 13.50pt;\">\n<td style=\"height: 13.50pt;\" height=\"18\">Capacidade<\/td>\n<td>2000ml (64oz) \/ 3000ml (100oz)<\/td>\n<\/tr>\n<tr style=\"height: 13.50pt;\">\n<td style=\"height: 13.50pt;\" height=\"18\">Dimens\u00f5es<\/td>\n<td>12,7\u00d725,3cm \/ 14,5\u00d726,5cm<\/td>\n<\/tr>\n<tr style=\"height: 13.50pt;\">\n<td style=\"height: 13.50pt;\" height=\"18\">Material<\/td>\n<td>Vidro grosso e transparente<\/td>\n<\/tr>\n<tr style=\"height: 13.50pt;\">\n<td style=\"height: 13.50pt;\" height=\"18\">Tipo de tampa<\/td>\n<td>Tampa com fecho de metal e al\u00e7a de arame<\/td>\n<\/tr>\n<tr style=\"height: 13.50pt;\">\n<td style=\"height: 13.50pt;\" height=\"18\">Ideal para<\/td>\n<td>Potes de vidro grandes para armazenamento, potes de vidro com tampas.<\/td>\n<\/tr>\n<\/tbody>\n<\/table>\n<h2>Hist\u00f3ria de Sucesso: Como uma Padaria Superou o Desafio do Armazenamento de Ingredientes a Granel<\/h2>\n<p>Uma padaria de grande porte enfrentava um grande desafio para encontrar uma solu\u00e7\u00e3o adequada de armazenamento para sua farinha e a\u00e7\u00facar a granel. Eles optaram por nossos potes de vidro de 3000 ml, com ampla capacidade para seus ingredientes. A principal vantagem da veda\u00e7\u00e3o herm\u00e9tica era o aumento de 60% na vida \u00fatil da farinha e a completa elimina\u00e7\u00e3o da contamina\u00e7\u00e3o. Al\u00e9m disso, gra\u00e7as \u00e0 grande capacidade, a frequ\u00eancia de reposi\u00e7\u00e3o foi reduzida em 70%, economizando consideravelmente tempo de trabalho. Ap\u00f3s constatarem esses resultados, eles decidiram fazer um \u00fanico pedido de 25.000 potes para unificar o sistema de armazenamento em todas as suas lojas.<\/p>\n<h2>Op\u00e7\u00f5es personalizadas para grandes potes de vidro para armazenamento<\/h2>\n<ul>\n<li>Marca\u00e7\u00f5es de capacidade em relevo \u2013 Adicione gradua\u00e7\u00f5es permanentes em relevo para facilitar o controle das por\u00e7\u00f5es.<\/li>\n<li>Etiquetas Serigrafadas \u2013 Logotipos de marcas grandes e dur\u00e1veis \u200b\u200bimpressos com tinta cer\u00e2mica.<\/li>\n<li>Base refor\u00e7ada \u2013 A base de vidro \u00e9 mais espessa para suportar itens mais pesados, como farinha ou gr\u00e3os.<\/li>\n<li>Acabamentos personalizados para grampos \u2013 Voc\u00ea pode escolher grampos pretos, bronze ou de a\u00e7o inoxid\u00e1vel.<\/li>\n<\/ul>\n<p>Est\u00e1 pronto para organizar seu estoque a granel? Pre\u00e7os de atacado para esses potes de vidro de grande capacidade com tampas est\u00e3o dispon\u00edveis se voc\u00ea entrar em contato conosco hoje mesmo.<\/p>","protected":false},"excerpt":{"rendered":"<p>Potes de vidro grandes, elegantes e pr\u00e1ticos, com tampas de fecho herm\u00e9tico para armazenamento de alimentos. Potes de vidro de alta qualidade com tampas a pre\u00e7os direto da f\u00e1brica.<\/p>","protected":false},"featured_media":3862,"template":"","meta":{"postBodyCss":"","postBodyMargin":[],"postBodyPadding":[],"postBodyBackground":{"backgroundType":"classic","gradient":""}},"product_brand":[],"product_cat":[15,17,59],"product_tag":[66],"class_list":{"0":"post-3858","1":"product","2":"type-product","3":"status-publish","4":"has-post-thumbnail","6":"product_cat-glass-containers","7":"product_cat-glass-jars","8":"product_cat-glass-storage-jars","9":"product_tag-swing-top-jars","11":"first","12":"instock","13":"shipping-taxable","14":"product-type-simple"},"jetpack_sharing_enabled":true,"_links":{"self":[{"href":"https:\/\/minghanggroup.com\/pt\/wp-json\/wp\/v2\/product\/3858","targetHints":{"allow":["GET"]}}],"collection":[{"href":"https:\/\/minghanggroup.com\/pt\/wp-json\/wp\/v2\/product"}],"about":[{"href":"https:\/\/minghanggroup.com\/pt\/wp-json\/wp\/v2\/types\/product"}],"wp:featuredmedia":[{"embeddable":true,"href":"https:\/\/minghanggroup.com\/pt\/wp-json\/wp\/v2\/media\/3862"}],"wp:attachment":[{"href":"https:\/\/minghanggroup.com\/pt\/wp-json\/wp\/v2\/media?parent=3858"}],"wp:term":[{"taxonomy":"product_brand","embeddable":true,"href":"https:\/\/minghanggroup.com\/pt\/wp-json\/wp\/v2\/product_brand?post=3858"},{"taxonomy":"product_cat","embeddable":true,"href":"https:\/\/minghanggroup.com\/pt\/wp-json\/wp\/v2\/product_cat?post=3858"},{"taxonomy":"product_tag","embeddable":true,"href":"https:\/\/minghanggroup.com\/pt\/wp-json\/wp\/v2\/product_tag?post=3858"}],"curies":[{"name":"wp","href":"https:\/\/api.w.org\/{rel}","templated":true}]}}