{"id":3850,"date":"2025-12-08T11:41:48","date_gmt":"2025-12-08T03:41:48","guid":{"rendered":"https:\/\/minghanggroup.com\/?post_type=product&#038;p=3850"},"modified":"2026-01-20T14:18:00","modified_gmt":"2026-01-20T06:18:00","slug":"custom-clear-water-bottle-with-sleeve-for-branding-bulk","status":"publish","type":"product","link":"https:\/\/minghanggroup.com\/pt\/produto\/custom-clear-water-bottle-with-sleeve-for-branding-bulk\/","title":{"rendered":"Garrafa de \u00e1gua transparente personalizada de 550 ml a 1000 ml com capa para personaliza\u00e7\u00e3o (em grandes quantidades)"},"content":{"rendered":"<p>Pare de se contentar com garrafas de pl\u00e1stico sem gra\u00e7a que prejudicam a imagem da sua marca. N\u00f3s fabricamos garrafas de \u00e1gua de vidro de alta qualidade que n\u00e3o s\u00f3 tornam sua hidrata\u00e7\u00e3o elegante e pr\u00e1tica, como tamb\u00e9m mant\u00eam sua \u00e1gua fresca. Sinceramente, essas garrafas s\u00e3o a nova arma secreta da sua marca para se manter hidratado(a).<\/p>\n<h2>Caracter\u00edsticas do produto<\/h2>\n<ol>\n<li><strong>Compatibilidade universal: <\/strong>A rosca de 38 mm de qualquer tampa padr\u00e3o se encaixa, tornando muito simples personalizar um copo de \u00e1gua reutiliz\u00e1vel com uma tampa de a\u00e7o inoxid\u00e1vel ou uma capa de silicone.<\/li>\n<li><strong>Constru\u00e7\u00e3o dur\u00e1vel: <\/strong>Fabricado em vidro borossilicato resistente, o produto pode ser lavado na m\u00e1quina de lavar lou\u00e7a, congelado e \u00e9 resistente a choques t\u00e9rmicos, podendo assim ser utilizado por um longo per\u00edodo.<\/li>\n<li><strong>Tamanhos vers\u00e1teis: <\/strong>Os diferentes tamanhos (550ml-1000ml) s\u00e3o adequados para todas as suas necessidades de hidrata\u00e7\u00e3o, seja na mesa de trabalho ou durante atividades ao ar livre, sendo assim perfeitos para garrafas de \u00e1gua em grande quantidade.<\/li>\n<\/ol>\n<h2>Especifica\u00e7\u00f5es principais<\/h2>\n<table style=\"border-collapse: collapse; width: 80%; marginh-left: auto; margin-right: auto;\" border=\"0\" width=\"360\" cellspacing=\"0\" cellpadding=\"0\">\n<tbody>\n<tr style=\"height: 13.50pt;\">\n<td style=\"height: 13.5pt; width: 54pt; text-align: center;\" width=\"72\" height=\"18\">Capacidade (ml)<\/td>\n<td style=\"width: 54pt; text-align: center;\" width=\"72\">Tamanho (cm)<\/td>\n<td style=\"width: 54pt; text-align: center;\" width=\"72\">Di\u00e2metro<\/td>\n<td style=\"width: 54pt; text-align: center;\" width=\"72\">Material<\/td>\n<td style=\"width: 54pt; text-align: center;\" width=\"72\">Acess\u00f3rios<\/td>\n<\/tr>\n<tr style=\"height: 13.50pt;\">\n<td style=\"height: 13.5pt; text-align: center;\" align=\"right\" height=\"18\">550<\/td>\n<td style=\"text-align: center;\">6,6 \u00d7 23,0<\/td>\n<td class=\"et2\" style=\"text-align: center;\" rowspan=\"3\">38 mm<\/td>\n<td class=\"et2\" style=\"text-align: center;\" rowspan=\"3\">Borossilicato<\/td>\n<td class=\"et2\" style=\"text-align: center;\" rowspan=\"3\">Capa protetora, canudo, porta-copos, cord\u00e3o port\u00e1til<\/td>\n<\/tr>\n<tr style=\"height: 13.50pt;\">\n<td style=\"height: 13.5pt; text-align: center;\" align=\"right\" height=\"18\">750<\/td>\n<td style=\"text-align: center;\">7,0 \u00d7 27,2<\/td>\n<\/tr>\n<tr style=\"height: 13.50pt;\">\n<td style=\"height: 13.5pt; text-align: center;\" align=\"right\" height=\"18\">1000<\/td>\n<td style=\"text-align: center;\">7,9 \u00d7 29,1<\/td>\n<\/tr>\n<\/tbody>\n<\/table>\n<h2>Caso de sucesso das garrafas de \u00e1gua transparentes<\/h2>\n<p>Uma marca canadense de bebidas saud\u00e1veis \u200b\u200bdo setor de alimentos naturais queria uma garrafa de \u00e1gua transparente que transmitisse visualmente seu conceito de &#034;pureza e naturalidade&#034; ao reformular a apar\u00eancia de suas lojas f\u00edsicas. Fornecemos a eles uma garrafa extremamente transparente, que atendia aos padr\u00f5es de qualidade alimentar, e eles conseguiram esgotar seu primeiro lote rapidamente por meio de vendas no atacado. Assim, a marca p\u00f4de fazer uma transi\u00e7\u00e3o tranquila para a nova embalagem antes do lan\u00e7amento do produto.<\/p>\n<p>Ap\u00f3s o lan\u00e7amento, a elegante garrafa de \u00e1gua de vidro aumentou o atrativo do produto no ponto de venda, e o cliente fez uma segunda compra em dois meses.<\/p>\n<h2>Dicas de personaliza\u00e7\u00e3o<\/h2>\n<p>O volume e a altura da garrafa podem ser alterados dependendo do posicionamento da marca, para que ela tenha uma apar\u00eancia mais consistente nas prateleiras do varejo; al\u00e9m disso, diversas cores de galvaniza\u00e7\u00e3o da tampa met\u00e1lica podem ser escolhidas para harmonizar com o estilo da bebida; caso deseje aprimorar a experi\u00eancia do usu\u00e1rio, \u00e9 poss\u00edvel adicionar uma capa de silicone antiderrapante e personalizar a posi\u00e7\u00e3o do logotipo; enquanto isso, o vidro pode ser temperado com a espessura alterada para transporte refrigerado ou embalagens de bebidas sofisticadas.<\/p>","protected":false},"excerpt":{"rendered":"<p>Garrafa de \u00e1gua transparente com op\u00e7\u00e3o de capa para personaliza\u00e7\u00e3o da marca; fornecimento direto da f\u00e1brica e pre\u00e7os vantajosos para compradores em grande quantidade que buscam uma solu\u00e7\u00e3o confi\u00e1vel em garrafas de \u00e1gua.<\/p>","protected":false},"featured_media":3851,"template":"","meta":{"postBodyCss":"","postBodyMargin":[],"postBodyPadding":[],"postBodyBackground":{"backgroundType":"classic","gradient":""}},"product_brand":[],"product_cat":[15,16,60],"product_tag":[72],"class_list":{"0":"post-3850","1":"product","2":"type-product","3":"status-publish","4":"has-post-thumbnail","6":"product_cat-glass-containers","7":"product_cat-glass-bottles","8":"product_cat-water-bottles","9":"product_tag-juice-bottles","11":"first","12":"instock","13":"shipping-taxable","14":"product-type-simple"},"jetpack_sharing_enabled":true,"_links":{"self":[{"href":"https:\/\/minghanggroup.com\/pt\/wp-json\/wp\/v2\/product\/3850","targetHints":{"allow":["GET"]}}],"collection":[{"href":"https:\/\/minghanggroup.com\/pt\/wp-json\/wp\/v2\/product"}],"about":[{"href":"https:\/\/minghanggroup.com\/pt\/wp-json\/wp\/v2\/types\/product"}],"wp:featuredmedia":[{"embeddable":true,"href":"https:\/\/minghanggroup.com\/pt\/wp-json\/wp\/v2\/media\/3851"}],"wp:attachment":[{"href":"https:\/\/minghanggroup.com\/pt\/wp-json\/wp\/v2\/media?parent=3850"}],"wp:term":[{"taxonomy":"product_brand","embeddable":true,"href":"https:\/\/minghanggroup.com\/pt\/wp-json\/wp\/v2\/product_brand?post=3850"},{"taxonomy":"product_cat","embeddable":true,"href":"https:\/\/minghanggroup.com\/pt\/wp-json\/wp\/v2\/product_cat?post=3850"},{"taxonomy":"product_tag","embeddable":true,"href":"https:\/\/minghanggroup.com\/pt\/wp-json\/wp\/v2\/product_tag?post=3850"}],"curies":[{"name":"wp","href":"https:\/\/api.w.org\/{rel}","templated":true}]}}