{"id":3843,"date":"2025-12-05T11:54:26","date_gmt":"2025-12-05T03:54:26","guid":{"rendered":"https:\/\/minghanggroup.com\/?post_type=product&#038;p=3843"},"modified":"2026-01-20T14:18:29","modified_gmt":"2026-01-20T06:18:29","slug":"custom-water-bottles-for-beverage-brands-wholesale","status":"publish","type":"product","link":"https:\/\/minghanggroup.com\/pt\/produto\/custom-water-bottles-for-beverage-brands-wholesale\/","title":{"rendered":"Garrafas de \u00e1gua personalizadas de 280 ml a 1000 ml para marcas de bebidas (venda por atacado)"},"content":{"rendered":"<p>Pare de usar garrafas de pl\u00e1stico que, al\u00e9m de serem sem gra\u00e7a, prejudicam a imagem da sua marca. Fabricamos garrafas de \u00e1gua de vidro personalizadas que n\u00e3o s\u00f3 tornam sua hidrata\u00e7\u00e3o elegante e funcional, como tamb\u00e9m mant\u00eam a \u00e1gua fresca. Elas n\u00e3o s\u00e3o apenas garrafas; s\u00e3o a nova arma secreta da sua marca para se manter hidratado.<\/p>\n<h2>Caracter\u00edsticas do produto<\/h2>\n<ol>\n<li><strong>Clareza cristalina: <\/strong>O vidro borossilicato transparente permite visualizar o n\u00edvel da \u00e1gua \u00e0 dist\u00e2ncia, o que \u00e9 necess\u00e1rio para a ingest\u00e3o di\u00e1ria de \u00e1gua e hidrata\u00e7\u00e3o.<\/li>\n<li><strong>Compatibilidade universal: <\/strong>O gargalo roscado de 28 mm \u00e9 compat\u00edvel com qualquer tampa padr\u00e3o, sendo conveniente para personalizar seu copo reutiliz\u00e1vel com uma tampa de a\u00e7o inoxid\u00e1vel ou uma capa de silicone.<\/li>\n<li><strong>Constru\u00e7\u00e3o dur\u00e1vel: <\/strong>O produto \u00e9 feito de vidro borossilicato resistente e dur\u00e1vel, podendo ser lavado na m\u00e1quina de lavar lou\u00e7a, congelado e resistente a choques t\u00e9rmicos, garantindo assim uma longa vida \u00fatil.<\/li>\n<li><strong>Tamanhos vers\u00e1teis: <\/strong>Diversas capacidades (de 280 ml a 1000 ml) atendem a todas as suas necessidades de hidrata\u00e7\u00e3o, seja para uso no escrit\u00f3rio ou para atividades ao ar livre, sendo, portanto, as garrafas de \u00e1gua ideais para levar em grandes quantidades.<\/li>\n<\/ol>\n<h2>Especifica\u00e7\u00f5es principais<\/h2>\n<table style=\"border-collapse: collapse; width: 80%; margin-right: auto; margin-left: auto;\" border=\"0\" width=\"288\" cellspacing=\"0\" cellpadding=\"0\">\n<tbody>\n<tr style=\"height: 13.50pt;\">\n<td style=\"height: 13.5pt; width: 54pt; text-align: center;\" width=\"72\" height=\"18\">Capacidade (ml)<\/td>\n<td style=\"width: 54pt; text-align: center;\" width=\"72\">Tamanho (cm)<\/td>\n<td style=\"width: 54pt; text-align: center;\" width=\"72\">Di\u00e2metro (mm)<\/td>\n<td style=\"width: 54pt; text-align: center;\" width=\"72\">Material<\/td>\n<\/tr>\n<tr style=\"height: 13.50pt;\">\n<td style=\"height: 13.5pt; text-align: center;\" align=\"right\" height=\"18\">280<\/td>\n<td style=\"text-align: center;\">5,5 x 17,5<\/td>\n<td class=\"et2\" style=\"text-align: center;\" rowspan=\"6\">28<\/td>\n<td class=\"et2\" style=\"text-align: center;\" rowspan=\"6\">Borossilicato<\/td>\n<\/tr>\n<tr style=\"height: 13.50pt;\">\n<td style=\"height: 13.5pt; text-align: center;\" align=\"right\" height=\"18\">360<\/td>\n<td style=\"text-align: center;\">6,0 x 19,0<\/td>\n<\/tr>\n<tr style=\"height: 13.50pt;\">\n<td style=\"height: 13.5pt; text-align: center;\" align=\"right\" height=\"18\">450<\/td>\n<td style=\"text-align: center;\">6,6 x 21,5<\/td>\n<\/tr>\n<tr style=\"height: 13.50pt;\">\n<td style=\"height: 13.5pt; text-align: center;\" align=\"right\" height=\"18\">550<\/td>\n<td style=\"text-align: center;\">6,6 x 22,5<\/td>\n<\/tr>\n<tr style=\"height: 13.50pt;\">\n<td style=\"height: 13.5pt; text-align: center;\" align=\"right\" height=\"18\">750<\/td>\n<td style=\"text-align: center;\">7,0 x 25,9<\/td>\n<\/tr>\n<tr style=\"height: 13.50pt;\">\n<td style=\"height: 13.5pt; text-align: center;\" align=\"right\" height=\"18\">1000<\/td>\n<td style=\"text-align: center;\">7,9 x 27,8<\/td>\n<\/tr>\n<\/tbody>\n<\/table>\n<h2>Caso de sucesso<\/h2>\n<p>Uma marca independente de bebidas decidiu trabalhar conosco na personaliza\u00e7\u00e3o de garrafas de \u00e1gua em grande quantidade para o lan\u00e7amento de seu novo refrigerante. Seu principal objetivo era ter o primeiro lote nas prateleiras o mais r\u00e1pido poss\u00edvel, ent\u00e3o eles definiram o formato da garrafa, a capacidade e os elementos da marca, e n\u00f3s procedemos com a produ\u00e7\u00e3o direta na f\u00e1brica, de acordo com o volume do pedido. Realizamos diversas rodadas de amostragem para garantir que as marca\u00e7\u00f5es coloridas por eletrodeposi\u00e7\u00e3o, a transpar\u00eancia da garrafa e a consist\u00eancia do lote fossem impec\u00e1veis. O cliente retornou com novos pedidos em at\u00e9 dois meses ap\u00f3s o lan\u00e7amento do produto, e a nova linha de produtos se beneficiou do design da embalagem em termos de visibilidade nas prateleiras, o que resultou em um aumento nas vendas.<\/p>\n<h2>Dicas de personaliza\u00e7\u00e3o<\/h2>\n<p>Diversos processos de acabamento das tampas, como galvanoplastia, pulveriza\u00e7\u00e3o ou textura met\u00e1lica escovada, podem ser escolhidos com base no posicionamento da marca; o corpo da garrafa pode ser personalizado com diferentes n\u00edveis de transpar\u00eancia, efeito fosco ou especifica\u00e7\u00f5es de capacidade exclusivas para se adequar a diferentes f\u00f3rmulas de bebidas; tamb\u00e9m \u00e9 poss\u00edvel adicionar tratamento de resist\u00eancia a altas temperaturas ou refor\u00e7o para envase a frio, tornando o produto mais compat\u00edvel com a linha de produ\u00e7\u00e3o das f\u00e1bricas de bebidas; al\u00e9m disso, serigrafia, hot stamping ou impress\u00e3o UV podem ser aplicados para aprimorar o efeito visual nas prateleiras, e a personaliza\u00e7\u00e3o completa do processo, desde o desenvolvimento da amostra at\u00e9 a produ\u00e7\u00e3o em massa, est\u00e1 dispon\u00edvel, colocando assim todo o conjunto de garrafas de \u00e1gua a granel em uma posi\u00e7\u00e3o mais identific\u00e1vel pela marca e comercialmente competitiva.<\/p>","protected":false},"excerpt":{"rendered":"<p>Garrafas de \u00e1gua personalizadas de alta qualidade para envase de bebidas, perfeitas para marcas que buscam garrafas de \u00e1gua em grandes quantidades com fornecimento r\u00e1pido direto da f\u00e1brica e op\u00e7\u00f5es de personaliza\u00e7\u00e3o.<\/p>","protected":false},"featured_media":3844,"template":"","meta":{"postBodyCss":"","postBodyMargin":[],"postBodyPadding":[],"postBodyBackground":{"backgroundType":"classic","gradient":""}},"product_brand":[],"product_cat":[15,16,60],"product_tag":[72],"class_list":{"0":"post-3843","1":"product","2":"type-product","3":"status-publish","4":"has-post-thumbnail","6":"product_cat-glass-containers","7":"product_cat-glass-bottles","8":"product_cat-water-bottles","9":"product_tag-juice-bottles","11":"first","12":"instock","13":"shipping-taxable","14":"product-type-simple"},"jetpack_sharing_enabled":true,"_links":{"self":[{"href":"https:\/\/minghanggroup.com\/pt\/wp-json\/wp\/v2\/product\/3843","targetHints":{"allow":["GET"]}}],"collection":[{"href":"https:\/\/minghanggroup.com\/pt\/wp-json\/wp\/v2\/product"}],"about":[{"href":"https:\/\/minghanggroup.com\/pt\/wp-json\/wp\/v2\/types\/product"}],"wp:featuredmedia":[{"embeddable":true,"href":"https:\/\/minghanggroup.com\/pt\/wp-json\/wp\/v2\/media\/3844"}],"wp:attachment":[{"href":"https:\/\/minghanggroup.com\/pt\/wp-json\/wp\/v2\/media?parent=3843"}],"wp:term":[{"taxonomy":"product_brand","embeddable":true,"href":"https:\/\/minghanggroup.com\/pt\/wp-json\/wp\/v2\/product_brand?post=3843"},{"taxonomy":"product_cat","embeddable":true,"href":"https:\/\/minghanggroup.com\/pt\/wp-json\/wp\/v2\/product_cat?post=3843"},{"taxonomy":"product_tag","embeddable":true,"href":"https:\/\/minghanggroup.com\/pt\/wp-json\/wp\/v2\/product_tag?post=3843"}],"curies":[{"name":"wp","href":"https:\/\/api.w.org\/{rel}","templated":true}]}}