{"id":3822,"date":"2025-12-04T11:28:30","date_gmt":"2025-12-04T03:28:30","guid":{"rendered":"https:\/\/minghanggroup.com\/?post_type=product&#038;p=3822"},"modified":"2026-01-20T13:50:52","modified_gmt":"2026-01-20T05:50:52","slug":"bulk-empty-clear-glass-food-storage-jars","status":"publish","type":"product","link":"https:\/\/minghanggroup.com\/pt\/produto\/bulk-empty-clear-glass-food-storage-jars\/","title":{"rendered":"Conjunto de v\u00e1rios potes de vidro transparente vazios para armazenamento de alimentos, de 180 ml a 350 ml."},"content":{"rendered":"<p>Os potes de vidro para armazenamento de alimentos s\u00e3o conhecidos por seu formato cil\u00edndrico moderno e transparente, e cada um possui um fecho de metal brilhante. Com um design \u00fanico e minimalista, \u00e9 poss\u00edvel empilh\u00e1-los ou organiz\u00e1-los na despensa de forma pr\u00e1tica.<\/p>\n<h2>Caracter\u00edsticas do produto<\/h2>\n<ul>\n<li><strong>Veda\u00e7\u00e3o confi\u00e1vel:<\/strong> Os an\u00e9is de silicone isolam o conte\u00fado da atmosfera externa e o mant\u00eam seco, permitindo que os alimentos sejam armazenados por per\u00edodos mais longos.<\/li>\n<li><strong>Visibilidade clara:<\/strong> Um frasco de vidro \u00e9 um recipiente transparente que permite ver o seu conte\u00fado e, dessa forma, identificar o alimento sem precisar abrir o frasco.<\/li>\n<li><strong>Dur\u00e1vel:<\/strong> A parte de vidro \u00e9 espessa e as partes de metal s\u00e3o robustas, permitindo o uso di\u00e1rio e diversas lavagens.<\/li>\n<\/ul>\n<h2 style=\"text-align: left;\">Especifica\u00e7\u00f5es principais<\/h2>\n<table class=\"aligncenter\" style=\"border-collapse: collapse; width: 470.27pt;\" border=\"0\" width=\"627\" cellspacing=\"0\" cellpadding=\"0\">\n<tbody>\n<tr style=\"height: 13.50pt;\">\n<td style=\"height: 13.50pt; width: 92.25pt;\" width=\"123\" height=\"18\">Especifica\u00e7\u00e3o<\/td>\n<td style=\"width: 378.00pt;\" width=\"504\">Detalhes<\/td>\n<\/tr>\n<tr style=\"height: 13.50pt;\">\n<td style=\"height: 13.50pt;\" height=\"18\">Capacidade<\/td>\n<td>180ml \/ 200ml \/ 220ml \/ 300ml \/ 350ml<\/td>\n<\/tr>\n<tr style=\"height: 13.50pt;\">\n<td style=\"height: 13.50pt;\" height=\"18\">Dimens\u00f5es<\/td>\n<td>7,9\u00d78,1cm \/ 7,6\u00d78,2cm \/ 7,6\u00d79cm \/ 7,8\u00d710,3cm \/ 9,2\u00d79,7cm<\/td>\n<\/tr>\n<tr style=\"height: 13.50pt;\">\n<td style=\"height: 13.50pt;\" height=\"18\">Material<\/td>\n<td>Vidro transparente<\/td>\n<\/tr>\n<tr style=\"height: 13.50pt;\">\n<td style=\"height: 13.50pt;\" height=\"18\">Tipo de tampa<\/td>\n<td>Tampa com fecho de metal e al\u00e7a de arame<\/td>\n<\/tr>\n<tr style=\"height: 13.50pt;\">\n<td style=\"height: 13.50pt;\" height=\"18\">Ideal para<\/td>\n<td>Potes de vidro para armazenamento, potes de vidro herm\u00e9ticos<\/td>\n<\/tr>\n<\/tbody>\n<\/table>\n<h2>Caso de sucesso: a solu\u00e7\u00e3o de armazenamento de uma rede de supermercados especializada em alimentos.<\/h2>\n<p>Um supermercado boutique precisava de um sistema de armazenamento de alimentos a granel mais eficiente. A solu\u00e7\u00e3o encontrada foi utilizar nossos potes de vidro de 300 ml para armazenar frutas secas e nozes. Os clientes mal podiam esperar para conferir a qualidade dos produtos atrav\u00e9s do vidro transparente, o que resultou em um aumento de 25% nas vendas. A fideliza\u00e7\u00e3o dos clientes tamb\u00e9m cresceu 60%. Como consequ\u00eancia desse sucesso, a rede varejista encomendou 200.000 potes de vidro com o objetivo de expandir a se\u00e7\u00e3o de alimentos a granel em todas as suas lojas.<\/p>\n<h2>Potes de vidro personalizados para armazenamento de alimentos.<\/h2>\n<ul>\n<li>Classifica\u00e7\u00e3o de capacidade com impress\u00e3o \u2013 Adicione gradua\u00e7\u00f5es para dispensa\u00e7\u00e3o precisa.<\/li>\n<li>C\u00edrculos decorativos foscos \u2013 Listras foscas feitas de material gravado a \u00e1cido<\/li>\n<li>Alternativa ao vidro colorido \u2013 Vidro \u00e2mbar ou azul est\u00e1 dispon\u00edvel para proteger o vidro da luz UV.<\/li>\n<li>Al\u00e7a de pe\u00e7a \u00fanica \u2013 Fixe uma al\u00e7a de vidro moldado para um manuseio confort\u00e1vel.<\/li>\n<\/ul>","protected":false},"excerpt":{"rendered":"<p>Organize sua cozinha com nossos potes de vidro transparente para armazenar alimentos. Cada pote possui tampa herm\u00e9tica com fecho de press\u00e3o para manter os alimentos frescos. Amostras gr\u00e1tis dispon\u00edveis.<\/p>","protected":false},"featured_media":3829,"template":"","meta":{"postBodyCss":"","postBodyMargin":[],"postBodyPadding":[],"postBodyBackground":{"backgroundType":"classic","gradient":""}},"product_brand":[],"product_cat":[15,17,59],"product_tag":[66],"class_list":{"0":"post-3822","1":"product","2":"type-product","3":"status-publish","4":"has-post-thumbnail","6":"product_cat-glass-containers","7":"product_cat-glass-jars","8":"product_cat-glass-storage-jars","9":"product_tag-swing-top-jars","11":"first","12":"instock","13":"shipping-taxable","14":"product-type-simple"},"jetpack_sharing_enabled":true,"_links":{"self":[{"href":"https:\/\/minghanggroup.com\/pt\/wp-json\/wp\/v2\/product\/3822","targetHints":{"allow":["GET"]}}],"collection":[{"href":"https:\/\/minghanggroup.com\/pt\/wp-json\/wp\/v2\/product"}],"about":[{"href":"https:\/\/minghanggroup.com\/pt\/wp-json\/wp\/v2\/types\/product"}],"wp:featuredmedia":[{"embeddable":true,"href":"https:\/\/minghanggroup.com\/pt\/wp-json\/wp\/v2\/media\/3829"}],"wp:attachment":[{"href":"https:\/\/minghanggroup.com\/pt\/wp-json\/wp\/v2\/media?parent=3822"}],"wp:term":[{"taxonomy":"product_brand","embeddable":true,"href":"https:\/\/minghanggroup.com\/pt\/wp-json\/wp\/v2\/product_brand?post=3822"},{"taxonomy":"product_cat","embeddable":true,"href":"https:\/\/minghanggroup.com\/pt\/wp-json\/wp\/v2\/product_cat?post=3822"},{"taxonomy":"product_tag","embeddable":true,"href":"https:\/\/minghanggroup.com\/pt\/wp-json\/wp\/v2\/product_tag?post=3822"}],"curies":[{"name":"wp","href":"https:\/\/api.w.org\/{rel}","templated":true}]}}