{"id":3814,"date":"2025-12-04T11:49:49","date_gmt":"2025-12-04T03:49:49","guid":{"rendered":"https:\/\/minghanggroup.com\/?post_type=product&#038;p=3814"},"modified":"2026-01-20T14:18:15","modified_gmt":"2026-01-20T06:18:15","slug":"glass-bottles-of-water-for-drinks-wholesale","status":"publish","type":"product","link":"https:\/\/minghanggroup.com\/pt\/produto\/glass-bottles-of-water-for-drinks-wholesale\/","title":{"rendered":"Garrafas de vidro de 300ml a 750ml para \u00e1gua, para venda por atacado."},"content":{"rendered":"<p>Pare de se contentar com garrafas de pl\u00e1stico sem gra\u00e7a que d\u00e3o uma apar\u00eancia barata \u00e0 sua marca. Criamos garrafas de vidro premium para \u00e1gua que n\u00e3o s\u00f3 elevam a sua hidrata\u00e7\u00e3o a uma solu\u00e7\u00e3o moderna e funcional, como tamb\u00e9m mant\u00eam a sua \u00e1gua fresca. Elas n\u00e3o s\u00e3o apenas garrafas; s\u00e3o a nova arma secreta da sua marca para se manter hidratado.<\/p>\n<h2>Caracter\u00edsticas do produto<\/h2>\n<ol>\n<li><strong>Cristalino <\/strong>Sem nenhum esfor\u00e7o adicional, o vidro transparente permite visualizar o n\u00edvel da \u00e1gua no recipiente, sendo assim uma \u00f3tima maneira de se manter hidratado e tamb\u00e9m de monitorar a ingest\u00e3o di\u00e1ria de \u00e1gua.<\/li>\n<li><strong>Tampa personaliz\u00e1vel: <\/strong>Ao combinar a tampa de a\u00e7o inoxid\u00e1vel, a capa de silicone e as al\u00e7as de transporte para obter a solu\u00e7\u00e3o de hidrata\u00e7\u00e3o perfeita, voc\u00ea a torna n\u00e3o apenas pr\u00e1tica para transportar, mas tamb\u00e9m \u00e0 prova de vazamentos.<\/li>\n<li><strong>Vidro de borosilicato dur\u00e1vel: <\/strong>O produto \u00e9 fabricado em vidro borossilicato resistente, podendo ser lavado na m\u00e1quina de lavar lou\u00e7a e congelador com seguran\u00e7a, al\u00e9m de ser resistente a choques t\u00e9rmicos, o que garante sua longa durabilidade.<\/li>\n<li><strong>Tamanhos vers\u00e1teis: <\/strong>Os diferentes tamanhos (300ml-750ml) ir\u00e3o satisfazer todas as suas necessidades de hidrata\u00e7\u00e3o, seja para o trabalho no escrit\u00f3rio, para uma caminhada ou para um estilo de vida que inclua ambos.<\/li>\n<\/ol>\n<h2 data-spm-anchor-id=\"5176.28103460.0.i10.14c475511HPf5O\">Especifica\u00e7\u00f5es principais<\/h2>\n<table style=\"border-collapse: collapse; width: 80%; margin-left: auto; margin-right: auto;\" border=\"0\" width=\"288\" cellspacing=\"0\" cellpadding=\"0\">\n<tbody>\n<tr style=\"height: 13.50pt;\">\n<td style=\"height: 13.5pt; width: 54pt; text-align: center;\" width=\"72\" height=\"18\">Capacidade (ml)<\/td>\n<td style=\"width: 54pt; text-align: center;\" width=\"72\">Tamanho (cm)<\/td>\n<td style=\"width: 54pt; text-align: center;\" width=\"72\">Material<\/td>\n<td style=\"width: 54pt; text-align: center;\" width=\"72\">Tipo de veda\u00e7\u00e3o<\/td>\n<\/tr>\n<tr style=\"height: 13.50pt;\">\n<td style=\"height: 13.5pt; text-align: center;\" align=\"right\" height=\"18\">300<\/td>\n<td style=\"text-align: center;\">5,8 x 16,7<\/td>\n<td class=\"et2\" style=\"text-align: center;\" rowspan=\"4\">S\u00f3dio C\u00e1lcio<\/td>\n<td class=\"et2\" style=\"text-align: center;\" rowspan=\"4\">Tampa rosqueada + personalizada<\/td>\n<\/tr>\n<tr style=\"height: 13.50pt;\">\n<td style=\"height: 13.5pt; text-align: center;\" align=\"right\" height=\"18\">420<\/td>\n<td style=\"text-align: center;\">6,5 x 18,6<\/td>\n<\/tr>\n<tr style=\"height: 13.50pt;\">\n<td style=\"height: 13.5pt; text-align: center;\" align=\"right\" height=\"18\">550<\/td>\n<td style=\"text-align: center;\">6,3 x 21,5<\/td>\n<\/tr>\n<tr style=\"height: 13.50pt;\">\n<td style=\"height: 13.5pt; text-align: center;\" align=\"right\" height=\"18\">750<\/td>\n<td style=\"text-align: center;\">7,1 x 24,5<\/td>\n<\/tr>\n<\/tbody>\n<\/table>\n<h2>Caso de sucesso<\/h2>\n<p>Essencialmente, um fabricante de sucos da Am\u00e9rica do Sul queria melhorar a apar\u00eancia de seu suco prensado a frio e atender \u00e0s exig\u00eancias dos supermercados que solicitam embalagens reutiliz\u00e1veis. Como resultado dessa decis\u00e3o, eles mudaram o r\u00f3tulo para uma garrafa de \u00e1gua transparente com paredes padr\u00e3o e criaram uma luva com a inscri\u00e7\u00e3o de sua marca. Consequentemente, ap\u00f3s o envase, a cor ficou mais intensa e a visibilidade do produto aumentou na prateleira.<\/p>\n<p>No primeiro trimestre, a empresa expandiu sua rede de distribui\u00e7\u00e3o para incluir dois grandes canais de varejo, resultando em um aumento de aproximadamente 27% na taxa de rotatividade ap\u00f3s o lan\u00e7amento do novo produto.<\/p>\n<h2>Dicas de personaliza\u00e7\u00e3o<\/h2>\n<p>Sua marca pode utilizar esta garrafa de \u00e1gua de vidro de diversas maneiras: diferentes volumes e propor\u00e7\u00f5es para representar as diferentes linhas de bebidas; a marca pode ser exibida de forma mais v\u00edvida no corpo da garrafa, que pode ser impresso com serigrafia, hot stamping ou totalmente colorido com um r\u00f3tulo; al\u00e9m disso, o produto pode se diferenciar nas prateleiras com uma variedade de acabamentos de vidro, como transparente, fosco e \u00e2mbar; uma capa protetora diferenciada tamb\u00e9m \u00e9 algo a se considerar.<\/p>","protected":false},"excerpt":{"rendered":"<p>Garrafas de vidro para \u00e1gua, pr\u00f3prias para bebidas. Estas garrafas de vidro de alta qualidade est\u00e3o dispon\u00edveis com acess\u00f3rios como canudos ou capas protetoras. Envio direto da f\u00e1brica.<\/p>","protected":false},"featured_media":3815,"template":"","meta":{"postBodyCss":"","postBodyMargin":[],"postBodyPadding":[],"postBodyBackground":{"backgroundType":"classic","gradient":""}},"product_brand":[],"product_cat":[15,16,60],"product_tag":[72],"class_list":{"0":"post-3814","1":"product","2":"type-product","3":"status-publish","4":"has-post-thumbnail","6":"product_cat-glass-containers","7":"product_cat-glass-bottles","8":"product_cat-water-bottles","9":"product_tag-juice-bottles","11":"first","12":"instock","13":"shipping-taxable","14":"product-type-simple"},"jetpack_sharing_enabled":true,"_links":{"self":[{"href":"https:\/\/minghanggroup.com\/pt\/wp-json\/wp\/v2\/product\/3814","targetHints":{"allow":["GET"]}}],"collection":[{"href":"https:\/\/minghanggroup.com\/pt\/wp-json\/wp\/v2\/product"}],"about":[{"href":"https:\/\/minghanggroup.com\/pt\/wp-json\/wp\/v2\/types\/product"}],"wp:featuredmedia":[{"embeddable":true,"href":"https:\/\/minghanggroup.com\/pt\/wp-json\/wp\/v2\/media\/3815"}],"wp:attachment":[{"href":"https:\/\/minghanggroup.com\/pt\/wp-json\/wp\/v2\/media?parent=3814"}],"wp:term":[{"taxonomy":"product_brand","embeddable":true,"href":"https:\/\/minghanggroup.com\/pt\/wp-json\/wp\/v2\/product_brand?post=3814"},{"taxonomy":"product_cat","embeddable":true,"href":"https:\/\/minghanggroup.com\/pt\/wp-json\/wp\/v2\/product_cat?post=3814"},{"taxonomy":"product_tag","embeddable":true,"href":"https:\/\/minghanggroup.com\/pt\/wp-json\/wp\/v2\/product_tag?post=3814"}],"curies":[{"name":"wp","href":"https:\/\/api.w.org\/{rel}","templated":true}]}}