{"id":3813,"date":"2025-12-04T10:05:31","date_gmt":"2025-12-04T02:05:31","guid":{"rendered":"https:\/\/minghanggroup.com\/?post_type=product&#038;p=3813"},"modified":"2026-01-20T13:50:59","modified_gmt":"2026-01-20T05:50:59","slug":"bulk-empty-small-glass-jars-with-airtight-lids","status":"publish","type":"product","link":"https:\/\/minghanggroup.com\/pt\/produto\/bulk-empty-small-glass-jars-with-airtight-lids\/","title":{"rendered":"Conjunto de pequenos frascos de vidro vazios com tampas herm\u00e9ticas, nos tamanhos 80ml, 100ml e 150ml."},"content":{"rendered":"<p>Estes pequenos frascos de vidro com tampas herm\u00e9ticas e um design elegante e compacto s\u00e3o feitos de vidro transparente, t\u00eam formato cil\u00edndrico e uma tampa de metal polido com fecho de press\u00e3o, uma \u00f3tima solu\u00e7\u00e3o para armazenar pequenos objetos.<\/p>\n<h2>Caracter\u00edsticas do produto<\/h2>\n<ul>\n<li><strong>Formato cil\u00edndrico transparente:<\/strong> O vidro totalmente transparente e o formato cil\u00edndrico b\u00e1sico permitem visualizar o conte\u00fado do recipiente em todos os momentos e, ao mesmo tempo, facilitam o armazenamento compacto ou o empilhamento, economizando espa\u00e7o.<\/li>\n<li><strong>Design de veda\u00e7\u00e3o por encaixe:<\/strong> A tampa met\u00e1lica de encaixe garante uma veda\u00e7\u00e3o excelente, mantendo o frasco livre de umidade e preservando o frescor. Ideal para abrir e fechar com facilidade, tamb\u00e9m pode ser usada para armazenar pequenos objetos.<\/li>\n<li><strong>Simples e adapt\u00e1vel a diversos cen\u00e1rios:<\/strong> Como, por exemplo, porta-temperos de cozinha ou organizadores de mesa, onde servem como um componente funcional e atraente.<\/li>\n<\/ul>\n<h2 style=\"text-align: left;\">Especifica\u00e7\u00f5es principais<\/h2>\n<table class=\"aligncenter\" style=\"border-collapse: collapse; width: 432.77pt;\" border=\"0\" width=\"577\" cellspacing=\"0\" cellpadding=\"0\">\n<tbody>\n<tr style=\"height: 13.50pt;\">\n<td style=\"height: 13.50pt; width: 92.25pt;\" width=\"123\" height=\"18\">Especifica\u00e7\u00e3o<\/td>\n<td style=\"width: 340.50pt;\" width=\"454\">Detalhes<\/td>\n<\/tr>\n<tr style=\"height: 13.50pt;\">\n<td style=\"height: 13.50pt;\" height=\"18\">Capacidade<\/td>\n<td>80ml \/ 100ml \/ 150ml<\/td>\n<\/tr>\n<tr style=\"height: 13.50pt;\">\n<td style=\"height: 13.50pt;\" height=\"18\">Dimens\u00f5es<\/td>\n<td>6,1\u00d77,3cm \/ 6,3\u00d77,1cm \/ 7,5\u00d77,2cm<\/td>\n<\/tr>\n<tr style=\"height: 13.50pt;\">\n<td style=\"height: 13.50pt;\" height=\"18\">Material<\/td>\n<td>Vidro transparente<\/td>\n<\/tr>\n<tr style=\"height: 13.50pt;\">\n<td style=\"height: 13.50pt;\" height=\"18\">Tipo de tampa<\/td>\n<td>Tampa com fecho de metal e al\u00e7a de arame<\/td>\n<\/tr>\n<tr style=\"height: 13.50pt;\">\n<td style=\"height: 13.50pt;\" height=\"18\">Ideal para<\/td>\n<td>Potes de vidro para armazenamento, potes de vidro com tampas herm\u00e9ticas.<\/td>\n<\/tr>\n<\/tbody>\n<\/table>\n<h2>Caso de sucesso: Estudo de caso de embalagem de uma empresa de alimentos especiais<\/h2>\n<p>Uma empresa de alimentos de elite optou por nossos pequenos potes de vidro de 100 ml com tampas herm\u00e9ticas para embalar sua nova linha de especiarias artesanais. A tampa selada foi respons\u00e1vel pela triplica\u00e7\u00e3o do sabor e frescor das especiarias em compara\u00e7\u00e3o com a embalagem anterior. As especiarias embaladas ficavam totalmente vis\u00edveis aos clientes atrav\u00e9s do vidro transparente, o que levou a um aumento de 40% na taxa de convers\u00e3o de experimenta\u00e7\u00e3o. Mais importante ainda, a embalagem atraente permitiu que a empresa entrasse com sucesso em 200 novas lojas especializadas. A partir desse momento, fizeram um pedido de 300.000 potes de vidro para dar suporte \u00e0 sua expans\u00e3o por todo o pa\u00eds.<\/p>\n<h2>Op\u00e7\u00f5es de personaliza\u00e7\u00e3o para potes de vidro para armazenamento<\/h2>\n<ul>\n<li>Serigrafia para impress\u00e3o de logotipos e informa\u00e7\u00f5es de produtos \u2013 Imprima logotipos e informa\u00e7\u00f5es sobre seus produtos com tinta cer\u00e2mica dur\u00e1vel.<\/li>\n<li>Marcadores de capacidade em relevo \u2013 Incluem gradua\u00e7\u00f5es em alto-relevo para medi\u00e7\u00f5es precisas.<\/li>\n<li>Op\u00e7\u00f5es de vitrais \u2013 Escolha entre vidro \u00e2mbar ou azul cobalto para um bloqueio de luz eficiente.<\/li>\n<li>Cor do anel de veda\u00e7\u00e3o de silicone \u2013 A cor do anel de veda\u00e7\u00e3o deve estar de acordo com a identidade visual da sua marca.<\/li>\n<\/ul>\n<p>Est\u00e1 pronto para proteger seus pequenos objetos? Pre\u00e7os de atacado para esses vers\u00e1teis potes de vidro pequenos (com tampas herm\u00e9ticas) est\u00e3o dispon\u00edveis se voc\u00ea entrar em contato conosco hoje mesmo.<\/p>","protected":false},"excerpt":{"rendered":"<p>Mantenha os alimentos frescos com nossos pequenos potes de vidro com tampas herm\u00e9ticas. Esses potes de vidro com tampas herm\u00e9ticas s\u00e3o perfeitos para temperos e lanches, e agora com entrega r\u00e1pida.<\/p>","protected":false},"featured_media":3820,"template":"","meta":{"postBodyCss":"","postBodyMargin":[],"postBodyPadding":[],"postBodyBackground":{"backgroundType":"classic","gradient":""}},"product_brand":[],"product_cat":[15,17,59],"product_tag":[66],"class_list":{"0":"post-3813","1":"product","2":"type-product","3":"status-publish","4":"has-post-thumbnail","6":"product_cat-glass-containers","7":"product_cat-glass-jars","8":"product_cat-glass-storage-jars","9":"product_tag-swing-top-jars","11":"first","12":"instock","13":"shipping-taxable","14":"product-type-simple"},"jetpack_sharing_enabled":true,"_links":{"self":[{"href":"https:\/\/minghanggroup.com\/pt\/wp-json\/wp\/v2\/product\/3813","targetHints":{"allow":["GET"]}}],"collection":[{"href":"https:\/\/minghanggroup.com\/pt\/wp-json\/wp\/v2\/product"}],"about":[{"href":"https:\/\/minghanggroup.com\/pt\/wp-json\/wp\/v2\/types\/product"}],"wp:featuredmedia":[{"embeddable":true,"href":"https:\/\/minghanggroup.com\/pt\/wp-json\/wp\/v2\/media\/3820"}],"wp:attachment":[{"href":"https:\/\/minghanggroup.com\/pt\/wp-json\/wp\/v2\/media?parent=3813"}],"wp:term":[{"taxonomy":"product_brand","embeddable":true,"href":"https:\/\/minghanggroup.com\/pt\/wp-json\/wp\/v2\/product_brand?post=3813"},{"taxonomy":"product_cat","embeddable":true,"href":"https:\/\/minghanggroup.com\/pt\/wp-json\/wp\/v2\/product_cat?post=3813"},{"taxonomy":"product_tag","embeddable":true,"href":"https:\/\/minghanggroup.com\/pt\/wp-json\/wp\/v2\/product_tag?post=3813"}],"curies":[{"name":"wp","href":"https:\/\/api.w.org\/{rel}","templated":true}]}}