{"id":3649,"date":"2025-11-24T16:44:28","date_gmt":"2025-11-24T08:44:28","guid":{"rendered":"https:\/\/minghanggroup.com\/?post_type=product&#038;p=3649"},"modified":"2025-12-03T15:44:06","modified_gmt":"2025-12-03T07:44:06","slug":"vintage-spice-jars-set-with-wooden-lids-bulk","status":"publish","type":"product","link":"https:\/\/minghanggroup.com\/pt\/produto\/vintage-spice-jars-set-with-wooden-lids-bulk\/","title":{"rendered":"Conjunto de Potes de Especiarias Vintage de 410ml com Tampas de Madeira Atacado"},"content":{"rendered":"<p>Suas especiarias merecem um recipiente \u00e0 altura do seu sabor. Criamos potes de especiarias vintage premium que transformam o armazenamento dos seus temperos em uma solu\u00e7\u00e3o elegante e funcional, mantendo-os frescos. Mais do que simples potes, eles s\u00e3o o novo ingrediente secreto da sua marca para se destacar.<\/p>\n<h2>Caracter\u00edsticas do produto<\/h2>\n<ol>\n<li><strong>Design cl\u00e1ssico em vidro prensado:<\/strong>Com nossos copos estampados, voc\u00ea pode exibir as cores vibrantes de seus temperos num relance, o que \u00e9 \u00f3timo n\u00e3o s\u00f3 para preservar o sabor, mas tamb\u00e9m para o apelo visual da sua marca.<\/li>\n<li><strong>Tampa de veda\u00e7\u00e3o de madeira:<\/strong>Uma tampa de madeira lindamente trabalhada cria uma veda\u00e7\u00e3o herm\u00e9tica que mant\u00e9m o produto fresco e, ao mesmo tempo, impede a entrada de umidade; assim, a bolsa \u00e9 ideal para conservas e picles.<\/li>\n<li><strong>Base de madeira resistente:<\/strong>A base de madeira maci\u00e7a confere aos seus potes de especiarias de estilo antigo a estabilidade e seguran\u00e7a necess\u00e1rias, tornando-os perfeitos n\u00e3o s\u00f3 para decorar a sua cozinha, mas tamb\u00e9m para armazenar frutas e legumes secos.<\/li>\n<li><strong>Armazenamento vers\u00e1til de especiarias:<\/strong>Este conjunto de potes de especiarias vintage \u00e9 perfeito para armazenar diferentes tipos de temperos, como pimenta em p\u00f3, cominho, etc., sendo uma \u00f3tima adi\u00e7\u00e3o vers\u00e1til para qualquer cozinha residencial ou para um neg\u00f3cio de embalagens por atacado.<\/li>\n<\/ol>\n<h2>Especifica\u00e7\u00f5es principais<\/h2>\n<table style=\"border-collapse: collapse; width: 80%; margin-left: auto; margin-right: auto;\" border=\"0\" width=\"216\" cellspacing=\"0\" cellpadding=\"0\">\n<tbody>\n<tr style=\"height: 13.50pt;\">\n<td style=\"height: 13.5pt; width: 54pt; text-align: center;\" width=\"72\" height=\"18\">Capacidade<\/td>\n<td style=\"width: 54pt; text-align: center;\" width=\"72\">Tamanho (cm)<\/td>\n<td style=\"width: 54pt; text-align: center;\" width=\"72\">Acess\u00f3rios<\/td>\n<\/tr>\n<tr style=\"height: 13.50pt;\">\n<td style=\"height: 13.5pt; text-align: center;\" height=\"18\">410ml<\/td>\n<td style=\"text-align: center;\">8.6&#215;10.5<\/td>\n<td style=\"text-align: center;\">Colher de pau<\/td>\n<\/tr>\n<\/tbody>\n<\/table>\n<h2>Caso de sucesso<\/h2>\n<p>Quando uma rede local de torrefa\u00e7\u00e3o de caf\u00e9 em Vancouver renovou a \u00e1rea de exposi\u00e7\u00e3o de condimentos de sua loja, decidiu usar este conjunto cl\u00e1ssico de potes de especiarias vintage para exibir cacau em p\u00f3, canela e a\u00e7\u00facar mascavo. A equipe da marca gostou da textura retr\u00f4 em relevo dos potes de vidro e da apar\u00eancia natural das tampas de madeira, pois esses dois elementos combinavam muito bem com a imagem da marca de &#034;torrefa\u00e7\u00e3o artesanal&#034; e &#034;sabores naturais&#034;.<\/p>\n<p>Quando o novo expositor de condimentos estava pronto, eles registraram um aumento de 27% na intera\u00e7\u00e3o dos clientes dentro da loja em apenas dois meses.<\/p>\n<h2>Dicas de personaliza\u00e7\u00e3o<\/h2>\n<p>Ao personalizar, a tampa e o prato podem ser escolhidos em v\u00e1rias cores, como nogueira escura, madeira natural ou carvalho tingido, permitindo uma transi\u00e7\u00e3o suave entre estilos naturais e modernos e sofisticados. Al\u00e9m disso, \u00e9 poss\u00edvel ajustar a capacidade do frasco de vidro, o material da colher e o tamanho da bandeja de acordo com o uso pretendido pela marca, tornando este conjunto de frascos de especiarias vintage uma op\u00e7\u00e3o mais adequada em termos de exposi\u00e7\u00e3o e experi\u00eancia do usu\u00e1rio.<\/p>","protected":false},"excerpt":{"rendered":"<p>Conjunto de potes de especiarias vintage direto da f\u00e1brica para voc\u00ea. Fornecimento em grande quantidade, estoque est\u00e1vel e conjunto de potes de especiarias personaliz\u00e1vel para linhas de utens\u00edlios de cozinha de marcas renomadas.<\/p>","protected":false},"featured_media":3650,"template":"","meta":{"postBodyCss":"","postBodyMargin":[],"postBodyPadding":[],"postBodyBackground":{"backgroundType":"classic","gradient":""}},"product_brand":[],"product_cat":[15,17,53],"product_tag":[],"class_list":{"0":"post-3649","1":"product","2":"type-product","3":"status-publish","4":"has-post-thumbnail","6":"product_cat-glass-containers","7":"product_cat-glass-jars","8":"product_cat-spice-jars","10":"first","11":"instock","12":"shipping-taxable","13":"product-type-simple"},"jetpack_sharing_enabled":true,"_links":{"self":[{"href":"https:\/\/minghanggroup.com\/pt\/wp-json\/wp\/v2\/product\/3649","targetHints":{"allow":["GET"]}}],"collection":[{"href":"https:\/\/minghanggroup.com\/pt\/wp-json\/wp\/v2\/product"}],"about":[{"href":"https:\/\/minghanggroup.com\/pt\/wp-json\/wp\/v2\/types\/product"}],"wp:featuredmedia":[{"embeddable":true,"href":"https:\/\/minghanggroup.com\/pt\/wp-json\/wp\/v2\/media\/3650"}],"wp:attachment":[{"href":"https:\/\/minghanggroup.com\/pt\/wp-json\/wp\/v2\/media?parent=3649"}],"wp:term":[{"taxonomy":"product_brand","embeddable":true,"href":"https:\/\/minghanggroup.com\/pt\/wp-json\/wp\/v2\/product_brand?post=3649"},{"taxonomy":"product_cat","embeddable":true,"href":"https:\/\/minghanggroup.com\/pt\/wp-json\/wp\/v2\/product_cat?post=3649"},{"taxonomy":"product_tag","embeddable":true,"href":"https:\/\/minghanggroup.com\/pt\/wp-json\/wp\/v2\/product_tag?post=3649"}],"curies":[{"name":"wp","href":"https:\/\/api.w.org\/{rel}","templated":true}]}}