{"id":3648,"date":"2025-11-24T14:52:42","date_gmt":"2025-11-24T06:52:42","guid":{"rendered":"https:\/\/minghanggroup.com\/?post_type=product&#038;p=3648"},"modified":"2026-01-20T14:08:25","modified_gmt":"2026-01-20T06:08:25","slug":"bulk-clear-square-glass-bottles-with-swing-tops","status":"publish","type":"product","link":"https:\/\/minghanggroup.com\/pt\/produto\/bulk-clear-square-glass-bottles-with-swing-tops\/","title":{"rendered":"Garrafas de vidro quadradas transparentes com tampa de press\u00e3o, em grandes quantidades, nos tamanhos 250ml, 500ml e 920ml."},"content":{"rendered":"<p>Cada uma dessas garrafas de vidro transparente quadradas com tampa de rosca possui um sistema de fechamento por press\u00e3o. Dispon\u00edveis em tr\u00eas formatos quadrados diferentes, as garrafas s\u00e3o feitas de vidro transparente. Al\u00e9m disso, s\u00e3o fixadas com presilhas met\u00e1licas que garantem seguran\u00e7a e um visual elegante e atraente.<\/p>\n<h2>Caracter\u00edsticas do produto<\/h2>\n<ul>\n<li><strong>Design de fechamento por press\u00e3o:<\/strong> Por meio de uma rolha met\u00e1lica de press\u00e3o, as garrafas mant\u00eam sua capacidade de veda\u00e7\u00e3o, conservando o conte\u00fado fresco por mais tempo e proporcionando, adicionalmente, um m\u00e9todo simples de abertura e fechamento.<\/li>\n<li><strong>Design quadrado que economiza espa\u00e7o:<\/strong> De um modo geral, o corpo da garrafa, que tem formato cil\u00edndrico, \u00e9 mais eficiente em termos de embalagem, sendo capaz de economizar at\u00e9 25% do espa\u00e7o nas prateleiras que normalmente seria ocupado por garrafas redondas.<\/li>\n<li><strong>Melhor estabilidade:<\/strong> A base larga e plana \u00e9 um fator de estabilidade que torna a garrafa menos propensa a tombar, conferindo-lhe maior estabilidade durante o manuseio e a exposi\u00e7\u00e3o.<\/li>\n<\/ul>\n<h2 style=\"text-align: left;\">Especifica\u00e7\u00f5es principais<\/h2>\n<table class=\"aligncenter\" width=\"884\">\n<tbody>\n<tr>\n<td width=\"122\">Recurso<\/td>\n<td width=\"762\">Detalhes<\/td>\n<\/tr>\n<tr>\n<td>Tamanho<\/td>\n<td>250 ml: 5,7 \u00d7 5,7 \u00d7 18,6 cm \/ 500 ml: 6,6 \u00d7 6,6 \u00d7 26,1 cm \/ 920 ml: 7,6 \u00d7 7,6 \u00d7 30,5 cm<\/td>\n<\/tr>\n<tr>\n<td>Material<\/td>\n<td>Vidro transparente de cal sodada<\/td>\n<\/tr>\n<tr>\n<td>Adequado para<\/td>\n<td>Garrafas com tampa de press\u00e3o, garrafas com tampa flip-top<\/td>\n<\/tr>\n<\/tbody>\n<\/table>\n<h2>Caso de sucesso: como uma empresa de bebidas especiais expandiu seus neg\u00f3cios<\/h2>\n<p>Ap\u00f3s a cervejaria artesanal optar por usar nossa garrafa de vidro quadrada transparente de 500 ml com tampa de press\u00e3o, a empresa passou por uma transforma\u00e7\u00e3o profunda: conseguiu armazenar 30% mais produto no mesmo espa\u00e7o de armaz\u00e9m, o que resultou em uma redu\u00e7\u00e3o de 22% nos custos de armazenagem. O design futurista tornou-se seu produto principal e a taxa de engajamento nas redes sociais aumentou 40%. Com base nesses resultados, a empresa fez recentemente um pedido em grande escala de mais de 500.000 garrafas para facilitar o lan\u00e7amento da nova linha de produtos em todo o pa\u00eds.<\/p>\n<h2>Op\u00e7\u00f5es de personaliza\u00e7\u00e3o para garrafas com tampa de press\u00e3o<\/h2>\n<p>Transforme estas extraordin\u00e1rias garrafas com tampa de rosca na identidade da sua marca pessoal:<\/p>\n<ul>\n<li>Acabamento fosco \u2013 O acabamento fosco obtido por corros\u00e3o \u00e1cida confere ao produto um toque mais elegante e suave.<\/li>\n<li>Cor personalizada da tampa \u2013 A fivela de metal ou o acabamento branco podem ser alterados para combinar com as cores da sua marca.<\/li>\n<li>Logotipo em relevo \u2013 O design ligeiramente elevado na lateral da garrafa, que pode ser sentido ao toque, serve como identidade da marca.<\/li>\n<li>Frasco de vidro \u00e2mbar \u2013 A op\u00e7\u00e3o de frascos de vidro \u00e2mbar com recursos de bloqueio de luz \u00e9 perfeita para produtos delicados.<\/li>\n<\/ul>","protected":false},"excerpt":{"rendered":"<p>Explore as op\u00e7\u00f5es de garrafas de vidro quadrado transparente com tampa de press\u00e3o \u2013 garrafas pr\u00e1ticas e elegantes com tampas de press\u00e3o, ideais para encomendas em grande quantidade com descontos para compras no atacado.<\/p>","protected":false},"featured_media":3652,"template":"","meta":{"postBodyCss":"","postBodyMargin":[],"postBodyPadding":[],"postBodyBackground":{"backgroundType":"classic","gradient":""}},"product_brand":[],"product_cat":[15,16,56],"product_tag":[79,72,78],"class_list":{"0":"post-3648","1":"product","2":"type-product","3":"status-publish","4":"has-post-thumbnail","6":"product_cat-glass-containers","7":"product_cat-glass-bottles","8":"product_cat-flip-top-bottles","9":"product_tag-beer-bottles","10":"product_tag-juice-bottles","11":"product_tag-water-bottles","13":"first","14":"instock","15":"shipping-taxable","16":"product-type-simple"},"jetpack_sharing_enabled":true,"_links":{"self":[{"href":"https:\/\/minghanggroup.com\/pt\/wp-json\/wp\/v2\/product\/3648","targetHints":{"allow":["GET"]}}],"collection":[{"href":"https:\/\/minghanggroup.com\/pt\/wp-json\/wp\/v2\/product"}],"about":[{"href":"https:\/\/minghanggroup.com\/pt\/wp-json\/wp\/v2\/types\/product"}],"wp:featuredmedia":[{"embeddable":true,"href":"https:\/\/minghanggroup.com\/pt\/wp-json\/wp\/v2\/media\/3652"}],"wp:attachment":[{"href":"https:\/\/minghanggroup.com\/pt\/wp-json\/wp\/v2\/media?parent=3648"}],"wp:term":[{"taxonomy":"product_brand","embeddable":true,"href":"https:\/\/minghanggroup.com\/pt\/wp-json\/wp\/v2\/product_brand?post=3648"},{"taxonomy":"product_cat","embeddable":true,"href":"https:\/\/minghanggroup.com\/pt\/wp-json\/wp\/v2\/product_cat?post=3648"},{"taxonomy":"product_tag","embeddable":true,"href":"https:\/\/minghanggroup.com\/pt\/wp-json\/wp\/v2\/product_tag?post=3648"}],"curies":[{"name":"wp","href":"https:\/\/api.w.org\/{rel}","templated":true}]}}