{"id":3643,"date":"2025-11-24T13:50:27","date_gmt":"2025-11-24T05:50:27","guid":{"rendered":"https:\/\/minghanggroup.com\/?post_type=product&#038;p=3643"},"modified":"2026-01-20T14:08:31","modified_gmt":"2026-01-20T06:08:31","slug":"bulk-clear-glass-round-resealable-bottles","status":"publish","type":"product","link":"https:\/\/minghanggroup.com\/pt\/produto\/bulk-clear-glass-round-resealable-bottles\/","title":{"rendered":"Garrafas redondas de vidro transparente com tampa de rosca, em grandes quantidades, de 350 ml, 500 ml e 1040 ml."},"content":{"rendered":"<p>Estas garrafas de vidro transparentes e sel\u00e1veis \u200b\u200best\u00e3o dispon\u00edveis em tr\u00eas tamanhos diferentes e v\u00eam com tampas de metal de encaixe. S\u00e3o f\u00e1ceis de usar e podem ser fechadas novamente.<\/p>\n<h2>Caracter\u00edsticas do produto<\/h2>\n<ul>\n<li><strong>Design pr\u00e1tico e reutiliz\u00e1vel:<\/strong> Com apenas uma m\u00e3o, os clientes podem abrir e fechar facilmente essas garrafas, sendo, portanto, perfeitas para produtos que exigem uso repetido.<\/li>\n<li><strong>Durabilidade de n\u00edvel comercial:<\/strong> Fabricadas em vidro resistente e equipadas com tampas de metal de encaixe, estas garrafas s\u00e3o capazes de suportar as condi\u00e7\u00f5es adversas do manuseio e transporte.<\/li>\n<li><strong>Design simples:<\/strong> As garrafas possuem um design elegante e simples, adequado para diversos locais, como resid\u00eancias e restaurantes, e podem ser utilizadas de diferentes maneiras por diferentes pessoas.<\/li>\n<\/ul>\n<h2 style=\"text-align: left;\">Especifica\u00e7\u00f5es principais<\/h2>\n<table class=\"aligncenter\" style=\"border-collapse: collapse; width: 525.02pt;\" border=\"0\" width=\"700\" cellspacing=\"0\" cellpadding=\"0\">\n<tbody>\n<tr style=\"height: 13.50pt;\">\n<td style=\"height: 13.50pt; width: 91.50pt;\" width=\"122\" height=\"18\">Recurso<\/td>\n<td style=\"width: 433.50pt;\" width=\"578\">Detalhes<\/td>\n<\/tr>\n<tr style=\"height: 13.50pt;\">\n<td style=\"height: 13.50pt;\" height=\"18\">Dimens\u00f5es<\/td>\n<td>350 ml: 6,8 \u00d7 18,9 cm \/ 500 ml: 7,5 \u00d7 21,5 cm \/ 1040 ml: 9 \u00d7 27 cm<\/td>\n<\/tr>\n<tr style=\"height: 13.50pt;\">\n<td style=\"height: 13.50pt;\" height=\"18\">Material<\/td>\n<td>Vidro transparente de cal sodada<\/td>\n<\/tr>\n<tr style=\"height: 13.50pt;\">\n<td style=\"height: 13.50pt;\" height=\"18\">Adequado para<\/td>\n<td>Garrafas de vidro com tampa de press\u00e3o<\/td>\n<\/tr>\n<\/tbody>\n<\/table>\n<h2>Solu\u00e7\u00f5es de embalagem para uma marca de alimentos<\/h2>\n<p>A empresa de alimentos especiais buscava garrafas confi\u00e1veis \u200b\u200be com tampa de rosca para embalar sua nova linha de xaropes aromatizados e l\u00edquidos para coquet\u00e9is. Por isso, escolheram nossas garrafas de vidro de 500 ml com tampa de rosca, devido ao tamanho ideal e \u00e0 excelente veda\u00e7\u00e3o. A veda\u00e7\u00e3o foi crucial, pois garantiu a seguran\u00e7a do produto por 30% mais tempo e, ao mesmo tempo, evitou vazamentos durante o transporte. O vidro transparente foi perfeito para destacar as cores do produto, resultando em um aumento de 25% nas compras por impulso. Satisfeita com esses resultados, a empresa fez recentemente um grande pedido: mais de 400.000 garrafas para seus pr\u00f3ximos projetos.<\/p>\n<h2>Op\u00e7\u00f5es de personaliza\u00e7\u00e3o para garrafas com tampa de rosca<\/h2>\n<ul>\n<li>Op\u00e7\u00e3o de vidro \u00e2mbar \u2013 Obtenha vidro \u00e2mbar que bloqueia a luz, perfeito para produtos sens\u00edveis \u00e0 luz.<\/li>\n<li>Logotipos em serigrafia \u2013 Desenvolva logotipos vibrantes, duradouros e que imprimam a identidade da sua marca, utilizando tintas cer\u00e2micas resistentes.<\/li>\n<li>Cor da tampa personalizada \u2013 A cor do fecho met\u00e1lico pode ser alterada para combinar com o esquema de cores da marca.<\/li>\n<li>Acabamento fosco - O processo de corros\u00e3o \u00e1cida ajuda a obter uma apar\u00eancia fosca elegante.<\/li>\n<\/ul>","protected":false},"excerpt":{"rendered":"<p>Mantenha o conte\u00fado fresco com garrafas de vidro sel\u00e1veis, vers\u00e1teis e reutiliz\u00e1veis, dispon\u00edveis em tr\u00eas tamanhos e fornecidas diretamente da f\u00e1brica para m\u00e1ximo valor.<\/p>","protected":false},"featured_media":3645,"template":"","meta":{"postBodyCss":"","postBodyMargin":[],"postBodyPadding":[],"postBodyBackground":{"backgroundType":"classic","gradient":""}},"product_brand":[],"product_cat":[15,16,56],"product_tag":[79,72,78],"class_list":{"0":"post-3643","1":"product","2":"type-product","3":"status-publish","4":"has-post-thumbnail","6":"product_cat-glass-containers","7":"product_cat-glass-bottles","8":"product_cat-flip-top-bottles","9":"product_tag-beer-bottles","10":"product_tag-juice-bottles","11":"product_tag-water-bottles","13":"first","14":"instock","15":"shipping-taxable","16":"product-type-simple"},"jetpack_sharing_enabled":true,"_links":{"self":[{"href":"https:\/\/minghanggroup.com\/pt\/wp-json\/wp\/v2\/product\/3643","targetHints":{"allow":["GET"]}}],"collection":[{"href":"https:\/\/minghanggroup.com\/pt\/wp-json\/wp\/v2\/product"}],"about":[{"href":"https:\/\/minghanggroup.com\/pt\/wp-json\/wp\/v2\/types\/product"}],"wp:featuredmedia":[{"embeddable":true,"href":"https:\/\/minghanggroup.com\/pt\/wp-json\/wp\/v2\/media\/3645"}],"wp:attachment":[{"href":"https:\/\/minghanggroup.com\/pt\/wp-json\/wp\/v2\/media?parent=3643"}],"wp:term":[{"taxonomy":"product_brand","embeddable":true,"href":"https:\/\/minghanggroup.com\/pt\/wp-json\/wp\/v2\/product_brand?post=3643"},{"taxonomy":"product_cat","embeddable":true,"href":"https:\/\/minghanggroup.com\/pt\/wp-json\/wp\/v2\/product_cat?post=3643"},{"taxonomy":"product_tag","embeddable":true,"href":"https:\/\/minghanggroup.com\/pt\/wp-json\/wp\/v2\/product_tag?post=3643"}],"curies":[{"name":"wp","href":"https:\/\/api.w.org\/{rel}","templated":true}]}}