{"id":3638,"date":"2025-11-24T13:14:39","date_gmt":"2025-11-24T05:14:39","guid":{"rendered":"https:\/\/minghanggroup.com\/?post_type=product&#038;p=3638"},"modified":"2026-01-20T14:08:58","modified_gmt":"2026-01-20T06:08:58","slug":"bulk-resealable-glass-brown-flip-top-beer-bottles","status":"publish","type":"product","link":"https:\/\/minghanggroup.com\/pt\/produto\/bulk-resealable-glass-brown-flip-top-beer-bottles\/","title":{"rendered":"Garrafas de vidro de 310 ml para armazenar leite e beber."},"content":{"rendered":"<p>Estas garrafas de cerveja com tampa flip-top mostradas aqui s\u00e3o feitas de vidro marrom escuro com um formato elegante e alongado e uma tampa de metal de encaixe. S\u00e3o garrafas de vidro de alta qualidade e com fechamento herm\u00e9tico.<\/p>\n<h2>Caracter\u00edsticas do produto<\/h2>\n<ul>\n<li><strong>Material do vidro marrom:<\/strong> O vidro marrom absorve a luz prejudicial ao l\u00edquido em seu interior (como cerveja ou molho), al\u00e9m de conferir um visual retr\u00f4.<\/li>\n<li><strong>Design de veda\u00e7\u00e3o por encaixe:<\/strong> Com a instala\u00e7\u00e3o de uma tampa de encaixe de metal vermelha e branca, obt\u00e9m-se uma excelente veda\u00e7\u00e3o, permitindo que o frescor seja mantido por mais tempo e que a abertura e o fechamento sejam feitos sem esfor\u00e7o.<\/li>\n<li><strong>Formato de garrafa elegante:<\/strong> O formato elegante e alongado da garrafa n\u00e3o s\u00f3 \u00e9 confort\u00e1vel de segurar, como tamb\u00e9m pode ser guardado sem problemas na geladeira ou em uma prateleira; \u00e9 exatamente o que se precisa para fabrica\u00e7\u00e3o caseira de cerveja, armazenamento de l\u00edquidos e uma infinidade de outros fins.<\/li>\n<\/ul>\n<h2 style=\"text-align: left;\">Especifica\u00e7\u00f5es principais<\/h2>\n<table class=\"aligncenter\" width=\"717\">\n<tbody>\n<tr>\n<td width=\"122\">Recurso<\/td>\n<td width=\"595\">Detalhes<\/td>\n<\/tr>\n<tr>\n<td>Tamanho<\/td>\n<td>330 ml (11 oz): 6,25 \u00d7 22 cm \/ 500 ml (16 oz): 7,1 \u00d7 25,6 cm \/ 750 ml (25 oz): 7,8 \u00d7 30,5 cm<\/td>\n<\/tr>\n<tr>\n<td>Material<\/td>\n<td>Vidro \u00e2mbar (marrom) de cal sodada<\/td>\n<\/tr>\n<tr>\n<td>Adequado para<\/td>\n<td>Garrafas de cerveja com tampa flip-top, garrafas de vidro com fecho herm\u00e9tico<\/td>\n<\/tr>\n<\/tbody>\n<\/table>\n<h2>Caso de Sucesso: A Expans\u00e3o de uma Pequena Cervejaria<\/h2>\n<p>A cervejaria artesanal em expans\u00e3o precisava de um plano de embalagem que n\u00e3o s\u00f3 preservasse a qualidade da sua cerveja, como tamb\u00e9m a diferenciasse das demais nas prateleiras. Finalmente, optaram por usar nossas garrafas de vidro de 500ml com tampa de rosca para sua linha de produtos premium. Al\u00e9m disso, o vidro \u00e2mbar oferece prote\u00e7\u00e3o total contra raios UV, impedindo que a bebida estrague. O design com tampa de rosca foi muito apreciado pelos clientes, que relataram que as garrafas permaneceram com g\u00e1s por at\u00e9 7 dias ap\u00f3s a abertura. Comparada \u00e0 embalagem anterior, a durabilidade da garrafa resultou em uma redu\u00e7\u00e3o de 25% nas quebras durante o envase. Com base nesse excelente desempenho, a empresa fez recentemente um novo pedido de mais de 100.000 garrafas para poder distribuir seus produtos em tr\u00eas novos estados.<\/p>\n<h2>Op\u00e7\u00f5es de personaliza\u00e7\u00e3o para garrafas de cerveja com tampa flip-top<\/h2>\n<ul>\n<li>Cores de vidro personalizadas \u2013 Diversas tonalidades de vidro, do \u00e2mbar claro ao marrom escuro, podem ser escolhidas para atender a diferentes requisitos de prote\u00e7\u00e3o UV.<\/li>\n<li>Marca\u00e7\u00f5es gravadas com \u00e1cido \u2013 A grava\u00e7\u00e3o com \u00e1cido cria um logotipo desbotado que nunca se apaga, mesmo ap\u00f3s limpeza ou manuseio.<\/li>\n<li>Marca\u00e7\u00f5es de volume em relevo \u2013 Introduza gradua\u00e7\u00f5es em relevo para a medi\u00e7\u00e3o precisa do recheio e para garantir a consist\u00eancia da receita.<\/li>\n<li>Grava\u00e7\u00e3o em relevo no gargalo \u2013 Eleve o logotipo discreto da sua marca ou o c\u00f3digo do lote do gargalo para um n\u00edvel superior, complementando a imagem do seu produto com a grava\u00e7\u00e3o em relevo no gargalo.<\/li>\n<\/ul>\n<p>Quer elevar a embalagem das suas bebidas a um novo patamar? Entre em contato conosco agora mesmo para saber os pre\u00e7os para compras em grande quantidade dessas garrafas de cerveja premium com tampa flip-top!<\/p>","protected":false},"excerpt":{"rendered":"<p>Prepare, armazene e aprecie sua cerveja com facilidade usando garrafas de cerveja com tampa flip-top e garrafas de vidro vers\u00e1teis e reutiliz\u00e1veis. Todos os tamanhos est\u00e3o dispon\u00edveis em estoque e com entrega r\u00e1pida.<\/p>","protected":false},"featured_media":3642,"template":"","meta":{"postBodyCss":"","postBodyMargin":[],"postBodyPadding":[],"postBodyBackground":{"backgroundType":"classic","gradient":""}},"product_brand":[],"product_cat":[15,16,56],"product_tag":[79,72],"class_list":{"0":"post-3638","1":"product","2":"type-product","3":"status-publish","4":"has-post-thumbnail","6":"product_cat-glass-containers","7":"product_cat-glass-bottles","8":"product_cat-flip-top-bottles","9":"product_tag-beer-bottles","10":"product_tag-juice-bottles","12":"first","13":"instock","14":"shipping-taxable","15":"product-type-simple"},"jetpack_sharing_enabled":true,"_links":{"self":[{"href":"https:\/\/minghanggroup.com\/pt\/wp-json\/wp\/v2\/product\/3638","targetHints":{"allow":["GET"]}}],"collection":[{"href":"https:\/\/minghanggroup.com\/pt\/wp-json\/wp\/v2\/product"}],"about":[{"href":"https:\/\/minghanggroup.com\/pt\/wp-json\/wp\/v2\/types\/product"}],"wp:featuredmedia":[{"embeddable":true,"href":"https:\/\/minghanggroup.com\/pt\/wp-json\/wp\/v2\/media\/3642"}],"wp:attachment":[{"href":"https:\/\/minghanggroup.com\/pt\/wp-json\/wp\/v2\/media?parent=3638"}],"wp:term":[{"taxonomy":"product_brand","embeddable":true,"href":"https:\/\/minghanggroup.com\/pt\/wp-json\/wp\/v2\/product_brand?post=3638"},{"taxonomy":"product_cat","embeddable":true,"href":"https:\/\/minghanggroup.com\/pt\/wp-json\/wp\/v2\/product_cat?post=3638"},{"taxonomy":"product_tag","embeddable":true,"href":"https:\/\/minghanggroup.com\/pt\/wp-json\/wp\/v2\/product_tag?post=3638"}],"curies":[{"name":"wp","href":"https:\/\/api.w.org\/{rel}","templated":true}]}}