{"id":3632,"date":"2025-11-24T11:57:38","date_gmt":"2025-11-24T03:57:38","guid":{"rendered":"https:\/\/minghanggroup.com\/?post_type=product&#038;p=3632"},"modified":"2026-01-20T13:58:45","modified_gmt":"2026-01-20T05:58:45","slug":"vintage-pickle-jar-for-packaging-bulk","status":"publish","type":"product","link":"https:\/\/minghanggroup.com\/pt\/produto\/vintage-pickle-jar-for-packaging-bulk\/","title":{"rendered":"Pote de conserva vintage para embalagem a granel de 50ml a 380ml"},"content":{"rendered":"<p>O pote de conserva vintage que armazena suas cebolas em conserva precisa ser t\u00e3o saboroso quanto elas. Criamos potes de vidro retr\u00f4 de alta qualidade que n\u00e3o apenas transformam a embalagem dos seus alimentos em um acess\u00f3rio de bancada elegante e pr\u00e1tico, como tamb\u00e9m prolongam a frescura dos seus vegetais em conserva. Eles deixam de ser apenas recipientes e se tornam a nova arma secreta da sua marca para atrair clientes.<\/p>\n<h2>Caracter\u00edsticas do produto<\/h2>\n<ol>\n<li><strong>Design vintage atemporal: <\/strong>Ao adicionar uma tampa met\u00e1lica listrada em vermelho e branco ao nosso formato circular ic\u00f4nico, sua marca ganha instantaneamente um visual vintage, o que \u00e9 muito atraente para clientes que buscam recipientes de vidro reutiliz\u00e1veis.<\/li>\n<li><strong>Clareza cristalina: <\/strong>O uso de vidro branco de alta qualidade permite que qualquer pessoa veja imediatamente os vegetais frescos e coloridos no frasco. Assim, os frascos de cebola em conserva tornam-se n\u00e3o apenas a melhor solu\u00e7\u00e3o para armazenar alimentos, mas tamb\u00e9m uma \u00f3tima op\u00e7\u00e3o para exposi\u00e7\u00e3o no ponto de venda.<\/li>\n<li><strong>Veda\u00e7\u00e3o herm\u00e9tica segura: <\/strong>A tampa met\u00e1lica com rosca cont\u00ednua garante a veda\u00e7\u00e3o perfeita do frasco, preservando o frescor e o sabor, e mantendo a salmoura ideal para seus picles de pepino e endro.<\/li>\n<li><strong>Capacidade vers\u00e1til: <\/strong>Os diferentes tamanhos (50ml-380ml) s\u00e3o suficientes para atender a todas as suas necessidades de conservas e enlatamento, sejam pequenas amostras ou grandes encomendas para empresas de alimentos no atacado.<\/li>\n<\/ol>\n<h2>Especifica\u00e7\u00f5es principais<\/h2>\n<table style=\"border-collapse: collapse; width: 80%; margin-left: auto; margin-right: auto;\" border=\"0\" width=\"288\" cellspacing=\"0\" cellpadding=\"0\">\n<tbody>\n<tr style=\"height: 13.50pt;\">\n<td style=\"height: 13.5pt; width: 54pt; text-align: center;\" width=\"72\" height=\"18\">Capacidade (ml)<\/td>\n<td style=\"width: 54pt; text-align: center;\" width=\"72\">Tamanho (cm)<\/td>\n<td style=\"width: 54pt; text-align: center;\" width=\"72\">Uso<\/td>\n<td style=\"width: 54pt; text-align: center;\" width=\"72\">Tampas<\/td>\n<\/tr>\n<tr style=\"height: 13.50pt;\">\n<td style=\"height: 13.5pt; text-align: center;\" align=\"right\" height=\"18\">50<\/td>\n<td style=\"text-align: center;\">4.4 * 5.5<\/td>\n<td class=\"et2\" style=\"text-align: center;\" rowspan=\"6\">Geleia, picles, mel<\/td>\n<td class=\"et2\" style=\"text-align: center;\" rowspan=\"6\">cobertura de folha de flandres<\/td>\n<\/tr>\n<tr style=\"height: 13.50pt;\">\n<td style=\"height: 13.5pt; text-align: center;\" align=\"right\" height=\"18\">100<\/td>\n<td style=\"text-align: center;\">5.9 * 6.4<\/td>\n<\/tr>\n<tr style=\"height: 13.50pt;\">\n<td style=\"height: 13.5pt; text-align: center;\" align=\"right\" height=\"18\">150<\/td>\n<td style=\"text-align: center;\">6.5 * 6.8<\/td>\n<\/tr>\n<tr style=\"height: 13.50pt;\">\n<td style=\"height: 13.5pt; text-align: center;\" align=\"right\" height=\"18\">200<\/td>\n<td style=\"text-align: center;\">6.5\u00a0 8 .5<\/td>\n<\/tr>\n<tr style=\"height: 13.50pt;\">\n<td style=\"height: 13.5pt; text-align: center;\" align=\"right\" height=\"18\">250<\/td>\n<td style=\"text-align: center;\">7.5 * 9.7<\/td>\n<\/tr>\n<tr style=\"height: 13.50pt;\">\n<td style=\"height: 13.5pt; text-align: center;\" align=\"right\" height=\"18\">380<\/td>\n<td style=\"text-align: center;\">8.4 * 11.5<\/td>\n<\/tr>\n<\/tbody>\n<\/table>\n<h2>Caso de sucesso<\/h2>\n<p>Quando uma pequena marca de picles artesanais do norte da Inglaterra precisou de uma embalagem que real\u00e7asse seus sabores tradicionais, optou pelo nosso pote de picles vintage. O cliente queria lan\u00e7ar uma linha de cebolas em conserva com um estilo retr\u00f4, por isso era necess\u00e1rio encontrar um formato de pote que fosse ao mesmo tempo nost\u00e1lgico e f\u00e1cil de encher industrialmente. Combinamos o pote com um fundo grosso e criamos uma tampa personalizada quadriculada em vermelho e branco para tornar o produto mais facilmente reconhec\u00edvel para os clientes nas prateleiras.<\/p>\n<p>Eles nos informaram que as vendas de sua linha de cebolas em conserva aumentaram 30% nas redes de supermercados locais ap\u00f3s o lan\u00e7amento.<\/p>\n<h2>Dicas de personaliza\u00e7\u00e3o para potes de picles vintage<\/h2>\n<p>Suponha que voc\u00ea queira personalizar este pote de picles \u00e0 moda antiga; em primeiro lugar, \u00e9 aconselh\u00e1vel ter um estilo geral que esteja mais em harmonia com a hist\u00f3ria da sua marca. Por exemplo, \u00e9 poss\u00edvel adicionar um padr\u00e3o em relevo exclusivo \u00e0 tampa xadrez vermelha e branca, n\u00e3o apenas para destacar a embalagem, mas tamb\u00e9m para refor\u00e7ar o ar retr\u00f4. Al\u00e9m disso, a capacidade do pote e a espessura do vidro podem ser alteradas para se adequarem \u00e0s texturas e ao m\u00e9todo de enchimento de diferentes produtos em conserva. Ademais, \u00e9 poss\u00edvel garantir uma identidade visual consistente e memor\u00e1vel n\u00e3o apenas para os potes de cebolas em conserva e outros produtos em conserva, mas tamb\u00e9m em geral, simplesmente adicionando um logotipo em relevo ou personalizando o tamanho do r\u00f3tulo.<\/p>","protected":false},"excerpt":{"rendered":"<p>Descubra nossa linha de potes de conserva vintage, ideais para conservas de cebola em grandes quantidades. Vidro resistente, tampas com veda\u00e7\u00e3o herm\u00e9tica, amostra gr\u00e1tis e direto da f\u00e1brica.<\/p>","protected":false},"featured_media":3633,"template":"","meta":{"postBodyCss":"","postBodyMargin":[],"postBodyPadding":[],"postBodyBackground":{"backgroundType":"classic","gradient":""}},"product_brand":[],"product_cat":[15,17,55],"product_tag":[65,71],"class_list":{"0":"post-3632","1":"product","2":"type-product","3":"status-publish","4":"has-post-thumbnail","6":"product_cat-glass-containers","7":"product_cat-glass-jars","8":"product_cat-pickle-jars","9":"product_tag-glass-jam-jars","10":"product_tag-honey-jars","12":"first","13":"instock","14":"shipping-taxable","15":"product-type-simple"},"jetpack_sharing_enabled":true,"_links":{"self":[{"href":"https:\/\/minghanggroup.com\/pt\/wp-json\/wp\/v2\/product\/3632","targetHints":{"allow":["GET"]}}],"collection":[{"href":"https:\/\/minghanggroup.com\/pt\/wp-json\/wp\/v2\/product"}],"about":[{"href":"https:\/\/minghanggroup.com\/pt\/wp-json\/wp\/v2\/types\/product"}],"wp:featuredmedia":[{"embeddable":true,"href":"https:\/\/minghanggroup.com\/pt\/wp-json\/wp\/v2\/media\/3633"}],"wp:attachment":[{"href":"https:\/\/minghanggroup.com\/pt\/wp-json\/wp\/v2\/media?parent=3632"}],"wp:term":[{"taxonomy":"product_brand","embeddable":true,"href":"https:\/\/minghanggroup.com\/pt\/wp-json\/wp\/v2\/product_brand?post=3632"},{"taxonomy":"product_cat","embeddable":true,"href":"https:\/\/minghanggroup.com\/pt\/wp-json\/wp\/v2\/product_cat?post=3632"},{"taxonomy":"product_tag","embeddable":true,"href":"https:\/\/minghanggroup.com\/pt\/wp-json\/wp\/v2\/product_tag?post=3632"}],"curies":[{"name":"wp","href":"https:\/\/api.w.org\/{rel}","templated":true}]}}