{"id":3627,"date":"2025-11-21T15:49:28","date_gmt":"2025-11-21T07:49:28","guid":{"rendered":"https:\/\/minghanggroup.com\/?post_type=product&#038;p=3627"},"modified":"2026-01-20T14:09:26","modified_gmt":"2026-01-20T06:09:26","slug":"bulk-clear-16-oz-flip-top-bottles-for-fermentation","status":"publish","type":"product","link":"https:\/\/minghanggroup.com\/pt\/produto\/bulk-clear-16-oz-flip-top-bottles-for-fermentation\/","title":{"rendered":"Garrafas Flip Top de 11 oz e 16 oz para fermenta\u00e7\u00e3o (pacote com v\u00e1rias unidades)"},"content":{"rendered":"<p>Com estas garrafas de 473 ml (16 oz) com tampa flip-top, voc\u00ea pode realizar seus projetos de fermenta\u00e7\u00e3o com confian\u00e7a. Elas s\u00e3o feitas de vidro transparente e possuem uma tampa met\u00e1lica de encaixe. Al\u00e9m disso, voc\u00ea pode verificar facilmente o conte\u00fado sem precisar abrir a garrafa.<\/p>\n<h2>Caracter\u00edsticas do produto<\/h2>\n<ul>\n<li><strong>Trava de carbonata\u00e7\u00e3o herm\u00e9tica mais eficaz:<\/strong> Gra\u00e7as \u00e0s grossas juntas de borracha que oferecem uma veda\u00e7\u00e3o muito herm\u00e9tica, a carbonata\u00e7\u00e3o da bebida \u00e9 preservada, garantindo assim uma textura leve e arejada.<\/li>\n<li><strong>Dur\u00e1vel e recicl\u00e1vel:<\/strong> As garrafas s\u00e3o de vidro resistente com tampa articulada antiferrugem, sendo assim dur\u00e1veis \u200b\u200be podendo ser reutilizadas em ciclos de fermenta\u00e7\u00e3o.<\/li>\n<li><strong>Apenas dois tamanhos:<\/strong> Os dois tamanhos destas garrafas atendem a diversas necessidades de armazenamento e podem ser utilizadas para bebidas, molhos e uma vasta gama de outros produtos.<\/li>\n<\/ul>\n<h2 style=\"text-align: left;\">Especifica\u00e7\u00f5es principais<\/h2>\n<table class=\"aligncenter\" style=\"border-collapse: collapse; width: 474.02pt;\" border=\"0\" width=\"632\" cellspacing=\"0\" cellpadding=\"0\">\n<tbody>\n<tr style=\"height: 13.50pt;\">\n<td style=\"height: 13.50pt; width: 93.75pt;\" width=\"125\" height=\"18\">Recurso<\/td>\n<td style=\"width: 380.25pt;\" width=\"507\">Detalhes<\/td>\n<\/tr>\n<tr style=\"height: 13.50pt;\">\n<td style=\"height: 13.50pt;\" height=\"18\">Dimens\u00f5es<\/td>\n<td>330 ml (11 oz): 6,35 cm \u00d7 22 cm \/ 500 ml (16 oz): 7,1 cm \u00d7 25,6 cm<\/td>\n<\/tr>\n<tr style=\"height: 13.50pt;\">\n<td style=\"height: 13.50pt;\" height=\"18\">Material<\/td>\n<td>Vidro transparente de cal sodada<\/td>\n<\/tr>\n<tr style=\"height: 13.50pt;\">\n<td style=\"height: 13.50pt;\" height=\"18\">Adequado para<\/td>\n<td>Garrafa para fermenta\u00e7\u00e3o, garrafas com tampa de press\u00e3o<\/td>\n<\/tr>\n<\/tbody>\n<\/table>\n<h2>Hist\u00f3ria de Sucesso: O In\u00edcio e o Crescimento de uma Fabricante de Refrigerantes Artesanais<\/h2>\n<p>Um dos problemas enfrentados por uma startup de refrigerantes artesanais era a dificuldade das tampas em manter a carbonata\u00e7\u00e3o natural do produto. Diante disso, decidiram usar nossa garrafa flip-top de 473 ml (16 oz) exclusivamente para fermenta\u00e7\u00e3o e embalagem. Os resultados foram fant\u00e1sticos. Um dos principais motivos foi a veda\u00e7\u00e3o perfeita, que manteve o produto carbonatado por mais de seis meses, reduzindo a taxa de devolu\u00e7\u00e3o a quase zero. Al\u00e9m disso, a possibilidade de reutiliza\u00e7\u00e3o da garrafa aumentou significativamente a fideliza\u00e7\u00e3o dos clientes, resultando em um crescimento de 40% nas recompras. Devido ao excelente desempenho, a empresa encomendou mais de 250.000 garrafas para o lan\u00e7amento de sua nova linha de produtos em todo o pa\u00eds.<\/p>\n<h2>Solu\u00e7\u00f5es personalizadas para fabrica\u00e7\u00e3o de cerveja<\/h2>\n<ul>\n<li><strong>Prote\u00e7\u00e3o de vidro \u00e2mbar:<\/strong> O objetivo do vidro \u00e2mbar \u00e9 proteger a cerveja e, em geral, bebidas fotossens\u00edveis, dos raios UV prejudiciais.<\/li>\n<li><strong>Marca\u00e7\u00f5es em alto volume:<\/strong> Para preparar bebidas com medidas precisas, s\u00e3o instaladas marca\u00e7\u00f5es de volume permanentes em relevo.<\/li>\n<li><strong>Acabamento fosco:<\/strong> Toda a garrafa de vidro \u00e9 revestida com um acabamento fosco que lhe confere uma textura luxuosa e antiderrapante.<\/li>\n<li><strong>Relevo no gargalo da garrafa:<\/strong> O gargalo da garrafa apresenta um padr\u00e3o sutilmente gravado em relevo, que proporciona uma identidade de marca t\u00e1til e exclusiva.<\/li>\n<\/ul>","protected":false},"excerpt":{"rendered":"<p>Descubra a garrafa perfeita para fermenta\u00e7\u00e3o com nossas garrafas flip-top de 473 ml (16 oz), resistentes e que oferecem veda\u00e7\u00e3o herm\u00e9tica para sua produ\u00e7\u00e3o de cerveja. Agora com entrega r\u00e1pida.<\/p>","protected":false},"featured_media":3629,"template":"","meta":{"postBodyCss":"","postBodyMargin":[],"postBodyPadding":[],"postBodyBackground":{"backgroundType":"classic","gradient":""}},"product_brand":[],"product_cat":[15,16,56],"product_tag":[79,72,78],"class_list":{"0":"post-3627","1":"product","2":"type-product","3":"status-publish","4":"has-post-thumbnail","6":"product_cat-glass-containers","7":"product_cat-glass-bottles","8":"product_cat-flip-top-bottles","9":"product_tag-beer-bottles","10":"product_tag-juice-bottles","11":"product_tag-water-bottles","13":"first","14":"instock","15":"shipping-taxable","16":"product-type-simple"},"jetpack_sharing_enabled":true,"_links":{"self":[{"href":"https:\/\/minghanggroup.com\/pt\/wp-json\/wp\/v2\/product\/3627","targetHints":{"allow":["GET"]}}],"collection":[{"href":"https:\/\/minghanggroup.com\/pt\/wp-json\/wp\/v2\/product"}],"about":[{"href":"https:\/\/minghanggroup.com\/pt\/wp-json\/wp\/v2\/types\/product"}],"wp:featuredmedia":[{"embeddable":true,"href":"https:\/\/minghanggroup.com\/pt\/wp-json\/wp\/v2\/media\/3629"}],"wp:attachment":[{"href":"https:\/\/minghanggroup.com\/pt\/wp-json\/wp\/v2\/media?parent=3627"}],"wp:term":[{"taxonomy":"product_brand","embeddable":true,"href":"https:\/\/minghanggroup.com\/pt\/wp-json\/wp\/v2\/product_brand?post=3627"},{"taxonomy":"product_cat","embeddable":true,"href":"https:\/\/minghanggroup.com\/pt\/wp-json\/wp\/v2\/product_cat?post=3627"},{"taxonomy":"product_tag","embeddable":true,"href":"https:\/\/minghanggroup.com\/pt\/wp-json\/wp\/v2\/product_tag?post=3627"}],"curies":[{"name":"wp","href":"https:\/\/api.w.org\/{rel}","templated":true}]}}