{"id":3617,"date":"2025-11-21T15:33:42","date_gmt":"2025-11-21T07:33:42","guid":{"rendered":"https:\/\/minghanggroup.com\/?post_type=product&#038;p=3617"},"modified":"2026-01-20T13:58:56","modified_gmt":"2026-01-20T05:58:56","slug":"custom-glass-pickle-jars-wholesale","status":"publish","type":"product","link":"https:\/\/minghanggroup.com\/pt\/produto\/custom-glass-pickle-jars-wholesale\/","title":{"rendered":"Potes de vidro personalizados para picles, de 100 ml a 750 ml, para venda por atacado."},"content":{"rendered":"<p>Por que colocar seus pepinos em conserva em potes sem gra\u00e7a? N\u00f3s fabricamos potes de vidro premium com tampa alta, que n\u00e3o s\u00f3 preservam o frescor, como tamb\u00e9m tornam sua marca visualmente atraente. Eles n\u00e3o s\u00e3o apenas recipientes \u2014 s\u00e3o o ingrediente secreto para voc\u00ea se destacar nas prateleiras.<\/p>\n<h2>Caracter\u00edsticas do produto<\/h2>\n<ol>\n<li><strong>Veda\u00e7\u00e3o de cano alto:<\/strong>Com uma tampa met\u00e1lica, nosso design de boca alta garante uma veda\u00e7\u00e3o herm\u00e9tica entre o metal e o vidro, mantendo o produto fresco e preservando o sabor para conservas e picles. Sendo assim, \u00e9 ideal para conservar picles e fermentar vegetais.<\/li>\n<li><strong>Clareza cristalina:<\/strong>O vidro transparente permite que os consumidores verifiquem visualmente as cores vibrantes dos vegetais em conserva de uma s\u00f3 vez, o que \u00e9 ideal para picles em salmoura e picles de pepino no armazenamento de alimentos.<\/li>\n<li><strong>Tamanhos vers\u00e1teis:<\/strong>As diferentes capacidades (100ml-220ml) atender\u00e3o a todas as suas necessidades de conservas, seja uma pequena amostra ou um grande pedido no atacado. Esses potes econ\u00f4micos s\u00e3o perfeitos para suas necessidades de atacado e podem ser usados \u200b\u200bpara armazenar frutas, legumes e endro.<\/li>\n<\/ol>\n<h2>Especifica\u00e7\u00f5es principais<\/h2>\n<table style=\"border-collapse: collapse; width: 80%; margin-left: auto; margin-right: auto;\" border=\"0\" width=\"216\" cellspacing=\"0\" cellpadding=\"0\">\n<tbody>\n<tr style=\"height: 13.50pt;\">\n<td style=\"height: 13.5pt; width: 54pt; text-align: center;\" width=\"72\" height=\"18\">Capacidade (ml)<\/td>\n<td style=\"width: 54pt; text-align: center;\" width=\"72\">Tamanho (cm)<\/td>\n<td style=\"width: 54pt; text-align: center;\" width=\"72\">Forma<\/td>\n<\/tr>\n<tr style=\"height: 13.50pt;\">\n<td style=\"height: 13.5pt; text-align: center;\" align=\"right\" height=\"18\">100<\/td>\n<td style=\"text-align: center;\">6,2 x 6,8<\/td>\n<td class=\"et3\" style=\"text-align: center;\" rowspan=\"7\">Redondo<\/td>\n<\/tr>\n<tr style=\"height: 13.50pt;\">\n<td style=\"height: 13.5pt; text-align: center;\" height=\"18\">150 \/ 5 on\u00e7as<\/td>\n<td style=\"text-align: center;\">7,5 x 6,6<\/td>\n<\/tr>\n<tr style=\"height: 13.50pt;\">\n<td style=\"height: 13.5pt; text-align: center;\" height=\"18\">180 \/ 6 on\u00e7as<\/td>\n<td style=\"text-align: center;\">7,3 x 7,8<\/td>\n<\/tr>\n<tr style=\"height: 13.50pt;\">\n<td style=\"height: 13.5pt; text-align: center;\" align=\"right\" height=\"18\">220<\/td>\n<td style=\"text-align: center;\">6,6 x 10,6<\/td>\n<\/tr>\n<tr style=\"height: 13.50pt;\">\n<td style=\"height: 13.5pt; text-align: center;\" align=\"right\" height=\"18\">380<\/td>\n<td style=\"text-align: center;\">7,5 x 12,5<\/td>\n<\/tr>\n<tr style=\"height: 13.50pt;\">\n<td style=\"height: 13.5pt; text-align: center;\" align=\"right\" height=\"18\">500<\/td>\n<td style=\"text-align: center;\">7,5 x 14,9<\/td>\n<\/tr>\n<tr style=\"height: 13.50pt;\">\n<td style=\"height: 13.5pt; text-align: center;\" height=\"18\">750 \/ 25 on\u00e7as<\/td>\n<td style=\"text-align: center;\">8,6 x 17,5<\/td>\n<\/tr>\n<\/tbody>\n<\/table>\n<h2>Caso de sucesso<\/h2>\n<p>Um fabricante de condimentos de Ont\u00e1rio precisava de uma linha de produ\u00e7\u00e3o \u00fanica que pudesse embalar seus molhos picantes e conservas doces em potes de vidro para picles. Para produzir tr\u00eas tamanhos diferentes de potes de vidro para picles com tampas de metal, adequados para envase a quente, eles entraram em contato conosco.<\/p>\n<p>Ao utilizar esses frascos, a embalagem feita pela empresa terceirizada tornou-se 22% mais eficiente, e a marca tamb\u00e9m registrou uma grande redu\u00e7\u00e3o no volume de reclama\u00e7\u00f5es por vazamento.<\/p>\n<h2>Dicas de personaliza\u00e7\u00e3o<\/h2>\n<p>Ao personalizar esses potes de vidro para picles, as marcas t\u00eam a liberdade de modificar os detalhes de forma a se adequarem ao seu posicionamento. Por exemplo, podem adicionar uma cor ou padr\u00e3o de tinta exclusivo \u00e0 tampa de metal para que combine melhor com a identidade visual da marca; ou podem criar uma grava\u00e7\u00e3o ou impress\u00e3o exclusiva da marca para cada pote; por fim, tamb\u00e9m podem instalar juntas de veda\u00e7\u00e3o antioxidantes ou criar embalagens externas sob encomenda, tornando o conjunto completo de potes de vidro para picles n\u00e3o apenas mais adequado para transporte internacional, mas tamb\u00e9m para distribui\u00e7\u00e3o em grande escala.<\/p>","protected":false},"excerpt":{"rendered":"<p>Vendemos potes de vidro para picles no atacado para compradores em grande quantidade. Cada pote \u00e9 hermeticamente fechado, direto da f\u00e1brica, com estoque dispon\u00edvel e possibilidade de personaliza\u00e7\u00e3o em grandes quantidades. Amostra gr\u00e1tis.<\/p>","protected":false},"featured_media":3618,"template":"","meta":{"postBodyCss":"","postBodyMargin":[],"postBodyPadding":[],"postBodyBackground":{"backgroundType":"classic","gradient":""}},"product_brand":[],"product_cat":[15,17,55],"product_tag":[65,71],"class_list":{"0":"post-3617","1":"product","2":"type-product","3":"status-publish","4":"has-post-thumbnail","6":"product_cat-glass-containers","7":"product_cat-glass-jars","8":"product_cat-pickle-jars","9":"product_tag-glass-jam-jars","10":"product_tag-honey-jars","12":"first","13":"instock","14":"shipping-taxable","15":"product-type-simple"},"jetpack_sharing_enabled":true,"_links":{"self":[{"href":"https:\/\/minghanggroup.com\/pt\/wp-json\/wp\/v2\/product\/3617","targetHints":{"allow":["GET"]}}],"collection":[{"href":"https:\/\/minghanggroup.com\/pt\/wp-json\/wp\/v2\/product"}],"about":[{"href":"https:\/\/minghanggroup.com\/pt\/wp-json\/wp\/v2\/types\/product"}],"wp:featuredmedia":[{"embeddable":true,"href":"https:\/\/minghanggroup.com\/pt\/wp-json\/wp\/v2\/media\/3618"}],"wp:attachment":[{"href":"https:\/\/minghanggroup.com\/pt\/wp-json\/wp\/v2\/media?parent=3617"}],"wp:term":[{"taxonomy":"product_brand","embeddable":true,"href":"https:\/\/minghanggroup.com\/pt\/wp-json\/wp\/v2\/product_brand?post=3617"},{"taxonomy":"product_cat","embeddable":true,"href":"https:\/\/minghanggroup.com\/pt\/wp-json\/wp\/v2\/product_cat?post=3617"},{"taxonomy":"product_tag","embeddable":true,"href":"https:\/\/minghanggroup.com\/pt\/wp-json\/wp\/v2\/product_tag?post=3617"}],"curies":[{"name":"wp","href":"https:\/\/api.w.org\/{rel}","templated":true}]}}