{"id":3616,"date":"2025-11-21T14:17:57","date_gmt":"2025-11-21T06:17:57","guid":{"rendered":"https:\/\/minghanggroup.com\/?post_type=product&#038;p=3616"},"modified":"2026-01-20T14:09:46","modified_gmt":"2026-01-20T06:09:46","slug":"bulk-empty-fermentation-bottles-with-flip-top-lids","status":"publish","type":"product","link":"https:\/\/minghanggroup.com\/pt\/produto\/bulk-empty-fermentation-bottles-with-flip-top-lids\/","title":{"rendered":"Garrafas de fermenta\u00e7\u00e3o vazias a granel com tampas flip-top de 250ml, 500ml, 750ml e 960ml"},"content":{"rendered":"<p>Estas garrafas de fermenta\u00e7\u00e3o v\u00eam com corpo de vidro transparente e tampas de metal de encaixe. O design flip-top n\u00e3o s\u00f3 facilita a veda\u00e7\u00e3o herm\u00e9tica, como tamb\u00e9m o vidro transparente permite verificar rapidamente o conte\u00fado.<\/p>\n<h2>Caracter\u00edsticas do produto<\/h2>\n<ul>\n<li><strong>Selo de fermenta\u00e7\u00e3o resistente \u00e0 press\u00e3o:<\/strong> Os elementos que se vedam de forma firme e segura para garantir uma fermenta\u00e7\u00e3o secund\u00e1ria controlada e bem-sucedida s\u00e3o juntas de borracha espessas e travas de seguran\u00e7a.<\/li>\n<li><strong>Vidro transparente:<\/strong> Gra\u00e7as \u00e0 sua alt\u00edssima transpar\u00eancia, a garrafa exibe com perfei\u00e7\u00e3o a cor, a clareza e at\u00e9 mesmo as menores bolhas da bebida, sendo, portanto, perfeita para criar uma imagem de marca luxuosa.<\/li>\n<li><strong>Op\u00e7\u00f5es de Capacidade Variada:<\/strong> Seja para experimenta\u00e7\u00e3o em pequena escala ou produ\u00e7\u00e3o em larga escala, desde os moderados 250 ml at\u00e9 os generosos 960 ml, voc\u00ea encontrar\u00e1 o frasco do tamanho certo para suas necessidades.<\/li>\n<\/ul>\n<h2 style=\"text-align: left;\">Especifica\u00e7\u00f5es principais<\/h2>\n<table class=\"aligncenter\" style=\"border-collapse: collapse; width: 673.52pt;\" border=\"0\" width=\"898\" cellspacing=\"0\" cellpadding=\"0\">\n<tbody>\n<tr style=\"height: 13.50pt;\">\n<td style=\"height: 13.50pt; width: 93.75pt;\" width=\"125\" height=\"18\">Recurso<\/td>\n<td style=\"width: 579.75pt;\" width=\"773\">Detalhes<\/td>\n<\/tr>\n<tr style=\"height: 13.50pt;\">\n<td style=\"height: 13.50pt;\" height=\"18\">Dimens\u00f5es<\/td>\n<td>250 ml: 5,9 cm \u00d7 18,4 cm \/ 500 ml: 7 cm \u00d7 25,4 cm \/ 750 ml: 7,8 cm \u00d7 28,2 cm \/ 960 ml: 8,4 cm \u00d7 30,8 cm<\/td>\n<\/tr>\n<tr style=\"height: 13.50pt;\">\n<td style=\"height: 13.50pt;\" height=\"18\">Material<\/td>\n<td>Vidro transparente de cal sodada<\/td>\n<\/tr>\n<tr style=\"height: 13.50pt;\">\n<td style=\"height: 13.50pt;\" height=\"18\">Adequado para<\/td>\n<td>Garrafa para fermenta\u00e7\u00e3o, garrafas com tampa flip-top<\/td>\n<\/tr>\n<\/tbody>\n<\/table>\n<h2>Caso de sucesso: como uma marca de kombucha alcan\u00e7ou escalabilidade<\/h2>\n<p>Uma empresa de kombucha em constante mudan\u00e7a precisava resolver dois problemas principais: a carbonata\u00e7\u00e3o inst\u00e1vel durante a segunda fermenta\u00e7\u00e3o e a alta taxa de quebra durante o transporte. A decis\u00e3o foi substituir toda a linha de produ\u00e7\u00e3o pelas nossas garrafas de 960 ml com tampa flip-top, e o resultado foi imediato. A excelente veda\u00e7\u00e3o \u00e9 o principal motivo para uma taxa de carbonata\u00e7\u00e3o est\u00e1vel de 98%, o que praticamente elimina a possibilidade de bolhas de ar no produto. A garrafa de vidro resistente tem longa durabilidade, reduzindo em 40% a quebra durante o transporte e gerando uma economia consider\u00e1vel para a empresa. Por isso, fizeram um novo pedido de mais de 600.000 garrafas para dar suporte \u00e0 expans\u00e3o dos neg\u00f3cios em larga escala.<\/p>\n<h2>Personalize suas garrafas de fermenta\u00e7\u00e3o com tampa flip-top<\/h2>\n<ul>\n<li><strong>Vidro \u00e2mbar:<\/strong> Se voc\u00ea deseja proteger bebidas fermentadas sens\u00edveis \u00e0 luz, como a cerveja, dos danos causados \u200b\u200bpelos raios UV, use o copo \u00e2mbar.<\/li>\n<li><strong>Marca\u00e7\u00e3o de Volume:<\/strong> Al\u00e9m da garrafa, devem ser adicionadas marca\u00e7\u00f5es de volume permanentes e em relevo para um enchimento preciso e para garantir a consist\u00eancia da receita.<\/li>\n<li><strong>Logotipo gravado com \u00e1cido:<\/strong> Crie um logotipo para garrafa de vidro com efeito fosco para uma identidade de marca sofisticada e permanente.<\/li>\n<li><strong>Acabamento fosco:<\/strong> Voc\u00ea pode adicionar um acabamento totalmente fosco \u00e0 garrafa de vidro, o que lhe conferir\u00e1 uma apar\u00eancia \u00fanica, um toque suave e menos reflexos.<\/li>\n<\/ul>","protected":false},"excerpt":{"rendered":"<p>S\u00e9rie premium de garrafas para fermenta\u00e7\u00e3o, dispon\u00edveis em v\u00e1rios tamanhos. Estas garrafas com tampa flip-top s\u00e3o perfeitas para bebidas. Amostras gr\u00e1tis inclu\u00eddas em pedidos em grande quantidade.<\/p>","protected":false},"featured_media":3620,"template":"","meta":{"postBodyCss":"","postBodyMargin":[],"postBodyPadding":[],"postBodyBackground":{"backgroundType":"classic","gradient":""}},"product_brand":[],"product_cat":[15,16,56],"product_tag":[79,72,78],"class_list":{"0":"post-3616","1":"product","2":"type-product","3":"status-publish","4":"has-post-thumbnail","6":"product_cat-glass-containers","7":"product_cat-glass-bottles","8":"product_cat-flip-top-bottles","9":"product_tag-beer-bottles","10":"product_tag-juice-bottles","11":"product_tag-water-bottles","13":"first","14":"instock","15":"shipping-taxable","16":"product-type-simple"},"jetpack_sharing_enabled":true,"_links":{"self":[{"href":"https:\/\/minghanggroup.com\/pt\/wp-json\/wp\/v2\/product\/3616","targetHints":{"allow":["GET"]}}],"collection":[{"href":"https:\/\/minghanggroup.com\/pt\/wp-json\/wp\/v2\/product"}],"about":[{"href":"https:\/\/minghanggroup.com\/pt\/wp-json\/wp\/v2\/types\/product"}],"wp:featuredmedia":[{"embeddable":true,"href":"https:\/\/minghanggroup.com\/pt\/wp-json\/wp\/v2\/media\/3620"}],"wp:attachment":[{"href":"https:\/\/minghanggroup.com\/pt\/wp-json\/wp\/v2\/media?parent=3616"}],"wp:term":[{"taxonomy":"product_brand","embeddable":true,"href":"https:\/\/minghanggroup.com\/pt\/wp-json\/wp\/v2\/product_brand?post=3616"},{"taxonomy":"product_cat","embeddable":true,"href":"https:\/\/minghanggroup.com\/pt\/wp-json\/wp\/v2\/product_cat?post=3616"},{"taxonomy":"product_tag","embeddable":true,"href":"https:\/\/minghanggroup.com\/pt\/wp-json\/wp\/v2\/product_tag?post=3616"}],"curies":[{"name":"wp","href":"https:\/\/api.w.org\/{rel}","templated":true}]}}