{"id":3611,"date":"2025-11-21T13:47:48","date_gmt":"2025-11-21T05:47:48","guid":{"rendered":"https:\/\/minghanggroup.com\/?post_type=product&#038;p=3611"},"modified":"2026-01-20T14:10:06","modified_gmt":"2026-01-20T06:10:06","slug":"transparent-small-flip-top-bottles-bulk","status":"publish","type":"product","link":"https:\/\/minghanggroup.com\/pt\/produto\/transparent-small-flip-top-bottles-bulk\/","title":{"rendered":"Frascos pequenos transparentes com tampa flip-top de 50ml e 150ml (em grande quantidade)"},"content":{"rendered":"<p>Com um design simples e elegante, estas pequenas garrafas de vidro transparente com tampa flip-top e fecho de metal, s\u00e3o perfeitas para armazenar pequenas quantidades de molhos, bebidas em miniatura ou amostras.<\/p>\n<h2>Caracter\u00edsticas do produto<\/h2>\n<ul>\n<li><strong>Material do vidro transparente:<\/strong> O recipiente de vidro transparente facilita a visualiza\u00e7\u00e3o da cor e do volume do l\u00edquido laranja, simplificando assim a tarefa de identifica\u00e7\u00e3o e monitoramento.<\/li>\n<li><strong>Design de veda\u00e7\u00e3o por encaixe:<\/strong> A garrafa possui uma tampa de metal vermelha e branca com fecho de press\u00e3o, que n\u00e3o s\u00f3 proporciona uma excelente veda\u00e7\u00e3o, como tamb\u00e9m \u00e9 o principal motivo para manter o frescor do l\u00edquido e facilitar a abertura e o fechamento.<\/li>\n<li><strong>Tamanho compacto:<\/strong> O design compacto e elegante da garrafa satisfaz a necessidade de uma solu\u00e7\u00e3o de armazenamento de pequena capacidade e pode ser usada para servir condimentos, amostras de bebidas, etc.<\/li>\n<\/ul>\n<h2 style=\"text-align: left;\">Especifica\u00e7\u00f5es principais<\/h2>\n<table class=\"aligncenter\" style=\"border-collapse: collapse; width: 430.52pt;\" border=\"0\" width=\"574\" cellspacing=\"0\" cellpadding=\"0\">\n<tbody>\n<tr style=\"height: 13.50pt;\">\n<td style=\"height: 13.50pt; width: 105.75pt;\" width=\"141\" height=\"18\">Recurso<\/td>\n<td style=\"width: 324.75pt;\" width=\"433\">Detalhes<\/td>\n<\/tr>\n<tr style=\"height: 13.50pt;\">\n<td style=\"height: 13.50pt;\" height=\"18\">Dimens\u00f5es<\/td>\n<td>50 ml: 4,6 cm \u00d7 10,1 cm \/ 150 ml: 5,3 cm \u00d7 16 cm<\/td>\n<\/tr>\n<tr style=\"height: 13.50pt;\">\n<td style=\"height: 13.50pt;\" height=\"18\">Material<\/td>\n<td>Vidro transparente de cal sodada<\/td>\n<\/tr>\n<tr style=\"height: 13.50pt;\">\n<td style=\"height: 13.50pt;\" height=\"18\">Adequado para<\/td>\n<td>Amostras em frascos com tampa de press\u00e3o, frascos pequenos com tampa flip-top<\/td>\n<\/tr>\n<\/tbody>\n<\/table>\n<h2>Hist\u00f3ria de Sucesso: A Hist\u00f3ria de Sucesso de um Fabricante de Alimentos Especiais<\/h2>\n<p>Uma empresa de alimentos de luxo precisava de uma embalagem premium para testar amostras de seu novo azeite e vinagre. Eles finalmente escolheram nossas garrafinhas de 150ml com tampa flip-top para os testes do produto. A veda\u00e7\u00e3o perfeita resultou em um aumento de 60% na vida \u00fatil do produto. Al\u00e9m disso, o tamanho uniforme das garrafinhas tornou o processo de envase mais eficiente, aumentando a velocidade da linha de produ\u00e7\u00e3o em 20%. T\u00e3o satisfeitos com o desempenho do produto e o feedback positivo dos clientes, eles acabaram de fazer um novo pedido de 300.000 garrafinhas para lan\u00e7ar um programa de testes em todo o pa\u00eds.<\/p>\n<h2>Personalize suas garrafas flip-top a granel com formatos \u00fanicos.<\/h2>\n<ul>\n<li><strong>Cor do vidro:<\/strong> Para uma gama limitada de produtos sens\u00edveis \u00e0 luz (por exemplo, \u00f3leos essenciais), o vidro deve ser \u00e2mbar ou azul cobalto.<\/li>\n<li><strong>Logotipo por serigrafia:<\/strong> A impress\u00e3o de logotipos pode ser brilhante, dur\u00e1vel e altamente detalhada.<\/li>\n<li><strong>Cor da tampa personalizada:<\/strong> Altere a cor da sua al\u00e7a met\u00e1lica ou da rolha de cer\u00e2mica para que esteja em conson\u00e2ncia com a imagem da sua marca.<\/li>\n<li><strong>Grava\u00e7\u00e3o em vidro:<\/strong> Utilize a t\u00e9cnica de grava\u00e7\u00e3o em vidro para transformar desenhos ou logotipos complexos em um acabamento fosco elegante e dur\u00e1vel.<\/li>\n<\/ul>","protected":false},"excerpt":{"rendered":"<p>Garrafas pequenas de alta qualidade com tampa flip-top, ideais para bebidas, fermenta\u00e7\u00e3o ou sucos. Dispon\u00edveis em grandes quantidades, com op\u00e7\u00f5es de personaliza\u00e7\u00e3o e envio r\u00e1pido.<\/p>","protected":false},"featured_media":3613,"template":"","meta":{"postBodyCss":"","postBodyMargin":[],"postBodyPadding":[],"postBodyBackground":{"backgroundType":"classic","gradient":""}},"product_brand":[],"product_cat":[15,16,56],"product_tag":[79,72,78],"class_list":{"0":"post-3611","1":"product","2":"type-product","3":"status-publish","4":"has-post-thumbnail","6":"product_cat-glass-containers","7":"product_cat-glass-bottles","8":"product_cat-flip-top-bottles","9":"product_tag-beer-bottles","10":"product_tag-juice-bottles","11":"product_tag-water-bottles","13":"first","14":"instock","15":"shipping-taxable","16":"product-type-simple"},"jetpack_sharing_enabled":true,"_links":{"self":[{"href":"https:\/\/minghanggroup.com\/pt\/wp-json\/wp\/v2\/product\/3611","targetHints":{"allow":["GET"]}}],"collection":[{"href":"https:\/\/minghanggroup.com\/pt\/wp-json\/wp\/v2\/product"}],"about":[{"href":"https:\/\/minghanggroup.com\/pt\/wp-json\/wp\/v2\/types\/product"}],"wp:featuredmedia":[{"embeddable":true,"href":"https:\/\/minghanggroup.com\/pt\/wp-json\/wp\/v2\/media\/3613"}],"wp:attachment":[{"href":"https:\/\/minghanggroup.com\/pt\/wp-json\/wp\/v2\/media?parent=3611"}],"wp:term":[{"taxonomy":"product_brand","embeddable":true,"href":"https:\/\/minghanggroup.com\/pt\/wp-json\/wp\/v2\/product_brand?post=3611"},{"taxonomy":"product_cat","embeddable":true,"href":"https:\/\/minghanggroup.com\/pt\/wp-json\/wp\/v2\/product_cat?post=3611"},{"taxonomy":"product_tag","embeddable":true,"href":"https:\/\/minghanggroup.com\/pt\/wp-json\/wp\/v2\/product_tag?post=3611"}],"curies":[{"name":"wp","href":"https:\/\/api.w.org\/{rel}","templated":true}]}}