{"id":3603,"date":"2025-11-21T11:13:46","date_gmt":"2025-11-21T03:13:46","guid":{"rendered":"https:\/\/minghanggroup.com\/?post_type=product&#038;p=3603"},"modified":"2026-01-20T14:10:29","modified_gmt":"2026-01-20T06:10:29","slug":"bulk-clear-glass-flip-top-bottles-for-kombucha","status":"publish","type":"product","link":"https:\/\/minghanggroup.com\/pt\/produto\/bulk-clear-glass-flip-top-bottles-for-kombucha\/","title":{"rendered":"Garrafas de vidro transparente com tampa flip-top para kombucha, em grandes quantidades, de 350 ml a 1000 ml."},"content":{"rendered":"<p>Estas garrafas de vidro com tampa flip-top s\u00e3o feitas de vidro transparente e possuem uma tampa met\u00e1lica de encaixe. Com sua veda\u00e7\u00e3o herm\u00e9tica e versatilidade, estas garrafas s\u00e3o perfeitas para kombucha ou qualquer outra bebida fermentada, tanto para o preparo, armazenamento e apresenta\u00e7\u00e3o.<\/p>\n<h2>Caracter\u00edsticas do produto<\/h2>\n<ul>\n<li><strong>Design com fecho de press\u00e3o:<\/strong> A rolha met\u00e1lica vermelha e branca de encaixe que equipa estas garrafas garante uma excelente veda\u00e7\u00e3o. Desta forma, o frescor e a efervesc\u00eancia do l\u00edquido s\u00e3o bem preservados. Al\u00e9m disso, s\u00e3o muito pr\u00e1ticas para o usu\u00e1rio, pois s\u00e3o f\u00e1ceis de abrir e fechar.<\/li>\n<li><strong>Tamanhos diferentes:<\/strong> Essas garrafas est\u00e3o dispon\u00edveis em quatro tamanhos diferentes para atender a diversas necessidades de armazenamento. Elas podem ser usadas para armazenar \u00e1gua com g\u00e1s, bebidas e outros l\u00edquidos.<\/li>\n<li><strong>Ideal para bebidas gaseificadas:<\/strong> O design da garrafa foi concebido a pensar nas bebidas carbonatadas, mantendo assim a efervesc\u00eancia do l\u00edquido intacta por mais tempo, o que a torna perfeita para o armazenamento de bebidas gaseificadas.<\/li>\n<\/ul>\n<h2 style=\"text-align: left;\">Especifica\u00e7\u00f5es principais<\/h2>\n<table class=\"aligncenter\" style=\"border-collapse: collapse; width: 667.52pt;\" border=\"0\" width=\"890\" cellspacing=\"0\" cellpadding=\"0\">\n<tbody>\n<tr style=\"height: 13.50pt;\">\n<td style=\"height: 13.50pt; width: 105.75pt;\" width=\"141\" height=\"18\">Recurso<\/td>\n<td style=\"width: 561.75pt;\" width=\"749\">Detalhes<\/td>\n<\/tr>\n<tr style=\"height: 13.50pt;\">\n<td style=\"height: 13.50pt;\" height=\"18\">Dimens\u00f5es<\/td>\n<td>350 ml (12 oz): 7,3 \u00d7 20,3 cm \/ 500 ml (16 oz): 8,25 \u00d7 21,5 cm \/ 750 ml (25 oz): 9,3 \u00d7 24,8 cm \/ 1000 ml (32 oz): 10 \u00d7 27,9 cm<\/td>\n<\/tr>\n<tr style=\"height: 13.50pt;\">\n<td style=\"height: 13.50pt;\" height=\"18\">Material<\/td>\n<td>Vidro transparente de cal sodada<\/td>\n<\/tr>\n<tr style=\"height: 13.50pt;\">\n<td style=\"height: 13.50pt;\" height=\"18\">Adequado para<\/td>\n<td>Garrafa de vidro com tampa flip-top, garrafas com tampa flip-top para kombucha<\/td>\n<\/tr>\n<\/tbody>\n<\/table>\n<h2>Caso de sucesso: Aprimorando a imagem da marca Kombucha<\/h2>\n<p>Ao trocar para nossas garrafas de vidro flip-top de 500ml para kombucha, visando aprimorar o frescor e o apelo visual do produto, uma marca de kombucha em ascens\u00e3o, um de nossos clientes, deu um grande passo. A taxa de sucesso da segunda fermenta\u00e7\u00e3o aumentou 30% devido \u00e0 veda\u00e7\u00e3o herm\u00e9tica, reduzindo significativamente o n\u00famero de falhas na fermenta\u00e7\u00e3o. Como a garrafa \u00e9 feita de vidro transparente, os clientes podem avaliar visualmente a qualidade do produto pela cor vibrante e pelas bolhas da kombucha, o que \u00e9 uma excelente ferramenta de marketing nas prateleiras e, consequentemente, aumentou as vendas no varejo em 22%. A marca ficou muito satisfeita e decidiu encomendar mais de 400.000 garrafas para sua pr\u00f3xima fase de distribui\u00e7\u00e3o.<\/p>\n<h2>Op\u00e7\u00f5es de garrafas com tampa flip-top personalizadas<\/h2>\n<ul>\n<li>Colora\u00e7\u00e3o de copos \u2013 Proteja suas bebidas que reagem negativamente \u00e0 luz, como cerveja ou kombucha, colocando-as em um copo \u00e2mbar ou verde.<\/li>\n<li>Acabamento fosco \u2013 A superf\u00edcie da garrafa \u00e9 revestida com um acabamento fosco que a torna atraente e com um toque de luxo sofisticado.<\/li>\n<li>Junta de silicone aprimorada \u2013 Se algu\u00e9m busca maior durabilidade e facilidade de limpeza, pode utilizar juntas de silicone de alta qualidade.<\/li>\n<li>Marca\u00e7\u00e3o em anel no pesco\u00e7o \u2013 A adi\u00e7\u00e3o de um anel com o logotipo da marca no pesco\u00e7o \u00e9 uma forma sutil, por\u00e9m eficaz, de publicidade.<\/li>\n<\/ul>","protected":false},"excerpt":{"rendered":"<p>Garrafas de vidro com tampa flip-top, ideais para fermenta\u00e7\u00e3o. Nossas garrafas flip-top para kombucha oferecem veda\u00e7\u00e3o herm\u00e9tica, durabilidade e entrega r\u00e1pida.<\/p>","protected":false},"featured_media":3608,"template":"","meta":{"postBodyCss":"","postBodyMargin":[],"postBodyPadding":[],"postBodyBackground":{"backgroundType":"classic","gradient":""}},"product_brand":[],"product_cat":[15,16,56],"product_tag":[79,72,78],"class_list":{"0":"post-3603","1":"product","2":"type-product","3":"status-publish","4":"has-post-thumbnail","6":"product_cat-glass-containers","7":"product_cat-glass-bottles","8":"product_cat-flip-top-bottles","9":"product_tag-beer-bottles","10":"product_tag-juice-bottles","11":"product_tag-water-bottles","13":"first","14":"instock","15":"shipping-taxable","16":"product-type-simple"},"jetpack_sharing_enabled":true,"_links":{"self":[{"href":"https:\/\/minghanggroup.com\/pt\/wp-json\/wp\/v2\/product\/3603","targetHints":{"allow":["GET"]}}],"collection":[{"href":"https:\/\/minghanggroup.com\/pt\/wp-json\/wp\/v2\/product"}],"about":[{"href":"https:\/\/minghanggroup.com\/pt\/wp-json\/wp\/v2\/types\/product"}],"wp:featuredmedia":[{"embeddable":true,"href":"https:\/\/minghanggroup.com\/pt\/wp-json\/wp\/v2\/media\/3608"}],"wp:attachment":[{"href":"https:\/\/minghanggroup.com\/pt\/wp-json\/wp\/v2\/media?parent=3603"}],"wp:term":[{"taxonomy":"product_brand","embeddable":true,"href":"https:\/\/minghanggroup.com\/pt\/wp-json\/wp\/v2\/product_brand?post=3603"},{"taxonomy":"product_cat","embeddable":true,"href":"https:\/\/minghanggroup.com\/pt\/wp-json\/wp\/v2\/product_cat?post=3603"},{"taxonomy":"product_tag","embeddable":true,"href":"https:\/\/minghanggroup.com\/pt\/wp-json\/wp\/v2\/product_tag?post=3603"}],"curies":[{"name":"wp","href":"https:\/\/api.w.org\/{rel}","templated":true}]}}