{"id":3594,"date":"2025-11-21T11:59:12","date_gmt":"2025-11-21T03:59:12","guid":{"rendered":"https:\/\/minghanggroup.com\/?post_type=product&#038;p=3594"},"modified":"2026-01-20T13:59:06","modified_gmt":"2026-01-20T05:59:06","slug":"custom-pickle-jar-storage-bulk-supply","status":"publish","type":"product","link":"https:\/\/minghanggroup.com\/pt\/produto\/custom-pickle-jar-storage-bulk-supply\/","title":{"rendered":"Fornecimento em grande quantidade de potes para conservas personalizados, de 280 ml a 630 ml"},"content":{"rendered":"<p>Pare de se contentar com potes sem gra\u00e7a que d\u00e3o uma apar\u00eancia barata \u00e0 sua marca. Criamos potes de vidro premium com al\u00e7as duplas para picles que transformam a embalagem dos seus alimentos em uma solu\u00e7\u00e3o elegante e funcional, mantendo seus vegetais em conserva frescos. Eles n\u00e3o s\u00e3o apenas potes \u2014 s\u00e3o a nova arma secreta da sua marca para armazenar picles com efici\u00eancia.<\/p>\n<h2>Caracter\u00edsticas do produto<\/h2>\n<ol>\n<li><strong>Design cl\u00e1ssico com al\u00e7a dupla:<\/strong>O design familiar de al\u00e7a dupla da nossa marca mant\u00e9m a m\u00e3o do usu\u00e1rio confort\u00e1vel, enquanto o visual retr\u00f4 aumenta o charme da marca, atendendo assim \u00e0s suas necessidades de armazenamento de potes de conserva.<\/li>\n<li><strong>Tampa de gargalo rosqueada de alta precis\u00e3o:<\/strong>Dessa forma, a tampa de rosca de alta precis\u00e3o pode ser facilmente convertida de uma tampa de metal para uma tampa de pl\u00e1stico ou vice-versa, e uma junta \u00e0 prova de vazamentos pode ser escolhida de acordo com a prefer\u00eancia do cliente.<\/li>\n<li><strong>Base antiderrapante:<\/strong>A base com padr\u00e3o antiderrapante ajuda o usu\u00e1rio a segurar o produto firmemente durante o processo de limpeza e enchimento, sendo, portanto, mais adequada para opera\u00e7\u00f5es em larga escala em f\u00e1bricas.<\/li>\n<\/ol>\n<h2>Especifica\u00e7\u00f5es principais<\/h2>\n<table style=\"border-collapse: collapse; width: 80%; margin-left: auto; margin-right: auto;\" border=\"0\" width=\"216\" cellspacing=\"0\" cellpadding=\"0\">\n<tbody>\n<tr style=\"height: 13.50pt;\">\n<td style=\"height: 13.5pt; width: 54pt; text-align: center;\" width=\"72\" height=\"18\">Capacidade (ml)<\/td>\n<td style=\"width: 54pt; text-align: center;\" width=\"72\">Tamanho (cm)<\/td>\n<td style=\"width: 54pt; text-align: center;\" width=\"72\">Op\u00e7\u00f5es de personaliza\u00e7\u00e3o<\/td>\n<\/tr>\n<tr style=\"height: 13.50pt;\">\n<td style=\"height: 13.5pt; text-align: center;\" align=\"right\" height=\"18\">280<\/td>\n<td style=\"text-align: center;\">7.8 * 8.8<\/td>\n<td class=\"et2\" style=\"text-align: center;\" rowspan=\"4\">Logotipo, tampas, cor, etiqueta, tamanho<\/td>\n<\/tr>\n<tr style=\"height: 13.50pt;\">\n<td style=\"height: 13.5pt; text-align: center;\" align=\"right\" height=\"18\">350<\/td>\n<td style=\"text-align: center;\">8.8 * 9.5<\/td>\n<\/tr>\n<tr style=\"height: 13.50pt;\">\n<td style=\"height: 13.5pt; text-align: center;\" align=\"right\" height=\"18\">500<\/td>\n<td style=\"text-align: center;\">9.9 * 10.0<\/td>\n<\/tr>\n<tr style=\"height: 13.50pt;\">\n<td style=\"height: 13.5pt; text-align: center;\" align=\"right\" height=\"18\">630<\/td>\n<td style=\"text-align: center;\">10.4 * 10.7<\/td>\n<\/tr>\n<\/tbody>\n<\/table>\n<h2>Caso de sucesso<\/h2>\n<p>Quando uma marca de conservas do oeste canadense estava prestes a lan\u00e7ar uma linha premium, decidiu modernizar suas embalagens com nossos potes de vidro para picles. Com o vidro mais fino e transparente, seus piment\u00f5es e picles ficam com uma apar\u00eancia mais fresca e atraente para os clientes nas prateleiras. Al\u00e9m disso, modificamos a rosca dos gargalos para que fosse compat\u00edvel com sua linha de envase automatizada, evitando praticamente qualquer travamento durante a produ\u00e7\u00e3o em alta velocidade.<\/p>\n<p>Ap\u00f3s o lan\u00e7amento da marca, ela ganhou maior visibilidade nas prateleiras dos supermercados, e as vendas do novo produto aumentaram cerca de 28% no primeiro trimestre.<\/p>\n<h2>Dicas de personaliza\u00e7\u00e3o<\/h2>\n<p>Se desejar, voc\u00ea pode fazer com que um pote de vidro para picles pare\u00e7a uma marca, escolhendo uma op\u00e7\u00e3o de personaliza\u00e7\u00e3o que a identifique melhor. Por exemplo, voc\u00ea pode alterar a transmit\u00e2ncia de luz do vidro para combinar com a cor dos picles, fazendo com que o conte\u00fado pare\u00e7a mais vibrante. Al\u00e9m disso, voc\u00ea pode trocar a tampa por diversos materiais e cores, desde um metal resistente \u00e0 corros\u00e3o at\u00e9 um pl\u00e1stico fosco e macio, e ainda combin\u00e1-la com uma junta de veda\u00e7\u00e3o compat\u00edvel com linhas de envase automatizadas, tornando a embalagem n\u00e3o apenas visualmente atraente, mas tamb\u00e9m otimizando a produ\u00e7\u00e3o.<\/p>","protected":false},"excerpt":{"rendered":"<p>Potes para conservas, ideais para armazenar alimentos em conserva. Dispon\u00edveis em grandes quantidades, com pre\u00e7os direto da f\u00e1brica, entrega r\u00e1pida e op\u00e7\u00f5es de personaliza\u00e7\u00e3o.<\/p>","protected":false},"featured_media":3595,"template":"","meta":{"postBodyCss":"","postBodyMargin":[],"postBodyPadding":[],"postBodyBackground":{"backgroundType":"classic","gradient":""}},"product_brand":[],"product_cat":[15,17,55],"product_tag":[65,71],"class_list":{"0":"post-3594","1":"product","2":"type-product","3":"status-publish","4":"has-post-thumbnail","6":"product_cat-glass-containers","7":"product_cat-glass-jars","8":"product_cat-pickle-jars","9":"product_tag-glass-jam-jars","10":"product_tag-honey-jars","12":"first","13":"instock","14":"shipping-taxable","15":"product-type-simple"},"jetpack_sharing_enabled":true,"_links":{"self":[{"href":"https:\/\/minghanggroup.com\/pt\/wp-json\/wp\/v2\/product\/3594","targetHints":{"allow":["GET"]}}],"collection":[{"href":"https:\/\/minghanggroup.com\/pt\/wp-json\/wp\/v2\/product"}],"about":[{"href":"https:\/\/minghanggroup.com\/pt\/wp-json\/wp\/v2\/types\/product"}],"wp:featuredmedia":[{"embeddable":true,"href":"https:\/\/minghanggroup.com\/pt\/wp-json\/wp\/v2\/media\/3595"}],"wp:attachment":[{"href":"https:\/\/minghanggroup.com\/pt\/wp-json\/wp\/v2\/media?parent=3594"}],"wp:term":[{"taxonomy":"product_brand","embeddable":true,"href":"https:\/\/minghanggroup.com\/pt\/wp-json\/wp\/v2\/product_brand?post=3594"},{"taxonomy":"product_cat","embeddable":true,"href":"https:\/\/minghanggroup.com\/pt\/wp-json\/wp\/v2\/product_cat?post=3594"},{"taxonomy":"product_tag","embeddable":true,"href":"https:\/\/minghanggroup.com\/pt\/wp-json\/wp\/v2\/product_tag?post=3594"}],"curies":[{"name":"wp","href":"https:\/\/api.w.org\/{rel}","templated":true}]}}